{"id":30864,"date":"2025-11-02T17:25:38","date_gmt":"2025-11-02T16:25:38","guid":{"rendered":"https:\/\/yourhappybox.ch\/?page_id=30864"},"modified":"2025-11-02T17:25:40","modified_gmt":"2025-11-02T16:25:40","slug":"allgemeine-geschaeftsbedingungen-agb","status":"publish","type":"page","link":"https:\/\/yourhappybox.ch\/en\/allgemeine-geschaeftsbedingungen-agb\/","title":{"rendered":"All\u00adge\u00admeine Ge\u00adsch\u00e4fts\u00adbe\u00addin\u00adgun\u00adgen (AGB)"},"content":{"rendered":"<p>f\u00fcr den On\u00adline-Shop Hap\u00adpy\u00adbox&nbsp;GmbH<\/p>\n\n\n\n<hr class=\"wp-block-separator has-alpha-channel-opacity\">\n\n\n\n<h2 class=\"wp-block-heading\">1. Geltungsbereich<\/h2>\n\n\n\n<p>Diese All\u00adge\u00admei\u00adnen Ge\u00adsch\u00e4fts\u00adbe\u00addin\u00adgun\u00adgen (AGB) gel\u00adten f\u00fcr alle Be\u00adstel\u00adlun\u00adgen, die Kun\u00addin\u00adnen und Kun\u00adden (nach\u00adfol\u00adgend \u201eKunde\u201c) im On\u00adline-Shop von <strong>Hap\u00adpy\u00adbox GmbH<\/strong> (nach\u00adfol\u00adgend \u201eVer\u00adk\u00e4u\u00adfer\u201c) t\u00e4\u00adti\u00adgen.<br>Ab\u00adwei\u00adchende Be\u00addin\u00adgun\u00adgen des Kun\u00adden wer\u00adden nicht an\u00ader\u00adkannt, aus\u00adser der Ver\u00adk\u00e4u\u00adfer stimmt ih\u00adrer Gel\u00adtung aus\u00addr\u00fcck\u00adlich schrift\u00adlich&nbsp;zu.<\/p>\n\n\n\n<hr class=\"wp-block-separator has-alpha-channel-opacity\">\n\n\n\n<h2 class=\"wp-block-heading\">2. Vertragspartner<\/h2>\n\n\n\n<p>Der Kauf\u00adver\u00adtrag kommt zu\u00adstande mit:<\/p>\n\n\n\n<p><strong>Hap\u00adpy\u00adbox GmbH<\/strong><br>To\u00adbel\u00adweg 46<br>8706 Mei\u00adlen<br>Schweiz<br>E\u2011Mail: bianca@yourhappybox.ch<\/p>\n\n\n\n<hr class=\"wp-block-separator has-alpha-channel-opacity\">\n\n\n\n<h2 class=\"wp-block-heading\">3. Vertragsabschluss<\/h2>\n\n\n\n<p>Die Dar\u00adstel\u00adlung der Pro\u00addukte im On\u00adline-Shop stellt kein recht\u00adlich bin\u00adden\u00addes An\u00adge\u00adbot dar, son\u00addern ei\u00adnen un\u00adver\u00adbind\u00adli\u00adchen On\u00adline-Ka\u00adta\u00adlog.<br>Durch An\u00adkli\u00adcken des But\u00adtons <strong>\u201eKau\u00adfen\u201c<\/strong> gibt der Kunde eine ver\u00adbind\u00adli\u00adche Be\u00adstel\u00adlung der im Wa\u00adren\u00adkorb ent\u00adhal\u00adte\u00adnen Wa\u00adren ab.<br>Die Be\u00adstell\u00adbe\u00adst\u00e4\u00adti\u00adgung er\u00adfolgt au\u00adto\u00adma\u00adti\u00adsiert per E\u2011Mail und stellt noch keine Ver\u00adtrags\u00adan\u00adnahme dar. Der Ver\u00adtrag kommt erst durch aus\u00addr\u00fcck\u00adli\u00adche An\u00adnahme (se\u00adpa\u00adrate Auf\u00adtrags\u00adbe\u00adst\u00e4\u00adti\u00adgung) oder durch Ver\u00adsand der Ware zustande.<\/p>\n\n\n\n<hr class=\"wp-block-separator has-alpha-channel-opacity\">\n\n\n\n<h2 class=\"wp-block-heading\">4. Preise und Versandkosten<\/h2>\n\n\n\n<p>Alle Preise sind in Schwei\u00adzer Fran\u00adken (CHF) an\u00adge\u00adge\u00adben und ent\u00adhal\u00adten, so\u00adfern nicht an\u00adders ver\u00admerkt, die ge\u00adsetz\u00adli\u00adche Mehr\u00adwert\u00adsteuer.<br>Zu\u00adz\u00fcg\u00adlich zu den an\u00adge\u00adge\u00adbe\u00adnen Prei\u00adsen fal\u00adlen ggf. Ver\u00adsand\u00adkos\u00adten an, die dem Kun\u00adden vor Ab\u00adgabe der Be\u00adstel\u00adlung an\u00adge\u00adzeigt wer\u00adden.<br>All\u00adf\u00e4l\u00adlige Zoll- oder Im\u00adport\u00adkos\u00adten bei Lie\u00adfe\u00adrun\u00adgen ins Aus\u00adland tr\u00e4gt der&nbsp;Kunde.<\/p>\n\n\n\n<hr class=\"wp-block-separator has-alpha-channel-opacity\">\n\n\n\n<h2 class=\"wp-block-heading\">5. Zahlungsbedingungen<\/h2>\n\n\n\n<p>Fol\u00adgende Zah\u00adlungs\u00adme\u00adtho\u00adden wer\u00adden im On\u00adline-Shop angeboten:<\/p>\n\n\n\n<ul class=\"wp-block-list\">\n<li>Kre\u00addit\u00adkarte (Visa, Mas\u00adter\u00adCard,&nbsp;etc.)<\/li>\n\n\n\n<li>TWINT<\/li>\n\n\n\n<li>Vor\u00adaus\u00adkasse<\/li>\n\n\n\n<li>Kauf auf Rech\u00adnung (nach Bonit\u00e4tspr\u00fcfung)<\/li>\n<\/ul>\n\n\n\n<p>Die Zah\u00adlung ist so\u00adfort mit Ver\u00adtrags\u00adschluss f\u00e4l\u00adlig, so\u00adfern keine an\u00addere Zah\u00adlungs\u00adart ge\u00adw\u00e4hlt&nbsp;wurde.<\/p>\n\n\n\n<hr class=\"wp-block-separator has-alpha-channel-opacity\">\n\n\n\n<h2 class=\"wp-block-heading\">6. Lieferung und Lieferbedingungen<\/h2>\n\n\n\n<p>Die Lie\u00adfe\u00adrung er\u00adfolgt an die vom Kun\u00adden an\u00adge\u00adge\u00adbene Lie\u00adfer\u00adadresse.<br>Lie\u00adfe\u00adrun\u00adgen er\u00adfol\u00adgen grund\u00ads\u00e4tz\u00adlich nur in\u00adner\u00adhalb der Schweiz und Liech\u00adten\u00adstein. Lie\u00adfe\u00adrun\u00adgen ins Aus\u00adland sind auf An\u00adfrage m\u00f6g\u00adlich. Lie\u00adfer\u00adfris\u00adten sind un\u00adver\u00adbind\u00adlich, es sei denn, sie wur\u00adden aus\u00addr\u00fcck\u00adlich schrift\u00adlich zu\u00adge\u00adsi\u00adchert. Die Ware bleibt bis zur voll\u00adst\u00e4n\u00addi\u00adgen Be\u00adzah\u00adlung Ei\u00adgen\u00adtum des Ver\u00adk\u00e4u\u00adfers (Ei\u00adgen\u00adtums\u00advor\u00adbe\u00adhalt).<\/p>\n\n\n\n<hr class=\"wp-block-separator has-alpha-channel-opacity\">\n\n\n\n<h2 class=\"wp-block-heading\">7. Widerrufsrecht \/ R\u00fcckgabe<\/h2>\n\n\n\n<p>Kun\u00adden mit Wohn\u00adsitz in der Schweiz ha\u00adben kein ge\u00adsetz\u00adli\u00adches Wi\u00adder\u00adrufs\u00adrecht.<br>Der Ver\u00adk\u00e4u\u00adfer ge\u00adw\u00e4hrt je\u00addoch frei\u00adwil\u00adlig ein R\u00fcck\u00adga\u00adbe\u00adrecht von <strong>14 Ta\u00adgen<\/strong> ab Er\u00adhalt der Ware, so\u00adfern die Ware un\u00adbe\u00adnutzt, ori\u00adgi\u00adnal\u00adver\u00adpackt und in ein\u00adwand\u00adfreiem Zu\u00adstand ist. Vom R\u00fcck\u00adga\u00adbe\u00adrecht aus\u00adge\u00adschlos\u00adsen sind in\u00addi\u00advi\u00addu\u00adell an\u00adge\u00adfer\u00adtigte Pro\u00addukte, ge\u00adbrauchte Wa\u00adren so\u00adwie re\u00addu\u00adzierte Ar\u00adti\u00adkel. Die R\u00fcck\u00adsen\u00adde\u00adkos\u00adten tr\u00e4gt der&nbsp;Kunde.<\/p>\n\n\n\n<hr class=\"wp-block-separator has-alpha-channel-opacity\">\n\n\n\n<h2 class=\"wp-block-heading\">8. Gew\u00e4hrleistung und Haftung<\/h2>\n\n\n\n<p>Es gel\u00adten die ge\u00adsetz\u00adli\u00adchen Ge\u00adw\u00e4hr\u00adleis\u00adtungs\u00adrechte. Der Ver\u00adk\u00e4u\u00adfer haf\u00adtet f\u00fcr Sach\u00adm\u00e4n\u00adgel nach den ge\u00adsetz\u00adli\u00adchen Vor\u00adschrif\u00adten, so\u00adweit in die\u00adsen AGB nichts Ab\u00adwei\u00adchen\u00addes ge\u00adre\u00adgelt ist. Von der Ge\u00adw\u00e4hr\u00adleis\u00adtung aus\u00adge\u00adschlos\u00adsen sind Sch\u00e4\u00adden, die durch un\u00adsach\u00adge\u00adm\u00e4sse Be\u00adnut\u00adzung, man\u00adgelnde Pflege oder na\u00adt\u00fcr\u00adli\u00adchen Ver\u00adschleiss ent\u00adste\u00adhen. Die Haf\u00adtung des Ver\u00adk\u00e4u\u00adfers ist \u2013 so\u00adweit ge\u00adsetz\u00adlich zu\u00adl\u00e4s\u00adsig \u2013 auf den Kauf\u00adpreis der ge\u00adlie\u00adfer\u00adten Ware be\u00adschr\u00e4nkt. Jeg\u00adli\u00adche wei\u00adter\u00adge\u00adhende Haf\u00adtung, ins\u00adbe\u00adson\u00addere f\u00fcr Fol\u00adge\u00adsch\u00e4\u00adden, ist ausgeschlossen.<\/p>\n\n\n\n<hr class=\"wp-block-separator has-alpha-channel-opacity\">\n\n\n\n<h2 class=\"wp-block-heading\">9. Sicherheitshinweis (Sportspezifisch)<\/h2>\n\n\n\n<p>Der Ge\u00adbrauch un\u00adse\u00adrer Pro\u00addukte er\u00adfolgt auf ei\u00adge\u00adnes Ri\u00adsiko des Kun\u00adden.<br>Der Ver\u00adk\u00e4u\u00adfer \u00fcber\u00adnimmt keine Haf\u00adtung f\u00fcr Sch\u00e4\u00adden, die durch un\u00adsach\u00adge\u00adm\u00e4sse Ver\u00adwen\u00addung und An\u00adpas\u00adsun\u00adgen entstehen.<\/p>\n\n\n\n<hr class=\"wp-block-separator has-alpha-channel-opacity\">\n\n\n\n<h2 class=\"wp-block-heading\">10. Datenschutz<\/h2>\n\n\n\n<p>Die Er\u00adhe\u00adbung und Ver\u00adar\u00adbei\u00adtung per\u00adso\u00adnen\u00adbe\u00adzo\u00adge\u00adner Da\u00adten er\u00adfolgt ge\u00adm\u00e4ss un\u00adse\u00adrer <strong>Da\u00adten\u00adschutz\u00ader\u00adkl\u00e4\u00adrung<\/strong>, die auf der Web\u00adsite ab\u00adruf\u00adbar ist.<br>Die Da\u00adten wer\u00adden aus\u00adschliess\u00adlich zur Ab\u00adwick\u00adlung der Be\u00adstel\u00adlun\u00adgen und zur Ver\u00adbes\u00adse\u00adrung des An\u00adge\u00adbots verwendet.<\/p>\n\n\n\n<hr class=\"wp-block-separator has-alpha-channel-opacity\">\n\n\n\n<h2 class=\"wp-block-heading\">11. Urheberrechte<\/h2>\n\n\n\n<p>Alle im On\u00adline-Shop ver\u00adwen\u00adde\u00adten In\u00adhalte, Bil\u00adder, Texte und De\u00adsigns sind ur\u00adhe\u00adber\u00adrecht\u00adlich ge\u00adsch\u00fctzt und d\u00fcr\u00adfen ohne aus\u00addr\u00fcck\u00adli\u00adche Zu\u00adstim\u00admung des Ver\u00adk\u00e4u\u00adfers nicht ver\u00adwen\u00addet werden.<\/p>\n\n\n\n<hr class=\"wp-block-separator has-alpha-channel-opacity\">\n\n\n\n<h2 class=\"wp-block-heading\">12. Anwendbares Recht und Gerichtsstand<\/h2>\n\n\n\n<p>Es gilt aus\u00adschliess\u00adlich Schwei\u00adzer Recht un\u00adter Aus\u00adschluss des UN-Kauf\u00adrechts.<br>Ge\u00adrichts\u00adstand f\u00fcr alle Strei\u00adtig\u00adkei\u00adten aus Ver\u00adtrags\u00adver\u00adh\u00e4lt\u00adnis\u00adsen ist der Sitz des Verk\u00e4ufers.<\/p>\n\n\n\n<hr class=\"wp-block-separator has-alpha-channel-opacity\">\n\n\n\n<h2 class=\"wp-block-heading\">13. Schlussbestimmungen<\/h2>\n\n\n\n<p>Sollte eine Be\u00adstim\u00admung die\u00adser AGB un\u00adwirk\u00adsam sein, bleibt die Wirk\u00adsam\u00adkeit der \u00fcb\u00adri\u00adgen Be\u00adstim\u00admun\u00adgen un\u00adbe\u00adr\u00fchrt. Der Ver\u00adk\u00e4u\u00adfer be\u00adh\u00e4lt sich vor, diese AGB je\u00adder\u00adzeit an\u00adzu\u00adpas\u00adsen. Mass\u00adgeb\u00adlich ist je\u00adweils die zum Zeit\u00adpunkt der Be\u00adstel\u00adlung g\u00fcl\u00adtige Version.<\/p>","protected":false},"excerpt":{"rendered":"<p>f\u00fcr den On\u00adline-Shop Hap\u00adpy\u00adbox GmbH 1. Gel\u00adtungs\u00adbe\u00adreich Diese All\u00adge\u00admei\u00adnen Ge\u00adsch\u00e4fts\u00adbe\u00addin\u00adgun\u00adgen (AGB) gel\u00adten f\u00fcr alle Be\u00adstel\u00adlun\u00adgen, die Kun\u00addin\u00adnen und Kun\u00adden (nach\u00adfol\u00adgend \u201eKunde\u201c) im On\u00adline-Shop von Hap\u00adpy\u00adbox GmbH (nach\u00adfol\u00adgend \u201eVer\u00adk\u00e4u\u00adfer\u201c) t\u00e4tigen.Abweichende Bedingungen\u2026<\/p>","protected":false},"author":1,"featured_media":0,"parent":0,"menu_order":0,"comment_status":"closed","ping_status":"closed","template":"","meta":{"wp_typography_post_enhancements_disabled":false,"footnotes":""},"class_list":["post-30864","page","type-page","status-publish"],"yoast_head":"<!-- This site is optimized with the Yoast SEO plugin v27.3 - https:\/\/yoast.com\/product\/yoast-seo-wordpress\/ -->\n<title>Allgemeine Gesch\u00e4ftsbedingungen (AGB) - YourHappyBox<\/title>\n<meta name=\"robots\" content=\"index, follow, max-snippet:-1, max-image-preview:large, max-video-preview:-1\" \/>\n<link rel=\"canonical\" href=\"https:\/\/yourhappybox.ch\/en\/allgemeine-geschaeftsbedingungen-agb\/\" \/>\n<meta property=\"og:locale\" content=\"en_GB\" \/>\n<meta property=\"og:type\" content=\"article\" \/>\n<meta property=\"og:title\" content=\"Allgemeine Gesch\u00e4ftsbedingungen (AGB) - YourHappyBox\" \/>\n<meta property=\"og:description\" content=\"f\u00fcr den Online-Shop Happybox GmbH 1. Geltungsbereich Diese Allgemeinen Gesch\u00e4ftsbedingungen (AGB) gelten f\u00fcr alle Bestellungen, die Kundinnen und Kunden (nachfolgend \u201eKunde\u201c) im Online-Shop von Happybox GmbH (nachfolgend \u201eVerk\u00e4ufer\u201c) t\u00e4tigen.Abweichende Bedingungen...\" \/>\n<meta property=\"og:url\" content=\"https:\/\/yourhappybox.ch\/en\/allgemeine-geschaeftsbedingungen-agb\/\" \/>\n<meta property=\"og:site_name\" content=\"YourHappyBox\" \/>\n<meta property=\"article:modified_time\" content=\"2025-11-02T16:25:40+00:00\" \/>\n<meta name=\"twitter:card\" content=\"summary_large_image\" \/>\n<meta name=\"twitter:label1\" content=\"Estimated reading time\" \/>\n\t<meta name=\"twitter:data1\" content=\"3 minutes\" \/>\n<script type=\"application\/ld+json\" class=\"yoast-schema-graph\">{\"@context\":\"https:\\\/\\\/schema.org\",\"@graph\":[{\"@type\":\"WebPage\",\"@id\":\"https:\\\/\\\/yourhappybox.ch\\\/allgemeine-geschaeftsbedingungen-agb\\\/\",\"url\":\"https:\\\/\\\/yourhappybox.ch\\\/allgemeine-geschaeftsbedingungen-agb\\\/\",\"name\":\"Allgemeine Gesch\u00e4ftsbedingungen (AGB) - YourHappyBox\",\"isPartOf\":{\"@id\":\"https:\\\/\\\/yourhappybox.ch\\\/en\\\/#website\"},\"datePublished\":\"2025-11-02T16:25:38+00:00\",\"dateModified\":\"2025-11-02T16:25:40+00:00\",\"breadcrumb\":{\"@id\":\"https:\\\/\\\/yourhappybox.ch\\\/allgemeine-geschaeftsbedingungen-agb\\\/#breadcrumb\"},\"inLanguage\":\"en-GB\",\"potentialAction\":[{\"@type\":\"ReadAction\",\"target\":[\"https:\\\/\\\/yourhappybox.ch\\\/allgemeine-geschaeftsbedingungen-agb\\\/\"]}]},{\"@type\":\"BreadcrumbList\",\"@id\":\"https:\\\/\\\/yourhappybox.ch\\\/allgemeine-geschaeftsbedingungen-agb\\\/#breadcrumb\",\"itemListElement\":[{\"@type\":\"ListItem\",\"position\":1,\"name\":\"Startseite\",\"item\":\"https:\\\/\\\/yourhappybox.ch\\\/\"},{\"@type\":\"ListItem\",\"position\":2,\"name\":\"Allgemeine Gesch\u00e4ftsbedingungen (AGB)\"}]},{\"@type\":\"WebSite\",\"@id\":\"https:\\\/\\\/yourhappybox.ch\\\/en\\\/#website\",\"url\":\"https:\\\/\\\/yourhappybox.ch\\\/en\\\/\",\"name\":\"YourHappyBox\",\"description\":\"Die Box, die dir Zeit w\u00e4hrend deiner Schwangerschaft schenkt\",\"potentialAction\":[{\"@type\":\"SearchAction\",\"target\":{\"@type\":\"EntryPoint\",\"urlTemplate\":\"https:\\\/\\\/yourhappybox.ch\\\/en\\\/?s={search_term_string}\"},\"query-input\":{\"@type\":\"PropertyValueSpecification\",\"valueRequired\":true,\"valueName\":\"search_term_string\"}}],\"inLanguage\":\"en-GB\"}]}<\/script>\n<!-- \/ Yoast SEO plugin. -->","yoast_head_json":{"title":"All\u00adge\u00admeine Ge\u00adsch\u00e4fts\u00adbe\u00addin\u00adgun\u00adgen (AGB) \u2014 YourHappyBox","robots":{"index":"index","follow":"follow","max-snippet":"max-snippet:-1","max-image-preview":"max-image-preview:large","max-video-preview":"max-video-preview:-1"},"canonical":"https:\/\/yourhappybox.ch\/en\/allgemeine-geschaeftsbedingungen-agb\/","og_locale":"en_GB","og_type":"article","og_title":"Allgemeine Gesch\u00e4ftsbedingungen (AGB) - YourHappyBox","og_description":"f\u00fcr den Online-Shop Happybox GmbH 1. Geltungsbereich Diese Allgemeinen Gesch\u00e4ftsbedingungen (AGB) gelten f\u00fcr alle Bestellungen, die Kundinnen und Kunden (nachfolgend \u201eKunde\u201c) im Online-Shop von Happybox GmbH (nachfolgend \u201eVerk\u00e4ufer\u201c) t\u00e4tigen.Abweichende Bedingungen...","og_url":"https:\/\/yourhappybox.ch\/en\/allgemeine-geschaeftsbedingungen-agb\/","og_site_name":"YourHappyBox","article_modified_time":"2025-11-02T16:25:40+00:00","twitter_card":"summary_large_image","twitter_misc":{"Estimated reading time":"3 minutes"},"schema":{"@context":"https:\/\/schema.org","@graph":[{"@type":"WebPage","@id":"https:\/\/yourhappybox.ch\/allgemeine-geschaeftsbedingungen-agb\/","url":"https:\/\/yourhappybox.ch\/allgemeine-geschaeftsbedingungen-agb\/","name":"All\u00adge\u00admeine Ge\u00adsch\u00e4fts\u00adbe\u00addin\u00adgun\u00adgen (AGB) \u2014 YourHappyBox","isPartOf":{"@id":"https:\/\/yourhappybox.ch\/en\/#website"},"datePublished":"2025-11-02T16:25:38+00:00","dateModified":"2025-11-02T16:25:40+00:00","breadcrumb":{"@id":"https:\/\/yourhappybox.ch\/allgemeine-geschaeftsbedingungen-agb\/#breadcrumb"},"inLanguage":"en-GB","potentialAction":[{"@type":"ReadAction","target":["https:\/\/yourhappybox.ch\/allgemeine-geschaeftsbedingungen-agb\/"]}]},{"@type":"BreadcrumbList","@id":"https:\/\/yourhappybox.ch\/allgemeine-geschaeftsbedingungen-agb\/#breadcrumb","itemListElement":[{"@type":"ListItem","position":1,"name":"Startseite","item":"https:\/\/yourhappybox.ch\/"},{"@type":"ListItem","position":2,"name":"Allgemeine Gesch\u00e4ftsbedingungen (AGB)"}]},{"@type":"WebSite","@id":"https:\/\/yourhappybox.ch\/en\/#website","url":"https:\/\/yourhappybox.ch\/en\/","name":"Your\u00adHap\u00adpy\u00adBox","description":"Die Box, die dir Zeit w\u00e4h\u00adrend dei\u00adner Schwan\u00adger\u00adschaft schenkt","potentialAction":[{"@type":"SearchAction","target":{"@type":"EntryPoint","urlTemplate":"https:\/\/yourhappybox.ch\/en\/?s={search_term_string}"},"query-input":{"@type":"PropertyValueSpecification","valueRequired":true,"valueName":"search_term_string"}}],"inLanguage":"en-GB"}]}},"_links":{"self":[{"href":"https:\/\/yourhappybox.ch\/en\/wp-json\/wp\/v2\/pages\/30864","targetHints":{"allow":["GET"]}}],"collection":[{"href":"https:\/\/yourhappybox.ch\/en\/wp-json\/wp\/v2\/pages"}],"about":[{"href":"https:\/\/yourhappybox.ch\/en\/wp-json\/wp\/v2\/types\/page"}],"author":[{"embeddable":true,"href":"https:\/\/yourhappybox.ch\/en\/wp-json\/wp\/v2\/users\/1"}],"replies":[{"embeddable":true,"href":"https:\/\/yourhappybox.ch\/en\/wp-json\/wp\/v2\/comments?post=30864"}],"version-history":[{"count":1,"href":"https:\/\/yourhappybox.ch\/en\/wp-json\/wp\/v2\/pages\/30864\/revisions"}],"predecessor-version":[{"id":30865,"href":"https:\/\/yourhappybox.ch\/en\/wp-json\/wp\/v2\/pages\/30864\/revisions\/30865"}],"wp:attachment":[{"href":"https:\/\/yourhappybox.ch\/en\/wp-json\/wp\/v2\/media?parent=30864"}],"curies":[{"name":"wp","href":"https:\/\/api.w.org\/{rel}","templated":true}]}}