{"id":1535,"date":"2021-02-16T02:31:42","date_gmt":"2021-02-16T01:31:42","guid":{"rendered":"http:\/\/themenectar.com\/demo\/salient-ecommerce-robust\/?post_type=product&#038;p=1535"},"modified":"2026-01-22T14:32:18","modified_gmt":"2026-01-22T13:32:18","slug":"starterbox-fuer-die-schwangerschaft","status":"publish","type":"product","link":"https:\/\/yourhappybox.ch\/en\/produkt\/starterbox-fuer-die-schwangerschaft\/","title":{"rendered":"HappyBox#1 \u2013 StarterBox"},"content":{"rendered":"<div id=\"fws_69e91dac1cb34\" data-column-margin=\"default\" data-midnight=\"dark\" data-top-percent=\"8%\" data-bottom-percent=\"8%\" class=\"wpb_row vc_row-fluid vc_row full-width-section  top_padding_tablet_16pct bottom_padding_tablet_16pct\" style=\"padding-top: calc(100vw * 0.08); padding-bottom: calc(100vw * 0.08); \"><div class=\"row-bg-wrap\" data-bg-animation=\"none\" data-bg-animation-delay data-bg-overlay=\"false\"><div class=\"inner-wrap row-bg-layer\"><div class=\"row-bg viewport-desktop using-bg-color\" style=\"background-color: #ffffff; \"><\/div><\/div><\/div><div class=\"row_col_wrap_12 col span_12 dark left\">\n\t<div class=\"vc_col-sm-12 wpb_column column_container vc_column_container col no-extra-padding el_spacing_0px inherit_tablet inherit_phone\" data-padding-pos=\"all\" data-has-bg-color=\"false\" data-bg-color data-bg-opacity=\"1\" data-animation data-delay=\"0\">\n\t\t<div class=\"vc_column-inner\">\n\t\t\t<div class=\"wpb_wrapper\">\n\t\t\t\t<div id=\"fws_69e91dac1d4f3\" data-midnight data-column-margin=\"none\" class=\"wpb_row vc_row-fluid vc_row inner_row vc_row-o-equal-height vc_row-flex vc_row-o-content-bottom bottom_padding_tablet_20px\" style=\"padding-bottom: 30px; \"><div class=\"row-bg-wrap\"> <div class=\"row-bg\"><\/div> <\/div><div class=\"row_col_wrap_12_inner col span_12  left\">\n\t<div class=\"vc_col-sm-6 wpb_column column_container vc_column_container col child_column padding-5-percent el_spacing_5px inherit_tablet inherit_phone\" data-t-w-inherits=\"small_desktop\" data-padding-pos=\"right\" data-has-bg-color=\"false\" data-bg-color data-bg-opacity=\"1\" data-animation data-delay=\"0\">\n\t\t<div class=\"vc_column-inner\">\n\t\t<div class=\"wpb_wrapper\">\n\t\t\t\n<div class=\"wpb_text_column wpb_content_element\">\n\t<div class=\"wpb_wrapper\">\n\t\t<h2>Selection of products we included<\/h2>\n<p>Pam\u00adper yours\u00adelf with our StarterBox<\/p>\n\t<\/div>\n<\/div>\n\n\n\n\n\t\t<\/div> \n\t<\/div>\n\t<\/div> \n\n\t<div class=\"vc_col-sm-6 vc_hidden-xs wpb_column column_container vc_column_container col child_column no-extra-padding inherit_tablet inherit_phone\" data-t-w-inherits=\"small_desktop\" data-padding-pos=\"all\" data-has-bg-color=\"false\" data-bg-color data-bg-opacity=\"1\" data-animation data-delay=\"0\">\n\t\t<div class=\"vc_column-inner\">\n\t\t<div class=\"wpb_wrapper\">\n\t\t\t\n\t\t<\/div> \n\t<\/div>\n\t<\/div> \n<\/div><\/div><div class=\"nectar-flickity not-initialized nectar-carousel tb-spacing-0\" data-centered-cells=\"false\" data-pause-on-hover data-touch-icon-color=\"dark\" data-control-color=\"extra-color-2\" data-overflow=\"visible\" data-r-bottom-total=\"true\" data-drag-scale data-wrap=\"no-wrap\" data-spacing=\"15px\" data-controls=\"touch_total\" data-pagination-alignment=\"default\" data-adaptive-height data-border-radius=\"none\" data-column-border data-column-padding=\"0\" data-format=\"default\" data-autoplay data-autoplay-dur=\"5000\" data-control-style=\"material_pagination\" data-desktop-columns=\"4\" data-small-desktop-columns=\"3\" data-tablet-columns=\"2\" data-phone-columns=\"1\" data-column-color><div class=\"flickity-viewport\"> <div class=\"flickity-slider\"><div class=\"cell\"><div class=\"inner-wrap-outer\"><div class=\"inner-wrap\"><div class=\"nectar-fancy-box nectar-underline using-img  has-animation content-color-000000 aspect-4-5\" data-style=\"image_above_text_underline\" data-border-radius=\"default\" data-animation=\"fade-in-from-right\" data-delay=\"0\" data-alignment=\"left\"><div class=\"image-wrap\"><div class=\"box-bg\" role=\"presentation\" style=\"background-image: url('https:\/\/yourhappybox.ch\/wp-content\/uploads\/2021\/02\/051-210102-yourhappybox-studio-session_DSF4334-819x1024.jpg'); \"><\/div><\/div>\n\t\t<div class=\"text\">\n<h4>Stretch mark&nbsp;oil<\/h4>\n<p>Bahn\u00adhof-Apo\u00adtheke crea\u00adted this great and plea\u00adsant smel\u00adling oil. It in\u00adcludes al\u00admond, sun\u00adflower, wheat germ, evening prim\u00adrose and hemp oil, as well as la\u00adven\u00adder, ner\u00adoli, rose, Ho-Sho and ro\u00adse\u00adwood. \nMas\u00adsage the oil as of\u00adten as pos\u00adsi\u00adble espe\u00adci\u00adally onto areas that stretch a lot. Tip: al\u00adways ap\u00adply to slightly damp skin, then it is ab\u00adsor\u00adbed faster.<\/p><\/div> \n\t\t<\/div><\/div><\/div><\/div><div class=\"cell\"><div class=\"inner-wrap-outer\"><div class=\"inner-wrap\"><div class=\"nectar-fancy-box nectar-underline using-img  has-animation content-color-000000 aspect-4-5\" data-style=\"image_above_text_underline\" data-border-radius=\"default\" data-animation=\"fade-in-from-right\" data-delay=\"0\" data-alignment=\"left\"><div class=\"image-wrap\"><div class=\"box-bg\" role=\"presentation\" style=\"background-image: url('https:\/\/yourhappybox.ch\/wp-content\/uploads\/2021\/11\/046-210102-yourhappybox-studio-session_DSF4329-819x1024.jpg'); \"><\/div><\/div>\n\t\t<div class=\"text\">\n<h4>Bra Extenders<\/h4>\n<p>In the be\u00adgin\u00adning of your pregnancy your breast will grow quickly and these bra ex\u00adten\u00adders are the per\u00adfect so\u00adlu\u00adtion to not con\u00adstantly buy new bras. It will serve you again du\u00adring the first days of breast fee\u00adding when the breast are ad\u00adjus\u00adting to the right volume.<\/p><\/div> \n\t\t<\/div><\/div><\/div><\/div><div class=\"cell\"><div class=\"inner-wrap-outer\"><div class=\"inner-wrap\"><div class=\"nectar-fancy-box nectar-underline using-img  has-animation content-color-000000 aspect-4-5\" data-style=\"image_above_text_underline\" data-border-radius=\"default\" data-animation=\"fade-in-from-right\" data-delay=\"0\" data-alignment=\"left\"><div class=\"image-wrap\"><div class=\"box-bg\" role=\"presentation\" style=\"background-image: url('https:\/\/yourhappybox.ch\/wp-content\/uploads\/2021\/02\/Picture-of-Notebook-2-1024x909.jpg'); \"><\/div><\/div>\n\t\t<div class=\"text\">\n<h4>Notebook<\/h4>\n<p>For all the plan\u00adning, the ques\u00adti\u00adons to the doc\u00adtors, mid\u00adwi\u00adves and other peo\u00adple of trust. And of course also to keep the for\u00adgetful\u00adness un\u00adder con\u00adtrol, which al\u00adre\u00adady in\u00adcrea\u00adses in the first weeks, but at the la\u00adtest in the 2nd trimester.<\/p><\/div> \n\t\t<\/div><\/div><\/div><\/div><div class=\"cell\"><div class=\"inner-wrap-outer\"><div class=\"inner-wrap\"><div class=\"nectar-fancy-box nectar-underline using-img  has-animation content-color-000000 aspect-4-5\" data-style=\"image_above_text_underline\" data-border-radius=\"default\" data-animation=\"fade-in-from-right\" data-delay=\"0\" data-alignment=\"left\"><div class=\"image-wrap\"><div class=\"box-bg\" role=\"presentation\" style=\"background-image: url('https:\/\/yourhappybox.ch\/wp-content\/uploads\/2021\/02\/039-210102-yourhappybox-studio-session_DSF4322-819x1024.jpg'); \"><\/div><\/div>\n\t\t<div class=\"text\">\n<h4>Organic tea for the 1st Trimester<\/h4>\n<p>tee\u00adwerk has crea\u00adted a great or\u00adga\u00adnic tea for the Hap\u00adpy\u00adBox, which helps to re\u00adduce nau\u00adsea and im\u00adpro\u00adves your well\u00adbe\u00ading in the first weeks of pregnancy. Pep\u00adper\u00admint, cha\u00admo\u00admile, fen\u00adnel, gin\u00adger, green oat tea and lady\u2019s man\u00adtle are in\u00adcluded in the&nbsp;blend.<\/p><\/div> \n\t\t<\/div><\/div><\/div><\/div><div class=\"cell\"><div class=\"inner-wrap-outer\"><div class=\"inner-wrap\"><div class=\"nectar-fancy-box nectar-underline using-img  has-animation content-color-000000 aspect-4-5\" data-style=\"image_above_text_underline\" data-border-radius=\"default\" data-animation=\"fade-in-from-right\" data-delay=\"0\" data-alignment=\"left\"><div class=\"image-wrap\"><div class=\"box-bg\" role=\"presentation\" style=\"background-image: url('https:\/\/yourhappybox.ch\/wp-content\/uploads\/2021\/02\/058-210102-yourhappybox-studio-session_DSF4341-819x1024.jpg'); \"><\/div><\/div>\n\t\t<div class=\"text\">\n<h4>Cherry pit pillow<\/h4>\n<p>The most faithful com\u00adpa\u00adn\u00adion du\u00adring pregnancy \u2014 the cherry pit pil\u00adlow. It can be used both hot and cold. Hot: put it in the pre\u00adhea\u00adted oven (90 \u00b0) for 10\u201315 mi\u00adnu\u00adtes. Warm it is sui\u00adta\u00adble for neck and back ten\u00adsion, ab\u00addo\u00admi\u00adnal pain and also for the first contractions.<\/p>\n<p>Cold: Put it, wrap\u00adped in a pla\u00ads\u00adtic bag, for 1\u20132 hours in the free\u00adzer. It be\u00adco\u00admes a su\u00adper re\u00admedy for thick legs or aching breasts.<\/p>\n<p>At\u00adten\u00adtion: If the pil\u00adlow is too hot or too cold, do not put it di\u00adrectly on your skin and please do not leave it un\u00adat\u00adten\u00added as long as it is&nbsp;hot.<\/p><\/div> \n\t\t<\/div><\/div><\/div><\/div><div class=\"cell\"><div class=\"inner-wrap-outer\"><div class=\"inner-wrap\"><div class=\"nectar-fancy-box nectar-underline using-img  has-animation content-color-000000 aspect-4-5\" data-style=\"image_above_text_underline\" data-border-radius=\"default\" data-animation=\"fade-in-from-right\" data-delay=\"0\" data-alignment=\"left\"><div class=\"image-wrap\"><div class=\"box-bg\" role=\"presentation\" style=\"background-image: url('https:\/\/yourhappybox.ch\/wp-content\/uploads\/2021\/02\/065-210102-yourhappybox-studio-session_DSF4348-819x1024.jpg'); \"><\/div><\/div>\n\t\t<div class=\"text\">\n<h4>Ginger pastilles<\/h4>\n<p>Quick hel\u00adper for sud\u00adden on\u00adset of nau\u00adsea wi\u00adt\u00adhout others to realise.<\/p><\/div> \n\t\t<\/div><\/div><\/div><\/div><div class=\"cell\"><div class=\"inner-wrap-outer\"><div class=\"inner-wrap\"><div class=\"nectar-fancy-box nectar-underline using-img  has-animation content-color-000000 aspect-4-5\" data-style=\"image_above_text_underline\" data-border-radius=\"default\" data-animation=\"fade-in-from-right\" data-delay=\"0\" data-alignment=\"left\"><div class=\"image-wrap\"><div class=\"box-bg\" role=\"presentation\" style=\"background-image: url('https:\/\/yourhappybox.ch\/wp-content\/uploads\/2021\/02\/070-210102-yourhappybox-studio-session_DSF4353-819x1024.jpg'); \"><\/div><\/div>\n\t\t<div class=\"text\">\n<h4>Tea infuser<\/h4>\n<p>Un\u00adfort\u00adu\u00adna\u00adtely, you can\u2019t en\u00adjoy the ama\u00adzing tea from tee\u00adwerk wi\u00adt\u00adhout a tea egg \u2014 so we\u2019ll gift you&nbsp;one.<\/p><\/div> \n\t\t<\/div><\/div><\/div><\/div><\/div><\/div><\/div>\n\t\t\t<\/div> \n\t\t<\/div>\n\t<\/div> \n<\/div><\/div>","protected":false},"excerpt":{"rendered":"<h5>Your positive test result \u2014 week&nbsp;13<\/h5>\n<p>In our Star\u00adter\u00adBox for the 1st tri\u00admes\u00adter of pregnancy (week1-13) we thought of ever\u00ady\u00adthing a wo\u00adman needs for a suc\u00adcessful start into her pregnancy:<\/p>\n<ul>\n<li>The oil con\u00adta\u00adins al\u00admond, sun\u00adflower, wheat germ, evening prim\u00adrose and hemp oil, as well as la\u00adven\u00adder, ner\u00adoli, rose, ho-sho, rosewood.<\/li>\n<li>In the be\u00adgin\u00adning of your pregnancy your breast will grow quickly and these bra ex\u00adten\u00adders are the per\u00adfect so\u00adlu\u00adtion to not con\u00adstantly buy new bras. It will serve you again du\u00adring the first days of breast fee\u00adding when the breast are ad\u00adjus\u00adting to the right volume.<\/li>\n<li>tee\u00adwerk has crea\u00adted a great or\u00adga\u00adnic tea for the Hap\u00adpy\u00adBox, which helps to re\u00adduce nau\u00adsea and im\u00adpro\u00adves your well\u00adbe\u00ading in the first weeks of pregnancy. Pep\u00adper\u00admint, cha\u00admo\u00admile, fen\u00adnel, gin\u00adger, green oat tea and lady\u2019s man\u00adtle are in\u00adcluded in the blend. We will send it to you with a tea infuser.<\/li>\n<li>Cherry pit pil\u00adlow that we in\u00adten\u00adtio\u00adnally fil\u00adled with less pits and pro\u00addu\u00adced in an elon\u00adga\u00adted shape. Hea\u00adted, it is su\u00adper hel\u00adpful against neck pain, ab\u00addo\u00admi\u00adnal cramps or first con\u00adtrac\u00adtions. We also re\u00adcom\u00admend to use it cold as a re\u00adlief for swol\u00adlen&nbsp;legs.<\/li>\n<li>Gin\u00adger pas\u00adtil\u00adles, as quick and in\u00adcon\u00adspi\u00adcuous hel\u00adpers in case of sud\u00adden nausea.<\/li>\n<li>Note\u00adbook for all the plan\u00adning and to help with the well-known ba\u00adby\u00adbrain (not kid\u00adding your, it hap\u00adpens to most wo\u00admen and of\u00adten lasts un\u00adtil af\u00adter breastfeeding).<\/li>\n<\/ul>\n<p>We would highly re\u00adcom\u00admend to add pregnancy vit\u00adamins and Omega 3 if your are not ta\u00adking it al\u00adre\u00adady. These are of\u00adten pre\u00adscri\u00adbed by your doc\u00adtor, if not please find them&nbsp;here:<\/p>\n<ul>\n<li><a href=\"https:\/\/yourhappybox.ch\/en\/product-2\/vitamine-fuer-schwangerschaft-und-stillzeit\/\" target=\"_blank\" rel=\"noopener\">Bur\u00adger\u00adstein pregnancy vit\u00adamins<\/a> for the in\u00adcreased need of vit\u00adamins and mi\u00adne\u00adrals of the ex\u00adpec\u00adtant mother<\/li>\n<li><a href=\"https:\/\/yourhappybox.ch\/en\/product-2\/burgerstein-omega-3\/\" target=\"_blank\" rel=\"noopener\">Bur\u00adger\u00adstein Omega&nbsp;3<\/a> is the per\u00adfect ad\u00addi\u00adtion to co\u00adver the ad\u00addi\u00adto\u00adnal need to sup\u00adport the childs brain and eyes\u2019 development.<\/li>\n<\/ul>\n<p>As soon as you run out of im\u00adportant pro\u00adducts like stretch mark oil or our or\u00adga\u00adnic tea, you can find them in our <a href=\"https:\/\/yourhappybox.ch\/en\/refill\/\">Re\u00adfill Shop<\/a> find. You can find more pro\u00adducts to sup\u00adport you du\u00adring pregnancy in the fol\u00adlo\u00adwing <a href=\"https:\/\/yourhappybox.ch\/en\/product-2\/happybox2-letitgrow\/\">Your\u00adHap\u00adpy\u00adBo\u00adxes<\/a>.<\/p>","protected":false},"featured_media":30176,"comment_status":"open","ping_status":"closed","template":"","meta":{"wp_typography_post_enhancements_disabled":false},"product_brand":[],"product_cat":[38,111],"product_tag":[],"class_list":{"0":"post-1535","1":"product","2":"type-product","3":"status-publish","4":"has-post-thumbnail","6":"product_cat-box1","7":"product_cat-boxen-fuer-waehrend-der-schwangerschaft","9":"first","10":"instock","11":"taxable","12":"shipping-taxable","13":"purchasable","14":"product-type-simple"},"yoast_head":"<!-- This site is optimized with the Yoast SEO plugin v27.3 - https:\/\/yoast.com\/product\/yoast-seo-wordpress\/ -->\n<title>Beste Schwangerschaftsbox f\u00fcr das 1. Trimester | Your Happy Box<\/title>\n<meta name=\"description\" content=\"Unsere Pflegebox f\u00fcr das 1. Trimester enth\u00e4lt die besten Produkte, die Sie zu Beginn der Schwangerschaft ben\u00f6tigen und die sich perfekt als Geschenk eignen.\" \/>\n<meta name=\"robots\" content=\"index, follow, max-snippet:-1, max-image-preview:large, max-video-preview:-1\" \/>\n<link rel=\"canonical\" href=\"https:\/\/yourhappybox.ch\/en\/product-2\/starterbox-fuer-die-schwangerschaft\/\" \/>\n<meta property=\"og:locale\" content=\"en_GB\" \/>\n<meta property=\"og:type\" content=\"article\" \/>\n<meta property=\"og:title\" content=\"Beste Schwangerschaftsbox f\u00fcr das 1. Trimester | Your Happy Box\" \/>\n<meta property=\"og:description\" content=\"Unsere Pflegebox f\u00fcr das 1. Trimester enth\u00e4lt die besten Produkte, die Sie zu Beginn der Schwangerschaft ben\u00f6tigen und die sich perfekt als Geschenk eignen.\" \/>\n<meta property=\"og:url\" content=\"https:\/\/yourhappybox.ch\/en\/product-2\/starterbox-fuer-die-schwangerschaft\/\" \/>\n<meta property=\"og:site_name\" content=\"YourHappyBox\" \/>\n<meta property=\"article:modified_time\" content=\"2026-01-22T13:32:18+00:00\" \/>\n<meta property=\"og:image\" content=\"https:\/\/yourhappybox.ch\/wp-content\/uploads\/2022\/10\/annahaerlin0214.jpg\" \/>\n\t<meta property=\"og:image:width\" content=\"1920\" \/>\n\t<meta property=\"og:image:height\" content=\"1280\" \/>\n\t<meta property=\"og:image:type\" content=\"image\/jpeg\" \/>\n<meta name=\"twitter:card\" content=\"summary_large_image\" \/>\n<meta name=\"twitter:label1\" content=\"Estimated reading time\" \/>\n\t<meta name=\"twitter:data1\" content=\"4 minutes\" \/>\n<script type=\"application\/ld+json\" class=\"yoast-schema-graph\">{\"@context\":\"https:\\\/\\\/schema.org\",\"@graph\":[{\"@type\":\"WebPage\",\"@id\":\"https:\\\/\\\/yourhappybox.ch\\\/produkt\\\/starterbox-fuer-die-schwangerschaft\\\/\",\"url\":\"https:\\\/\\\/yourhappybox.ch\\\/produkt\\\/starterbox-fuer-die-schwangerschaft\\\/\",\"name\":\"Beste Schwangerschaftsbox f\u00fcr das 1. Trimester | Your Happy Box\",\"isPartOf\":{\"@id\":\"https:\\\/\\\/yourhappybox.ch\\\/en\\\/#website\"},\"primaryImageOfPage\":{\"@id\":\"https:\\\/\\\/yourhappybox.ch\\\/produkt\\\/starterbox-fuer-die-schwangerschaft\\\/#primaryimage\"},\"image\":{\"@id\":\"https:\\\/\\\/yourhappybox.ch\\\/produkt\\\/starterbox-fuer-die-schwangerschaft\\\/#primaryimage\"},\"thumbnailUrl\":\"https:\\\/\\\/yourhappybox.ch\\\/wp-content\\\/uploads\\\/2022\\\/10\\\/annahaerlin0214.jpg\",\"datePublished\":\"2021-02-16T01:31:42+00:00\",\"dateModified\":\"2026-01-22T13:32:18+00:00\",\"description\":\"Unsere Pflegebox f\u00fcr das 1. Trimester enth\u00e4lt die besten Produkte, die Sie zu Beginn der Schwangerschaft ben\u00f6tigen und die sich perfekt als Geschenk eignen.\",\"breadcrumb\":{\"@id\":\"https:\\\/\\\/yourhappybox.ch\\\/produkt\\\/starterbox-fuer-die-schwangerschaft\\\/#breadcrumb\"},\"inLanguage\":\"en-GB\",\"potentialAction\":[{\"@type\":\"ReadAction\",\"target\":[\"https:\\\/\\\/yourhappybox.ch\\\/produkt\\\/starterbox-fuer-die-schwangerschaft\\\/\"]}]},{\"@type\":\"ImageObject\",\"inLanguage\":\"en-GB\",\"@id\":\"https:\\\/\\\/yourhappybox.ch\\\/produkt\\\/starterbox-fuer-die-schwangerschaft\\\/#primaryimage\",\"url\":\"https:\\\/\\\/yourhappybox.ch\\\/wp-content\\\/uploads\\\/2022\\\/10\\\/annahaerlin0214.jpg\",\"contentUrl\":\"https:\\\/\\\/yourhappybox.ch\\\/wp-content\\\/uploads\\\/2022\\\/10\\\/annahaerlin0214.jpg\",\"width\":1920,\"height\":1280},{\"@type\":\"BreadcrumbList\",\"@id\":\"https:\\\/\\\/yourhappybox.ch\\\/produkt\\\/starterbox-fuer-die-schwangerschaft\\\/#breadcrumb\",\"itemListElement\":[{\"@type\":\"ListItem\",\"position\":1,\"name\":\"Startseite\",\"item\":\"https:\\\/\\\/yourhappybox.ch\\\/\"},{\"@type\":\"ListItem\",\"position\":2,\"name\":\"Shop\",\"item\":\"https:\\\/\\\/yourhappybox.ch\\\/shop-essenzielle-schwangerschaftsprodukte\\\/\"},{\"@type\":\"ListItem\",\"position\":3,\"name\":\"HappyBox#1 \u2013 StarterBox\"}]},{\"@type\":\"WebSite\",\"@id\":\"https:\\\/\\\/yourhappybox.ch\\\/en\\\/#website\",\"url\":\"https:\\\/\\\/yourhappybox.ch\\\/en\\\/\",\"name\":\"YourHappyBox\",\"description\":\"Die Box, die dir Zeit w\u00e4hrend deiner Schwangerschaft schenkt\",\"potentialAction\":[{\"@type\":\"SearchAction\",\"target\":{\"@type\":\"EntryPoint\",\"urlTemplate\":\"https:\\\/\\\/yourhappybox.ch\\\/en\\\/?s={search_term_string}\"},\"query-input\":{\"@type\":\"PropertyValueSpecification\",\"valueRequired\":true,\"valueName\":\"search_term_string\"}}],\"inLanguage\":\"en-GB\"}]}<\/script>\n<!-- \/ Yoast SEO plugin. -->","yoast_head_json":{"title":"Beste Schwan\u00adger\u00adschafts\u00adbox f\u00fcr das 1. Tri\u00admes\u00adter | Your Happy&nbsp;Box","description":"Un\u00adsere Pfle\u00adge\u00adbox f\u00fcr das 1. Tri\u00admes\u00adter ent\u00adh\u00e4lt die bes\u00adten Pro\u00addukte, die Sie zu Be\u00adginn der Schwan\u00adger\u00adschaft be\u00adn\u00f6\u00adti\u00adgen und die sich per\u00adfekt als Ge\u00adschenk eignen.","robots":{"index":"index","follow":"follow","max-snippet":"max-snippet:-1","max-image-preview":"max-image-preview:large","max-video-preview":"max-video-preview:-1"},"canonical":"https:\/\/yourhappybox.ch\/en\/product-2\/starterbox-fuer-die-schwangerschaft\/","og_locale":"en_GB","og_type":"article","og_title":"Beste Schwangerschaftsbox f\u00fcr das 1. Trimester | Your Happy Box","og_description":"Unsere Pflegebox f\u00fcr das 1. Trimester enth\u00e4lt die besten Produkte, die Sie zu Beginn der Schwangerschaft ben\u00f6tigen und die sich perfekt als Geschenk eignen.","og_url":"https:\/\/yourhappybox.ch\/en\/product-2\/starterbox-fuer-die-schwangerschaft\/","og_site_name":"YourHappyBox","article_modified_time":"2026-01-22T13:32:18+00:00","og_image":[{"width":1920,"height":1280,"url":"https:\/\/yourhappybox.ch\/wp-content\/uploads\/2022\/10\/annahaerlin0214.jpg","type":"image\/jpeg"}],"twitter_card":"summary_large_image","twitter_misc":{"Estimated reading time":"4 minutes"},"schema":{"@context":"https:\/\/schema.org","@graph":[{"@type":"WebPage","@id":"https:\/\/yourhappybox.ch\/produkt\/starterbox-fuer-die-schwangerschaft\/","url":"https:\/\/yourhappybox.ch\/produkt\/starterbox-fuer-die-schwangerschaft\/","name":"Beste Schwan\u00adger\u00adschafts\u00adbox f\u00fcr das 1. Tri\u00admes\u00adter | Your Happy&nbsp;Box","isPartOf":{"@id":"https:\/\/yourhappybox.ch\/en\/#website"},"primaryImageOfPage":{"@id":"https:\/\/yourhappybox.ch\/produkt\/starterbox-fuer-die-schwangerschaft\/#primaryimage"},"image":{"@id":"https:\/\/yourhappybox.ch\/produkt\/starterbox-fuer-die-schwangerschaft\/#primaryimage"},"thumbnailUrl":"https:\/\/yourhappybox.ch\/wp-content\/uploads\/2022\/10\/annahaerlin0214.jpg","datePublished":"2021-02-16T01:31:42+00:00","dateModified":"2026-01-22T13:32:18+00:00","description":"Un\u00adsere Pfle\u00adge\u00adbox f\u00fcr das 1. Tri\u00admes\u00adter ent\u00adh\u00e4lt die bes\u00adten Pro\u00addukte, die Sie zu Be\u00adginn der Schwan\u00adger\u00adschaft be\u00adn\u00f6\u00adti\u00adgen und die sich per\u00adfekt als Ge\u00adschenk eignen.","breadcrumb":{"@id":"https:\/\/yourhappybox.ch\/produkt\/starterbox-fuer-die-schwangerschaft\/#breadcrumb"},"inLanguage":"en-GB","potentialAction":[{"@type":"ReadAction","target":["https:\/\/yourhappybox.ch\/produkt\/starterbox-fuer-die-schwangerschaft\/"]}]},{"@type":"ImageObject","inLanguage":"en-GB","@id":"https:\/\/yourhappybox.ch\/produkt\/starterbox-fuer-die-schwangerschaft\/#primaryimage","url":"https:\/\/yourhappybox.ch\/wp-content\/uploads\/2022\/10\/annahaerlin0214.jpg","contentUrl":"https:\/\/yourhappybox.ch\/wp-content\/uploads\/2022\/10\/annahaerlin0214.jpg","width":1920,"height":1280},{"@type":"BreadcrumbList","@id":"https:\/\/yourhappybox.ch\/produkt\/starterbox-fuer-die-schwangerschaft\/#breadcrumb","itemListElement":[{"@type":"ListItem","position":1,"name":"Startseite","item":"https:\/\/yourhappybox.ch\/"},{"@type":"ListItem","position":2,"name":"Shop","item":"https:\/\/yourhappybox.ch\/shop-essenzielle-schwangerschaftsprodukte\/"},{"@type":"ListItem","position":3,"name":"HappyBox#1 \u2013 StarterBox"}]},{"@type":"WebSite","@id":"https:\/\/yourhappybox.ch\/en\/#website","url":"https:\/\/yourhappybox.ch\/en\/","name":"Your\u00adHap\u00adpy\u00adBox","description":"Die Box, die dir Zeit w\u00e4h\u00adrend dei\u00adner Schwan\u00adger\u00adschaft schenkt","potentialAction":[{"@type":"SearchAction","target":{"@type":"EntryPoint","urlTemplate":"https:\/\/yourhappybox.ch\/en\/?s={search_term_string}"},"query-input":{"@type":"PropertyValueSpecification","valueRequired":true,"valueName":"search_term_string"}}],"inLanguage":"en-GB"}]}},"_links":{"self":[{"href":"https:\/\/yourhappybox.ch\/en\/wp-json\/wp\/v2\/product\/1535","targetHints":{"allow":["GET"]}}],"collection":[{"href":"https:\/\/yourhappybox.ch\/en\/wp-json\/wp\/v2\/product"}],"about":[{"href":"https:\/\/yourhappybox.ch\/en\/wp-json\/wp\/v2\/types\/product"}],"replies":[{"embeddable":true,"href":"https:\/\/yourhappybox.ch\/en\/wp-json\/wp\/v2\/comments?post=1535"}],"wp:featuredmedia":[{"embeddable":true,"href":"https:\/\/yourhappybox.ch\/en\/wp-json\/wp\/v2\/media\/30176"}],"wp:attachment":[{"href":"https:\/\/yourhappybox.ch\/en\/wp-json\/wp\/v2\/media?parent=1535"}],"wp:term":[{"taxonomy":"product_brand","embeddable":true,"href":"https:\/\/yourhappybox.ch\/en\/wp-json\/wp\/v2\/product_brand?post=1535"},{"taxonomy":"product_cat","embeddable":true,"href":"https:\/\/yourhappybox.ch\/en\/wp-json\/wp\/v2\/product_cat?post=1535"},{"taxonomy":"product_tag","embeddable":true,"href":"https:\/\/yourhappybox.ch\/en\/wp-json\/wp\/v2\/product_tag?post=1535"}],"curies":[{"name":"wp","href":"https:\/\/api.w.org\/{rel}","templated":true}]}}