{"id":29019,"date":"2021-11-12T11:10:19","date_gmt":"2021-11-12T10:10:19","guid":{"rendered":"https:\/\/yourhappybox.ch\/?post_type=product&#038;p=29019"},"modified":"2026-01-22T14:32:18","modified_gmt":"2026-01-22T13:32:18","slug":"happybox2-letitgrow","status":"publish","type":"product","link":"https:\/\/yourhappybox.ch\/en\/produkt\/happybox2-letitgrow\/","title":{"rendered":"HappyBox#2 \u2013 Let it&nbsp;grow"},"content":{"rendered":"<div id=\"fws_69e8fe3d78272\" data-column-margin=\"default\" data-midnight=\"dark\" data-top-percent=\"8%\" data-bottom-percent=\"8%\" class=\"wpb_row vc_row-fluid vc_row full-width-section  top_padding_tablet_16pct bottom_padding_tablet_16pct\" style=\"padding-top: calc(100vw * 0.08); padding-bottom: calc(100vw * 0.08); \"><div class=\"row-bg-wrap\" data-bg-animation=\"none\" data-bg-animation-delay data-bg-overlay=\"false\"><div class=\"inner-wrap row-bg-layer\"><div class=\"row-bg viewport-desktop using-bg-color\" style=\"background-color: #ffffff; \"><\/div><\/div><\/div><div class=\"row_col_wrap_12 col span_12 dark left\">\n\t<div class=\"vc_col-sm-12 wpb_column column_container vc_column_container col no-extra-padding el_spacing_0px inherit_tablet inherit_phone\" data-padding-pos=\"all\" data-has-bg-color=\"false\" data-bg-color data-bg-opacity=\"1\" data-animation data-delay=\"0\">\n\t\t<div class=\"vc_column-inner\">\n\t\t\t<div class=\"wpb_wrapper\">\n\t\t\t\t<div id=\"fws_69e8fe3d78d2f\" data-midnight data-column-margin=\"none\" class=\"wpb_row vc_row-fluid vc_row inner_row vc_row-o-equal-height vc_row-flex vc_row-o-content-bottom bottom_padding_tablet_20px\" style=\"padding-bottom: 30px; \"><div class=\"row-bg-wrap\"> <div class=\"row-bg\"><\/div> <\/div><div class=\"row_col_wrap_12_inner col span_12  left\">\n\t<div class=\"vc_col-sm-6 wpb_column column_container vc_column_container col child_column padding-5-percent el_spacing_5px inherit_tablet inherit_phone\" data-t-w-inherits=\"small_desktop\" data-padding-pos=\"right\" data-has-bg-color=\"false\" data-bg-color data-bg-opacity=\"1\" data-animation data-delay=\"0\">\n\t\t<div class=\"vc_column-inner\">\n\t\t<div class=\"wpb_wrapper\">\n\t\t\t\n<div class=\"wpb_text_column wpb_content_element\">\n\t<div class=\"wpb_wrapper\">\n\t\t<h2>Selection of products we included<\/h2>\n<p>Have a look at some of the products&nbsp;<\/p>\n\t<\/div>\n<\/div>\n\n\n\n\n\t\t<\/div> \n\t<\/div>\n\t<\/div> \n\n\t<div class=\"vc_col-sm-6 vc_hidden-xs wpb_column column_container vc_column_container col child_column no-extra-padding inherit_tablet inherit_phone\" data-t-w-inherits=\"small_desktop\" data-padding-pos=\"all\" data-has-bg-color=\"false\" data-bg-color data-bg-opacity=\"1\" data-animation data-delay=\"0\">\n\t\t<div class=\"vc_column-inner\">\n\t\t<div class=\"wpb_wrapper\">\n\t\t\t\n\t\t<\/div> \n\t<\/div>\n\t<\/div> \n<\/div><\/div><div class=\"nectar-flickity not-initialized nectar-carousel tb-spacing-0\" data-centered-cells=\"false\" data-pause-on-hover data-touch-icon-color=\"dark\" data-control-color=\"extra-color-2\" data-overflow=\"visible\" data-r-bottom-total=\"true\" data-drag-scale data-wrap=\"no-wrap\" data-spacing=\"15px\" data-controls=\"touch_total\" data-pagination-alignment=\"default\" data-adaptive-height data-border-radius=\"none\" data-column-border data-column-padding=\"0\" data-format=\"default\" data-autoplay data-autoplay-dur=\"5000\" data-control-style=\"material_pagination\" data-desktop-columns=\"4\" data-small-desktop-columns=\"3\" data-tablet-columns=\"2\" data-phone-columns=\"1\" data-column-color><div class=\"flickity-viewport\"> <div class=\"flickity-slider\"><div class=\"cell\"><div class=\"inner-wrap-outer\"><div class=\"inner-wrap\"><div class=\"nectar-fancy-box nectar-underline using-img  has-animation content-color-000000 aspect-4-5\" data-style=\"image_above_text_underline\" data-border-radius=\"default\" data-animation=\"fade-in-from-right\" data-delay=\"0\" data-alignment=\"left\"><div class=\"image-wrap\"><div class=\"box-bg\" role=\"presentation\" style=\"background-image: url('https:\/\/yourhappybox.ch\/wp-content\/uploads\/2022\/07\/Unbenanntes-Design-2-1024x1024.png'); \"><\/div><\/div>\n\t\t<div class=\"text\">\n<h4>Organic tea for pregnancy<\/h4>\n<p>The fine or\u00adga\u00adnic tea is a so\u00adot\u00adhing, streng\u00adthening and re\u00adli\u00ade\u00adving tea made from sel\u00adec\u00adted or\u00adga\u00adnic herbs. As al\u00adways a home re\u00adcipe from <a href=\"https:\/\/teewerk.ch\/\" target=\"_blank\" rel=\"noopener\">tee\u00adwerk<\/a> with le\u00admon balm, rooi\u00adbush, cha\u00admo\u00admile, gin\u00adger and T\u00e4\u00adger\u00adwil aro\u00adnia berries.<\/p><\/div> \n\t\t<\/div><\/div><\/div><\/div><div class=\"cell\"><div class=\"inner-wrap-outer\"><div class=\"inner-wrap\"><div class=\"nectar-fancy-box nectar-underline using-img  has-animation content-color-000000 aspect-4-5\" data-style=\"image_above_text_underline\" data-border-radius=\"default\" data-animation=\"fade-in-from-right\" data-delay=\"0\" data-alignment=\"left\"><div class=\"image-wrap\"><div class=\"box-bg\" role=\"presentation\" style=\"background-image: url('https:\/\/yourhappybox.ch\/wp-content\/uploads\/2021\/11\/082-210102-yourhappybox-studio-session_DSF4365-1-819x1024.jpg'); \"><\/div><\/div>\n\t\t<div class=\"text\">\n<h4>Chocolate<\/h4>\n<p>Cho\u00adco\u00adlate by La Flor \u2014 their cho\u00adco\u00adlate bars are made from sus\u00adtainable ca\u00adcao and or\u00adga\u00adni\u00adcally grown, re\u00adgio\u00adnal su\u00adgar.&nbsp;Enjoy!<\/p><\/div> \n\t\t<\/div><\/div><\/div><\/div><div class=\"cell\"><div class=\"inner-wrap-outer\"><div class=\"inner-wrap\"><div class=\"nectar-fancy-box nectar-underline using-img  has-animation content-color-000000 aspect-4-5\" data-style=\"image_above_text_underline\" data-border-radius=\"default\" data-animation=\"fade-in-from-right\" data-delay=\"0\" data-alignment=\"left\"><div class=\"image-wrap\"><div class=\"box-bg\" role=\"presentation\" style=\"background-image: url('https:\/\/yourhappybox.ch\/wp-content\/uploads\/2021\/11\/067-210102-yourhappybox-studio-session_DSF4350-819x1024.jpg'); \"><\/div><\/div>\n\t\t<div class=\"text\">\n<h4>Belly Tattoos<\/h4>\n<p>The first tri\u00admes\u00adter is over, many wo\u00admen be\u00adgin to an\u00adnounce their pregnancy. Why not do so with a nice tat\u00adtoo on the&nbsp;belly.<\/p><\/div> \n\t\t<\/div><\/div><\/div><\/div><div class=\"cell\"><div class=\"inner-wrap-outer\"><div class=\"inner-wrap\"><div class=\"nectar-fancy-box nectar-underline using-img  has-animation content-color-000000 aspect-4-5\" data-style=\"image_above_text_underline\" data-border-radius=\"default\" data-animation=\"fade-in-from-right\" data-delay=\"0\" data-alignment=\"left\"><div class=\"image-wrap\"><div class=\"box-bg\" role=\"presentation\" style=\"background-image: url('https:\/\/yourhappybox.ch\/wp-content\/uploads\/2021\/02\/058-210102-yourhappybox-studio-session_DSF4341-819x1024.jpg'); \"><\/div><\/div>\n\t\t<div class=\"text\">\n<h4>Traubenkernkissen<\/h4>\n<p>In the 2nd tri\u00admes\u00adter, the first ailm\u00adents such as back and neck pain might be\u00adgin. What helps is a lot of gentle exer\u00adcise and heat. That\u2019s why we add you the most faithful pregnancy com\u00adpa\u00adn\u00adion also in the 2nd box. It can be used both warm and cold. Put it in the pre\u00adhea\u00adted oven (90\u00b0) for 10\u201315 mi\u00adnu\u00adtes and place it on your back and&nbsp;neck.<\/p><\/div> \n\t\t<\/div><\/div><\/div><\/div><div class=\"cell\"><div class=\"inner-wrap-outer\"><div class=\"inner-wrap\"><div class=\"nectar-fancy-box nectar-underline using-img  has-animation content-color-000000 aspect-4-5\" data-style=\"image_above_text_underline\" data-border-radius=\"default\" data-animation=\"fade-in-from-right\" data-delay=\"0\" data-alignment=\"left\"><div class=\"image-wrap\"><div class=\"box-bg\" role=\"presentation\" style=\"background-image: url('https:\/\/yourhappybox.ch\/wp-content\/uploads\/2021\/11\/049-210102-yourhappybox-studio-session_DSF4332-819x1024.jpg'); \"><\/div><\/div>\n\t\t<div class=\"text\">\n<h4>Lavender oil<\/h4>\n<p>Fi\u00adnest la\u00adven\u00adder oil from far\u00adfalla can be used in many ways (see also la\u00adven\u00adder wrap tip). We have put it in the 2nd tri\u00admes\u00adter Hap\u00adpy\u00adBox, be\u00adcause for many ex\u00adpec\u00adtant mo\u00adthers the nights are al\u00adre\u00adady get\u00adting shorter now. Many thoughts in the head and one or the other un\u00adcer\u00adtainty. A few drops of the la\u00adven\u00adder oil un\u00adder the pil\u00adlow works miracles<\/p><\/div> \n\t\t<\/div><\/div><\/div><\/div><div class=\"cell\"><div class=\"inner-wrap-outer\"><div class=\"inner-wrap\"><div class=\"nectar-fancy-box nectar-underline using-img  has-animation content-color-000000 aspect-4-5\" data-style=\"image_above_text_underline\" data-border-radius=\"default\" data-animation=\"fade-in-from-right\" data-delay=\"0\" data-alignment=\"left\"><div class=\"image-wrap\"><div class=\"box-bg\" role=\"presentation\" style=\"background-image: url('https:\/\/yourhappybox.ch\/wp-content\/uploads\/2021\/02\/Picture-of-Notebook-2-1024x909.jpg'); \"><\/div><\/div>\n\t\t<div class=\"text\">\n<h4>Notebook<\/h4>\n<p>Im 2. Tri\u00admes\u00adter be\u00adginnt oft die so\u00adge\u00adnannte Schwan\u00adger\u00adschafts\u00adde\u00admenz \ud83d\ude42 Das hat nicht wirk\u00adlich et\u00adwas da\u00admit zu tun, dass Ge\u00adhirn\u00adzel\u00adlen un\u00adwie\u00adder\u00adbring\u00adlich ab\u00adster\u00adben, son\u00addern Hor\u00admone sind daran schuld. Sp\u00e4\u00adtes\u00adtens mit Ab\u00adstil\u00adlen wird es wie\u00adder weg\u00adge\u00adhen. Da\u00adzwi\u00adschen gibt es von uns ein sch\u00f6\u00adnes No\u00adtiz\u00adbuch das leicht ist und so\u00admit im\u00admer da\u00adbei sein&nbsp;kann!<\/p><\/div> \n\t\t<\/div><\/div><\/div><\/div><\/div><\/div><\/div>\n\t\t\t<\/div> \n\t\t<\/div>\n\t<\/div> \n<\/div><\/div>","protected":false},"excerpt":{"rendered":"<h5>Pregnancy week 14 \u2014&nbsp;27<\/h5>\n<p>In a time that is of\u00adten con\u00adside\u00adred the \u201cmost re\u00adla\u00adxed phase\u201d of pregnancy, we have com\u00adpi\u00adled our fa\u00advo\u00adrite pro\u00adducts that sup\u00adport growth and help to cope with the new si\u00adtua\u00adtions. Of\u00adten neck pain and re\u00adla\u00adted hea\u00adda\u00adches are start\u00ading to oc\u00adcur. A warm cherry pit pil\u00adlow works won\u00adders. If the thought train is not stop\u00adping and pre\u00advents from fal\u00adling as\u00adleep, we re\u00adcom\u00admend 2\u20133 drops of la\u00adven\u00adder oil un\u00adder your pil\u00adlow that al\u00adlows fal\u00adling as\u00adleep and be\u00ading more relaxed.<\/p>\n<p>The baby bump is slowly show\u00ading and from the 2nd tri\u00admes\u00adter the good news are start\u00ading to be spread more and more. For all those who feel like sup\u00adport\u00ading this mes\u00adsage with beau\u00adtiful little pic\u00adtures, we have ad\u00added Belly Tat\u00adtoos to our Hap\u00adpy\u00adBox. They are not only re\u00adally gor\u00adge\u00adous, but also espe\u00adci\u00adally skin-fri\u00adendly, ve\u00adgan and sus\u00adtain\u00adably made in Germany.<\/p>\n<p>As in our other Hap\u00adpy\u00adBo\u00adxes, we can\u00adnot miss an or\u00adga\u00adnic tea that is spe\u00adci\u00adally crea\u00adted for us and the chal\u00adlenges of pregnancy. We are ex\u00adci\u00adted about our spe\u00adcial or\u00adga\u00adnic blend to help with con\u00adcen\u00adtra\u00adtion and ge\u00adne\u00adral well-being.<\/p>\n<p>Of course, we can\u00adnot wi\u00adt\u00adhout a little life hack. De\u00adpen\u00adding on the baby bump size, the pants just do not fit any\u00admore, but the belly is not yet big en\u00adough for ma\u00adte\u00adr\u00adnity clo\u00adthes. Now there is the good old scrun\u00adchie that can be used or you do it a little more ele\u00adgant with the trou\u00adser ela\u00ads\u00adtic from Car\u00adri\u00adwell. Sim\u00adply in\u00adser\u00adted, in the co\u00adlors white, blue and black it en\u00adsu\u00adres that the zip\u00adper is also di\u00adrectly covered.<\/p>\n<p>Since life is al\u00adways bet\u00adter with sweets, we ad\u00added to our Hap\u00adpy\u00adBox La Flor. It\u2019s a cho\u00adco\u00adlate from a small, fine cho\u00adco\u00adlate ma\u00adnu\u00adfac\u00adtory in Zu\u00adrich. Here, only first-class co\u00adcoa be\u00adans from small pro\u00addu\u00adcers are used and they pro\u00adduce com\u00adple\u00adtely wi\u00adt\u00adhout additives.<\/p>","protected":false},"featured_media":30175,"comment_status":"open","ping_status":"closed","template":"","meta":{"wp_typography_post_enhancements_disabled":false},"product_brand":[],"product_cat":[39,111],"product_tag":[],"class_list":{"0":"post-29019","1":"product","2":"type-product","3":"status-publish","4":"has-post-thumbnail","6":"product_cat-box2","7":"product_cat-boxen-fuer-waehrend-der-schwangerschaft","9":"first","10":"instock","11":"taxable","12":"shipping-taxable","13":"purchasable","14":"product-type-simple"},"yoast_head":"<!-- This site is optimized with the Yoast SEO plugin v27.3 - https:\/\/yoast.com\/product\/yoast-seo-wordpress\/ -->\n<title>Pflegebox f\u00fcrs 2. Trimester der Schwangerschaft | Your Happy Box<\/title>\n<meta name=\"description\" content=\"Im 2. Trimester f\u00fchlen sich viele Schwangere etwas wohler. Wir bieten die richtigen Produkte, f\u00fcr die Herausforderungen in dieser Zeit. Jetzt einkaufen!\" \/>\n<meta name=\"robots\" content=\"index, follow, max-snippet:-1, max-image-preview:large, max-video-preview:-1\" \/>\n<link rel=\"canonical\" href=\"https:\/\/yourhappybox.ch\/en\/product-2\/happybox2-letitgrow\/\" \/>\n<meta property=\"og:locale\" content=\"en_GB\" \/>\n<meta property=\"og:type\" content=\"article\" \/>\n<meta property=\"og:title\" content=\"Pflegebox f\u00fcrs 2. Trimester der Schwangerschaft | Your Happy Box\" \/>\n<meta property=\"og:description\" content=\"Im 2. Trimester f\u00fchlen sich viele Schwangere etwas wohler. Wir bieten die richtigen Produkte, f\u00fcr die Herausforderungen in dieser Zeit. Jetzt einkaufen!\" \/>\n<meta property=\"og:url\" content=\"https:\/\/yourhappybox.ch\/en\/product-2\/happybox2-letitgrow\/\" \/>\n<meta property=\"og:site_name\" content=\"YourHappyBox\" \/>\n<meta property=\"article:modified_time\" content=\"2026-01-22T13:32:18+00:00\" \/>\n<meta property=\"og:image\" content=\"https:\/\/yourhappybox.ch\/wp-content\/uploads\/2022\/10\/annahaerlin0208-rotated.jpg\" \/>\n\t<meta property=\"og:image:width\" content=\"1280\" \/>\n\t<meta property=\"og:image:height\" content=\"1920\" \/>\n\t<meta property=\"og:image:type\" content=\"image\/jpeg\" \/>\n<meta name=\"twitter:card\" content=\"summary_large_image\" \/>\n<meta name=\"twitter:label1\" content=\"Estimated reading time\" \/>\n\t<meta name=\"twitter:data1\" content=\"3 minutes\" \/>\n<script type=\"application\/ld+json\" class=\"yoast-schema-graph\">{\"@context\":\"https:\\\/\\\/schema.org\",\"@graph\":[{\"@type\":\"WebPage\",\"@id\":\"https:\\\/\\\/yourhappybox.ch\\\/produkt\\\/happybox2-letitgrow\\\/\",\"url\":\"https:\\\/\\\/yourhappybox.ch\\\/produkt\\\/happybox2-letitgrow\\\/\",\"name\":\"Pflegebox f\u00fcrs 2. Trimester der Schwangerschaft | Your Happy Box\",\"isPartOf\":{\"@id\":\"https:\\\/\\\/yourhappybox.ch\\\/en\\\/#website\"},\"primaryImageOfPage\":{\"@id\":\"https:\\\/\\\/yourhappybox.ch\\\/produkt\\\/happybox2-letitgrow\\\/#primaryimage\"},\"image\":{\"@id\":\"https:\\\/\\\/yourhappybox.ch\\\/produkt\\\/happybox2-letitgrow\\\/#primaryimage\"},\"thumbnailUrl\":\"https:\\\/\\\/yourhappybox.ch\\\/wp-content\\\/uploads\\\/2022\\\/10\\\/annahaerlin0208-rotated.jpg\",\"datePublished\":\"2021-11-12T10:10:19+00:00\",\"dateModified\":\"2026-01-22T13:32:18+00:00\",\"description\":\"Im 2. Trimester f\u00fchlen sich viele Schwangere etwas wohler. Wir bieten die richtigen Produkte, f\u00fcr die Herausforderungen in dieser Zeit. Jetzt einkaufen!\",\"breadcrumb\":{\"@id\":\"https:\\\/\\\/yourhappybox.ch\\\/produkt\\\/happybox2-letitgrow\\\/#breadcrumb\"},\"inLanguage\":\"en-GB\",\"potentialAction\":[{\"@type\":\"ReadAction\",\"target\":[\"https:\\\/\\\/yourhappybox.ch\\\/produkt\\\/happybox2-letitgrow\\\/\"]}]},{\"@type\":\"ImageObject\",\"inLanguage\":\"en-GB\",\"@id\":\"https:\\\/\\\/yourhappybox.ch\\\/produkt\\\/happybox2-letitgrow\\\/#primaryimage\",\"url\":\"https:\\\/\\\/yourhappybox.ch\\\/wp-content\\\/uploads\\\/2022\\\/10\\\/annahaerlin0208-rotated.jpg\",\"contentUrl\":\"https:\\\/\\\/yourhappybox.ch\\\/wp-content\\\/uploads\\\/2022\\\/10\\\/annahaerlin0208-rotated.jpg\",\"width\":1280,\"height\":1920},{\"@type\":\"BreadcrumbList\",\"@id\":\"https:\\\/\\\/yourhappybox.ch\\\/produkt\\\/happybox2-letitgrow\\\/#breadcrumb\",\"itemListElement\":[{\"@type\":\"ListItem\",\"position\":1,\"name\":\"Startseite\",\"item\":\"https:\\\/\\\/yourhappybox.ch\\\/\"},{\"@type\":\"ListItem\",\"position\":2,\"name\":\"Shop\",\"item\":\"https:\\\/\\\/yourhappybox.ch\\\/shop-essenzielle-schwangerschaftsprodukte\\\/\"},{\"@type\":\"ListItem\",\"position\":3,\"name\":\"HappyBox#2 \u2013 Let it grow\"}]},{\"@type\":\"WebSite\",\"@id\":\"https:\\\/\\\/yourhappybox.ch\\\/en\\\/#website\",\"url\":\"https:\\\/\\\/yourhappybox.ch\\\/en\\\/\",\"name\":\"YourHappyBox\",\"description\":\"Die Box, die dir Zeit w\u00e4hrend deiner Schwangerschaft schenkt\",\"potentialAction\":[{\"@type\":\"SearchAction\",\"target\":{\"@type\":\"EntryPoint\",\"urlTemplate\":\"https:\\\/\\\/yourhappybox.ch\\\/en\\\/?s={search_term_string}\"},\"query-input\":{\"@type\":\"PropertyValueSpecification\",\"valueRequired\":true,\"valueName\":\"search_term_string\"}}],\"inLanguage\":\"en-GB\"}]}<\/script>\n<!-- \/ Yoast SEO plugin. -->","yoast_head_json":{"title":"Pfle\u00adge\u00adbox f\u00fcrs 2. Tri\u00admes\u00adter der Schwan\u00adger\u00adschaft | Your Happy&nbsp;Box","description":"Im 2. Tri\u00admes\u00adter f\u00fch\u00adlen sich viele Schwan\u00adgere et\u00adwas woh\u00adler. Wir bie\u00adten die rich\u00adti\u00adgen Pro\u00addukte, f\u00fcr die Her\u00adaus\u00adfor\u00adde\u00adrun\u00adgen in die\u00adser Zeit. Jetzt einkaufen!","robots":{"index":"index","follow":"follow","max-snippet":"max-snippet:-1","max-image-preview":"max-image-preview:large","max-video-preview":"max-video-preview:-1"},"canonical":"https:\/\/yourhappybox.ch\/en\/product-2\/happybox2-letitgrow\/","og_locale":"en_GB","og_type":"article","og_title":"Pflegebox f\u00fcrs 2. Trimester der Schwangerschaft | Your Happy Box","og_description":"Im 2. Trimester f\u00fchlen sich viele Schwangere etwas wohler. Wir bieten die richtigen Produkte, f\u00fcr die Herausforderungen in dieser Zeit. Jetzt einkaufen!","og_url":"https:\/\/yourhappybox.ch\/en\/product-2\/happybox2-letitgrow\/","og_site_name":"YourHappyBox","article_modified_time":"2026-01-22T13:32:18+00:00","og_image":[{"width":1280,"height":1920,"url":"https:\/\/yourhappybox.ch\/wp-content\/uploads\/2022\/10\/annahaerlin0208-rotated.jpg","type":"image\/jpeg"}],"twitter_card":"summary_large_image","twitter_misc":{"Estimated reading time":"3 minutes"},"schema":{"@context":"https:\/\/schema.org","@graph":[{"@type":"WebPage","@id":"https:\/\/yourhappybox.ch\/produkt\/happybox2-letitgrow\/","url":"https:\/\/yourhappybox.ch\/produkt\/happybox2-letitgrow\/","name":"Pfle\u00adge\u00adbox f\u00fcrs 2. Tri\u00admes\u00adter der Schwan\u00adger\u00adschaft | Your Happy&nbsp;Box","isPartOf":{"@id":"https:\/\/yourhappybox.ch\/en\/#website"},"primaryImageOfPage":{"@id":"https:\/\/yourhappybox.ch\/produkt\/happybox2-letitgrow\/#primaryimage"},"image":{"@id":"https:\/\/yourhappybox.ch\/produkt\/happybox2-letitgrow\/#primaryimage"},"thumbnailUrl":"https:\/\/yourhappybox.ch\/wp-content\/uploads\/2022\/10\/annahaerlin0208-rotated.jpg","datePublished":"2021-11-12T10:10:19+00:00","dateModified":"2026-01-22T13:32:18+00:00","description":"Im 2. Tri\u00admes\u00adter f\u00fch\u00adlen sich viele Schwan\u00adgere et\u00adwas woh\u00adler. Wir bie\u00adten die rich\u00adti\u00adgen Pro\u00addukte, f\u00fcr die Her\u00adaus\u00adfor\u00adde\u00adrun\u00adgen in die\u00adser Zeit. Jetzt einkaufen!","breadcrumb":{"@id":"https:\/\/yourhappybox.ch\/produkt\/happybox2-letitgrow\/#breadcrumb"},"inLanguage":"en-GB","potentialAction":[{"@type":"ReadAction","target":["https:\/\/yourhappybox.ch\/produkt\/happybox2-letitgrow\/"]}]},{"@type":"ImageObject","inLanguage":"en-GB","@id":"https:\/\/yourhappybox.ch\/produkt\/happybox2-letitgrow\/#primaryimage","url":"https:\/\/yourhappybox.ch\/wp-content\/uploads\/2022\/10\/annahaerlin0208-rotated.jpg","contentUrl":"https:\/\/yourhappybox.ch\/wp-content\/uploads\/2022\/10\/annahaerlin0208-rotated.jpg","width":1280,"height":1920},{"@type":"BreadcrumbList","@id":"https:\/\/yourhappybox.ch\/produkt\/happybox2-letitgrow\/#breadcrumb","itemListElement":[{"@type":"ListItem","position":1,"name":"Startseite","item":"https:\/\/yourhappybox.ch\/"},{"@type":"ListItem","position":2,"name":"Shop","item":"https:\/\/yourhappybox.ch\/shop-essenzielle-schwangerschaftsprodukte\/"},{"@type":"ListItem","position":3,"name":"HappyBox#2 \u2013 Let it grow"}]},{"@type":"WebSite","@id":"https:\/\/yourhappybox.ch\/en\/#website","url":"https:\/\/yourhappybox.ch\/en\/","name":"Your\u00adHap\u00adpy\u00adBox","description":"Die Box, die dir Zeit w\u00e4h\u00adrend dei\u00adner Schwan\u00adger\u00adschaft schenkt","potentialAction":[{"@type":"SearchAction","target":{"@type":"EntryPoint","urlTemplate":"https:\/\/yourhappybox.ch\/en\/?s={search_term_string}"},"query-input":{"@type":"PropertyValueSpecification","valueRequired":true,"valueName":"search_term_string"}}],"inLanguage":"en-GB"}]}},"_links":{"self":[{"href":"https:\/\/yourhappybox.ch\/en\/wp-json\/wp\/v2\/product\/29019","targetHints":{"allow":["GET"]}}],"collection":[{"href":"https:\/\/yourhappybox.ch\/en\/wp-json\/wp\/v2\/product"}],"about":[{"href":"https:\/\/yourhappybox.ch\/en\/wp-json\/wp\/v2\/types\/product"}],"replies":[{"embeddable":true,"href":"https:\/\/yourhappybox.ch\/en\/wp-json\/wp\/v2\/comments?post=29019"}],"wp:featuredmedia":[{"embeddable":true,"href":"https:\/\/yourhappybox.ch\/en\/wp-json\/wp\/v2\/media\/30175"}],"wp:attachment":[{"href":"https:\/\/yourhappybox.ch\/en\/wp-json\/wp\/v2\/media?parent=29019"}],"wp:term":[{"taxonomy":"product_brand","embeddable":true,"href":"https:\/\/yourhappybox.ch\/en\/wp-json\/wp\/v2\/product_brand?post=29019"},{"taxonomy":"product_cat","embeddable":true,"href":"https:\/\/yourhappybox.ch\/en\/wp-json\/wp\/v2\/product_cat?post=29019"},{"taxonomy":"product_tag","embeddable":true,"href":"https:\/\/yourhappybox.ch\/en\/wp-json\/wp\/v2\/product_tag?post=29019"}],"curies":[{"name":"wp","href":"https:\/\/api.w.org\/{rel}","templated":true}]}}