{"id":29020,"date":"2021-11-12T11:16:09","date_gmt":"2021-11-12T10:16:09","guid":{"rendered":"https:\/\/yourhappybox.ch\/?post_type=product&#038;p=29020"},"modified":"2024-12-03T11:10:49","modified_gmt":"2024-12-03T10:10:49","slug":"schwangerschaftsprodukte-fuer-das-dritte-trimester","status":"publish","type":"product","link":"https:\/\/yourhappybox.ch\/en\/produkt\/schwangerschaftsprodukte-fuer-das-dritte-trimester\/","title":{"rendered":"HappyBox#3 \u2013 Fi\u00adnal sprint"},"content":{"rendered":"<div id=\"fws_69e8f921e2130\" data-column-margin=\"default\" data-midnight=\"dark\" data-top-percent=\"8%\" data-bottom-percent=\"8%\" class=\"wpb_row vc_row-fluid vc_row full-width-section  top_padding_tablet_16pct bottom_padding_tablet_16pct\" style=\"padding-top: calc(100vw * 0.08); padding-bottom: calc(100vw * 0.08); \"><div class=\"row-bg-wrap\" data-bg-animation=\"none\" data-bg-animation-delay data-bg-overlay=\"false\"><div class=\"inner-wrap row-bg-layer\"><div class=\"row-bg viewport-desktop using-bg-color\" style=\"background-color: #ffffff; \"><\/div><\/div><\/div><div class=\"row_col_wrap_12 col span_12 dark left\">\n\t<div class=\"vc_col-sm-12 wpb_column column_container vc_column_container col no-extra-padding el_spacing_0px inherit_tablet inherit_phone\" data-padding-pos=\"all\" data-has-bg-color=\"false\" data-bg-color data-bg-opacity=\"1\" data-animation data-delay=\"0\">\n\t\t<div class=\"vc_column-inner\">\n\t\t\t<div class=\"wpb_wrapper\">\n\t\t\t\t<div id=\"fws_69e8f921e2ddb\" data-midnight data-column-margin=\"none\" class=\"wpb_row vc_row-fluid vc_row inner_row vc_row-o-equal-height vc_row-flex vc_row-o-content-bottom bottom_padding_tablet_20px\" style=\"padding-bottom: 30px; \"><div class=\"row-bg-wrap\"> <div class=\"row-bg\"><\/div> <\/div><div class=\"row_col_wrap_12_inner col span_12  left\">\n\t<div class=\"vc_col-sm-6 wpb_column column_container vc_column_container col child_column padding-5-percent el_spacing_5px inherit_tablet inherit_phone\" data-t-w-inherits=\"small_desktop\" data-padding-pos=\"right\" data-has-bg-color=\"false\" data-bg-color data-bg-opacity=\"1\" data-animation data-delay=\"0\">\n\t\t<div class=\"vc_column-inner\">\n\t\t<div class=\"wpb_wrapper\">\n\t\t\t\n<div class=\"wpb_text_column wpb_content_element\">\n\t<div class=\"wpb_wrapper\">\n\t\t<h2>Selection of products we included<\/h2>\n<p>Have a look at some of the products&nbsp;<\/p>\n\t<\/div>\n<\/div>\n\n\n\n\n\t\t<\/div> \n\t<\/div>\n\t<\/div> \n\n\t<div class=\"vc_col-sm-6 vc_hidden-xs wpb_column column_container vc_column_container col child_column no-extra-padding inherit_tablet inherit_phone\" data-t-w-inherits=\"small_desktop\" data-padding-pos=\"all\" data-has-bg-color=\"false\" data-bg-color data-bg-opacity=\"1\" data-animation data-delay=\"0\">\n\t\t<div class=\"vc_column-inner\">\n\t\t<div class=\"wpb_wrapper\">\n\t\t\t\n\t\t<\/div> \n\t<\/div>\n\t<\/div> \n<\/div><\/div><div class=\"nectar-flickity not-initialized nectar-carousel tb-spacing-0\" data-centered-cells=\"false\" data-pause-on-hover data-touch-icon-color=\"dark\" data-control-color=\"extra-color-2\" data-overflow=\"visible\" data-r-bottom-total=\"true\" data-drag-scale data-wrap=\"no-wrap\" data-spacing=\"15px\" data-controls=\"touch_total\" data-pagination-alignment=\"default\" data-adaptive-height data-border-radius=\"none\" data-column-border data-column-padding=\"0\" data-format=\"default\" data-autoplay data-autoplay-dur=\"5000\" data-control-style=\"material_pagination\" data-desktop-columns=\"4\" data-small-desktop-columns=\"3\" data-tablet-columns=\"2\" data-phone-columns=\"1\" data-column-color><div class=\"flickity-viewport\"> <div class=\"flickity-slider\"><div class=\"cell\"><div class=\"inner-wrap-outer\"><div class=\"inner-wrap\"><div class=\"nectar-fancy-box nectar-underline using-img  has-animation content-color-000000 aspect-4-5\" data-style=\"image_above_text_underline\" data-border-radius=\"default\" data-animation=\"fade-in-from-right\" data-delay=\"0\" data-alignment=\"left\"><div class=\"image-wrap\"><div class=\"box-bg\" role=\"presentation\" style=\"background-image: url('https:\/\/yourhappybox.ch\/wp-content\/uploads\/2021\/11\/064-210102-yourhappybox-studio-session_DSF4347-819x1024.jpg'); \"><\/div><\/div>\n\t\t<div class=\"text\">\n<h4>Belly Mask<\/h4>\n<p>Nicly huge by now, the skin can apprear tense. Ap\u00adply the nou\u00adris\u00adhing cream mask of or\u00adga\u00adnic co\u00adcoa but\u00adter, prickly pear seed and ma\u00adrula seed oil, aloe vera juice and green clay evenly and let it ab\u00adsorb for 10\u201315\u2032 (su\u00adper time pe\u00adriod for the foot bath). Then gently mas\u00adsage or wipe off (ex\u00adtra tip \u2014 make mask in the evening and let it ab\u00adsorb overnight).<\/p><\/div> \n\t\t<\/div><\/div><\/div><\/div><div class=\"cell\"><div class=\"inner-wrap-outer\"><div class=\"inner-wrap\"><div class=\"nectar-fancy-box nectar-underline using-img  has-animation content-color-000000 aspect-4-5\" data-style=\"image_above_text_underline\" data-border-radius=\"default\" data-animation=\"fade-in-from-right\" data-delay=\"0\" data-alignment=\"left\"><div class=\"image-wrap\"><div class=\"box-bg\" role=\"presentation\" style=\"background-image: url('https:\/\/yourhappybox.ch\/wp-content\/uploads\/2021\/11\/063-210102-yourhappybox-studio-session_DSF4346-819x1024.jpg'); \"><\/div><\/div>\n\t\t<div class=\"text\">\n<h4>Foot Balm<\/h4>\n<p>For the wo\u00admen ex\u00adpe\u00adri\u00aden\u00adcing swol\u00adlen legs, the foot balm from We\u00adleda is a real treat. Best to ap\u00adply af\u00adter the foot bath, so the coo\u00adling ef\u00adfect lasts a little lon\u00adger. For the wo\u00admen who for\u00adt\u00adu\u00adna\u00adtely have less swol\u00adlen feet, en\u00adjoy the smooth feet.<\/p><\/div> \n\t\t<\/div><\/div><\/div><\/div><div class=\"cell\"><div class=\"inner-wrap-outer\"><div class=\"inner-wrap\"><div class=\"nectar-fancy-box nectar-underline using-img  has-animation content-color-000000 aspect-4-5\" data-style=\"image_above_text_underline\" data-border-radius=\"default\" data-animation=\"fade-in-from-right\" data-delay=\"0\" data-alignment=\"left\"><div class=\"image-wrap\"><div class=\"box-bg\" role=\"presentation\" style=\"background-image: url('https:\/\/yourhappybox.ch\/wp-content\/uploads\/2021\/11\/076-210102-yourhappybox-studio-session_DSF4359-819x1024.jpg'); \"><\/div><\/div>\n\t\t<div class=\"text\">\n<h4><strong>Muskateller-Massage\u00f6l <\/strong><\/h4>\n<p>Start\u00ading from week 34 as pre\u00adpa\u00adra\u00adtion for birth. It sup\u00adports the re\u00adduc\u00adtion of pe\u00adri\u00adneal te\u00adars and can speed up he\u00adal\u00ading af\u00adter birth. You can find in\u00ads\u00adtruc\u00adtions here: <span style=\"color: #0000ff\"><a style=\"color: #0000ff\" href=\"https:\/\/youtu.be\/i27AlNj9iNc\" target=\"_blank\" rel=\"noopener\">Damm\u00admas\u00adsage<\/a><\/span><\/p><\/div> \n\t\t<\/div><\/div><\/div><\/div><div class=\"cell\"><div class=\"inner-wrap-outer\"><div class=\"inner-wrap\"><div class=\"nectar-fancy-box nectar-underline using-img  has-animation content-color-000000 aspect-4-5\" data-style=\"image_above_text_underline\" data-border-radius=\"default\" data-animation=\"fade-in-from-right\" data-delay=\"0\" data-alignment=\"left\"><div class=\"image-wrap\"><div class=\"box-bg\" role=\"presentation\" style=\"background-image: url('https:\/\/yourhappybox.ch\/wp-content\/uploads\/2021\/11\/040-210102-yourhappybox-studio-session_DSF4323-819x1024.jpg'); \"><\/div><\/div>\n\t\t<div class=\"text\">\n<h4>Organic tea for the 3rd Trimester<\/h4>\n<p>The or\u00adga\u00adnic tea from tee\u00adwerk im\u00adpro\u00adves di\u00adges\u00adti\u00adons and helps to re\u00adlax. It con\u00adta\u00adins le\u00admon balm, cha\u00admo\u00admile, mal\u00adlow lea\u00adves, fen\u00adnel, green oats, lady\u2019s man\u00adtle and yarrow<\/p><\/div> \n\t\t<\/div><\/div><\/div><\/div><div class=\"cell\"><div class=\"inner-wrap-outer\"><div class=\"inner-wrap\"><div class=\"nectar-fancy-box nectar-underline using-img  has-animation content-color-000000 aspect-4-5\" data-style=\"image_above_text_underline\" data-border-radius=\"default\" data-animation=\"fade-in-from-right\" data-delay=\"0\" data-alignment=\"left\"><div class=\"image-wrap\"><div class=\"box-bg\" role=\"presentation\" style=\"background-image: url('https:\/\/yourhappybox.ch\/wp-content\/uploads\/2021\/11\/055-210102-yourhappybox-studio-session_DSF4338-819x1024.jpg'); \"><\/div><\/div>\n\t\t<div class=\"text\">\n<h4>Supporting Belt<\/h4>\n<p>Slowly it be\u00adco\u00admes heavy, for some more than others. At\u00adtach the ad\u00adjus\u00adta\u00adble strap ac\u00adcor\u00adding to in\u00ads\u00adtruc\u00adtions and pro\u00advide a little re\u00adlief for the&nbsp;back.<\/p><\/div> \n\t\t<\/div><\/div><\/div><\/div><div class=\"cell\"><div class=\"inner-wrap-outer\"><div class=\"inner-wrap\"><div class=\"nectar-fancy-box nectar-underline using-img  has-animation content-color-000000 aspect-4-5\" data-style=\"image_above_text_underline\" data-border-radius=\"default\" data-animation=\"fade-in-from-right\" data-delay=\"0\" data-alignment=\"left\"><div class=\"image-wrap\"><div class=\"box-bg\" role=\"presentation\" style=\"background-image: url('https:\/\/yourhappybox.ch\/wp-content\/uploads\/2021\/11\/042-210102-yourhappybox-studio-session_DSF4325-819x1024.jpg'); \"><\/div><\/div>\n\t\t<div class=\"text\">\n<h4>Organic tea for birth preparation<\/h4>\n<p>Start\u00ading from week 36, this tea sup\u00adports the pre\u00adpa\u00adra\u00adtion for child\u00adbirth. It con\u00adta\u00adins raspberry lea\u00adves, le\u00admon balm and lady\u2019s man\u00adtle. Espe\u00adci\u00adally the raspberry lea\u00adves many mid\u00adwi\u00adves men\u00adtion na\u00adtu\u00adral la\u00adbor stimulant.<\/p><\/div> \n\t\t<\/div><\/div><\/div><\/div><div class=\"cell\"><div class=\"inner-wrap-outer\"><div class=\"inner-wrap\"><div class=\"nectar-fancy-box nectar-underline using-img  has-animation content-color-000000 aspect-4-5\" data-style=\"image_above_text_underline\" data-border-radius=\"default\" data-animation=\"fade-in-from-right\" data-delay=\"0\" data-alignment=\"left\"><div class=\"image-wrap\"><div class=\"box-bg\" role=\"presentation\" style=\"background-image: url('https:\/\/yourhappybox.ch\/wp-content\/uploads\/2021\/11\/069-210102-yourhappybox-studio-session_DSF4352-819x1024.jpg'); \"><\/div><\/div>\n\t\t<div class=\"text\">\n<h4>Foot bath<\/h4>\n<p>The feet are heavy and swol\u00adlen, a cool salt bath helps. Dis\u00adsolve salt in hot wa\u00adter, and fill with cold \/ warm (de\u00adpen\u00adding on the sea\u00adson) so that the feet are well co\u00advered. Com\u00adfor\u00adta\u00adbly en\u00adjoy the foot bath for 10\u201315\u2032, drink tea at the same time and\/or let the mask take effect.<\/p><\/div> \n\t\t<\/div><\/div><\/div><\/div><div class=\"cell\"><div class=\"inner-wrap-outer\"><div class=\"inner-wrap\"><div class=\"nectar-fancy-box nectar-underline using-img  has-animation content-color-000000 aspect-4-5\" data-style=\"image_above_text_underline\" data-border-radius=\"default\" data-animation=\"fade-in-from-right\" data-delay=\"0\" data-alignment=\"left\"><div class=\"image-wrap\"><div class=\"box-bg\" role=\"presentation\" style=\"background-image: url('https:\/\/yourhappybox.ch\/wp-content\/uploads\/2021\/11\/082-210102-yourhappybox-studio-session_DSF4365-1-819x1024.jpg'); \"><\/div><\/div>\n\t\t<div class=\"text\">\n<h4>Chocolate<\/h4>\n<p>Schoggi von La Flor \u2013 ein\u00adfach nur dir was gu\u00adtes zu tun. Mehr \u00fcber die sym\u00adpa\u00adthi\u00adsche Schoggi-Ma\u00adnu\u00adfak\u00adtur fin\u00addet ihr <a href=\"https:\/\/yourhappybox.ch\/en\/die-sind-drin\/\" target=\"_blank\" rel=\"noopener\">here<\/a>.<\/p><\/div> \n\t\t<\/div><\/div><\/div><\/div><\/div><\/div><\/div>\n\t\t\t<\/div> \n\t\t<\/div>\n\t<\/div> \n<\/div><\/div>","protected":false},"excerpt":{"rendered":"<h5>Pregnancy week 28 \u2014&nbsp;Birth<\/h5>\n<p>In this Hap\u00adpy\u00adBox #3 are all the es\u00adsen\u00adtial pro\u00adducts for the 3rd and last tri\u00admes\u00adter of pregnancy (SSW28 \u2014&nbsp;birth).<\/p>\n<p>In the last tri\u00admes\u00adter it gets more and more ex\u00adhaus\u00adting for the pregnant wo\u00adman, so there are many ef\u00adfec\u00adtive hel\u00adpers in the Hap\u00adpy\u00adBox. We have a \u201cswol\u00adlen leg re\u00admo\u00adver\u201d, a com\u00adbi\u00adna\u00adtion of foot bath and coo\u00adling foot balm. We are get\u00adting more and more feed\u00adback from our pregnant wo\u00admen that the foot balm is also great for a foot mas\u00adsage from your part\u00adner \ud83d\ude09 To keep back pain in check, we have in\u00adcluded the belly belt, which can ea\u00adsily be worn over or un\u00adder clo\u00adthes. Our or\u00adga\u00adnic teas are de\u00adsi\u00adgned in the third and last tri\u00admes\u00adter to re\u00adli\u00adeve he\u00adartb\u00adurn and other dis\u00adcom\u00adfort. Also, from SSW 36, we have ad\u00added a birth-pre\u00adpa\u00adring tea that con\u00adta\u00adins raspberry leaves.<\/p>\n<p>For the well\u00adness fee\u00adling, we have in\u00adcluded a great belly mask from Mom\u00admy\u00adSpa. The na\u00adtu\u00adral cos\u00adme\u00adtics-ba\u00adsed mask pro\u00advi\u00addes ex\u00adtra mois\u00adture and streng\u00adthens the skin\u2019s effectively.<\/p>\n<p>As al\u00adways, the pro\u00adducts are cho\u00adsen with care, ad\u00advice from mid\u00adwi\u00adves and a fo\u00adcus on qua\u00adlity and sustainability.<\/p>\n<p>Re\u00adcently, we ad\u00added the Ber\u00adlin-ba\u00adsed start-up <a href=\"https:\/\/yourhappybox.ch\/en\/product-2\/die-portable-intimdusche-fuers-wochenbett\/\" target=\"_blank\" rel=\"noopener\">BIDETLITY<\/a> . The por\u00adta\u00adble in\u00adti\u00admate shower is sus\u00adtainable, prac\u00adti\u00adcal and pretty. We al\u00adre\u00adady find it useful du\u00adring the last weeks of pregnancy, but espe\u00adci\u00adally in the post\u00adpar\u00adtum pe\u00adriod. We will de\u00adli\u00adver the shower to you with a nice wall mount, so you can ea\u00adsily hang it in the bath\u00adroom. The in\u00adti\u00admate shower re\u00admains useful even af\u00adter the post\u00adpar\u00adtum, espe\u00adci\u00adally du\u00adring mens\u00adtrua\u00adtion or sim\u00adply for the daily well\u00adbe\u00ading of your fe\u00admale&nbsp;parts.<\/p>","protected":false},"featured_media":30177,"comment_status":"open","ping_status":"closed","template":"","meta":{"wp_typography_post_enhancements_disabled":false},"product_brand":[],"product_cat":[40,111],"product_tag":[],"class_list":{"0":"post-29020","1":"product","2":"type-product","3":"status-publish","4":"has-post-thumbnail","6":"product_cat-box3","7":"product_cat-boxen-fuer-waehrend-der-schwangerschaft","9":"first","10":"instock","11":"taxable","12":"shipping-taxable","13":"purchasable","14":"product-type-variable"},"yoast_head":"<!-- This site is optimized with the Yoast SEO plugin v27.3 - https:\/\/yoast.com\/product\/yoast-seo-wordpress\/ -->\n<title>Pflegebox f\u00fcr die Schwangerschaft | 3. Trimester | Your Happy Box<\/title>\n<meta name=\"description\" content=\"F\u00fcr die letzte Phase der Schwangerschaft enth\u00e4lt unser Care Kit alle wichtigen Produkte f\u00fcr die Geburstvorbereitung. Jetzt kaufen!\" \/>\n<meta name=\"robots\" content=\"index, follow, max-snippet:-1, max-image-preview:large, max-video-preview:-1\" \/>\n<link rel=\"canonical\" href=\"https:\/\/yourhappybox.ch\/en\/product-2\/schwangerschaftsprodukte-fuer-das-dritte-trimester\/\" \/>\n<meta property=\"og:locale\" content=\"en_GB\" \/>\n<meta property=\"og:type\" content=\"article\" \/>\n<meta property=\"og:title\" content=\"Pflegebox f\u00fcr die Schwangerschaft | 3. Trimester | Your Happy Box\" \/>\n<meta property=\"og:description\" content=\"F\u00fcr die letzte Phase der Schwangerschaft enth\u00e4lt unser Care Kit alle wichtigen Produkte f\u00fcr die Geburstvorbereitung. Jetzt kaufen!\" \/>\n<meta property=\"og:url\" content=\"https:\/\/yourhappybox.ch\/en\/product-2\/schwangerschaftsprodukte-fuer-das-dritte-trimester\/\" \/>\n<meta property=\"og:site_name\" content=\"YourHappyBox\" \/>\n<meta property=\"article:modified_time\" content=\"2024-12-03T10:10:49+00:00\" \/>\n<meta property=\"og:image\" content=\"https:\/\/yourhappybox.ch\/wp-content\/uploads\/2022\/10\/annahaerlin0215-rotated.jpg\" \/>\n\t<meta property=\"og:image:width\" content=\"1280\" \/>\n\t<meta property=\"og:image:height\" content=\"1920\" \/>\n\t<meta property=\"og:image:type\" content=\"image\/jpeg\" \/>\n<meta name=\"twitter:card\" content=\"summary_large_image\" \/>\n<meta name=\"twitter:label1\" content=\"Estimated reading time\" \/>\n\t<meta name=\"twitter:data1\" content=\"4 minutes\" \/>\n<script type=\"application\/ld+json\" class=\"yoast-schema-graph\">{\"@context\":\"https:\\\/\\\/schema.org\",\"@graph\":[{\"@type\":\"WebPage\",\"@id\":\"https:\\\/\\\/yourhappybox.ch\\\/produkt\\\/schwangerschaftsprodukte-fuer-das-dritte-trimester\\\/\",\"url\":\"https:\\\/\\\/yourhappybox.ch\\\/produkt\\\/schwangerschaftsprodukte-fuer-das-dritte-trimester\\\/\",\"name\":\"Pflegebox f\u00fcr die Schwangerschaft | 3. Trimester | Your Happy Box\",\"isPartOf\":{\"@id\":\"https:\\\/\\\/yourhappybox.ch\\\/en\\\/#website\"},\"primaryImageOfPage\":{\"@id\":\"https:\\\/\\\/yourhappybox.ch\\\/produkt\\\/schwangerschaftsprodukte-fuer-das-dritte-trimester\\\/#primaryimage\"},\"image\":{\"@id\":\"https:\\\/\\\/yourhappybox.ch\\\/produkt\\\/schwangerschaftsprodukte-fuer-das-dritte-trimester\\\/#primaryimage\"},\"thumbnailUrl\":\"https:\\\/\\\/yourhappybox.ch\\\/wp-content\\\/uploads\\\/2022\\\/10\\\/annahaerlin0215-rotated.jpg\",\"datePublished\":\"2021-11-12T10:16:09+00:00\",\"dateModified\":\"2024-12-03T10:10:49+00:00\",\"description\":\"F\u00fcr die letzte Phase der Schwangerschaft enth\u00e4lt unser Care Kit alle wichtigen Produkte f\u00fcr die Geburstvorbereitung. Jetzt kaufen!\",\"breadcrumb\":{\"@id\":\"https:\\\/\\\/yourhappybox.ch\\\/produkt\\\/schwangerschaftsprodukte-fuer-das-dritte-trimester\\\/#breadcrumb\"},\"inLanguage\":\"en-GB\",\"potentialAction\":[{\"@type\":\"ReadAction\",\"target\":[\"https:\\\/\\\/yourhappybox.ch\\\/produkt\\\/schwangerschaftsprodukte-fuer-das-dritte-trimester\\\/\"]}]},{\"@type\":\"ImageObject\",\"inLanguage\":\"en-GB\",\"@id\":\"https:\\\/\\\/yourhappybox.ch\\\/produkt\\\/schwangerschaftsprodukte-fuer-das-dritte-trimester\\\/#primaryimage\",\"url\":\"https:\\\/\\\/yourhappybox.ch\\\/wp-content\\\/uploads\\\/2022\\\/10\\\/annahaerlin0215-rotated.jpg\",\"contentUrl\":\"https:\\\/\\\/yourhappybox.ch\\\/wp-content\\\/uploads\\\/2022\\\/10\\\/annahaerlin0215-rotated.jpg\",\"width\":1280,\"height\":1920},{\"@type\":\"BreadcrumbList\",\"@id\":\"https:\\\/\\\/yourhappybox.ch\\\/produkt\\\/schwangerschaftsprodukte-fuer-das-dritte-trimester\\\/#breadcrumb\",\"itemListElement\":[{\"@type\":\"ListItem\",\"position\":1,\"name\":\"Startseite\",\"item\":\"https:\\\/\\\/yourhappybox.ch\\\/\"},{\"@type\":\"ListItem\",\"position\":2,\"name\":\"Shop\",\"item\":\"https:\\\/\\\/yourhappybox.ch\\\/shop-essenzielle-schwangerschaftsprodukte\\\/\"},{\"@type\":\"ListItem\",\"position\":3,\"name\":\"HappyBox#3 \u2013 Endspurt\"}]},{\"@type\":\"WebSite\",\"@id\":\"https:\\\/\\\/yourhappybox.ch\\\/en\\\/#website\",\"url\":\"https:\\\/\\\/yourhappybox.ch\\\/en\\\/\",\"name\":\"YourHappyBox\",\"description\":\"Die Box, die dir Zeit w\u00e4hrend deiner Schwangerschaft schenkt\",\"potentialAction\":[{\"@type\":\"SearchAction\",\"target\":{\"@type\":\"EntryPoint\",\"urlTemplate\":\"https:\\\/\\\/yourhappybox.ch\\\/en\\\/?s={search_term_string}\"},\"query-input\":{\"@type\":\"PropertyValueSpecification\",\"valueRequired\":true,\"valueName\":\"search_term_string\"}}],\"inLanguage\":\"en-GB\"}]}<\/script>\n<!-- \/ Yoast SEO plugin. -->","yoast_head_json":{"title":"Pfle\u00adge\u00adbox f\u00fcr die Schwan\u00adger\u00adschaft | 3. Tri\u00admes\u00adter | Your Happy&nbsp;Box","description":"F\u00fcr die letzte Phase der Schwan\u00adger\u00adschaft ent\u00adh\u00e4lt un\u00adser Care Kit alle wich\u00adti\u00adgen Pro\u00addukte f\u00fcr die Ge\u00adburst\u00advor\u00adbe\u00adrei\u00adtung. Jetzt kaufen!","robots":{"index":"index","follow":"follow","max-snippet":"max-snippet:-1","max-image-preview":"max-image-preview:large","max-video-preview":"max-video-preview:-1"},"canonical":"https:\/\/yourhappybox.ch\/en\/product-2\/schwangerschaftsprodukte-fuer-das-dritte-trimester\/","og_locale":"en_GB","og_type":"article","og_title":"Pflegebox f\u00fcr die Schwangerschaft | 3. Trimester | Your Happy Box","og_description":"F\u00fcr die letzte Phase der Schwangerschaft enth\u00e4lt unser Care Kit alle wichtigen Produkte f\u00fcr die Geburstvorbereitung. Jetzt kaufen!","og_url":"https:\/\/yourhappybox.ch\/en\/product-2\/schwangerschaftsprodukte-fuer-das-dritte-trimester\/","og_site_name":"YourHappyBox","article_modified_time":"2024-12-03T10:10:49+00:00","og_image":[{"width":1280,"height":1920,"url":"https:\/\/yourhappybox.ch\/wp-content\/uploads\/2022\/10\/annahaerlin0215-rotated.jpg","type":"image\/jpeg"}],"twitter_card":"summary_large_image","twitter_misc":{"Estimated reading time":"4 minutes"},"schema":{"@context":"https:\/\/schema.org","@graph":[{"@type":"WebPage","@id":"https:\/\/yourhappybox.ch\/produkt\/schwangerschaftsprodukte-fuer-das-dritte-trimester\/","url":"https:\/\/yourhappybox.ch\/produkt\/schwangerschaftsprodukte-fuer-das-dritte-trimester\/","name":"Pfle\u00adge\u00adbox f\u00fcr die Schwan\u00adger\u00adschaft | 3. Tri\u00admes\u00adter | Your Happy&nbsp;Box","isPartOf":{"@id":"https:\/\/yourhappybox.ch\/en\/#website"},"primaryImageOfPage":{"@id":"https:\/\/yourhappybox.ch\/produkt\/schwangerschaftsprodukte-fuer-das-dritte-trimester\/#primaryimage"},"image":{"@id":"https:\/\/yourhappybox.ch\/produkt\/schwangerschaftsprodukte-fuer-das-dritte-trimester\/#primaryimage"},"thumbnailUrl":"https:\/\/yourhappybox.ch\/wp-content\/uploads\/2022\/10\/annahaerlin0215-rotated.jpg","datePublished":"2021-11-12T10:16:09+00:00","dateModified":"2024-12-03T10:10:49+00:00","description":"F\u00fcr die letzte Phase der Schwan\u00adger\u00adschaft ent\u00adh\u00e4lt un\u00adser Care Kit alle wich\u00adti\u00adgen Pro\u00addukte f\u00fcr die Ge\u00adburst\u00advor\u00adbe\u00adrei\u00adtung. Jetzt kaufen!","breadcrumb":{"@id":"https:\/\/yourhappybox.ch\/produkt\/schwangerschaftsprodukte-fuer-das-dritte-trimester\/#breadcrumb"},"inLanguage":"en-GB","potentialAction":[{"@type":"ReadAction","target":["https:\/\/yourhappybox.ch\/produkt\/schwangerschaftsprodukte-fuer-das-dritte-trimester\/"]}]},{"@type":"ImageObject","inLanguage":"en-GB","@id":"https:\/\/yourhappybox.ch\/produkt\/schwangerschaftsprodukte-fuer-das-dritte-trimester\/#primaryimage","url":"https:\/\/yourhappybox.ch\/wp-content\/uploads\/2022\/10\/annahaerlin0215-rotated.jpg","contentUrl":"https:\/\/yourhappybox.ch\/wp-content\/uploads\/2022\/10\/annahaerlin0215-rotated.jpg","width":1280,"height":1920},{"@type":"BreadcrumbList","@id":"https:\/\/yourhappybox.ch\/produkt\/schwangerschaftsprodukte-fuer-das-dritte-trimester\/#breadcrumb","itemListElement":[{"@type":"ListItem","position":1,"name":"Startseite","item":"https:\/\/yourhappybox.ch\/"},{"@type":"ListItem","position":2,"name":"Shop","item":"https:\/\/yourhappybox.ch\/shop-essenzielle-schwangerschaftsprodukte\/"},{"@type":"ListItem","position":3,"name":"HappyBox#3 \u2013 Endspurt"}]},{"@type":"WebSite","@id":"https:\/\/yourhappybox.ch\/en\/#website","url":"https:\/\/yourhappybox.ch\/en\/","name":"Your\u00adHap\u00adpy\u00adBox","description":"Die Box, die dir Zeit w\u00e4h\u00adrend dei\u00adner Schwan\u00adger\u00adschaft schenkt","potentialAction":[{"@type":"SearchAction","target":{"@type":"EntryPoint","urlTemplate":"https:\/\/yourhappybox.ch\/en\/?s={search_term_string}"},"query-input":{"@type":"PropertyValueSpecification","valueRequired":true,"valueName":"search_term_string"}}],"inLanguage":"en-GB"}]}},"_links":{"self":[{"href":"https:\/\/yourhappybox.ch\/en\/wp-json\/wp\/v2\/product\/29020","targetHints":{"allow":["GET"]}}],"collection":[{"href":"https:\/\/yourhappybox.ch\/en\/wp-json\/wp\/v2\/product"}],"about":[{"href":"https:\/\/yourhappybox.ch\/en\/wp-json\/wp\/v2\/types\/product"}],"replies":[{"embeddable":true,"href":"https:\/\/yourhappybox.ch\/en\/wp-json\/wp\/v2\/comments?post=29020"}],"wp:featuredmedia":[{"embeddable":true,"href":"https:\/\/yourhappybox.ch\/en\/wp-json\/wp\/v2\/media\/30177"}],"wp:attachment":[{"href":"https:\/\/yourhappybox.ch\/en\/wp-json\/wp\/v2\/media?parent=29020"}],"wp:term":[{"taxonomy":"product_brand","embeddable":true,"href":"https:\/\/yourhappybox.ch\/en\/wp-json\/wp\/v2\/product_brand?post=29020"},{"taxonomy":"product_cat","embeddable":true,"href":"https:\/\/yourhappybox.ch\/en\/wp-json\/wp\/v2\/product_cat?post=29020"},{"taxonomy":"product_tag","embeddable":true,"href":"https:\/\/yourhappybox.ch\/en\/wp-json\/wp\/v2\/product_tag?post=29020"}],"curies":[{"name":"wp","href":"https:\/\/api.w.org\/{rel}","templated":true}]}}