{"id":29350,"date":"2022-03-17T10:07:10","date_gmt":"2022-03-17T09:07:10","guid":{"rendered":"https:\/\/yourhappybox.ch\/?post_type=product&#038;p=29350"},"modified":"2025-02-24T10:31:22","modified_gmt":"2025-02-24T09:31:22","slug":"das-perfekt-geschenk-fuer-die-schwangerschaft","status":"publish","type":"product","link":"https:\/\/yourhappybox.ch\/en\/produkt\/das-perfekt-geschenk-fuer-die-schwangerschaft\/","title":{"rendered":"Hap\u00adpy\u00adBox \u2013 Gift\u00adBox du\u00adring pregnancy"},"content":{"rendered":"<div id=\"fws_69e8fae6bd47b\" data-column-margin=\"default\" data-midnight=\"dark\" data-top-percent=\"8%\" data-bottom-percent=\"8%\" class=\"wpb_row vc_row-fluid vc_row full-width-section  top_padding_tablet_16pct bottom_padding_tablet_16pct\" style=\"padding-top: calc(100vw * 0.08); padding-bottom: calc(100vw * 0.08); \"><div class=\"row-bg-wrap\" data-bg-animation=\"none\" data-bg-animation-delay data-bg-overlay=\"false\"><div class=\"inner-wrap row-bg-layer\"><div class=\"row-bg viewport-desktop using-bg-color\" style=\"background-color: #ffffff; \"><\/div><\/div><\/div><div class=\"row_col_wrap_12 col span_12 dark left\">\n\t<div class=\"vc_col-sm-12 wpb_column column_container vc_column_container col no-extra-padding el_spacing_0px inherit_tablet inherit_phone\" data-padding-pos=\"all\" data-has-bg-color=\"false\" data-bg-color data-bg-opacity=\"1\" data-animation data-delay=\"0\">\n\t\t<div class=\"vc_column-inner\">\n\t\t\t<div class=\"wpb_wrapper\">\n\t\t\t\t<div id=\"fws_69e8fae6bdd1f\" data-midnight data-column-margin=\"none\" class=\"wpb_row vc_row-fluid vc_row inner_row vc_row-o-equal-height vc_row-flex vc_row-o-content-bottom bottom_padding_tablet_20px\" style=\"padding-bottom: 30px; \"><div class=\"row-bg-wrap\"> <div class=\"row-bg\"><\/div> <\/div><div class=\"row_col_wrap_12_inner col span_12  left\">\n\t<div class=\"vc_col-sm-6 wpb_column column_container vc_column_container col child_column padding-5-percent el_spacing_5px inherit_tablet inherit_phone\" data-t-w-inherits=\"small_desktop\" data-padding-pos=\"right\" data-has-bg-color=\"false\" data-bg-color data-bg-opacity=\"1\" data-animation data-delay=\"0\">\n\t\t<div class=\"vc_column-inner\">\n\t\t<div class=\"wpb_wrapper\">\n\t\t\t\n<div class=\"wpb_text_column wpb_content_element\">\n\t<div class=\"wpb_wrapper\">\n\t\t<h4>Depending on the chosen size, different products like these are included:<\/h4>\n\t<\/div>\n<\/div>\n\n\n\n\n\t\t<\/div> \n\t<\/div>\n\t<\/div> \n\n\t<div class=\"vc_col-sm-6 vc_hidden-xs wpb_column column_container vc_column_container col child_column no-extra-padding inherit_tablet inherit_phone\" data-t-w-inherits=\"small_desktop\" data-padding-pos=\"all\" data-has-bg-color=\"false\" data-bg-color data-bg-opacity=\"1\" data-animation data-delay=\"0\">\n\t\t<div class=\"vc_column-inner\">\n\t\t<div class=\"wpb_wrapper\">\n\t\t\t\n\t\t<\/div> \n\t<\/div>\n\t<\/div> \n<\/div><\/div><div class=\"nectar-flickity not-initialized nectar-carousel tb-spacing-0\" data-centered-cells=\"false\" data-pause-on-hover data-touch-icon-color=\"dark\" data-control-color=\"extra-color-2\" data-overflow=\"visible\" data-r-bottom-total=\"true\" data-drag-scale data-wrap=\"no-wrap\" data-spacing=\"15px\" data-controls=\"touch_total\" data-pagination-alignment=\"default\" data-adaptive-height data-border-radius=\"none\" data-column-border data-column-padding=\"0\" data-format=\"default\" data-autoplay data-autoplay-dur=\"5000\" data-control-style=\"material_pagination\" data-desktop-columns=\"4\" data-small-desktop-columns=\"3\" data-tablet-columns=\"2\" data-phone-columns=\"1\" data-column-color><div class=\"flickity-viewport\"> <div class=\"flickity-slider\"><div class=\"cell\"><div class=\"inner-wrap-outer\"><div class=\"inner-wrap\"><div class=\"nectar-fancy-box nectar-underline using-img  has-animation content-color-000000 aspect-4-5\" data-style=\"image_above_text_underline\" data-border-radius=\"default\" data-animation=\"fade-in-from-right\" data-delay=\"0\" data-alignment=\"left\"><div class=\"image-wrap\"><div class=\"box-bg\" role=\"presentation\" style=\"background-image: url('https:\/\/yourhappybox.ch\/wp-content\/uploads\/2021\/11\/064-210102-yourhappybox-studio-session_DSF4347-819x1024.jpg'); \"><\/div><\/div>\n\t\t<div class=\"text\">\n<h4>Belly Mask<\/h4>\n<\/div> \n\t\t<\/div><\/div><\/div><\/div><div class=\"cell\"><div class=\"inner-wrap-outer\"><div class=\"inner-wrap\"><div class=\"nectar-fancy-box nectar-underline using-img  has-animation content-color-000000 aspect-4-5\" data-style=\"image_above_text_underline\" data-border-radius=\"default\" data-animation=\"fade-in-from-right\" data-delay=\"0\" data-alignment=\"left\"><div class=\"image-wrap\"><div class=\"box-bg\" role=\"presentation\" style=\"background-image: url('https:\/\/yourhappybox.ch\/wp-content\/uploads\/2021\/11\/038-210102-yourhappybox-studio-session_DSF4321-819x1024.jpg'); \"><\/div><\/div>\n\t\t<div class=\"text\">\n<h4><a href=\"https:\/\/yourhappybox.ch\/en\/product-2\/bio-schwangerschaftstee-zweites-trimester\/\">Organic tea for the respective trimester<\/a><\/h4>\n<\/div> \n\t\t<\/div><\/div><\/div><\/div><div class=\"cell\"><div class=\"inner-wrap-outer\"><div class=\"inner-wrap\"><div class=\"nectar-fancy-box nectar-underline using-img  aspect-4-5\" data-style=\"image_above_text_underline\" data-border-radius=\"default\" data-animation data-delay data-alignment=\"left\"><div class=\"image-wrap\"><div class=\"box-bg\" role=\"presentation\" style=\"background-image: url('https:\/\/yourhappybox.ch\/wp-content\/uploads\/2021\/11\/055-210102-yourhappybox-studio-session_DSF4338-819x1024.jpg'); \"><\/div><\/div>\n\t\t<div class=\"text\">\n<h4>Supporting Belt<\/h4>\n<\/div> \n\t\t<\/div><\/div><\/div><\/div><div class=\"cell\"><div class=\"inner-wrap-outer\"><div class=\"inner-wrap\"><div class=\"nectar-fancy-box nectar-underline using-img  has-animation content-color-000000 aspect-4-5\" data-style=\"image_above_text_underline\" data-border-radius=\"default\" data-animation=\"fade-in-from-right\" data-delay=\"0\" data-alignment=\"left\"><div class=\"image-wrap\"><div class=\"box-bg\" role=\"presentation\" style=\"background-image: url('https:\/\/yourhappybox.ch\/wp-content\/uploads\/2021\/11\/082-210102-yourhappybox-studio-session_DSF4365-819x1024.jpg'); \"><\/div><\/div>\n\t\t<div class=\"text\">\n<h4>Chocolate<\/h4>\n<\/div> \n\t\t<\/div><\/div><\/div><\/div><div class=\"cell\"><div class=\"inner-wrap-outer\"><div class=\"inner-wrap\"><div class=\"nectar-fancy-box nectar-underline using-img  has-animation content-color-000000 aspect-4-5\" data-style=\"image_above_text_underline\" data-border-radius=\"default\" data-animation=\"fade-in-from-right\" data-delay=\"0\" data-alignment=\"left\"><div class=\"image-wrap\"><div class=\"box-bg\" role=\"presentation\" style=\"background-image: url('https:\/\/yourhappybox.ch\/wp-content\/uploads\/2021\/02\/051-210102-yourhappybox-studio-session_DSF4334-819x1024.jpg'); \"><\/div><\/div>\n\t\t<div class=\"text\">\n<h4><a href=\"https:\/\/yourhappybox.ch\/en\/product-2\/schwangerschaftsstreifenoel\/\">Strech mark&nbsp;oil<\/a><\/h4>\n<\/div> \n\t\t<\/div><\/div><\/div><\/div><\/div><\/div><\/div>\n\t\t\t<\/div> \n\t\t<\/div>\n\t<\/div> \n<\/div><\/div>","protected":false},"excerpt":{"rendered":"<h5>The perfect gift for a pregnancy is not difficult at&nbsp;all<\/h5>\n<p>Are you loo\u00adking for a gift for your pregnant daughter\/girlfriend\/ col\u00adle\u00adague or wife? Or you want to treat yours\u00adelf to a little so\u00adme\u00adthing. Then you\u2019ve come to the right place. We are happy to put tog\u00ade\u00adther an in\u00addi\u00advi\u00addual Gift\u00adBox in th\u00adree dif\u00adfe\u00adrent si\u00adzes, ac\u00adcor\u00addin\u00adgly to your bud\u00adget. As al\u00adways, the pro\u00adducts are sel\u00adec\u00adted with a fo\u00adcus on qua\u00adlity and sustainability.<\/p>\n<h5>Organic pregnancy tea is a must-have<\/h5>\n<p>All bo\u00adxes will be equip\u00adped with our great or\u00adga\u00adnic pregnancy tea from <a href=\"https:\/\/yourhappybox.ch\/en\/die-sind-drin\/\">teewerk.ch<\/a>. Eit\u00adher for the cor\u00adre\u00adspon\u00adding tri\u00admes\u00adter or if this is unknown one that can be en\u00adjoyed th\u00adroug\u00adhout the en\u00adtire pregnancy.<\/p>\n<h5>Let us know your favorites<\/h5>\n<p>If you have any fa\u00advo\u00adri\u00adtes re\u00adgar\u00adding the con\u00adtent, please add them in the comm\u00adents sec\u00adtion at check-out and we will try to ac\u00adcom\u00admo\u00addate them as best we can wi\u00adthin the budget.<\/p>","protected":false},"featured_media":30163,"comment_status":"open","ping_status":"closed","template":"","meta":{"wp_typography_post_enhancements_disabled":false},"product_brand":[],"product_cat":[42],"product_tag":[],"class_list":{"0":"post-29350","1":"product","2":"type-product","3":"status-publish","4":"has-post-thumbnail","6":"product_cat-box5","8":"first","9":"instock","10":"taxable","11":"shipping-taxable","12":"purchasable","13":"product-type-variable"},"yoast_head":"<!-- This site is optimized with the Yoast SEO plugin v27.3 - https:\/\/yoast.com\/product\/yoast-seo-wordpress\/ -->\n<title>Perfekte Geschenkbox f\u00fcr die Schwangerschaft | Your Happy Box<\/title>\n<meta name=\"description\" content=\"Wir bieten die passenden Produkte mit Fokus auf Qualit\u00e4t und Nachhaltigkeit, sch\u00f6n verpackt, die ein perfektes Geschenk zur Schwangerschaft sind.\" \/>\n<meta name=\"robots\" content=\"index, follow, max-snippet:-1, max-image-preview:large, max-video-preview:-1\" \/>\n<link rel=\"canonical\" href=\"https:\/\/yourhappybox.ch\/en\/product-2\/das-perfekt-geschenk-fuer-die-schwangerschaft\/\" \/>\n<meta property=\"og:locale\" content=\"en_GB\" \/>\n<meta property=\"og:type\" content=\"article\" \/>\n<meta property=\"og:title\" content=\"Perfekte Geschenkbox f\u00fcr die Schwangerschaft | Your Happy Box\" \/>\n<meta property=\"og:description\" content=\"Wir bieten die passenden Produkte mit Fokus auf Qualit\u00e4t und Nachhaltigkeit, sch\u00f6n verpackt, die ein perfektes Geschenk zur Schwangerschaft sind.\" \/>\n<meta property=\"og:url\" content=\"https:\/\/yourhappybox.ch\/en\/product-2\/das-perfekt-geschenk-fuer-die-schwangerschaft\/\" \/>\n<meta property=\"og:site_name\" content=\"YourHappyBox\" \/>\n<meta property=\"article:modified_time\" content=\"2025-02-24T09:31:22+00:00\" \/>\n<meta property=\"og:image\" content=\"https:\/\/yourhappybox.ch\/wp-content\/uploads\/2022\/10\/Large-and-small-box-foto-2-rotated.jpg\" \/>\n\t<meta property=\"og:image:width\" content=\"1280\" \/>\n\t<meta property=\"og:image:height\" content=\"1920\" \/>\n\t<meta property=\"og:image:type\" content=\"image\/jpeg\" \/>\n<meta name=\"twitter:card\" content=\"summary_large_image\" \/>\n<meta name=\"twitter:label1\" content=\"Estimated reading time\" \/>\n\t<meta name=\"twitter:data1\" content=\"2 minutes\" \/>\n<script type=\"application\/ld+json\" class=\"yoast-schema-graph\">{\"@context\":\"https:\\\/\\\/schema.org\",\"@graph\":[{\"@type\":\"WebPage\",\"@id\":\"https:\\\/\\\/yourhappybox.ch\\\/produkt\\\/das-perfekt-geschenk-fuer-die-schwangerschaft\\\/\",\"url\":\"https:\\\/\\\/yourhappybox.ch\\\/produkt\\\/das-perfekt-geschenk-fuer-die-schwangerschaft\\\/\",\"name\":\"Perfekte Geschenkbox f\u00fcr die Schwangerschaft | Your Happy Box\",\"isPartOf\":{\"@id\":\"https:\\\/\\\/yourhappybox.ch\\\/en\\\/#website\"},\"primaryImageOfPage\":{\"@id\":\"https:\\\/\\\/yourhappybox.ch\\\/produkt\\\/das-perfekt-geschenk-fuer-die-schwangerschaft\\\/#primaryimage\"},\"image\":{\"@id\":\"https:\\\/\\\/yourhappybox.ch\\\/produkt\\\/das-perfekt-geschenk-fuer-die-schwangerschaft\\\/#primaryimage\"},\"thumbnailUrl\":\"https:\\\/\\\/yourhappybox.ch\\\/wp-content\\\/uploads\\\/2022\\\/10\\\/Large-and-small-box-foto-2-rotated.jpg\",\"datePublished\":\"2022-03-17T09:07:10+00:00\",\"dateModified\":\"2025-02-24T09:31:22+00:00\",\"description\":\"Wir bieten die passenden Produkte mit Fokus auf Qualit\u00e4t und Nachhaltigkeit, sch\u00f6n verpackt, die ein perfektes Geschenk zur Schwangerschaft sind.\",\"breadcrumb\":{\"@id\":\"https:\\\/\\\/yourhappybox.ch\\\/produkt\\\/das-perfekt-geschenk-fuer-die-schwangerschaft\\\/#breadcrumb\"},\"inLanguage\":\"en-GB\",\"potentialAction\":[{\"@type\":\"ReadAction\",\"target\":[\"https:\\\/\\\/yourhappybox.ch\\\/produkt\\\/das-perfekt-geschenk-fuer-die-schwangerschaft\\\/\"]}]},{\"@type\":\"ImageObject\",\"inLanguage\":\"en-GB\",\"@id\":\"https:\\\/\\\/yourhappybox.ch\\\/produkt\\\/das-perfekt-geschenk-fuer-die-schwangerschaft\\\/#primaryimage\",\"url\":\"https:\\\/\\\/yourhappybox.ch\\\/wp-content\\\/uploads\\\/2022\\\/10\\\/Large-and-small-box-foto-2-rotated.jpg\",\"contentUrl\":\"https:\\\/\\\/yourhappybox.ch\\\/wp-content\\\/uploads\\\/2022\\\/10\\\/Large-and-small-box-foto-2-rotated.jpg\",\"width\":1280,\"height\":1920},{\"@type\":\"BreadcrumbList\",\"@id\":\"https:\\\/\\\/yourhappybox.ch\\\/produkt\\\/das-perfekt-geschenk-fuer-die-schwangerschaft\\\/#breadcrumb\",\"itemListElement\":[{\"@type\":\"ListItem\",\"position\":1,\"name\":\"Startseite\",\"item\":\"https:\\\/\\\/yourhappybox.ch\\\/\"},{\"@type\":\"ListItem\",\"position\":2,\"name\":\"Shop\",\"item\":\"https:\\\/\\\/yourhappybox.ch\\\/shop-essenzielle-schwangerschaftsprodukte\\\/\"},{\"@type\":\"ListItem\",\"position\":3,\"name\":\"HappyBox \u2013 GeschenkBox w\u00e4hrend der Schwangerschaft\"}]},{\"@type\":\"WebSite\",\"@id\":\"https:\\\/\\\/yourhappybox.ch\\\/en\\\/#website\",\"url\":\"https:\\\/\\\/yourhappybox.ch\\\/en\\\/\",\"name\":\"YourHappyBox\",\"description\":\"Die Box, die dir Zeit w\u00e4hrend deiner Schwangerschaft schenkt\",\"potentialAction\":[{\"@type\":\"SearchAction\",\"target\":{\"@type\":\"EntryPoint\",\"urlTemplate\":\"https:\\\/\\\/yourhappybox.ch\\\/en\\\/?s={search_term_string}\"},\"query-input\":{\"@type\":\"PropertyValueSpecification\",\"valueRequired\":true,\"valueName\":\"search_term_string\"}}],\"inLanguage\":\"en-GB\"}]}<\/script>\n<!-- \/ Yoast SEO plugin. -->","yoast_head_json":{"title":"Per\u00adfekte Ge\u00adschenk\u00adbox f\u00fcr die Schwan\u00adger\u00adschaft | Your Happy&nbsp;Box","description":"Wir bie\u00adten die pas\u00adsen\u00adden Pro\u00addukte mit Fo\u00adkus auf Qua\u00adli\u00adt\u00e4t und Nach\u00adhal\u00adtig\u00adkeit, sch\u00f6n ver\u00adpackt, die ein per\u00adfek\u00adtes Ge\u00adschenk zur Schwan\u00adger\u00adschaft sind.","robots":{"index":"index","follow":"follow","max-snippet":"max-snippet:-1","max-image-preview":"max-image-preview:large","max-video-preview":"max-video-preview:-1"},"canonical":"https:\/\/yourhappybox.ch\/en\/product-2\/das-perfekt-geschenk-fuer-die-schwangerschaft\/","og_locale":"en_GB","og_type":"article","og_title":"Perfekte Geschenkbox f\u00fcr die Schwangerschaft | Your Happy Box","og_description":"Wir bieten die passenden Produkte mit Fokus auf Qualit\u00e4t und Nachhaltigkeit, sch\u00f6n verpackt, die ein perfektes Geschenk zur Schwangerschaft sind.","og_url":"https:\/\/yourhappybox.ch\/en\/product-2\/das-perfekt-geschenk-fuer-die-schwangerschaft\/","og_site_name":"YourHappyBox","article_modified_time":"2025-02-24T09:31:22+00:00","og_image":[{"width":1280,"height":1920,"url":"https:\/\/yourhappybox.ch\/wp-content\/uploads\/2022\/10\/Large-and-small-box-foto-2-rotated.jpg","type":"image\/jpeg"}],"twitter_card":"summary_large_image","twitter_misc":{"Estimated reading time":"2 minutes"},"schema":{"@context":"https:\/\/schema.org","@graph":[{"@type":"WebPage","@id":"https:\/\/yourhappybox.ch\/produkt\/das-perfekt-geschenk-fuer-die-schwangerschaft\/","url":"https:\/\/yourhappybox.ch\/produkt\/das-perfekt-geschenk-fuer-die-schwangerschaft\/","name":"Per\u00adfekte Ge\u00adschenk\u00adbox f\u00fcr die Schwan\u00adger\u00adschaft | Your Happy&nbsp;Box","isPartOf":{"@id":"https:\/\/yourhappybox.ch\/en\/#website"},"primaryImageOfPage":{"@id":"https:\/\/yourhappybox.ch\/produkt\/das-perfekt-geschenk-fuer-die-schwangerschaft\/#primaryimage"},"image":{"@id":"https:\/\/yourhappybox.ch\/produkt\/das-perfekt-geschenk-fuer-die-schwangerschaft\/#primaryimage"},"thumbnailUrl":"https:\/\/yourhappybox.ch\/wp-content\/uploads\/2022\/10\/Large-and-small-box-foto-2-rotated.jpg","datePublished":"2022-03-17T09:07:10+00:00","dateModified":"2025-02-24T09:31:22+00:00","description":"Wir bie\u00adten die pas\u00adsen\u00adden Pro\u00addukte mit Fo\u00adkus auf Qua\u00adli\u00adt\u00e4t und Nach\u00adhal\u00adtig\u00adkeit, sch\u00f6n ver\u00adpackt, die ein per\u00adfek\u00adtes Ge\u00adschenk zur Schwan\u00adger\u00adschaft sind.","breadcrumb":{"@id":"https:\/\/yourhappybox.ch\/produkt\/das-perfekt-geschenk-fuer-die-schwangerschaft\/#breadcrumb"},"inLanguage":"en-GB","potentialAction":[{"@type":"ReadAction","target":["https:\/\/yourhappybox.ch\/produkt\/das-perfekt-geschenk-fuer-die-schwangerschaft\/"]}]},{"@type":"ImageObject","inLanguage":"en-GB","@id":"https:\/\/yourhappybox.ch\/produkt\/das-perfekt-geschenk-fuer-die-schwangerschaft\/#primaryimage","url":"https:\/\/yourhappybox.ch\/wp-content\/uploads\/2022\/10\/Large-and-small-box-foto-2-rotated.jpg","contentUrl":"https:\/\/yourhappybox.ch\/wp-content\/uploads\/2022\/10\/Large-and-small-box-foto-2-rotated.jpg","width":1280,"height":1920},{"@type":"BreadcrumbList","@id":"https:\/\/yourhappybox.ch\/produkt\/das-perfekt-geschenk-fuer-die-schwangerschaft\/#breadcrumb","itemListElement":[{"@type":"ListItem","position":1,"name":"Startseite","item":"https:\/\/yourhappybox.ch\/"},{"@type":"ListItem","position":2,"name":"Shop","item":"https:\/\/yourhappybox.ch\/shop-essenzielle-schwangerschaftsprodukte\/"},{"@type":"ListItem","position":3,"name":"HappyBox \u2013 GeschenkBox w\u00e4hrend der Schwangerschaft"}]},{"@type":"WebSite","@id":"https:\/\/yourhappybox.ch\/en\/#website","url":"https:\/\/yourhappybox.ch\/en\/","name":"Your\u00adHap\u00adpy\u00adBox","description":"Die Box, die dir Zeit w\u00e4h\u00adrend dei\u00adner Schwan\u00adger\u00adschaft schenkt","potentialAction":[{"@type":"SearchAction","target":{"@type":"EntryPoint","urlTemplate":"https:\/\/yourhappybox.ch\/en\/?s={search_term_string}"},"query-input":{"@type":"PropertyValueSpecification","valueRequired":true,"valueName":"search_term_string"}}],"inLanguage":"en-GB"}]}},"_links":{"self":[{"href":"https:\/\/yourhappybox.ch\/en\/wp-json\/wp\/v2\/product\/29350","targetHints":{"allow":["GET"]}}],"collection":[{"href":"https:\/\/yourhappybox.ch\/en\/wp-json\/wp\/v2\/product"}],"about":[{"href":"https:\/\/yourhappybox.ch\/en\/wp-json\/wp\/v2\/types\/product"}],"replies":[{"embeddable":true,"href":"https:\/\/yourhappybox.ch\/en\/wp-json\/wp\/v2\/comments?post=29350"}],"wp:featuredmedia":[{"embeddable":true,"href":"https:\/\/yourhappybox.ch\/en\/wp-json\/wp\/v2\/media\/30163"}],"wp:attachment":[{"href":"https:\/\/yourhappybox.ch\/en\/wp-json\/wp\/v2\/media?parent=29350"}],"wp:term":[{"taxonomy":"product_brand","embeddable":true,"href":"https:\/\/yourhappybox.ch\/en\/wp-json\/wp\/v2\/product_brand?post=29350"},{"taxonomy":"product_cat","embeddable":true,"href":"https:\/\/yourhappybox.ch\/en\/wp-json\/wp\/v2\/product_cat?post=29350"},{"taxonomy":"product_tag","embeddable":true,"href":"https:\/\/yourhappybox.ch\/en\/wp-json\/wp\/v2\/product_tag?post=29350"}],"curies":[{"name":"wp","href":"https:\/\/api.w.org\/{rel}","templated":true}]}}