{"id":29450,"date":"2022-03-21T22:23:38","date_gmt":"2022-03-21T21:23:38","guid":{"rendered":"https:\/\/yourhappybox.ch\/?post_type=product&#038;p=29450"},"modified":"2022-07-04T11:51:35","modified_gmt":"2022-07-04T09:51:35","slug":"bio-mandeloel-75ml","status":"publish","type":"product","link":"https:\/\/yourhappybox.ch\/en\/produkt\/bio-mandeloel-75ml\/","title":{"rendered":"Or\u00adga\u00adnic al\u00admond oil&nbsp;75ml"},"content":{"rendered":"<p>In ad\u00addi\u00adtion to baby care, the or\u00adga\u00adnic al\u00admond oil is ex\u00adcel\u00adlent for baby massage.<\/p>","protected":false},"excerpt":{"rendered":"<p>The pam\u00adpe\u00adring or\u00adga\u00adnic al\u00admond oil is per\u00adfect for the first baby care! With its mois\u00adtu\u00adri\u00adzing and pro\u00adtec\u00adtive in\u00adgre\u00addi\u00adents such as vit\u00adamin B and lin\u00ado\u00adleic acid, as well as the ra\u00addi\u00adcal sca\u00adven\u00adger vit\u00adamin E, it helps to re\u00adba\u00adlance the skin. You can use for all \u2014 face and body. It is ideal for baby and children\u2019s skin.<\/p>","protected":false},"featured_media":29090,"comment_status":"open","ping_status":"closed","template":"","meta":{"wp_typography_post_enhancements_disabled":false},"product_brand":[],"product_cat":[47],"product_tag":[],"class_list":{"0":"post-29450","1":"product","2":"type-product","3":"status-publish","4":"has-post-thumbnail","6":"product_cat-oel-refill","8":"first","9":"instock","10":"taxable","11":"shipping-taxable","12":"purchasable","13":"product-type-simple"},"yoast_head":"<!-- This site is optimized with the Yoast SEO plugin v27.3 - https:\/\/yoast.com\/product\/yoast-seo-wordpress\/ -->\n<title>Bio-Mandel\u00f6l 75ml - YourHappyBox<\/title>\n<meta name=\"description\" content=\"Babypflege ben\u00f6tigt zun\u00e4chst nicht sehr viel. Dieses hochwertige Bio-Mandel\u00f6l ist ausreichend als erste Babypflege f\u00fcr Gesicht und K\u00f6rper.\" \/>\n<meta name=\"robots\" content=\"index, follow, max-snippet:-1, max-image-preview:large, max-video-preview:-1\" \/>\n<link rel=\"canonical\" href=\"https:\/\/yourhappybox.ch\/en\/product-2\/bio-mandeloel-75ml\/\" \/>\n<meta property=\"og:locale\" content=\"en_GB\" \/>\n<meta property=\"og:type\" content=\"article\" \/>\n<meta property=\"og:title\" content=\"Bio-Mandel\u00f6l 75ml - YourHappyBox\" \/>\n<meta property=\"og:description\" content=\"Babypflege ben\u00f6tigt zun\u00e4chst nicht sehr viel. Dieses hochwertige Bio-Mandel\u00f6l ist ausreichend als erste Babypflege f\u00fcr Gesicht und K\u00f6rper.\" \/>\n<meta property=\"og:url\" content=\"https:\/\/yourhappybox.ch\/en\/product-2\/bio-mandeloel-75ml\/\" \/>\n<meta property=\"og:site_name\" content=\"YourHappyBox\" \/>\n<meta property=\"article:modified_time\" content=\"2022-07-04T09:51:35+00:00\" \/>\n<meta property=\"og:image\" content=\"https:\/\/yourhappybox.ch\/wp-content\/uploads\/2021\/11\/048-210102-yourhappybox-studio-session_DSF4331.jpg\" \/>\n\t<meta property=\"og:image:width\" content=\"1600\" \/>\n\t<meta property=\"og:image:height\" content=\"2000\" \/>\n\t<meta property=\"og:image:type\" content=\"image\/jpeg\" \/>\n<meta name=\"twitter:card\" content=\"summary_large_image\" \/>\n<meta name=\"twitter:label1\" content=\"Estimated reading time\" \/>\n\t<meta name=\"twitter:data1\" content=\"1 minute\" \/>\n<script type=\"application\/ld+json\" class=\"yoast-schema-graph\">{\"@context\":\"https:\\\/\\\/schema.org\",\"@graph\":[{\"@type\":\"WebPage\",\"@id\":\"https:\\\/\\\/yourhappybox.ch\\\/produkt\\\/bio-mandeloel-75ml\\\/\",\"url\":\"https:\\\/\\\/yourhappybox.ch\\\/produkt\\\/bio-mandeloel-75ml\\\/\",\"name\":\"Bio-Mandel\u00f6l 75ml - YourHappyBox\",\"isPartOf\":{\"@id\":\"https:\\\/\\\/yourhappybox.ch\\\/en\\\/#website\"},\"primaryImageOfPage\":{\"@id\":\"https:\\\/\\\/yourhappybox.ch\\\/produkt\\\/bio-mandeloel-75ml\\\/#primaryimage\"},\"image\":{\"@id\":\"https:\\\/\\\/yourhappybox.ch\\\/produkt\\\/bio-mandeloel-75ml\\\/#primaryimage\"},\"thumbnailUrl\":\"https:\\\/\\\/yourhappybox.ch\\\/wp-content\\\/uploads\\\/2021\\\/11\\\/048-210102-yourhappybox-studio-session_DSF4331.jpg\",\"datePublished\":\"2022-03-21T21:23:38+00:00\",\"dateModified\":\"2022-07-04T09:51:35+00:00\",\"description\":\"Babypflege ben\u00f6tigt zun\u00e4chst nicht sehr viel. Dieses hochwertige Bio-Mandel\u00f6l ist ausreichend als erste Babypflege f\u00fcr Gesicht und K\u00f6rper.\",\"breadcrumb\":{\"@id\":\"https:\\\/\\\/yourhappybox.ch\\\/produkt\\\/bio-mandeloel-75ml\\\/#breadcrumb\"},\"inLanguage\":\"en-GB\",\"potentialAction\":[{\"@type\":\"ReadAction\",\"target\":[\"https:\\\/\\\/yourhappybox.ch\\\/produkt\\\/bio-mandeloel-75ml\\\/\"]}]},{\"@type\":\"ImageObject\",\"inLanguage\":\"en-GB\",\"@id\":\"https:\\\/\\\/yourhappybox.ch\\\/produkt\\\/bio-mandeloel-75ml\\\/#primaryimage\",\"url\":\"https:\\\/\\\/yourhappybox.ch\\\/wp-content\\\/uploads\\\/2021\\\/11\\\/048-210102-yourhappybox-studio-session_DSF4331.jpg\",\"contentUrl\":\"https:\\\/\\\/yourhappybox.ch\\\/wp-content\\\/uploads\\\/2021\\\/11\\\/048-210102-yourhappybox-studio-session_DSF4331.jpg\",\"width\":1600,\"height\":2000,\"caption\":\"Bio Mandel\u00f6l als erste Babypflege\"},{\"@type\":\"BreadcrumbList\",\"@id\":\"https:\\\/\\\/yourhappybox.ch\\\/produkt\\\/bio-mandeloel-75ml\\\/#breadcrumb\",\"itemListElement\":[{\"@type\":\"ListItem\",\"position\":1,\"name\":\"Startseite\",\"item\":\"https:\\\/\\\/yourhappybox.ch\\\/\"},{\"@type\":\"ListItem\",\"position\":2,\"name\":\"Shop\",\"item\":\"https:\\\/\\\/yourhappybox.ch\\\/shop-essenzielle-schwangerschaftsprodukte\\\/\"},{\"@type\":\"ListItem\",\"position\":3,\"name\":\"Bio-Mandel\u00f6l 75ml\"}]},{\"@type\":\"WebSite\",\"@id\":\"https:\\\/\\\/yourhappybox.ch\\\/en\\\/#website\",\"url\":\"https:\\\/\\\/yourhappybox.ch\\\/en\\\/\",\"name\":\"YourHappyBox\",\"description\":\"Die Box, die dir Zeit w\u00e4hrend deiner Schwangerschaft schenkt\",\"potentialAction\":[{\"@type\":\"SearchAction\",\"target\":{\"@type\":\"EntryPoint\",\"urlTemplate\":\"https:\\\/\\\/yourhappybox.ch\\\/en\\\/?s={search_term_string}\"},\"query-input\":{\"@type\":\"PropertyValueSpecification\",\"valueRequired\":true,\"valueName\":\"search_term_string\"}}],\"inLanguage\":\"en-GB\"}]}<\/script>\n<!-- \/ Yoast SEO plugin. -->","yoast_head_json":{"title":"Bio-Man\u00addel\u00f6l 75ml \u2014 YourHappyBox","description":"Ba\u00adby\u00adpflege be\u00adn\u00f6\u00adtigt zu\u00adn\u00e4chst nicht sehr viel. Die\u00adses hoch\u00adwer\u00adtige Bio-Man\u00addel\u00f6l ist aus\u00adrei\u00adchend als erste Ba\u00adby\u00adpflege f\u00fcr Ge\u00adsicht und K\u00f6rper.","robots":{"index":"index","follow":"follow","max-snippet":"max-snippet:-1","max-image-preview":"max-image-preview:large","max-video-preview":"max-video-preview:-1"},"canonical":"https:\/\/yourhappybox.ch\/en\/product-2\/bio-mandeloel-75ml\/","og_locale":"en_GB","og_type":"article","og_title":"Bio-Mandel\u00f6l 75ml - YourHappyBox","og_description":"Babypflege ben\u00f6tigt zun\u00e4chst nicht sehr viel. Dieses hochwertige Bio-Mandel\u00f6l ist ausreichend als erste Babypflege f\u00fcr Gesicht und K\u00f6rper.","og_url":"https:\/\/yourhappybox.ch\/en\/product-2\/bio-mandeloel-75ml\/","og_site_name":"YourHappyBox","article_modified_time":"2022-07-04T09:51:35+00:00","og_image":[{"width":1600,"height":2000,"url":"https:\/\/yourhappybox.ch\/wp-content\/uploads\/2021\/11\/048-210102-yourhappybox-studio-session_DSF4331.jpg","type":"image\/jpeg"}],"twitter_card":"summary_large_image","twitter_misc":{"Estimated reading time":"1 minute"},"schema":{"@context":"https:\/\/schema.org","@graph":[{"@type":"WebPage","@id":"https:\/\/yourhappybox.ch\/produkt\/bio-mandeloel-75ml\/","url":"https:\/\/yourhappybox.ch\/produkt\/bio-mandeloel-75ml\/","name":"Bio-Man\u00addel\u00f6l 75ml \u2014 YourHappyBox","isPartOf":{"@id":"https:\/\/yourhappybox.ch\/en\/#website"},"primaryImageOfPage":{"@id":"https:\/\/yourhappybox.ch\/produkt\/bio-mandeloel-75ml\/#primaryimage"},"image":{"@id":"https:\/\/yourhappybox.ch\/produkt\/bio-mandeloel-75ml\/#primaryimage"},"thumbnailUrl":"https:\/\/yourhappybox.ch\/wp-content\/uploads\/2021\/11\/048-210102-yourhappybox-studio-session_DSF4331.jpg","datePublished":"2022-03-21T21:23:38+00:00","dateModified":"2022-07-04T09:51:35+00:00","description":"Ba\u00adby\u00adpflege be\u00adn\u00f6\u00adtigt zu\u00adn\u00e4chst nicht sehr viel. Die\u00adses hoch\u00adwer\u00adtige Bio-Man\u00addel\u00f6l ist aus\u00adrei\u00adchend als erste Ba\u00adby\u00adpflege f\u00fcr Ge\u00adsicht und K\u00f6rper.","breadcrumb":{"@id":"https:\/\/yourhappybox.ch\/produkt\/bio-mandeloel-75ml\/#breadcrumb"},"inLanguage":"en-GB","potentialAction":[{"@type":"ReadAction","target":["https:\/\/yourhappybox.ch\/produkt\/bio-mandeloel-75ml\/"]}]},{"@type":"ImageObject","inLanguage":"en-GB","@id":"https:\/\/yourhappybox.ch\/produkt\/bio-mandeloel-75ml\/#primaryimage","url":"https:\/\/yourhappybox.ch\/wp-content\/uploads\/2021\/11\/048-210102-yourhappybox-studio-session_DSF4331.jpg","contentUrl":"https:\/\/yourhappybox.ch\/wp-content\/uploads\/2021\/11\/048-210102-yourhappybox-studio-session_DSF4331.jpg","width":1600,"height":2000,"caption":"Bio Mandel\u00f6l als erste Babypflege"},{"@type":"BreadcrumbList","@id":"https:\/\/yourhappybox.ch\/produkt\/bio-mandeloel-75ml\/#breadcrumb","itemListElement":[{"@type":"ListItem","position":1,"name":"Startseite","item":"https:\/\/yourhappybox.ch\/"},{"@type":"ListItem","position":2,"name":"Shop","item":"https:\/\/yourhappybox.ch\/shop-essenzielle-schwangerschaftsprodukte\/"},{"@type":"ListItem","position":3,"name":"Bio-Mandel\u00f6l 75ml"}]},{"@type":"WebSite","@id":"https:\/\/yourhappybox.ch\/en\/#website","url":"https:\/\/yourhappybox.ch\/en\/","name":"Your\u00adHap\u00adpy\u00adBox","description":"Die Box, die dir Zeit w\u00e4h\u00adrend dei\u00adner Schwan\u00adger\u00adschaft schenkt","potentialAction":[{"@type":"SearchAction","target":{"@type":"EntryPoint","urlTemplate":"https:\/\/yourhappybox.ch\/en\/?s={search_term_string}"},"query-input":{"@type":"PropertyValueSpecification","valueRequired":true,"valueName":"search_term_string"}}],"inLanguage":"en-GB"}]}},"_links":{"self":[{"href":"https:\/\/yourhappybox.ch\/en\/wp-json\/wp\/v2\/product\/29450","targetHints":{"allow":["GET"]}}],"collection":[{"href":"https:\/\/yourhappybox.ch\/en\/wp-json\/wp\/v2\/product"}],"about":[{"href":"https:\/\/yourhappybox.ch\/en\/wp-json\/wp\/v2\/types\/product"}],"replies":[{"embeddable":true,"href":"https:\/\/yourhappybox.ch\/en\/wp-json\/wp\/v2\/comments?post=29450"}],"wp:featuredmedia":[{"embeddable":true,"href":"https:\/\/yourhappybox.ch\/en\/wp-json\/wp\/v2\/media\/29090"}],"wp:attachment":[{"href":"https:\/\/yourhappybox.ch\/en\/wp-json\/wp\/v2\/media?parent=29450"}],"wp:term":[{"taxonomy":"product_brand","embeddable":true,"href":"https:\/\/yourhappybox.ch\/en\/wp-json\/wp\/v2\/product_brand?post=29450"},{"taxonomy":"product_cat","embeddable":true,"href":"https:\/\/yourhappybox.ch\/en\/wp-json\/wp\/v2\/product_cat?post=29450"},{"taxonomy":"product_tag","embeddable":true,"href":"https:\/\/yourhappybox.ch\/en\/wp-json\/wp\/v2\/product_tag?post=29450"}],"curies":[{"name":"wp","href":"https:\/\/api.w.org\/{rel}","templated":true}]}}