{"id":29457,"date":"2022-03-22T08:06:20","date_gmt":"2022-03-22T07:06:20","guid":{"rendered":"https:\/\/yourhappybox.ch\/?post_type=product&#038;p=29457"},"modified":"2022-03-22T08:13:41","modified_gmt":"2022-03-22T07:13:41","slug":"burgerstein-omega-3","status":"publish","type":"product","link":"https:\/\/yourhappybox.ch\/en\/produkt\/burgerstein-omega-3\/","title":{"rendered":"Bur\u00adger\u00adstein \u2013 Omega\u20113 DHA"},"content":{"rendered":"<p>Ver\u00adzehrs\u00ademp\u00adfeh\u00adlung: 2 Ta\u00adblet\u00adten mit et\u00adwas Fl\u00fcs\u00adsig\u00adkeit w\u00e4h\u00adrend ei\u00adner Mahl\u00adzeit einnehmen.<\/p>","protected":false},"excerpt":{"rendered":"<p>An ade\u00adquate sup\u00adply of omega\u20113 DHA con\u00adtri\u00adbu\u00adtes to the main\u00adten\u00adance of nor\u00admal brain func\u00adtion and vi\u00adsion in adults. The mo\u00adther ther\u00adeby pro\u00admo\u00adtes the de\u00adve\u00adlo\u00adp\u00adment of vi\u00adsion in the fe\u00adtus and breast\u00adfed in\u00adfant. It con\u00adta\u00adins highly con\u00adcen\u00adtra\u00adted omega\u20113 fatty acids which are ob\u00adtai\u00adned from pure fish oil, are well to\u00adle\u00adra\u00adted and can be ta\u00adken long-term.<\/p>","protected":false},"featured_media":28967,"comment_status":"open","ping_status":"closed","template":"","meta":{"wp_typography_post_enhancements_disabled":false},"product_brand":[],"product_cat":[48],"product_tag":[],"class_list":{"0":"post-29457","1":"product","2":"type-product","3":"status-publish","4":"has-post-thumbnail","6":"product_cat-sonstiges-refill","8":"first","9":"instock","10":"taxable","11":"shipping-taxable","12":"purchasable","13":"product-type-simple"},"yoast_head":"<!-- This site is optimized with the Yoast SEO plugin v27.3 - https:\/\/yoast.com\/product\/yoast-seo-wordpress\/ -->\n<title>Burgerstein - Omega-3 DHA - YourHappyBox<\/title>\n<meta name=\"description\" content=\"Diese Nahrungserg\u00e4nzungsmittel mit Omega-3 unterst\u00fctzen die Entwicklung der Augen beim F\u00f6tus und beim gestillten S\u00e4ugling.\" \/>\n<meta name=\"robots\" content=\"index, follow, max-snippet:-1, max-image-preview:large, max-video-preview:-1\" \/>\n<link rel=\"canonical\" href=\"https:\/\/yourhappybox.ch\/en\/product-2\/burgerstein-omega-3\/\" \/>\n<meta property=\"og:locale\" content=\"en_GB\" \/>\n<meta property=\"og:type\" content=\"article\" \/>\n<meta property=\"og:title\" content=\"Burgerstein - Omega-3 DHA - YourHappyBox\" \/>\n<meta property=\"og:description\" content=\"Diese Nahrungserg\u00e4nzungsmittel mit Omega-3 unterst\u00fctzen die Entwicklung der Augen beim F\u00f6tus und beim gestillten S\u00e4ugling.\" \/>\n<meta property=\"og:url\" content=\"https:\/\/yourhappybox.ch\/en\/product-2\/burgerstein-omega-3\/\" \/>\n<meta property=\"og:site_name\" content=\"YourHappyBox\" \/>\n<meta property=\"article:modified_time\" content=\"2022-03-22T07:13:41+00:00\" \/>\n<meta property=\"og:image\" content=\"https:\/\/yourhappybox.ch\/wp-content\/uploads\/2021\/02\/050-210102-yourhappybox-studio-session_DSF4333-1.jpg\" \/>\n\t<meta property=\"og:image:width\" content=\"1600\" \/>\n\t<meta property=\"og:image:height\" content=\"2000\" \/>\n\t<meta property=\"og:image:type\" content=\"image\/jpeg\" \/>\n<meta name=\"twitter:card\" content=\"summary_large_image\" \/>\n<meta name=\"twitter:label1\" content=\"Estimated reading time\" \/>\n\t<meta name=\"twitter:data1\" content=\"1 minute\" \/>\n<script type=\"application\/ld+json\" class=\"yoast-schema-graph\">{\"@context\":\"https:\\\/\\\/schema.org\",\"@graph\":[{\"@type\":\"WebPage\",\"@id\":\"https:\\\/\\\/yourhappybox.ch\\\/produkt\\\/burgerstein-omega-3\\\/\",\"url\":\"https:\\\/\\\/yourhappybox.ch\\\/produkt\\\/burgerstein-omega-3\\\/\",\"name\":\"Burgerstein - Omega-3 DHA - YourHappyBox\",\"isPartOf\":{\"@id\":\"https:\\\/\\\/yourhappybox.ch\\\/en\\\/#website\"},\"primaryImageOfPage\":{\"@id\":\"https:\\\/\\\/yourhappybox.ch\\\/produkt\\\/burgerstein-omega-3\\\/#primaryimage\"},\"image\":{\"@id\":\"https:\\\/\\\/yourhappybox.ch\\\/produkt\\\/burgerstein-omega-3\\\/#primaryimage\"},\"thumbnailUrl\":\"https:\\\/\\\/yourhappybox.ch\\\/wp-content\\\/uploads\\\/2021\\\/02\\\/050-210102-yourhappybox-studio-session_DSF4333-1.jpg\",\"datePublished\":\"2022-03-22T07:06:20+00:00\",\"dateModified\":\"2022-03-22T07:13:41+00:00\",\"description\":\"Diese Nahrungserg\u00e4nzungsmittel mit Omega-3 unterst\u00fctzen die Entwicklung der Augen beim F\u00f6tus und beim gestillten S\u00e4ugling.\",\"breadcrumb\":{\"@id\":\"https:\\\/\\\/yourhappybox.ch\\\/produkt\\\/burgerstein-omega-3\\\/#breadcrumb\"},\"inLanguage\":\"en-GB\",\"potentialAction\":[{\"@type\":\"ReadAction\",\"target\":[\"https:\\\/\\\/yourhappybox.ch\\\/produkt\\\/burgerstein-omega-3\\\/\"]}]},{\"@type\":\"ImageObject\",\"inLanguage\":\"en-GB\",\"@id\":\"https:\\\/\\\/yourhappybox.ch\\\/produkt\\\/burgerstein-omega-3\\\/#primaryimage\",\"url\":\"https:\\\/\\\/yourhappybox.ch\\\/wp-content\\\/uploads\\\/2021\\\/02\\\/050-210102-yourhappybox-studio-session_DSF4333-1.jpg\",\"contentUrl\":\"https:\\\/\\\/yourhappybox.ch\\\/wp-content\\\/uploads\\\/2021\\\/02\\\/050-210102-yourhappybox-studio-session_DSF4333-1.jpg\",\"width\":1600,\"height\":2000,\"caption\":\"Omega 3\"},{\"@type\":\"BreadcrumbList\",\"@id\":\"https:\\\/\\\/yourhappybox.ch\\\/produkt\\\/burgerstein-omega-3\\\/#breadcrumb\",\"itemListElement\":[{\"@type\":\"ListItem\",\"position\":1,\"name\":\"Startseite\",\"item\":\"https:\\\/\\\/yourhappybox.ch\\\/\"},{\"@type\":\"ListItem\",\"position\":2,\"name\":\"Shop\",\"item\":\"https:\\\/\\\/yourhappybox.ch\\\/shop-essenzielle-schwangerschaftsprodukte\\\/\"},{\"@type\":\"ListItem\",\"position\":3,\"name\":\"Burgerstein \u2014 Omega\u20113 DHA\"}]},{\"@type\":\"WebSite\",\"@id\":\"https:\\\/\\\/yourhappybox.ch\\\/en\\\/#website\",\"url\":\"https:\\\/\\\/yourhappybox.ch\\\/en\\\/\",\"name\":\"YourHappyBox\",\"description\":\"Die Box, die dir Zeit w\u00e4hrend deiner Schwangerschaft schenkt\",\"potentialAction\":[{\"@type\":\"SearchAction\",\"target\":{\"@type\":\"EntryPoint\",\"urlTemplate\":\"https:\\\/\\\/yourhappybox.ch\\\/en\\\/?s={search_term_string}\"},\"query-input\":{\"@type\":\"PropertyValueSpecification\",\"valueRequired\":true,\"valueName\":\"search_term_string\"}}],\"inLanguage\":\"en-GB\"}]}<\/script>\n<!-- \/ Yoast SEO plugin. -->","yoast_head_json":{"title":"Bur\u00adger\u00adstein \u2014 Omega\u20113 DHA \u2014 YourHappyBox","description":"Diese Nah\u00adrungs\u00ader\u00adg\u00e4n\u00adzungs\u00admit\u00adtel mit Omega\u20113 un\u00adter\u00adst\u00fct\u00adzen die Ent\u00adwick\u00adlung der Au\u00adgen beim F\u00f6\u00adtus und beim ge\u00adstill\u00adten S\u00e4ugling.","robots":{"index":"index","follow":"follow","max-snippet":"max-snippet:-1","max-image-preview":"max-image-preview:large","max-video-preview":"max-video-preview:-1"},"canonical":"https:\/\/yourhappybox.ch\/en\/product-2\/burgerstein-omega-3\/","og_locale":"en_GB","og_type":"article","og_title":"Burgerstein - Omega-3 DHA - YourHappyBox","og_description":"Diese Nahrungserg\u00e4nzungsmittel mit Omega-3 unterst\u00fctzen die Entwicklung der Augen beim F\u00f6tus und beim gestillten S\u00e4ugling.","og_url":"https:\/\/yourhappybox.ch\/en\/product-2\/burgerstein-omega-3\/","og_site_name":"YourHappyBox","article_modified_time":"2022-03-22T07:13:41+00:00","og_image":[{"width":1600,"height":2000,"url":"https:\/\/yourhappybox.ch\/wp-content\/uploads\/2021\/02\/050-210102-yourhappybox-studio-session_DSF4333-1.jpg","type":"image\/jpeg"}],"twitter_card":"summary_large_image","twitter_misc":{"Estimated reading time":"1 minute"},"schema":{"@context":"https:\/\/schema.org","@graph":[{"@type":"WebPage","@id":"https:\/\/yourhappybox.ch\/produkt\/burgerstein-omega-3\/","url":"https:\/\/yourhappybox.ch\/produkt\/burgerstein-omega-3\/","name":"Bur\u00adger\u00adstein \u2014 Omega\u20113 DHA \u2014 YourHappyBox","isPartOf":{"@id":"https:\/\/yourhappybox.ch\/en\/#website"},"primaryImageOfPage":{"@id":"https:\/\/yourhappybox.ch\/produkt\/burgerstein-omega-3\/#primaryimage"},"image":{"@id":"https:\/\/yourhappybox.ch\/produkt\/burgerstein-omega-3\/#primaryimage"},"thumbnailUrl":"https:\/\/yourhappybox.ch\/wp-content\/uploads\/2021\/02\/050-210102-yourhappybox-studio-session_DSF4333-1.jpg","datePublished":"2022-03-22T07:06:20+00:00","dateModified":"2022-03-22T07:13:41+00:00","description":"Diese Nah\u00adrungs\u00ader\u00adg\u00e4n\u00adzungs\u00admit\u00adtel mit Omega\u20113 un\u00adter\u00adst\u00fct\u00adzen die Ent\u00adwick\u00adlung der Au\u00adgen beim F\u00f6\u00adtus und beim ge\u00adstill\u00adten S\u00e4ugling.","breadcrumb":{"@id":"https:\/\/yourhappybox.ch\/produkt\/burgerstein-omega-3\/#breadcrumb"},"inLanguage":"en-GB","potentialAction":[{"@type":"ReadAction","target":["https:\/\/yourhappybox.ch\/produkt\/burgerstein-omega-3\/"]}]},{"@type":"ImageObject","inLanguage":"en-GB","@id":"https:\/\/yourhappybox.ch\/produkt\/burgerstein-omega-3\/#primaryimage","url":"https:\/\/yourhappybox.ch\/wp-content\/uploads\/2021\/02\/050-210102-yourhappybox-studio-session_DSF4333-1.jpg","contentUrl":"https:\/\/yourhappybox.ch\/wp-content\/uploads\/2021\/02\/050-210102-yourhappybox-studio-session_DSF4333-1.jpg","width":1600,"height":2000,"caption":"Omega 3"},{"@type":"BreadcrumbList","@id":"https:\/\/yourhappybox.ch\/produkt\/burgerstein-omega-3\/#breadcrumb","itemListElement":[{"@type":"ListItem","position":1,"name":"Startseite","item":"https:\/\/yourhappybox.ch\/"},{"@type":"ListItem","position":2,"name":"Shop","item":"https:\/\/yourhappybox.ch\/shop-essenzielle-schwangerschaftsprodukte\/"},{"@type":"ListItem","position":3,"name":"Burgerstein \u2014 Omega\u20113 DHA"}]},{"@type":"WebSite","@id":"https:\/\/yourhappybox.ch\/en\/#website","url":"https:\/\/yourhappybox.ch\/en\/","name":"Your\u00adHap\u00adpy\u00adBox","description":"Die Box, die dir Zeit w\u00e4h\u00adrend dei\u00adner Schwan\u00adger\u00adschaft schenkt","potentialAction":[{"@type":"SearchAction","target":{"@type":"EntryPoint","urlTemplate":"https:\/\/yourhappybox.ch\/en\/?s={search_term_string}"},"query-input":{"@type":"PropertyValueSpecification","valueRequired":true,"valueName":"search_term_string"}}],"inLanguage":"en-GB"}]}},"_links":{"self":[{"href":"https:\/\/yourhappybox.ch\/en\/wp-json\/wp\/v2\/product\/29457","targetHints":{"allow":["GET"]}}],"collection":[{"href":"https:\/\/yourhappybox.ch\/en\/wp-json\/wp\/v2\/product"}],"about":[{"href":"https:\/\/yourhappybox.ch\/en\/wp-json\/wp\/v2\/types\/product"}],"replies":[{"embeddable":true,"href":"https:\/\/yourhappybox.ch\/en\/wp-json\/wp\/v2\/comments?post=29457"}],"wp:featuredmedia":[{"embeddable":true,"href":"https:\/\/yourhappybox.ch\/en\/wp-json\/wp\/v2\/media\/28967"}],"wp:attachment":[{"href":"https:\/\/yourhappybox.ch\/en\/wp-json\/wp\/v2\/media?parent=29457"}],"wp:term":[{"taxonomy":"product_brand","embeddable":true,"href":"https:\/\/yourhappybox.ch\/en\/wp-json\/wp\/v2\/product_brand?post=29457"},{"taxonomy":"product_cat","embeddable":true,"href":"https:\/\/yourhappybox.ch\/en\/wp-json\/wp\/v2\/product_cat?post=29457"},{"taxonomy":"product_tag","embeddable":true,"href":"https:\/\/yourhappybox.ch\/en\/wp-json\/wp\/v2\/product_tag?post=29457"}],"curies":[{"name":"wp","href":"https:\/\/api.w.org\/{rel}","templated":true}]}}