{"id":29708,"date":"2022-06-16T09:29:58","date_gmt":"2022-06-16T07:29:58","guid":{"rendered":"https:\/\/yourhappybox.ch\/?post_type=product&#038;p=29708"},"modified":"2023-01-15T23:59:33","modified_gmt":"2023-01-15T22:59:33","slug":"die-portable-intimdusche-fuers-wochenbett","status":"publish","type":"product","link":"https:\/\/yourhappybox.ch\/en\/produkt\/die-portable-intimdusche-fuers-wochenbett\/","title":{"rendered":"In\u00adtim\u00addu\u00adsche"},"content":{"rendered":"<p>The post\u00adpar\u00adtum of his own wife was among the re\u00adasons for the foun\u00adders of Bi\u00addet\u00adlity to in\u00advent a por\u00adta\u00adble in\u00adti\u00admate shower. They wan\u00adted a func\u00adtional and por\u00adta\u00adble so\u00adlu\u00adtion that was both beau\u00adtiful and sus\u00adtainable. They de\u00adfi\u00adni\u00adtely suc\u00adcee\u00added. The Ber\u00adlin-ba\u00adsed start-up has crea\u00adted real ad\u00added va\u00adlue with its por\u00adta\u00adble shower. Up to now, at best, you get a pla\u00ads\u00adtic bot\u00adtle from the cli\u00adnic. This is most cer\u00adtainly ban\u00adned from the bath\u00adroom af\u00adter the post\u00adpar\u00adtum pe\u00adriod. The Bi\u00addet\u00adlity, on the other hand, is pro\u00addu\u00adced in a CO2-neu\u00adtral way, looks beau\u00adtiful and has its own place with the wall&nbsp;mount.<\/p>\n<p>What made us par\u00adti\u00adcu\u00adlarly happy was that five new trees are plan\u00adted for each Bi\u00addet\u00adlity. More in\u00adfor\u00adma\u00adtion about Bi\u00addet\u00adlity is available <a href=\"https:\/\/bidetlity.de\/\" target=\"_blank\" rel=\"noopener\">here<\/a>.<\/p>\n<p>Here your find <a href=\"https:\/\/yourhappybox.ch\/en\/product-2\/happybox3-endspurt\/\">HappyBox#3 \u2013 Fi\u00adnal sprint<\/a> in which you find the Bi\u00addet\u00adlity as part of our HappyBoxes.<\/p>","protected":false},"excerpt":{"rendered":"<p>The por\u00adtale butt shower \u2014 Hy\u00adgie\u00adnic, sus\u00adtainable and pretty<\/p>\n<p>We re\u00adcently ad\u00added the start-up from Ber\u00adlin. The por\u00adta\u00adble in\u00adti\u00admate shower is sus\u00adtainable, prac\u00adti\u00adcal and beau\u00adtiful. We al\u00adre\u00adady find it useful du\u00adring the last weeks of pregnancy, but espe\u00adci\u00adally in the post\u00adpar\u00adtum pe\u00adriod. We will de\u00adli\u00adver the shower to you with a nice wall mount, so you can ea\u00adsily hang it in the bath\u00adroom. Thus, the in\u00adti\u00admate shower re\u00admains useful even af\u00adter the post\u00adpar\u00adtum, espe\u00adci\u00adally du\u00adring mens\u00adtrua\u00adtion or sim\u00adply for the daily \u201cPo-hl\u00adbe\u00adfin\u00adden\u201d.<\/p>\n<p>Since we find it so beau\u00adtiful and it can still be useful af\u00adter the post\u00adpar\u00adtum, we de\u00adci\u00added to sup\u00adply it with wall mount. That al\u00adlows you to sim\u00adply hang it in your bath\u00adroom and use it for ex\u00adam\u00adple du\u00adring mens\u00adtrua\u00adtion or sim\u00adply for the daily wellbeing.<\/p>\n<p>We ad\u00added Bi\u00addet\u00adlity to our <a href=\"https:\/\/yourhappybox.ch\/en\/product-2\/happybox3-endspurt\/\">HappyBox#3 \u2013 Fi\u00adnal sprint<\/a> It can also be or\u00adde\u00adred tog\u00ade\u00adther with the other Your\u00adHap\u00adpy\u00adBo\u00adxes, since it it al\u00adways useful. Just add it se\u00adpa\u00adra\u00adtely to the shop\u00adping cart and we make sure you get an in\u00adti\u00admate shower and wall mount right to your doorstep.<\/p>\n<p>&nbsp;<\/p>\n<p>&nbsp;<\/p>","protected":false},"featured_media":29806,"comment_status":"open","ping_status":"closed","template":"","meta":{"wp_typography_post_enhancements_disabled":false},"product_brand":[],"product_cat":[76],"product_tag":[74,75,72,73],"class_list":{"0":"post-29708","1":"product","2":"type-product","3":"status-publish","4":"has-post-thumbnail","6":"product_cat-weitere-produkte","7":"product_tag-intimdusche","8":"product_tag-menstruation","9":"product_tag-portable-podusche","10":"product_tag-wochenbett","12":"first","13":"instock","14":"taxable","15":"shipping-taxable","16":"purchasable","17":"product-type-simple"},"yoast_head":"<!-- This site is optimized with the Yoast SEO plugin v27.3 - https:\/\/yoast.com\/product\/yoast-seo-wordpress\/ -->\n<title>Die portable Intimdusche f\u00fcrs Wochenbett<\/title>\n<meta name=\"description\" content=\"Die portable Intimdusche f\u00fcrs Wochenbett. Das Bidet ist \u00e4sthetisch neu erfunden. Es ist hygienisch, nachhaltig und CO2 neutral.\" \/>\n<meta name=\"robots\" content=\"index, follow, max-snippet:-1, max-image-preview:large, max-video-preview:-1\" \/>\n<link rel=\"canonical\" href=\"https:\/\/yourhappybox.ch\/en\/product-2\/die-portable-intimdusche-fuers-wochenbett\/\" \/>\n<meta property=\"og:locale\" content=\"en_GB\" \/>\n<meta property=\"og:type\" content=\"article\" \/>\n<meta property=\"og:title\" content=\"Die portable Intimdusche f\u00fcrs Wochenbett\" \/>\n<meta property=\"og:description\" content=\"Die portable Intimdusche f\u00fcrs Wochenbett. Das Bidet ist \u00e4sthetisch neu erfunden. Es ist hygienisch, nachhaltig und CO2 neutral.\" \/>\n<meta property=\"og:url\" content=\"https:\/\/yourhappybox.ch\/en\/product-2\/die-portable-intimdusche-fuers-wochenbett\/\" \/>\n<meta property=\"og:site_name\" content=\"YourHappyBox\" \/>\n<meta property=\"article:modified_time\" content=\"2023-01-15T22:59:33+00:00\" \/>\n<meta property=\"og:image\" content=\"https:\/\/yourhappybox.ch\/wp-content\/uploads\/2022\/06\/Soil-4-scaled.jpg\" \/>\n\t<meta property=\"og:image:width\" content=\"1707\" \/>\n\t<meta property=\"og:image:height\" content=\"2560\" \/>\n\t<meta property=\"og:image:type\" content=\"image\/jpeg\" \/>\n<meta name=\"twitter:card\" content=\"summary_large_image\" \/>\n<meta name=\"twitter:label1\" content=\"Estimated reading time\" \/>\n\t<meta name=\"twitter:data1\" content=\"1 minute\" \/>\n<script type=\"application\/ld+json\" class=\"yoast-schema-graph\">{\"@context\":\"https:\\\/\\\/schema.org\",\"@graph\":[{\"@type\":\"WebPage\",\"@id\":\"https:\\\/\\\/yourhappybox.ch\\\/produkt\\\/die-portable-intimdusche-fuers-wochenbett\\\/\",\"url\":\"https:\\\/\\\/yourhappybox.ch\\\/produkt\\\/die-portable-intimdusche-fuers-wochenbett\\\/\",\"name\":\"Die portable Intimdusche f\u00fcrs Wochenbett\",\"isPartOf\":{\"@id\":\"https:\\\/\\\/yourhappybox.ch\\\/en\\\/#website\"},\"primaryImageOfPage\":{\"@id\":\"https:\\\/\\\/yourhappybox.ch\\\/produkt\\\/die-portable-intimdusche-fuers-wochenbett\\\/#primaryimage\"},\"image\":{\"@id\":\"https:\\\/\\\/yourhappybox.ch\\\/produkt\\\/die-portable-intimdusche-fuers-wochenbett\\\/#primaryimage\"},\"thumbnailUrl\":\"https:\\\/\\\/yourhappybox.ch\\\/wp-content\\\/uploads\\\/2022\\\/06\\\/Soil-4-scaled.jpg\",\"datePublished\":\"2022-06-16T07:29:58+00:00\",\"dateModified\":\"2023-01-15T22:59:33+00:00\",\"description\":\"Die portable Intimdusche f\u00fcrs Wochenbett. Das Bidet ist \u00e4sthetisch neu erfunden. Es ist hygienisch, nachhaltig und CO2 neutral.\",\"breadcrumb\":{\"@id\":\"https:\\\/\\\/yourhappybox.ch\\\/produkt\\\/die-portable-intimdusche-fuers-wochenbett\\\/#breadcrumb\"},\"inLanguage\":\"en-GB\",\"potentialAction\":[{\"@type\":\"ReadAction\",\"target\":[\"https:\\\/\\\/yourhappybox.ch\\\/produkt\\\/die-portable-intimdusche-fuers-wochenbett\\\/\"]}]},{\"@type\":\"ImageObject\",\"inLanguage\":\"en-GB\",\"@id\":\"https:\\\/\\\/yourhappybox.ch\\\/produkt\\\/die-portable-intimdusche-fuers-wochenbett\\\/#primaryimage\",\"url\":\"https:\\\/\\\/yourhappybox.ch\\\/wp-content\\\/uploads\\\/2022\\\/06\\\/Soil-4-scaled.jpg\",\"contentUrl\":\"https:\\\/\\\/yourhappybox.ch\\\/wp-content\\\/uploads\\\/2022\\\/06\\\/Soil-4-scaled.jpg\",\"width\":1707,\"height\":2560,\"caption\":\"Portable Intimdusche f\u00fcrs Wochenbett\"},{\"@type\":\"BreadcrumbList\",\"@id\":\"https:\\\/\\\/yourhappybox.ch\\\/produkt\\\/die-portable-intimdusche-fuers-wochenbett\\\/#breadcrumb\",\"itemListElement\":[{\"@type\":\"ListItem\",\"position\":1,\"name\":\"Startseite\",\"item\":\"https:\\\/\\\/yourhappybox.ch\\\/\"},{\"@type\":\"ListItem\",\"position\":2,\"name\":\"Shop\",\"item\":\"https:\\\/\\\/yourhappybox.ch\\\/shop-essenzielle-schwangerschaftsprodukte\\\/\"},{\"@type\":\"ListItem\",\"position\":3,\"name\":\"Intimdusche\"}]},{\"@type\":\"WebSite\",\"@id\":\"https:\\\/\\\/yourhappybox.ch\\\/en\\\/#website\",\"url\":\"https:\\\/\\\/yourhappybox.ch\\\/en\\\/\",\"name\":\"YourHappyBox\",\"description\":\"Die Box, die dir Zeit w\u00e4hrend deiner Schwangerschaft schenkt\",\"potentialAction\":[{\"@type\":\"SearchAction\",\"target\":{\"@type\":\"EntryPoint\",\"urlTemplate\":\"https:\\\/\\\/yourhappybox.ch\\\/en\\\/?s={search_term_string}\"},\"query-input\":{\"@type\":\"PropertyValueSpecification\",\"valueRequired\":true,\"valueName\":\"search_term_string\"}}],\"inLanguage\":\"en-GB\"}]}<\/script>\n<!-- \/ Yoast SEO plugin. -->","yoast_head_json":{"title":"Die por\u00adta\u00adble In\u00adtim\u00addu\u00adsche f\u00fcrs Wochenbett","description":"Die por\u00adta\u00adble In\u00adtim\u00addu\u00adsche f\u00fcrs Wo\u00adchen\u00adbett. Das Bi\u00addet ist \u00e4s\u00adthe\u00adtisch neu er\u00adfun\u00adden. Es ist hy\u00adgie\u00adnisch, nach\u00adhal\u00adtig und CO2 neutral.","robots":{"index":"index","follow":"follow","max-snippet":"max-snippet:-1","max-image-preview":"max-image-preview:large","max-video-preview":"max-video-preview:-1"},"canonical":"https:\/\/yourhappybox.ch\/en\/product-2\/die-portable-intimdusche-fuers-wochenbett\/","og_locale":"en_GB","og_type":"article","og_title":"Die portable Intimdusche f\u00fcrs Wochenbett","og_description":"Die portable Intimdusche f\u00fcrs Wochenbett. Das Bidet ist \u00e4sthetisch neu erfunden. Es ist hygienisch, nachhaltig und CO2 neutral.","og_url":"https:\/\/yourhappybox.ch\/en\/product-2\/die-portable-intimdusche-fuers-wochenbett\/","og_site_name":"YourHappyBox","article_modified_time":"2023-01-15T22:59:33+00:00","og_image":[{"width":1707,"height":2560,"url":"https:\/\/yourhappybox.ch\/wp-content\/uploads\/2022\/06\/Soil-4-scaled.jpg","type":"image\/jpeg"}],"twitter_card":"summary_large_image","twitter_misc":{"Estimated reading time":"1 minute"},"schema":{"@context":"https:\/\/schema.org","@graph":[{"@type":"WebPage","@id":"https:\/\/yourhappybox.ch\/produkt\/die-portable-intimdusche-fuers-wochenbett\/","url":"https:\/\/yourhappybox.ch\/produkt\/die-portable-intimdusche-fuers-wochenbett\/","name":"Die por\u00adta\u00adble In\u00adtim\u00addu\u00adsche f\u00fcrs Wochenbett","isPartOf":{"@id":"https:\/\/yourhappybox.ch\/en\/#website"},"primaryImageOfPage":{"@id":"https:\/\/yourhappybox.ch\/produkt\/die-portable-intimdusche-fuers-wochenbett\/#primaryimage"},"image":{"@id":"https:\/\/yourhappybox.ch\/produkt\/die-portable-intimdusche-fuers-wochenbett\/#primaryimage"},"thumbnailUrl":"https:\/\/yourhappybox.ch\/wp-content\/uploads\/2022\/06\/Soil-4-scaled.jpg","datePublished":"2022-06-16T07:29:58+00:00","dateModified":"2023-01-15T22:59:33+00:00","description":"Die por\u00adta\u00adble In\u00adtim\u00addu\u00adsche f\u00fcrs Wo\u00adchen\u00adbett. Das Bi\u00addet ist \u00e4s\u00adthe\u00adtisch neu er\u00adfun\u00adden. Es ist hy\u00adgie\u00adnisch, nach\u00adhal\u00adtig und CO2 neutral.","breadcrumb":{"@id":"https:\/\/yourhappybox.ch\/produkt\/die-portable-intimdusche-fuers-wochenbett\/#breadcrumb"},"inLanguage":"en-GB","potentialAction":[{"@type":"ReadAction","target":["https:\/\/yourhappybox.ch\/produkt\/die-portable-intimdusche-fuers-wochenbett\/"]}]},{"@type":"ImageObject","inLanguage":"en-GB","@id":"https:\/\/yourhappybox.ch\/produkt\/die-portable-intimdusche-fuers-wochenbett\/#primaryimage","url":"https:\/\/yourhappybox.ch\/wp-content\/uploads\/2022\/06\/Soil-4-scaled.jpg","contentUrl":"https:\/\/yourhappybox.ch\/wp-content\/uploads\/2022\/06\/Soil-4-scaled.jpg","width":1707,"height":2560,"caption":"Portable Intimdusche f\u00fcrs Wochenbett"},{"@type":"BreadcrumbList","@id":"https:\/\/yourhappybox.ch\/produkt\/die-portable-intimdusche-fuers-wochenbett\/#breadcrumb","itemListElement":[{"@type":"ListItem","position":1,"name":"Startseite","item":"https:\/\/yourhappybox.ch\/"},{"@type":"ListItem","position":2,"name":"Shop","item":"https:\/\/yourhappybox.ch\/shop-essenzielle-schwangerschaftsprodukte\/"},{"@type":"ListItem","position":3,"name":"Intimdusche"}]},{"@type":"WebSite","@id":"https:\/\/yourhappybox.ch\/en\/#website","url":"https:\/\/yourhappybox.ch\/en\/","name":"Your\u00adHap\u00adpy\u00adBox","description":"Die Box, die dir Zeit w\u00e4h\u00adrend dei\u00adner Schwan\u00adger\u00adschaft schenkt","potentialAction":[{"@type":"SearchAction","target":{"@type":"EntryPoint","urlTemplate":"https:\/\/yourhappybox.ch\/en\/?s={search_term_string}"},"query-input":{"@type":"PropertyValueSpecification","valueRequired":true,"valueName":"search_term_string"}}],"inLanguage":"en-GB"}]}},"_links":{"self":[{"href":"https:\/\/yourhappybox.ch\/en\/wp-json\/wp\/v2\/product\/29708","targetHints":{"allow":["GET"]}}],"collection":[{"href":"https:\/\/yourhappybox.ch\/en\/wp-json\/wp\/v2\/product"}],"about":[{"href":"https:\/\/yourhappybox.ch\/en\/wp-json\/wp\/v2\/types\/product"}],"replies":[{"embeddable":true,"href":"https:\/\/yourhappybox.ch\/en\/wp-json\/wp\/v2\/comments?post=29708"}],"wp:featuredmedia":[{"embeddable":true,"href":"https:\/\/yourhappybox.ch\/en\/wp-json\/wp\/v2\/media\/29806"}],"wp:attachment":[{"href":"https:\/\/yourhappybox.ch\/en\/wp-json\/wp\/v2\/media?parent=29708"}],"wp:term":[{"taxonomy":"product_brand","embeddable":true,"href":"https:\/\/yourhappybox.ch\/en\/wp-json\/wp\/v2\/product_brand?post=29708"},{"taxonomy":"product_cat","embeddable":true,"href":"https:\/\/yourhappybox.ch\/en\/wp-json\/wp\/v2\/product_cat?post=29708"},{"taxonomy":"product_tag","embeddable":true,"href":"https:\/\/yourhappybox.ch\/en\/wp-json\/wp\/v2\/product_tag?post=29708"}],"curies":[{"name":"wp","href":"https:\/\/api.w.org\/{rel}","templated":true}]}}