{"id":30020,"date":"2022-09-13T10:53:36","date_gmt":"2022-09-13T08:53:36","guid":{"rendered":"https:\/\/yourhappybox.ch\/?post_type=product&#038;p=30020"},"modified":"2022-11-03T09:06:43","modified_gmt":"2022-11-03T08:06:43","slug":"yourhappybox-das-schwangerschafts-abo","status":"publish","type":"product","link":"https:\/\/yourhappybox.ch\/en\/produkt\/yourhappybox-das-schwangerschafts-abo\/","title":{"rendered":"Your\u00adHap\u00adpy\u00adBox \u2014 Your pregnancy sub\u00adscrip\u00adtion&nbsp;box"},"content":{"rendered":"<div id=\"fws_69ea07c2d2f57\" data-column-margin=\"default\" data-midnight=\"dark\" data-top-percent=\"8%\" data-bottom-percent=\"8%\" class=\"wpb_row vc_row-fluid vc_row full-width-section  top_padding_tablet_16pct bottom_padding_tablet_16pct\" style=\"padding-top: calc(100vw * 0.08); padding-bottom: calc(100vw * 0.08); \"><div class=\"row-bg-wrap\" data-bg-animation=\"none\" data-bg-animation-delay data-bg-overlay=\"false\"><div class=\"inner-wrap row-bg-layer\"><div class=\"row-bg viewport-desktop using-bg-color\" style=\"background-color: #ffffff; \"><\/div><\/div><\/div><div class=\"row_col_wrap_12 col span_12 dark left\">\n\t<div class=\"vc_col-sm-12 wpb_column column_container vc_column_container col no-extra-padding el_spacing_0px inherit_tablet inherit_phone\" data-padding-pos=\"all\" data-has-bg-color=\"false\" data-bg-color data-bg-opacity=\"1\" data-animation data-delay=\"0\">\n\t\t<div class=\"vc_column-inner\">\n\t\t\t<div class=\"wpb_wrapper\">\n\t\t\t\t<div id=\"fws_69ea07c2d397e\" data-midnight data-column-margin=\"none\" class=\"wpb_row vc_row-fluid vc_row inner_row vc_row-o-equal-height vc_row-flex vc_row-o-content-bottom bottom_padding_tablet_20px\" style=\"padding-bottom: 30px; \"><div class=\"row-bg-wrap\"> <div class=\"row-bg\"><\/div> <\/div><div class=\"row_col_wrap_12_inner col span_12  left\">\n\t<div class=\"vc_col-sm-6 wpb_column column_container vc_column_container col child_column padding-5-percent el_spacing_5px inherit_tablet inherit_phone\" data-t-w-inherits=\"small_desktop\" data-padding-pos=\"right\" data-has-bg-color=\"false\" data-bg-color data-bg-opacity=\"1\" data-animation data-delay=\"0\">\n\t\t<div class=\"vc_column-inner\">\n\t\t<div class=\"wpb_wrapper\">\n\t\t\t\n<div class=\"wpb_text_column wpb_content_element\">\n\t<div class=\"wpb_wrapper\">\n\t\t<h4>Have the right products at home at the right time for each trimester.<\/h4>\n\t<\/div>\n<\/div>\n\n\n\n\n\t\t<\/div> \n\t<\/div>\n\t<\/div> \n\n\t<div class=\"vc_col-sm-6 vc_hidden-xs wpb_column column_container vc_column_container col child_column no-extra-padding inherit_tablet inherit_phone\" data-t-w-inherits=\"small_desktop\" data-padding-pos=\"all\" data-has-bg-color=\"false\" data-bg-color data-bg-opacity=\"1\" data-animation data-delay=\"0\">\n\t\t<div class=\"vc_column-inner\">\n\t\t<div class=\"wpb_wrapper\">\n\t\t\t\n\t\t<\/div> \n\t<\/div>\n\t<\/div> \n<\/div><\/div><div class=\"nectar-flickity not-initialized nectar-carousel tb-spacing-0\" data-centered-cells=\"false\" data-pause-on-hover data-touch-icon-color=\"dark\" data-control-color=\"extra-color-2\" data-overflow=\"visible\" data-r-bottom-total=\"true\" data-drag-scale data-wrap=\"no-wrap\" data-spacing=\"15px\" data-controls=\"touch_total\" data-pagination-alignment=\"default\" data-adaptive-height data-border-radius=\"none\" data-column-border data-column-padding=\"0\" data-format=\"default\" data-autoplay data-autoplay-dur=\"5000\" data-control-style=\"material_pagination\" data-desktop-columns=\"4\" data-small-desktop-columns=\"3\" data-tablet-columns=\"2\" data-phone-columns=\"1\" data-column-color><div class=\"flickity-viewport\"> <div class=\"flickity-slider\"><div class=\"cell\"><div class=\"inner-wrap-outer\"><div class=\"inner-wrap\"><div class=\"nectar-fancy-box nectar-underline using-img  has-animation content-color-000000 aspect-4-5\" data-style=\"image_above_text_underline\" data-border-radius=\"default\" data-animation=\"fade-in-from-right\" data-delay=\"0\" data-alignment=\"left\"><div class=\"image-wrap\"><div class=\"box-bg\" role=\"presentation\" style=\"background-image: url('https:\/\/yourhappybox.ch\/wp-content\/uploads\/2022\/10\/annahaerlin0214-1024x683.jpg'); \"><\/div><\/div>\n\t\t<div class=\"text\">\n<h4>YourHappyBox #1 \u2013<a href=\"https:\/\/yourhappybox.ch\/en\/product-2\/starterbox-fuer-die-schwangerschaft\/\" target=\"_blank\" rel=\"noopener\"> StarterBox<\/a><\/h4>\n<\/div> \n\t\t<\/div><\/div><\/div><\/div><div class=\"cell\"><div class=\"inner-wrap-outer\"><div class=\"inner-wrap\"><div class=\"nectar-fancy-box nectar-underline using-img  has-animation content-color-000000 aspect-4-5\" data-style=\"image_above_text_underline\" data-border-radius=\"default\" data-animation=\"fade-in-from-right\" data-delay=\"0\" data-alignment=\"left\"><div class=\"image-wrap\"><div class=\"box-bg\" role=\"presentation\" style=\"background-image: url('https:\/\/yourhappybox.ch\/wp-content\/uploads\/2022\/10\/annahaerlin0208-683x1024.jpg'); \"><\/div><\/div>\n\t\t<div class=\"text\">\n<h4>YourHappyBox #2 \u2013 <a href=\"https:\/\/yourhappybox.ch\/en\/product-2\/happybox2-letitgrow\/\" target=\"_blank\" rel=\"noopener\">Let it&nbsp;grow<\/a><\/h4>\n<\/div> \n\t\t<\/div><\/div><\/div><\/div><div class=\"cell\"><div class=\"inner-wrap-outer\"><div class=\"inner-wrap\"><div class=\"nectar-fancy-box nectar-underline using-img  has-animation content-color-000000 aspect-4-5\" data-style=\"image_above_text_underline\" data-border-radius=\"default\" data-animation=\"fade-in-from-right\" data-delay=\"0\" data-alignment=\"left\"><div class=\"image-wrap\"><div class=\"box-bg\" role=\"presentation\" style=\"background-image: url('https:\/\/yourhappybox.ch\/wp-content\/uploads\/2022\/10\/annahaerlin0215-683x1024.jpg'); \"><\/div><\/div>\n\t\t<div class=\"text\">\n<h4>YourHappyBox #3 \u2013 <a href=\"https:\/\/yourhappybox.ch\/en\/product-2\/schwangerschaftsprodukte-fuer-das-dritte-trimester\/\" target=\"_blank\" rel=\"noopener\">Final Sprint<\/a><\/h4>\n<\/div> \n\t\t<\/div><\/div><\/div><\/div><\/div><\/div><\/div>\n\t\t\t<\/div> \n\t\t<\/div>\n\t<\/div> \n<\/div><\/div>","protected":false},"excerpt":{"rendered":"<h5>We support you throughout your pregnancy<\/h5>\n<p>You\u2019re hol\u00adding a po\u00adsi\u00adtive pregnancy test in your hands and you\u2019re not sure whe\u00adther to com\u00adple\u00adtely freak out with joy or cry in\u00ads\u00adtead. Oh, we know it so well. A flood of ques\u00adti\u00adons is co\u00adming your way. We can\u2019t ans\u00adwer them all, but we\u2019re here to make this time a little easier.<\/p>\n<p>With our pregnancy sub\u00adscrip\u00adtion, we make sure that you have the right pro\u00adducts at home at the right time. No end\u00adless re\u00adse\u00adar\u00adching which pregnancy oil, for ex\u00adam\u00adple, is the right one. We have al\u00adre\u00adady done that. In the sel\u00adec\u00adtion of our pro\u00adducts, we pay scru\u00adpu\u00adlous at\u00adten\u00adtion to only work with <a href=\"https:\/\/yourhappybox.ch\/en\/die-sind-drin\/\" target=\"_blank\" rel=\"noopener\">part\u00adners<\/a> who have the same un\u00adder\u00adstan\u00adding of qua\u00adlity and sus\u00adtaina\u00adbi\u00adlity as we do. Fur\u00adther\u00admore, we want to sup\u00adport wo\u00admen when\u00adever pos\u00adsi\u00adble. That\u2019s why we al\u00adways pre\u00adfer the com\u00adpany run by a wo\u00adman, as long as they meet the stan\u00addards of qua\u00adlity and sus\u00adtaina\u00adbi\u00adlity, be\u00adcause that\u2019s a priority.<\/p>\n<h5>The right products and our favorites as often as possible<\/h5>\n<p>In the ma\u00adjo\u00adrity of ca\u00adses, you will find the same pro\u00adducts in the sub\u00adscrip\u00adtion as if you were to buy the bo\u00adxes in\u00addi\u00advi\u00addu\u00adally. The re\u00adason for this is that these are re\u00adally the best aids in the new ever\u00ady\u00adday life. But of course we re\u00admove all the pro\u00adducts that you would other\u00adwise have twice in the house and add a few more. Like, for ex\u00adam\u00adple, the Schoggi of la\u00adflor, be\u00adcause you can never have en\u00adough of&nbsp;it.<\/p>\n<h5>Recommended add-on products<\/h5>\n<p>Ac\u00adtually, we would love to take the vit\u00adamins from Bur\u00adger\u00adstein as stan\u00addard in the Star\u00adter\u00adBox, ho\u00adwe\u00adver, we have of\u00adten re\u00adcei\u00adved feed\u00adback that many pregnant wo\u00admen get their vit\u00adamins from the doc\u00adtor with a pre\u00adscrip\u00adtion. Since we don\u2019t want you to have use\u00adl\u00adess things stan\u00adding around at home, you can add them se\u00adpa\u00adra\u00adtely to your shop\u00adping&nbsp;cart:<\/p>\n<ul>\n<li><a href=\"https:\/\/yourhappybox.ch\/en\/product-2\/vitamine-fuer-schwangerschaft-und-stillzeit\/\" target=\"_blank\" rel=\"noopener\">Bur\u00adger\u00adstein Schwan\u00adger\u00adschaft und Stillzeit<\/a><\/li>\n<li><a href=\"https:\/\/yourhappybox.ch\/en\/product-2\/burgerstein-omega-3\/\" target=\"_blank\" rel=\"noopener\">Bur\u00adger\u00adstein \u2014 Omega\u20113 DHA<\/a><\/li>\n<\/ul>\n<p>Since the re\u00adcom\u00admen\u00added do\u00adsage of vit\u00adamins is one or two cap\u00adsu\u00adles per day, you will want to re\u00ador\u00adder from time to time. For this we ad\u00added our <a href=\"https:\/\/yourhappybox.ch\/en\/refill-deine-liebsten-schwangerschaftsprodukte\/\" target=\"_blank\" rel=\"noopener\">Re\u00adfill Shop<\/a> to the web\u00adsite. By or\u00adde\u00adring the pregnancy sub\u00adscrip\u00adtion box we will send you a code, so the ship\u00adping costs for re\u00adfills are ALWAYS free.<\/p>\n<p>For the post\u00adpar\u00adtum pe\u00adriod we then ab\u00adso\u00adlut\u00adely re\u00adcom\u00admend our in\u00adti\u00admate shower from <a href=\"https:\/\/yourhappybox.ch\/en\/product-2\/die-portable-intimdusche-fuers-wochenbett\/\" target=\"_blank\" rel=\"noopener\">BIDETLITY<\/a>. This co\u00admes with beau\u00adtiful wall mount and will faithfully ac\u00adcom\u00adpany you even af\u00adter pregnancy.<\/p>\n<p>We may now ac\u00adcom\u00adpany you with our pregnancy sub\u00adscrip\u00adtion? Then please tell us the ex\u00adpec\u00adted month of birth and your cur\u00adrent dress size. We will take care of ever\u00ady\u00adthing else for&nbsp;you.<\/p>\n<p>If you are not sa\u00adtis\u00adfied, you can of course can\u00adcel your sub\u00adscrip\u00adtion at any time and we will re\u00adfund you and not send you the next bo\u00adxes. You can find our re\u00adturn po\u00adlicy <a href=\"https:\/\/yourhappybox.ch\/en\/versand-und-retouren\/\" target=\"_blank\" rel=\"noopener\">here<\/a>.<\/p>\n<p>&nbsp;<\/p>\n<p>&nbsp;<\/p>","protected":false},"featured_media":30276,"comment_status":"open","ping_status":"closed","template":"","meta":{"wp_typography_post_enhancements_disabled":false},"product_brand":[],"product_cat":[104],"product_tag":[],"class_list":{"0":"post-30020","1":"product","2":"type-product","3":"status-publish","4":"has-post-thumbnail","6":"product_cat-abo","8":"first","9":"instock","10":"taxable","11":"shipping-taxable","12":"purchasable","13":"product-type-variable"},"yoast_head":"<!-- This site is optimized with the Yoast SEO plugin v27.3 - https:\/\/yoast.com\/product\/yoast-seo-wordpress\/ -->\n<title>Perfektes Abo f\u00fcr die ganze Schwangerschaft | Your Happy Box<\/title>\n<meta name=\"description\" content=\"Unser perfektes Abo f\u00fcr die ganze Schwangerschaft beinhaltet die besten Produkte f\u00fcr jedes Trimester automatisch zu Dir nach Hause.\" \/>\n<meta name=\"robots\" content=\"index, follow, max-snippet:-1, max-image-preview:large, max-video-preview:-1\" \/>\n<link rel=\"canonical\" href=\"https:\/\/yourhappybox.ch\/en\/product-2\/yourhappybox-das-schwangerschafts-abo\/\" \/>\n<meta property=\"og:locale\" content=\"en_GB\" \/>\n<meta property=\"og:type\" content=\"article\" \/>\n<meta property=\"og:title\" content=\"Perfektes Abo f\u00fcr die ganze Schwangerschaft | Your Happy Box\" \/>\n<meta property=\"og:description\" content=\"Unser perfektes Abo f\u00fcr die ganze Schwangerschaft beinhaltet die besten Produkte f\u00fcr jedes Trimester automatisch zu Dir nach Hause.\" \/>\n<meta property=\"og:url\" content=\"https:\/\/yourhappybox.ch\/en\/product-2\/yourhappybox-das-schwangerschafts-abo\/\" \/>\n<meta property=\"og:site_name\" content=\"YourHappyBox\" \/>\n<meta property=\"article:modified_time\" content=\"2022-11-03T08:06:43+00:00\" \/>\n<meta property=\"og:image\" content=\"https:\/\/yourhappybox.ch\/wp-content\/uploads\/2022\/11\/Abo1c-e1667462316610.jpg\" \/>\n\t<meta property=\"og:image:width\" content=\"1024\" \/>\n\t<meta property=\"og:image:height\" content=\"1124\" \/>\n\t<meta property=\"og:image:type\" content=\"image\/jpeg\" \/>\n<meta name=\"twitter:card\" content=\"summary_large_image\" \/>\n<meta name=\"twitter:label1\" content=\"Estimated reading time\" \/>\n\t<meta name=\"twitter:data1\" content=\"2 minutes\" \/>\n<script type=\"application\/ld+json\" class=\"yoast-schema-graph\">{\"@context\":\"https:\\\/\\\/schema.org\",\"@graph\":[{\"@type\":\"WebPage\",\"@id\":\"https:\\\/\\\/yourhappybox.ch\\\/produkt\\\/yourhappybox-das-schwangerschafts-abo\\\/\",\"url\":\"https:\\\/\\\/yourhappybox.ch\\\/produkt\\\/yourhappybox-das-schwangerschafts-abo\\\/\",\"name\":\"Perfektes Abo f\u00fcr die ganze Schwangerschaft | Your Happy Box\",\"isPartOf\":{\"@id\":\"https:\\\/\\\/yourhappybox.ch\\\/en\\\/#website\"},\"primaryImageOfPage\":{\"@id\":\"https:\\\/\\\/yourhappybox.ch\\\/produkt\\\/yourhappybox-das-schwangerschafts-abo\\\/#primaryimage\"},\"image\":{\"@id\":\"https:\\\/\\\/yourhappybox.ch\\\/produkt\\\/yourhappybox-das-schwangerschafts-abo\\\/#primaryimage\"},\"thumbnailUrl\":\"https:\\\/\\\/yourhappybox.ch\\\/wp-content\\\/uploads\\\/2022\\\/11\\\/Abo1c-e1667462316610.jpg\",\"datePublished\":\"2022-09-13T08:53:36+00:00\",\"dateModified\":\"2022-11-03T08:06:43+00:00\",\"description\":\"Unser perfektes Abo f\u00fcr die ganze Schwangerschaft beinhaltet die besten Produkte f\u00fcr jedes Trimester automatisch zu Dir nach Hause.\",\"breadcrumb\":{\"@id\":\"https:\\\/\\\/yourhappybox.ch\\\/produkt\\\/yourhappybox-das-schwangerschafts-abo\\\/#breadcrumb\"},\"inLanguage\":\"en-GB\",\"potentialAction\":[{\"@type\":\"ReadAction\",\"target\":[\"https:\\\/\\\/yourhappybox.ch\\\/produkt\\\/yourhappybox-das-schwangerschafts-abo\\\/\"]}]},{\"@type\":\"ImageObject\",\"inLanguage\":\"en-GB\",\"@id\":\"https:\\\/\\\/yourhappybox.ch\\\/produkt\\\/yourhappybox-das-schwangerschafts-abo\\\/#primaryimage\",\"url\":\"https:\\\/\\\/yourhappybox.ch\\\/wp-content\\\/uploads\\\/2022\\\/11\\\/Abo1c-e1667462316610.jpg\",\"contentUrl\":\"https:\\\/\\\/yourhappybox.ch\\\/wp-content\\\/uploads\\\/2022\\\/11\\\/Abo1c-e1667462316610.jpg\",\"width\":1024,\"height\":1124},{\"@type\":\"BreadcrumbList\",\"@id\":\"https:\\\/\\\/yourhappybox.ch\\\/produkt\\\/yourhappybox-das-schwangerschafts-abo\\\/#breadcrumb\",\"itemListElement\":[{\"@type\":\"ListItem\",\"position\":1,\"name\":\"Startseite\",\"item\":\"https:\\\/\\\/yourhappybox.ch\\\/\"},{\"@type\":\"ListItem\",\"position\":2,\"name\":\"Shop\",\"item\":\"https:\\\/\\\/yourhappybox.ch\\\/shop-essenzielle-schwangerschaftsprodukte\\\/\"},{\"@type\":\"ListItem\",\"position\":3,\"name\":\"YourHappyBox &#8211; Das Schwangerschafts-Abo\"}]},{\"@type\":\"WebSite\",\"@id\":\"https:\\\/\\\/yourhappybox.ch\\\/en\\\/#website\",\"url\":\"https:\\\/\\\/yourhappybox.ch\\\/en\\\/\",\"name\":\"YourHappyBox\",\"description\":\"Die Box, die dir Zeit w\u00e4hrend deiner Schwangerschaft schenkt\",\"potentialAction\":[{\"@type\":\"SearchAction\",\"target\":{\"@type\":\"EntryPoint\",\"urlTemplate\":\"https:\\\/\\\/yourhappybox.ch\\\/en\\\/?s={search_term_string}\"},\"query-input\":{\"@type\":\"PropertyValueSpecification\",\"valueRequired\":true,\"valueName\":\"search_term_string\"}}],\"inLanguage\":\"en-GB\"}]}<\/script>\n<!-- \/ Yoast SEO plugin. -->","yoast_head_json":{"title":"Per\u00adfek\u00adtes Abo f\u00fcr die ganze Schwan\u00adger\u00adschaft | Your Happy&nbsp;Box","description":"Un\u00adser per\u00adfek\u00adtes Abo f\u00fcr die ganze Schwan\u00adger\u00adschaft be\u00adinhal\u00adtet die bes\u00adten Pro\u00addukte f\u00fcr je\u00addes Tri\u00admes\u00adter au\u00adto\u00adma\u00adtisch zu Dir nach&nbsp;Hause.","robots":{"index":"index","follow":"follow","max-snippet":"max-snippet:-1","max-image-preview":"max-image-preview:large","max-video-preview":"max-video-preview:-1"},"canonical":"https:\/\/yourhappybox.ch\/en\/product-2\/yourhappybox-das-schwangerschafts-abo\/","og_locale":"en_GB","og_type":"article","og_title":"Perfektes Abo f\u00fcr die ganze Schwangerschaft | Your Happy Box","og_description":"Unser perfektes Abo f\u00fcr die ganze Schwangerschaft beinhaltet die besten Produkte f\u00fcr jedes Trimester automatisch zu Dir nach Hause.","og_url":"https:\/\/yourhappybox.ch\/en\/product-2\/yourhappybox-das-schwangerschafts-abo\/","og_site_name":"YourHappyBox","article_modified_time":"2022-11-03T08:06:43+00:00","og_image":[{"width":1024,"height":1124,"url":"https:\/\/yourhappybox.ch\/wp-content\/uploads\/2022\/11\/Abo1c-e1667462316610.jpg","type":"image\/jpeg"}],"twitter_card":"summary_large_image","twitter_misc":{"Estimated reading time":"2 minutes"},"schema":{"@context":"https:\/\/schema.org","@graph":[{"@type":"WebPage","@id":"https:\/\/yourhappybox.ch\/produkt\/yourhappybox-das-schwangerschafts-abo\/","url":"https:\/\/yourhappybox.ch\/produkt\/yourhappybox-das-schwangerschafts-abo\/","name":"Per\u00adfek\u00adtes Abo f\u00fcr die ganze Schwan\u00adger\u00adschaft | Your Happy&nbsp;Box","isPartOf":{"@id":"https:\/\/yourhappybox.ch\/en\/#website"},"primaryImageOfPage":{"@id":"https:\/\/yourhappybox.ch\/produkt\/yourhappybox-das-schwangerschafts-abo\/#primaryimage"},"image":{"@id":"https:\/\/yourhappybox.ch\/produkt\/yourhappybox-das-schwangerschafts-abo\/#primaryimage"},"thumbnailUrl":"https:\/\/yourhappybox.ch\/wp-content\/uploads\/2022\/11\/Abo1c-e1667462316610.jpg","datePublished":"2022-09-13T08:53:36+00:00","dateModified":"2022-11-03T08:06:43+00:00","description":"Un\u00adser per\u00adfek\u00adtes Abo f\u00fcr die ganze Schwan\u00adger\u00adschaft be\u00adinhal\u00adtet die bes\u00adten Pro\u00addukte f\u00fcr je\u00addes Tri\u00admes\u00adter au\u00adto\u00adma\u00adtisch zu Dir nach&nbsp;Hause.","breadcrumb":{"@id":"https:\/\/yourhappybox.ch\/produkt\/yourhappybox-das-schwangerschafts-abo\/#breadcrumb"},"inLanguage":"en-GB","potentialAction":[{"@type":"ReadAction","target":["https:\/\/yourhappybox.ch\/produkt\/yourhappybox-das-schwangerschafts-abo\/"]}]},{"@type":"ImageObject","inLanguage":"en-GB","@id":"https:\/\/yourhappybox.ch\/produkt\/yourhappybox-das-schwangerschafts-abo\/#primaryimage","url":"https:\/\/yourhappybox.ch\/wp-content\/uploads\/2022\/11\/Abo1c-e1667462316610.jpg","contentUrl":"https:\/\/yourhappybox.ch\/wp-content\/uploads\/2022\/11\/Abo1c-e1667462316610.jpg","width":1024,"height":1124},{"@type":"BreadcrumbList","@id":"https:\/\/yourhappybox.ch\/produkt\/yourhappybox-das-schwangerschafts-abo\/#breadcrumb","itemListElement":[{"@type":"ListItem","position":1,"name":"Startseite","item":"https:\/\/yourhappybox.ch\/"},{"@type":"ListItem","position":2,"name":"Shop","item":"https:\/\/yourhappybox.ch\/shop-essenzielle-schwangerschaftsprodukte\/"},{"@type":"ListItem","position":3,"name":"YourHappyBox &#8211; Das Schwangerschafts-Abo"}]},{"@type":"WebSite","@id":"https:\/\/yourhappybox.ch\/en\/#website","url":"https:\/\/yourhappybox.ch\/en\/","name":"Your\u00adHap\u00adpy\u00adBox","description":"Die Box, die dir Zeit w\u00e4h\u00adrend dei\u00adner Schwan\u00adger\u00adschaft schenkt","potentialAction":[{"@type":"SearchAction","target":{"@type":"EntryPoint","urlTemplate":"https:\/\/yourhappybox.ch\/en\/?s={search_term_string}"},"query-input":{"@type":"PropertyValueSpecification","valueRequired":true,"valueName":"search_term_string"}}],"inLanguage":"en-GB"}]}},"_links":{"self":[{"href":"https:\/\/yourhappybox.ch\/en\/wp-json\/wp\/v2\/product\/30020","targetHints":{"allow":["GET"]}}],"collection":[{"href":"https:\/\/yourhappybox.ch\/en\/wp-json\/wp\/v2\/product"}],"about":[{"href":"https:\/\/yourhappybox.ch\/en\/wp-json\/wp\/v2\/types\/product"}],"replies":[{"embeddable":true,"href":"https:\/\/yourhappybox.ch\/en\/wp-json\/wp\/v2\/comments?post=30020"}],"wp:featuredmedia":[{"embeddable":true,"href":"https:\/\/yourhappybox.ch\/en\/wp-json\/wp\/v2\/media\/30276"}],"wp:attachment":[{"href":"https:\/\/yourhappybox.ch\/en\/wp-json\/wp\/v2\/media?parent=30020"}],"wp:term":[{"taxonomy":"product_brand","embeddable":true,"href":"https:\/\/yourhappybox.ch\/en\/wp-json\/wp\/v2\/product_brand?post=30020"},{"taxonomy":"product_cat","embeddable":true,"href":"https:\/\/yourhappybox.ch\/en\/wp-json\/wp\/v2\/product_cat?post=30020"},{"taxonomy":"product_tag","embeddable":true,"href":"https:\/\/yourhappybox.ch\/en\/wp-json\/wp\/v2\/product_tag?post=30020"}],"curies":[{"name":"wp","href":"https:\/\/api.w.org\/{rel}","templated":true}]}}