{"id":30251,"date":"2022-10-28T17:36:36","date_gmt":"2022-10-28T15:36:36","guid":{"rendered":"https:\/\/yourhappybox.ch\/?post_type=product&#038;p=30251"},"modified":"2025-05-19T11:04:35","modified_gmt":"2025-05-19T09:04:35","slug":"wickelmatte","status":"publish","type":"product","link":"https:\/\/yourhappybox.ch\/en\/produkt\/wickelmatte\/","title":{"rendered":"Wi\u00adckel\u00admatte+"},"content":{"rendered":"<h5>Quality and sustainability<\/h5>\n<p>As with all our <a href=\"https:\/\/yourhappybox.ch\/en\/die-sind-drin\/\" target=\"_blank\" rel=\"noopener\">part\u00adners<\/a> we made sure that the pro\u00adducts meet our re\u00adqui\u00adre\u00adments in terms of qua\u00adlity and sus\u00adtaina\u00adbi\u00adlity. In ad\u00addi\u00adtion, we are par\u00adti\u00adcu\u00adlarly ex\u00adci\u00adted that Kate, foun\u00adder of stu\u00addio huske, as a trai\u00adned ar\u00adchi\u00adtect, has a great eye for de\u00adsign. The mats are su\u00adper func\u00adtional and equally beau\u00adtiful be\u00adcause of it. We are re\u00adally happy that we joint forces with stu\u00addio huske and are able to add such a qua\u00adlity pro\u00adduct in YourHappyBox.<\/p>\n<p>More about Kate, stu\u00addio huske and its story you will find <a href=\"https:\/\/www.studiohuske.com\/\" target=\"_blank\" rel=\"noopener\">here<\/a>.<\/p>","protected":false},"excerpt":{"rendered":"<h5>The practical, all-round placemat<\/h5>\n<p>stu\u00addio huske was foun\u00added in Switz\u00ader\u00adland in 2021 with the aim of de\u00adve\u00adlo\u00adping ro\u00adbust, wipe-clean and child-fri\u00adendly in\u00adte\u00adrior pro\u00adducts that are vi\u00adsually ap\u00adpe\u00adal\u00ading to both big and small. The brand is ba\u00adsed on prag\u00adma\u00adtism, but also ce\u00adle\u00adbra\u00adtes the en\u00adri\u00adching qua\u00adli\u00adties of co\u00adlor and tex\u00adture in in\u00adte\u00adrior de\u00adsign. The ar\u00adchi\u00adtec\u00adtu\u00adrally de\u00adsi\u00adgned pro\u00adducts are sus\u00adtain\u00adably made from a newly pa\u00adten\u00adted, OEKO-TEX \u00ae 100 cer\u00adti\u00adfied, si\u00adli\u00adcone-ba\u00adsed tex\u00adtile with a lea\u00adther effect.<\/p>\n<p>The pla\u00adce\u00admat is in\u00adcre\u00addi\u00adbly ro\u00adbust, wa\u00adter\u00adproof, highly stain-re\u00adsistant, odour\u00adless, heat\u00adproof, and plea\u00adsant to&nbsp;touch.<\/p>\n<p>They come in dif\u00adfe\u00adrent si\u00adzes, we have S as stan\u00addard in our coll\u00adec\u00adtion, as this first pro\u00adves its\u00adelf as a prac\u00adti\u00adcal, to-go chan\u00adging mat, then as a ta\u00adble pro\u00adtec\u00adtor for the first at\u00adtempts at ea\u00adting, and for the long-term as a base for pain\u00adting and craf\u00adting&nbsp;fun.<\/p>\n<p>The fa\u00adbric has a Ko\u00adrean Eco la\u00adbel and is 100% recyclable.<\/p>\n<p>We be\u00adlieve the pla\u00adce\u00admat from stu\u00addio huske to be a won\u00adderful ad\u00addi\u00adtion to an in\u00addi\u00advi\u00addual <a href=\"https:\/\/yourhappybox.ch\/en\/product-2\/das-perfekt-geschenk-fuer-die-schwangerschaft\/\" target=\"_blank\" rel=\"noopener\">Gift\u00adBox<\/a> or as an ad\u00addi\u00adtio\u00adnal fea\u00adture to our <a href=\"https:\/\/yourhappybox.ch\/en\/product-2\/happybox4-chaosbeherrschung\/\" target=\"_blank\" rel=\"noopener\">Your\u00adHap\u00adpy\u00adBox Birth<\/a>.<\/p>","protected":false},"featured_media":30252,"comment_status":"open","ping_status":"closed","template":"","meta":{"wp_typography_post_enhancements_disabled":false},"product_brand":[],"product_cat":[76],"product_tag":[108,107,110,109],"class_list":{"0":"post-30251","1":"product","2":"type-product","3":"status-publish","4":"has-post-thumbnail","6":"product_cat-weitere-produkte","7":"product_tag-alleskoenner","8":"product_tag-praktische-helfer","9":"product_tag-unterlage","10":"product_tag-wickeln","12":"first","13":"instock","14":"taxable","15":"shipping-taxable","16":"purchasable","17":"product-type-simple"},"yoast_head":"<!-- This site is optimized with the Yoast SEO plugin v27.3 - https:\/\/yoast.com\/product\/yoast-seo-wordpress\/ -->\n<title>Studio huske - der langfristige Begleiter<\/title>\n<meta name=\"description\" content=\"Erst die praktische Wickelmatte f\u00fcr unterwegs, dann der Tischbesch\u00fctzer bei den ersten Essversuchen und die langfristige Unterlage f\u00fcr Mal- und Bastelspass.\" \/>\n<meta name=\"robots\" content=\"index, follow, max-snippet:-1, max-image-preview:large, max-video-preview:-1\" \/>\n<link rel=\"canonical\" href=\"https:\/\/yourhappybox.ch\/en\/product-2\/wickelmatte\/\" \/>\n<meta property=\"og:locale\" content=\"en_GB\" \/>\n<meta property=\"og:type\" content=\"article\" \/>\n<meta property=\"og:title\" content=\"Studio huske - der langfristige Begleiter\" \/>\n<meta property=\"og:description\" content=\"Erst die praktische Wickelmatte f\u00fcr unterwegs, dann der Tischbesch\u00fctzer bei den ersten Essversuchen und die langfristige Unterlage f\u00fcr Mal- und Bastelspass.\" \/>\n<meta property=\"og:url\" content=\"https:\/\/yourhappybox.ch\/en\/product-2\/wickelmatte\/\" \/>\n<meta property=\"og:site_name\" content=\"YourHappyBox\" \/>\n<meta property=\"article:modified_time\" content=\"2025-05-19T09:04:35+00:00\" \/>\n<meta property=\"og:image\" content=\"https:\/\/yourhappybox.ch\/wp-content\/uploads\/2022\/10\/wiggle_peach_green_placemat_studio-huske-antislip-sensory-play-versatile-kids-play_mat_8.jpg\" \/>\n\t<meta property=\"og:image:width\" content=\"1152\" \/>\n\t<meta property=\"og:image:height\" content=\"2048\" \/>\n\t<meta property=\"og:image:type\" content=\"image\/jpeg\" \/>\n<meta name=\"twitter:card\" content=\"summary_large_image\" \/>\n<meta name=\"twitter:label1\" content=\"Estimated reading time\" \/>\n\t<meta name=\"twitter:data1\" content=\"1 minute\" \/>\n<script type=\"application\/ld+json\" class=\"yoast-schema-graph\">{\"@context\":\"https:\\\/\\\/schema.org\",\"@graph\":[{\"@type\":\"WebPage\",\"@id\":\"https:\\\/\\\/yourhappybox.ch\\\/produkt\\\/wickelmatte\\\/\",\"url\":\"https:\\\/\\\/yourhappybox.ch\\\/produkt\\\/wickelmatte\\\/\",\"name\":\"Studio huske - der langfristige Begleiter\",\"isPartOf\":{\"@id\":\"https:\\\/\\\/yourhappybox.ch\\\/en\\\/#website\"},\"primaryImageOfPage\":{\"@id\":\"https:\\\/\\\/yourhappybox.ch\\\/produkt\\\/wickelmatte\\\/#primaryimage\"},\"image\":{\"@id\":\"https:\\\/\\\/yourhappybox.ch\\\/produkt\\\/wickelmatte\\\/#primaryimage\"},\"thumbnailUrl\":\"https:\\\/\\\/yourhappybox.ch\\\/wp-content\\\/uploads\\\/2022\\\/10\\\/wiggle_peach_green_placemat_studio-huske-antislip-sensory-play-versatile-kids-play_mat_8.jpg\",\"datePublished\":\"2022-10-28T15:36:36+00:00\",\"dateModified\":\"2025-05-19T09:04:35+00:00\",\"description\":\"Erst die praktische Wickelmatte f\u00fcr unterwegs, dann der Tischbesch\u00fctzer bei den ersten Essversuchen und die langfristige Unterlage f\u00fcr Mal- und Bastelspass.\",\"breadcrumb\":{\"@id\":\"https:\\\/\\\/yourhappybox.ch\\\/produkt\\\/wickelmatte\\\/#breadcrumb\"},\"inLanguage\":\"en-GB\",\"potentialAction\":[{\"@type\":\"ReadAction\",\"target\":[\"https:\\\/\\\/yourhappybox.ch\\\/produkt\\\/wickelmatte\\\/\"]}]},{\"@type\":\"ImageObject\",\"inLanguage\":\"en-GB\",\"@id\":\"https:\\\/\\\/yourhappybox.ch\\\/produkt\\\/wickelmatte\\\/#primaryimage\",\"url\":\"https:\\\/\\\/yourhappybox.ch\\\/wp-content\\\/uploads\\\/2022\\\/10\\\/wiggle_peach_green_placemat_studio-huske-antislip-sensory-play-versatile-kids-play_mat_8.jpg\",\"contentUrl\":\"https:\\\/\\\/yourhappybox.ch\\\/wp-content\\\/uploads\\\/2022\\\/10\\\/wiggle_peach_green_placemat_studio-huske-antislip-sensory-play-versatile-kids-play_mat_8.jpg\",\"width\":1152,\"height\":2048},{\"@type\":\"BreadcrumbList\",\"@id\":\"https:\\\/\\\/yourhappybox.ch\\\/produkt\\\/wickelmatte\\\/#breadcrumb\",\"itemListElement\":[{\"@type\":\"ListItem\",\"position\":1,\"name\":\"Startseite\",\"item\":\"https:\\\/\\\/yourhappybox.ch\\\/\"},{\"@type\":\"ListItem\",\"position\":2,\"name\":\"Shop\",\"item\":\"https:\\\/\\\/yourhappybox.ch\\\/shop-essenzielle-schwangerschaftsprodukte\\\/\"},{\"@type\":\"ListItem\",\"position\":3,\"name\":\"Wickelmatte+\"}]},{\"@type\":\"WebSite\",\"@id\":\"https:\\\/\\\/yourhappybox.ch\\\/en\\\/#website\",\"url\":\"https:\\\/\\\/yourhappybox.ch\\\/en\\\/\",\"name\":\"YourHappyBox\",\"description\":\"Die Box, die dir Zeit w\u00e4hrend deiner Schwangerschaft schenkt\",\"potentialAction\":[{\"@type\":\"SearchAction\",\"target\":{\"@type\":\"EntryPoint\",\"urlTemplate\":\"https:\\\/\\\/yourhappybox.ch\\\/en\\\/?s={search_term_string}\"},\"query-input\":{\"@type\":\"PropertyValueSpecification\",\"valueRequired\":true,\"valueName\":\"search_term_string\"}}],\"inLanguage\":\"en-GB\"}]}<\/script>\n<!-- \/ Yoast SEO plugin. -->","yoast_head_json":{"title":"Stu\u00addio huske \u2014 der lang\u00adfris\u00adtige Begleiter","description":"Erst die prak\u00adti\u00adsche Wi\u00adckel\u00admatte f\u00fcr un\u00adter\u00adwegs, dann der Tisch\u00adbe\u00adsch\u00fct\u00adzer bei den ers\u00adten Ess\u00adver\u00adsu\u00adchen und die lang\u00adfris\u00adtige Un\u00adter\u00adlage f\u00fcr Mal- und Bastelspass.","robots":{"index":"index","follow":"follow","max-snippet":"max-snippet:-1","max-image-preview":"max-image-preview:large","max-video-preview":"max-video-preview:-1"},"canonical":"https:\/\/yourhappybox.ch\/en\/product-2\/wickelmatte\/","og_locale":"en_GB","og_type":"article","og_title":"Studio huske - der langfristige Begleiter","og_description":"Erst die praktische Wickelmatte f\u00fcr unterwegs, dann der Tischbesch\u00fctzer bei den ersten Essversuchen und die langfristige Unterlage f\u00fcr Mal- und Bastelspass.","og_url":"https:\/\/yourhappybox.ch\/en\/product-2\/wickelmatte\/","og_site_name":"YourHappyBox","article_modified_time":"2025-05-19T09:04:35+00:00","og_image":[{"width":1152,"height":2048,"url":"https:\/\/yourhappybox.ch\/wp-content\/uploads\/2022\/10\/wiggle_peach_green_placemat_studio-huske-antislip-sensory-play-versatile-kids-play_mat_8.jpg","type":"image\/jpeg"}],"twitter_card":"summary_large_image","twitter_misc":{"Estimated reading time":"1 minute"},"schema":{"@context":"https:\/\/schema.org","@graph":[{"@type":"WebPage","@id":"https:\/\/yourhappybox.ch\/produkt\/wickelmatte\/","url":"https:\/\/yourhappybox.ch\/produkt\/wickelmatte\/","name":"Stu\u00addio huske \u2014 der lang\u00adfris\u00adtige Begleiter","isPartOf":{"@id":"https:\/\/yourhappybox.ch\/en\/#website"},"primaryImageOfPage":{"@id":"https:\/\/yourhappybox.ch\/produkt\/wickelmatte\/#primaryimage"},"image":{"@id":"https:\/\/yourhappybox.ch\/produkt\/wickelmatte\/#primaryimage"},"thumbnailUrl":"https:\/\/yourhappybox.ch\/wp-content\/uploads\/2022\/10\/wiggle_peach_green_placemat_studio-huske-antislip-sensory-play-versatile-kids-play_mat_8.jpg","datePublished":"2022-10-28T15:36:36+00:00","dateModified":"2025-05-19T09:04:35+00:00","description":"Erst die prak\u00adti\u00adsche Wi\u00adckel\u00admatte f\u00fcr un\u00adter\u00adwegs, dann der Tisch\u00adbe\u00adsch\u00fct\u00adzer bei den ers\u00adten Ess\u00adver\u00adsu\u00adchen und die lang\u00adfris\u00adtige Un\u00adter\u00adlage f\u00fcr Mal- und Bastelspass.","breadcrumb":{"@id":"https:\/\/yourhappybox.ch\/produkt\/wickelmatte\/#breadcrumb"},"inLanguage":"en-GB","potentialAction":[{"@type":"ReadAction","target":["https:\/\/yourhappybox.ch\/produkt\/wickelmatte\/"]}]},{"@type":"ImageObject","inLanguage":"en-GB","@id":"https:\/\/yourhappybox.ch\/produkt\/wickelmatte\/#primaryimage","url":"https:\/\/yourhappybox.ch\/wp-content\/uploads\/2022\/10\/wiggle_peach_green_placemat_studio-huske-antislip-sensory-play-versatile-kids-play_mat_8.jpg","contentUrl":"https:\/\/yourhappybox.ch\/wp-content\/uploads\/2022\/10\/wiggle_peach_green_placemat_studio-huske-antislip-sensory-play-versatile-kids-play_mat_8.jpg","width":1152,"height":2048},{"@type":"BreadcrumbList","@id":"https:\/\/yourhappybox.ch\/produkt\/wickelmatte\/#breadcrumb","itemListElement":[{"@type":"ListItem","position":1,"name":"Startseite","item":"https:\/\/yourhappybox.ch\/"},{"@type":"ListItem","position":2,"name":"Shop","item":"https:\/\/yourhappybox.ch\/shop-essenzielle-schwangerschaftsprodukte\/"},{"@type":"ListItem","position":3,"name":"Wickelmatte+"}]},{"@type":"WebSite","@id":"https:\/\/yourhappybox.ch\/en\/#website","url":"https:\/\/yourhappybox.ch\/en\/","name":"Your\u00adHap\u00adpy\u00adBox","description":"Die Box, die dir Zeit w\u00e4h\u00adrend dei\u00adner Schwan\u00adger\u00adschaft schenkt","potentialAction":[{"@type":"SearchAction","target":{"@type":"EntryPoint","urlTemplate":"https:\/\/yourhappybox.ch\/en\/?s={search_term_string}"},"query-input":{"@type":"PropertyValueSpecification","valueRequired":true,"valueName":"search_term_string"}}],"inLanguage":"en-GB"}]}},"_links":{"self":[{"href":"https:\/\/yourhappybox.ch\/en\/wp-json\/wp\/v2\/product\/30251","targetHints":{"allow":["GET"]}}],"collection":[{"href":"https:\/\/yourhappybox.ch\/en\/wp-json\/wp\/v2\/product"}],"about":[{"href":"https:\/\/yourhappybox.ch\/en\/wp-json\/wp\/v2\/types\/product"}],"replies":[{"embeddable":true,"href":"https:\/\/yourhappybox.ch\/en\/wp-json\/wp\/v2\/comments?post=30251"}],"wp:featuredmedia":[{"embeddable":true,"href":"https:\/\/yourhappybox.ch\/en\/wp-json\/wp\/v2\/media\/30252"}],"wp:attachment":[{"href":"https:\/\/yourhappybox.ch\/en\/wp-json\/wp\/v2\/media?parent=30251"}],"wp:term":[{"taxonomy":"product_brand","embeddable":true,"href":"https:\/\/yourhappybox.ch\/en\/wp-json\/wp\/v2\/product_brand?post=30251"},{"taxonomy":"product_cat","embeddable":true,"href":"https:\/\/yourhappybox.ch\/en\/wp-json\/wp\/v2\/product_cat?post=30251"},{"taxonomy":"product_tag","embeddable":true,"href":"https:\/\/yourhappybox.ch\/en\/wp-json\/wp\/v2\/product_tag?post=30251"}],"curies":[{"name":"wp","href":"https:\/\/api.w.org\/{rel}","templated":true}]}}