{"id":30650,"date":"2023-03-02T17:50:37","date_gmt":"2023-03-02T16:50:37","guid":{"rendered":"https:\/\/yourhappybox.ch\/?post_type=product&#038;p=30650"},"modified":"2024-12-03T11:10:51","modified_gmt":"2024-12-03T10:10:51","slug":"bio-tee-fuers-wochenbett","status":"publish","type":"product","link":"https:\/\/yourhappybox.ch\/en\/produkt\/bio-tee-fuers-wochenbett\/","title":{"rendered":"Bio-Tee f\u00fcr das Wochenbett"},"content":{"rendered":"<p>Der feine Bio-Tee f\u00fcrs Wo\u00adchen\u00adbett be\u00adinhal\u00adtet Frau\u00aden\u00adman\u00adtel, Hir\u00adten\u00adt\u00e4\u00adschel, Me\u00adlisse, Schaf\u00adgarbe, Ka\u00admille und zu 100 %&nbsp;Bio.<\/p>\n<p>Der Bio-Tee kann w\u00e4h\u00adrend der gan\u00adzen Schwan\u00adger\u00adschaft ge\u00adnos\u00adsen wer\u00adden und l\u00f6st den Bio-Tee des 1. Tri\u00admes\u00adters ab, wenn die \u00dcbel\u00adkeit ein biss\u00adchen nach\u00adge\u00adlas\u00adsen hat. Falls Ihr auf der Su\u00adche seid nach ei\u00adnem Bio-Tee der euch in der Still\u00adzeit un\u00adter\u00adst\u00fctzt fin\u00addet ihr die\u00adsen <a href=\"https:\/\/yourhappybox.ch\/en\/product-2\/bio-tee-fuer-die-stillzeit\/\" target=\"_blank\" rel=\"noopener\">here<\/a>.<\/p>\n<p>&nbsp;<\/p>","protected":false},"excerpt":{"rendered":"<p>Die\u00adser Bio-Tee hat teewerk.ch f\u00fcr uns kre\u00adiert, da wir ei\u00adnen Tee such\u00adten, der un\u00adsere Frauen durch das Wo\u00adchen\u00adbett be\u00adglei\u00adtet un\u00adab\u00adh\u00e4n\u00adgig da\u00advon ob sie stil\u00adlen oder&nbsp;nicht.<\/p>\n<p>F\u00fcr den gan\u00adzen Frau\u00aden\u00adk\u00f6r\u00adper wohl\u00adtu\u00aden\u00adder, st\u00e4r\u00adken\u00adder und ent\u00adlas\u00adten\u00adder Tee aus aus\u00adge\u00adsuch\u00adten Bio- Kr\u00e4u\u00adtern. Die\u00adses Haus\u00adre\u00adzept, spe\u00adzi\u00adell f\u00fcr Your\u00adHap\u00adpy\u00adBox kre\u00adiert be\u00adinhal\u00adtet&nbsp;Frau\u00aden\u00adman\u00adtel, Hir\u00adten\u00adt\u00e4\u00adschel, Me\u00adlisse, Schaf\u00adgarbe und&nbsp;Ka\u00admille. Und na\u00adt\u00fcr\u00adlich ist er zu 100 % Bio. Es emp\u00adfiehlt sich 1TL Tee pro Tasse und 6\u20138 Mi\u00adnu\u00adten zie\u00adhen lassen.<\/p>\n<p>&nbsp;<\/p>","protected":false},"featured_media":30651,"comment_status":"open","ping_status":"closed","template":"","meta":{"wp_typography_post_enhancements_disabled":false},"product_brand":[],"product_cat":[46],"product_tag":[],"class_list":{"0":"post-30650","1":"product","2":"type-product","3":"status-publish","4":"has-post-thumbnail","6":"product_cat-tee-refill","8":"first","9":"instock","10":"taxable","11":"shipping-taxable","12":"purchasable","13":"product-type-simple"},"yoast_head":"<!-- This site is optimized with the Yoast SEO plugin v27.3 - https:\/\/yoast.com\/product\/yoast-seo-wordpress\/ -->\n<title>Bio-Tee f\u00fcrs Wochenbett<\/title>\n<meta name=\"description\" content=\"Dieser Bio-Tee wurde explizit f\u00fcrs Wochenbett kreiert und unterst\u00fctzt K\u00f6rper und Kopf bei der Regeneration nach der Geburt.\" \/>\n<meta name=\"robots\" content=\"index, follow, max-snippet:-1, max-image-preview:large, max-video-preview:-1\" \/>\n<link rel=\"canonical\" href=\"https:\/\/yourhappybox.ch\/en\/product-2\/bio-tee-fuers-wochenbett\/\" \/>\n<meta property=\"og:locale\" content=\"en_GB\" \/>\n<meta property=\"og:type\" content=\"article\" \/>\n<meta property=\"og:title\" content=\"Bio-Tee f\u00fcrs Wochenbett\" \/>\n<meta property=\"og:description\" content=\"Dieser Bio-Tee wurde explizit f\u00fcrs Wochenbett kreiert und unterst\u00fctzt K\u00f6rper und Kopf bei der Regeneration nach der Geburt.\" \/>\n<meta property=\"og:url\" content=\"https:\/\/yourhappybox.ch\/en\/product-2\/bio-tee-fuers-wochenbett\/\" \/>\n<meta property=\"og:site_name\" content=\"YourHappyBox\" \/>\n<meta property=\"article:modified_time\" content=\"2024-12-03T10:10:51+00:00\" \/>\n<meta property=\"og:image\" content=\"https:\/\/yourhappybox.ch\/wp-content\/uploads\/2023\/03\/IMG_E9540-scaled.jpg\" \/>\n\t<meta property=\"og:image:width\" content=\"1489\" \/>\n\t<meta property=\"og:image:height\" content=\"2560\" \/>\n\t<meta property=\"og:image:type\" content=\"image\/jpeg\" \/>\n<meta name=\"twitter:card\" content=\"summary_large_image\" \/>\n<meta name=\"twitter:label1\" content=\"Estimated reading time\" \/>\n\t<meta name=\"twitter:data1\" content=\"1 minute\" \/>\n<script type=\"application\/ld+json\" class=\"yoast-schema-graph\">{\"@context\":\"https:\\\/\\\/schema.org\",\"@graph\":[{\"@type\":\"WebPage\",\"@id\":\"https:\\\/\\\/yourhappybox.ch\\\/produkt\\\/bio-tee-fuers-wochenbett\\\/\",\"url\":\"https:\\\/\\\/yourhappybox.ch\\\/produkt\\\/bio-tee-fuers-wochenbett\\\/\",\"name\":\"Bio-Tee f\u00fcrs Wochenbett\",\"isPartOf\":{\"@id\":\"https:\\\/\\\/yourhappybox.ch\\\/en\\\/#website\"},\"primaryImageOfPage\":{\"@id\":\"https:\\\/\\\/yourhappybox.ch\\\/produkt\\\/bio-tee-fuers-wochenbett\\\/#primaryimage\"},\"image\":{\"@id\":\"https:\\\/\\\/yourhappybox.ch\\\/produkt\\\/bio-tee-fuers-wochenbett\\\/#primaryimage\"},\"thumbnailUrl\":\"https:\\\/\\\/yourhappybox.ch\\\/wp-content\\\/uploads\\\/2023\\\/03\\\/IMG_E9540-scaled.jpg\",\"datePublished\":\"2023-03-02T16:50:37+00:00\",\"dateModified\":\"2024-12-03T10:10:51+00:00\",\"description\":\"Dieser Bio-Tee wurde explizit f\u00fcrs Wochenbett kreiert und unterst\u00fctzt K\u00f6rper und Kopf bei der Regeneration nach der Geburt.\",\"breadcrumb\":{\"@id\":\"https:\\\/\\\/yourhappybox.ch\\\/produkt\\\/bio-tee-fuers-wochenbett\\\/#breadcrumb\"},\"inLanguage\":\"en-GB\",\"potentialAction\":[{\"@type\":\"ReadAction\",\"target\":[\"https:\\\/\\\/yourhappybox.ch\\\/produkt\\\/bio-tee-fuers-wochenbett\\\/\"]}]},{\"@type\":\"ImageObject\",\"inLanguage\":\"en-GB\",\"@id\":\"https:\\\/\\\/yourhappybox.ch\\\/produkt\\\/bio-tee-fuers-wochenbett\\\/#primaryimage\",\"url\":\"https:\\\/\\\/yourhappybox.ch\\\/wp-content\\\/uploads\\\/2023\\\/03\\\/IMG_E9540-scaled.jpg\",\"contentUrl\":\"https:\\\/\\\/yourhappybox.ch\\\/wp-content\\\/uploads\\\/2023\\\/03\\\/IMG_E9540-scaled.jpg\",\"width\":1489,\"height\":2560,\"caption\":\"Bio Wochenbett-Tee\"},{\"@type\":\"BreadcrumbList\",\"@id\":\"https:\\\/\\\/yourhappybox.ch\\\/produkt\\\/bio-tee-fuers-wochenbett\\\/#breadcrumb\",\"itemListElement\":[{\"@type\":\"ListItem\",\"position\":1,\"name\":\"Startseite\",\"item\":\"https:\\\/\\\/yourhappybox.ch\\\/\"},{\"@type\":\"ListItem\",\"position\":2,\"name\":\"Shop\",\"item\":\"https:\\\/\\\/yourhappybox.ch\\\/shop-essenzielle-schwangerschaftsprodukte\\\/\"},{\"@type\":\"ListItem\",\"position\":3,\"name\":\"Bio-Tee f\u00fcr das Wochenbett\"}]},{\"@type\":\"WebSite\",\"@id\":\"https:\\\/\\\/yourhappybox.ch\\\/en\\\/#website\",\"url\":\"https:\\\/\\\/yourhappybox.ch\\\/en\\\/\",\"name\":\"YourHappyBox\",\"description\":\"Die Box, die dir Zeit w\u00e4hrend deiner Schwangerschaft schenkt\",\"potentialAction\":[{\"@type\":\"SearchAction\",\"target\":{\"@type\":\"EntryPoint\",\"urlTemplate\":\"https:\\\/\\\/yourhappybox.ch\\\/en\\\/?s={search_term_string}\"},\"query-input\":{\"@type\":\"PropertyValueSpecification\",\"valueRequired\":true,\"valueName\":\"search_term_string\"}}],\"inLanguage\":\"en-GB\"}]}<\/script>\n<!-- \/ Yoast SEO plugin. -->","yoast_head_json":{"title":"Bio-Tee f\u00fcrs Wochenbett","description":"Die\u00adser Bio-Tee wurde ex\u00adpli\u00adzit f\u00fcrs Wo\u00adchen\u00adbett kre\u00adiert und un\u00adter\u00adst\u00fctzt K\u00f6r\u00adper und Kopf bei der Re\u00adge\u00adne\u00adra\u00adtion nach der Geburt.","robots":{"index":"index","follow":"follow","max-snippet":"max-snippet:-1","max-image-preview":"max-image-preview:large","max-video-preview":"max-video-preview:-1"},"canonical":"https:\/\/yourhappybox.ch\/en\/product-2\/bio-tee-fuers-wochenbett\/","og_locale":"en_GB","og_type":"article","og_title":"Bio-Tee f\u00fcrs Wochenbett","og_description":"Dieser Bio-Tee wurde explizit f\u00fcrs Wochenbett kreiert und unterst\u00fctzt K\u00f6rper und Kopf bei der Regeneration nach der Geburt.","og_url":"https:\/\/yourhappybox.ch\/en\/product-2\/bio-tee-fuers-wochenbett\/","og_site_name":"YourHappyBox","article_modified_time":"2024-12-03T10:10:51+00:00","og_image":[{"width":1489,"height":2560,"url":"https:\/\/yourhappybox.ch\/wp-content\/uploads\/2023\/03\/IMG_E9540-scaled.jpg","type":"image\/jpeg"}],"twitter_card":"summary_large_image","twitter_misc":{"Estimated reading time":"1 minute"},"schema":{"@context":"https:\/\/schema.org","@graph":[{"@type":"WebPage","@id":"https:\/\/yourhappybox.ch\/produkt\/bio-tee-fuers-wochenbett\/","url":"https:\/\/yourhappybox.ch\/produkt\/bio-tee-fuers-wochenbett\/","name":"Bio-Tee f\u00fcrs Wochenbett","isPartOf":{"@id":"https:\/\/yourhappybox.ch\/en\/#website"},"primaryImageOfPage":{"@id":"https:\/\/yourhappybox.ch\/produkt\/bio-tee-fuers-wochenbett\/#primaryimage"},"image":{"@id":"https:\/\/yourhappybox.ch\/produkt\/bio-tee-fuers-wochenbett\/#primaryimage"},"thumbnailUrl":"https:\/\/yourhappybox.ch\/wp-content\/uploads\/2023\/03\/IMG_E9540-scaled.jpg","datePublished":"2023-03-02T16:50:37+00:00","dateModified":"2024-12-03T10:10:51+00:00","description":"Die\u00adser Bio-Tee wurde ex\u00adpli\u00adzit f\u00fcrs Wo\u00adchen\u00adbett kre\u00adiert und un\u00adter\u00adst\u00fctzt K\u00f6r\u00adper und Kopf bei der Re\u00adge\u00adne\u00adra\u00adtion nach der Geburt.","breadcrumb":{"@id":"https:\/\/yourhappybox.ch\/produkt\/bio-tee-fuers-wochenbett\/#breadcrumb"},"inLanguage":"en-GB","potentialAction":[{"@type":"ReadAction","target":["https:\/\/yourhappybox.ch\/produkt\/bio-tee-fuers-wochenbett\/"]}]},{"@type":"ImageObject","inLanguage":"en-GB","@id":"https:\/\/yourhappybox.ch\/produkt\/bio-tee-fuers-wochenbett\/#primaryimage","url":"https:\/\/yourhappybox.ch\/wp-content\/uploads\/2023\/03\/IMG_E9540-scaled.jpg","contentUrl":"https:\/\/yourhappybox.ch\/wp-content\/uploads\/2023\/03\/IMG_E9540-scaled.jpg","width":1489,"height":2560,"caption":"Bio Wochenbett-Tee"},{"@type":"BreadcrumbList","@id":"https:\/\/yourhappybox.ch\/produkt\/bio-tee-fuers-wochenbett\/#breadcrumb","itemListElement":[{"@type":"ListItem","position":1,"name":"Startseite","item":"https:\/\/yourhappybox.ch\/"},{"@type":"ListItem","position":2,"name":"Shop","item":"https:\/\/yourhappybox.ch\/shop-essenzielle-schwangerschaftsprodukte\/"},{"@type":"ListItem","position":3,"name":"Bio-Tee f\u00fcr das Wochenbett"}]},{"@type":"WebSite","@id":"https:\/\/yourhappybox.ch\/en\/#website","url":"https:\/\/yourhappybox.ch\/en\/","name":"Your\u00adHap\u00adpy\u00adBox","description":"Die Box, die dir Zeit w\u00e4h\u00adrend dei\u00adner Schwan\u00adger\u00adschaft schenkt","potentialAction":[{"@type":"SearchAction","target":{"@type":"EntryPoint","urlTemplate":"https:\/\/yourhappybox.ch\/en\/?s={search_term_string}"},"query-input":{"@type":"PropertyValueSpecification","valueRequired":true,"valueName":"search_term_string"}}],"inLanguage":"en-GB"}]}},"_links":{"self":[{"href":"https:\/\/yourhappybox.ch\/en\/wp-json\/wp\/v2\/product\/30650","targetHints":{"allow":["GET"]}}],"collection":[{"href":"https:\/\/yourhappybox.ch\/en\/wp-json\/wp\/v2\/product"}],"about":[{"href":"https:\/\/yourhappybox.ch\/en\/wp-json\/wp\/v2\/types\/product"}],"replies":[{"embeddable":true,"href":"https:\/\/yourhappybox.ch\/en\/wp-json\/wp\/v2\/comments?post=30650"}],"wp:featuredmedia":[{"embeddable":true,"href":"https:\/\/yourhappybox.ch\/en\/wp-json\/wp\/v2\/media\/30651"}],"wp:attachment":[{"href":"https:\/\/yourhappybox.ch\/en\/wp-json\/wp\/v2\/media?parent=30650"}],"wp:term":[{"taxonomy":"product_brand","embeddable":true,"href":"https:\/\/yourhappybox.ch\/en\/wp-json\/wp\/v2\/product_brand?post=30650"},{"taxonomy":"product_cat","embeddable":true,"href":"https:\/\/yourhappybox.ch\/en\/wp-json\/wp\/v2\/product_cat?post=30650"},{"taxonomy":"product_tag","embeddable":true,"href":"https:\/\/yourhappybox.ch\/en\/wp-json\/wp\/v2\/product_tag?post=30650"}],"curies":[{"name":"wp","href":"https:\/\/api.w.org\/{rel}","templated":true}]}}