{"id":30652,"date":"2023-03-02T18:00:14","date_gmt":"2023-03-02T17:00:14","guid":{"rendered":"https:\/\/yourhappybox.ch\/?post_type=product&#038;p=30652"},"modified":"2024-12-03T11:10:55","modified_gmt":"2024-12-03T10:10:55","slug":"bio-tee-fuer-die-stillzeit","status":"publish","type":"product","link":"https:\/\/yourhappybox.ch\/en\/product-2\/bio-tee-fuer-die-stillzeit\/","title":{"rendered":"Bio-Tee f\u00fcr die Stillzeit"},"content":{"rendered":"<p>Der feine Bio-Tee ist ein Haus\u00adre\u00adzept von teewerk.ch f\u00fcr die Still\u00adzeit. Der wohl\u00adschme\u00adckende, hoch\u00adwer\u00adtig Bio-Tee ist ex\u00adtra f\u00fcr das Wohl\u00adbe\u00adfin\u00adden von Mut\u00adter und Kind zusammengemischt.<\/p>\n<p>Die\u00adser Bio-Tee f\u00f6r\u00addert w\u00e4h\u00adrend der Still\u00adzeit und es ist emp\u00adfoh\u00adlen nicht&nbsp; mehr als 3 Tas\u00adsen pro Tag zu kon\u00adsu\u00admie\u00adren. Diese An\u00adgabe kann va\u00adri\u00adie\u00adren, je nach dem Um\u00adfang der Milch\u00adpro\u00adduk\u00adtion. Sprecht es am liebs\u00adten mit eu\u00adrer Heb\u00adamme ab. Wir k\u00f6n\u00adnen in die\u00adser Zeit auch un\u00adse\u00adren Bio-Ma\u00adma\u00adtee emp\u00adfeh\u00adlen. Die\u00adsen fin\u00addet ihr <a href=\"https:\/\/yourhappybox.ch\/en\/product-2\/bio-tee-fuers-wochenbett\/\" target=\"_blank\" rel=\"noopener\">here<\/a>.<\/p>","protected":false},"excerpt":{"rendered":"<p>Die\u00adser Bio-Still\u00adtee hat teewerk.ch f\u00fcr uns kre\u00adiert, da wir ei\u00adnen Tee such\u00adten, der un\u00adsere Frauen durch die Still\u00adzeit be\u00adglei\u00adtet. Das ist eine su\u00adper an\u00adspruchs\u00advolle Zeit f\u00fcr M\u00fct\u00adter und je mehr wir un\u00adter\u00adst\u00fct\u00adzen k\u00f6n\u00adnen, desto besser.<\/p>\n<p>F\u00fcr den gan\u00adzen Frau\u00aden\u00adk\u00f6r\u00adper wohl\u00adtu\u00aden\u00adder, st\u00e4r\u00adken\u00adder und ent\u00adlas\u00adten\u00adder Tee aus aus\u00adge\u00adsuch\u00adten Bio- Kr\u00e4u\u00adtern. Die\u00adses Haus\u00adre\u00adzept, spe\u00adzi\u00adell f\u00fcr Your\u00adHap\u00adpy\u00adBox kre\u00adiert be\u00adinhal\u00adtet Anis, Fen\u00adchel, K\u00fcm\u00admel, Schwarz\u00adk\u00fcm\u00admel, Dill, Ma\u00adjo\u00adran, Me\u00adlisse. Und na\u00adt\u00fcr\u00adlich ist er zu 100 % Bio. Es k\u00f6n\u00adnen bis zu 3 Tas\u00adsen t\u00e4g\u00adlich kon\u00adsu\u00admiert wer\u00adden. Bitte mit der Heb\u00adamme ab\u00adspre\u00adchen, die kann ein\u00adsch\u00e4t\u00adzen ob es bei eu\u00adrer Milch\u00adpro\u00adduk\u00adtion eher mehr oder we\u00adni\u00adger braucht. Es emp\u00adfiehlt sich 1TL Tee pro Tasse und 6\u20138 Mi\u00adnu\u00adten zie\u00adhen lassen.<\/p>\n<p>&nbsp;<\/p>","protected":false},"featured_media":29085,"comment_status":"open","ping_status":"closed","template":"","meta":{"wp_typography_post_enhancements_disabled":false},"product_brand":[],"product_cat":[46],"product_tag":[],"class_list":{"0":"post-30652","1":"product","2":"type-product","3":"status-publish","4":"has-post-thumbnail","6":"product_cat-tee-refill","8":"first","9":"instock","10":"taxable","11":"shipping-taxable","12":"purchasable","13":"product-type-simple"},"yoast_head":"<!-- This site is optimized with the Yoast SEO plugin v26.8 - https:\/\/yoast.com\/product\/yoast-seo-wordpress\/ -->\n<title>Bio-Tee f\u00fcr die Stillzeit<\/title>\n<meta name=\"description\" content=\"Dieser Bio-Tee f\u00fcr die Stillzeit begleitet Mutter und Kind durch die Stillzeit. Mit Anis, Fenchel, K\u00fcmmel, Dill, Majoran und Melisse eine perfekte Mischung.\" \/>\n<meta name=\"robots\" content=\"index, follow, max-snippet:-1, max-image-preview:large, max-video-preview:-1\" \/>\n<link rel=\"canonical\" href=\"https:\/\/yourhappybox.ch\/en\/product-2\/bio-tee-fuer-die-stillzeit\/\" \/>\n<meta property=\"og:locale\" content=\"en_GB\" \/>\n<meta property=\"og:type\" content=\"article\" \/>\n<meta property=\"og:title\" content=\"Bio-Tee f\u00fcr die Stillzeit\" \/>\n<meta property=\"og:description\" content=\"Dieser Bio-Tee f\u00fcr die Stillzeit begleitet Mutter und Kind durch die Stillzeit. Mit Anis, Fenchel, K\u00fcmmel, Dill, Majoran und Melisse eine perfekte Mischung.\" \/>\n<meta property=\"og:url\" content=\"https:\/\/yourhappybox.ch\/en\/product-2\/bio-tee-fuer-die-stillzeit\/\" \/>\n<meta property=\"og:site_name\" content=\"YourHappyBox\" \/>\n<meta property=\"article:modified_time\" content=\"2024-12-03T10:10:55+00:00\" \/>\n<meta property=\"og:image\" content=\"https:\/\/yourhappybox.ch\/wp-content\/uploads\/2021\/11\/041-210102-yourhappybox-studio-session_DSF4324.jpg\" \/>\n\t<meta property=\"og:image:width\" content=\"1600\" \/>\n\t<meta property=\"og:image:height\" content=\"2000\" \/>\n\t<meta property=\"og:image:type\" content=\"image\/jpeg\" \/>\n<meta name=\"twitter:card\" content=\"summary_large_image\" \/>\n<meta name=\"twitter:label1\" content=\"Estimated reading time\" \/>\n\t<meta name=\"twitter:data1\" content=\"1 minute\" \/>\n<script type=\"application\/ld+json\" class=\"yoast-schema-graph\">{\"@context\":\"https:\/\/schema.org\",\"@graph\":[{\"@type\":\"WebPage\",\"@id\":\"https:\/\/yourhappybox.ch\/produkt\/bio-tee-fuer-die-stillzeit\/\",\"url\":\"https:\/\/yourhappybox.ch\/produkt\/bio-tee-fuer-die-stillzeit\/\",\"name\":\"Bio-Tee f\u00fcr die Stillzeit\",\"isPartOf\":{\"@id\":\"https:\/\/yourhappybox.ch\/en\/#website\"},\"primaryImageOfPage\":{\"@id\":\"https:\/\/yourhappybox.ch\/produkt\/bio-tee-fuer-die-stillzeit\/#primaryimage\"},\"image\":{\"@id\":\"https:\/\/yourhappybox.ch\/produkt\/bio-tee-fuer-die-stillzeit\/#primaryimage\"},\"thumbnailUrl\":\"https:\/\/yourhappybox.ch\/wp-content\/uploads\/2021\/11\/041-210102-yourhappybox-studio-session_DSF4324.jpg\",\"datePublished\":\"2023-03-02T17:00:14+00:00\",\"dateModified\":\"2024-12-03T10:10:55+00:00\",\"description\":\"Dieser Bio-Tee f\u00fcr die Stillzeit begleitet Mutter und Kind durch die Stillzeit. Mit Anis, Fenchel, K\u00fcmmel, Dill, Majoran und Melisse eine perfekte Mischung.\",\"breadcrumb\":{\"@id\":\"https:\/\/yourhappybox.ch\/produkt\/bio-tee-fuer-die-stillzeit\/#breadcrumb\"},\"inLanguage\":\"en-GB\",\"potentialAction\":[{\"@type\":\"ReadAction\",\"target\":[\"https:\/\/yourhappybox.ch\/produkt\/bio-tee-fuer-die-stillzeit\/\"]}]},{\"@type\":\"ImageObject\",\"inLanguage\":\"en-GB\",\"@id\":\"https:\/\/yourhappybox.ch\/produkt\/bio-tee-fuer-die-stillzeit\/#primaryimage\",\"url\":\"https:\/\/yourhappybox.ch\/wp-content\/uploads\/2021\/11\/041-210102-yourhappybox-studio-session_DSF4324.jpg\",\"contentUrl\":\"https:\/\/yourhappybox.ch\/wp-content\/uploads\/2021\/11\/041-210102-yourhappybox-studio-session_DSF4324.jpg\",\"width\":1600,\"height\":2000,\"caption\":\"Bio Stilltee\"},{\"@type\":\"BreadcrumbList\",\"@id\":\"https:\/\/yourhappybox.ch\/produkt\/bio-tee-fuer-die-stillzeit\/#breadcrumb\",\"itemListElement\":[{\"@type\":\"ListItem\",\"position\":1,\"name\":\"Startseite\",\"item\":\"https:\/\/yourhappybox.ch\/\"},{\"@type\":\"ListItem\",\"position\":2,\"name\":\"Shop\",\"item\":\"https:\/\/yourhappybox.ch\/shop-essenzielle-schwangerschaftsprodukte\/\"},{\"@type\":\"ListItem\",\"position\":3,\"name\":\"Bio-Tee f\u00fcr die Stillzeit\"}]},{\"@type\":\"WebSite\",\"@id\":\"https:\/\/yourhappybox.ch\/en\/#website\",\"url\":\"https:\/\/yourhappybox.ch\/en\/\",\"name\":\"YourHappyBox\",\"description\":\"Die Box, die dir Zeit w\u00e4hrend deiner Schwangerschaft schenkt\",\"potentialAction\":[{\"@type\":\"SearchAction\",\"target\":{\"@type\":\"EntryPoint\",\"urlTemplate\":\"https:\/\/yourhappybox.ch\/en\/?s={search_term_string}\"},\"query-input\":{\"@type\":\"PropertyValueSpecification\",\"valueRequired\":true,\"valueName\":\"search_term_string\"}}],\"inLanguage\":\"en-GB\"}]}<\/script>\n<!-- \/ Yoast SEO plugin. -->","yoast_head_json":{"title":"Bio-Tee f\u00fcr die Stillzeit","description":"Die\u00adser Bio-Tee f\u00fcr die Still\u00adzeit be\u00adglei\u00adtet Mut\u00adter und Kind durch die Still\u00adzeit. Mit Anis, Fen\u00adchel, K\u00fcm\u00admel, Dill, Ma\u00adjo\u00adran und Me\u00adlisse eine per\u00adfekte Mischung.","robots":{"index":"index","follow":"follow","max-snippet":"max-snippet:-1","max-image-preview":"max-image-preview:large","max-video-preview":"max-video-preview:-1"},"canonical":"https:\/\/yourhappybox.ch\/en\/product-2\/bio-tee-fuer-die-stillzeit\/","og_locale":"en_GB","og_type":"article","og_title":"Bio-Tee f\u00fcr die Stillzeit","og_description":"Dieser Bio-Tee f\u00fcr die Stillzeit begleitet Mutter und Kind durch die Stillzeit. Mit Anis, Fenchel, K\u00fcmmel, Dill, Majoran und Melisse eine perfekte Mischung.","og_url":"https:\/\/yourhappybox.ch\/en\/product-2\/bio-tee-fuer-die-stillzeit\/","og_site_name":"YourHappyBox","article_modified_time":"2024-12-03T10:10:55+00:00","og_image":[{"width":1600,"height":2000,"url":"https:\/\/yourhappybox.ch\/wp-content\/uploads\/2021\/11\/041-210102-yourhappybox-studio-session_DSF4324.jpg","type":"image\/jpeg"}],"twitter_card":"summary_large_image","twitter_misc":{"Estimated reading time":"1 minute"},"schema":{"@context":"https:\/\/schema.org","@graph":[{"@type":"WebPage","@id":"https:\/\/yourhappybox.ch\/produkt\/bio-tee-fuer-die-stillzeit\/","url":"https:\/\/yourhappybox.ch\/produkt\/bio-tee-fuer-die-stillzeit\/","name":"Bio-Tee f\u00fcr die Stillzeit","isPartOf":{"@id":"https:\/\/yourhappybox.ch\/en\/#website"},"primaryImageOfPage":{"@id":"https:\/\/yourhappybox.ch\/produkt\/bio-tee-fuer-die-stillzeit\/#primaryimage"},"image":{"@id":"https:\/\/yourhappybox.ch\/produkt\/bio-tee-fuer-die-stillzeit\/#primaryimage"},"thumbnailUrl":"https:\/\/yourhappybox.ch\/wp-content\/uploads\/2021\/11\/041-210102-yourhappybox-studio-session_DSF4324.jpg","datePublished":"2023-03-02T17:00:14+00:00","dateModified":"2024-12-03T10:10:55+00:00","description":"Die\u00adser Bio-Tee f\u00fcr die Still\u00adzeit be\u00adglei\u00adtet Mut\u00adter und Kind durch die Still\u00adzeit. Mit Anis, Fen\u00adchel, K\u00fcm\u00admel, Dill, Ma\u00adjo\u00adran und Me\u00adlisse eine per\u00adfekte Mischung.","breadcrumb":{"@id":"https:\/\/yourhappybox.ch\/produkt\/bio-tee-fuer-die-stillzeit\/#breadcrumb"},"inLanguage":"en-GB","potentialAction":[{"@type":"ReadAction","target":["https:\/\/yourhappybox.ch\/produkt\/bio-tee-fuer-die-stillzeit\/"]}]},{"@type":"ImageObject","inLanguage":"en-GB","@id":"https:\/\/yourhappybox.ch\/produkt\/bio-tee-fuer-die-stillzeit\/#primaryimage","url":"https:\/\/yourhappybox.ch\/wp-content\/uploads\/2021\/11\/041-210102-yourhappybox-studio-session_DSF4324.jpg","contentUrl":"https:\/\/yourhappybox.ch\/wp-content\/uploads\/2021\/11\/041-210102-yourhappybox-studio-session_DSF4324.jpg","width":1600,"height":2000,"caption":"Bio Stilltee"},{"@type":"BreadcrumbList","@id":"https:\/\/yourhappybox.ch\/produkt\/bio-tee-fuer-die-stillzeit\/#breadcrumb","itemListElement":[{"@type":"ListItem","position":1,"name":"Startseite","item":"https:\/\/yourhappybox.ch\/"},{"@type":"ListItem","position":2,"name":"Shop","item":"https:\/\/yourhappybox.ch\/shop-essenzielle-schwangerschaftsprodukte\/"},{"@type":"ListItem","position":3,"name":"Bio-Tee f\u00fcr die Stillzeit"}]},{"@type":"WebSite","@id":"https:\/\/yourhappybox.ch\/en\/#website","url":"https:\/\/yourhappybox.ch\/en\/","name":"Your\u00adHap\u00adpy\u00adBox","description":"Die Box, die dir Zeit w\u00e4h\u00adrend dei\u00adner Schwan\u00adger\u00adschaft schenkt","potentialAction":[{"@type":"SearchAction","target":{"@type":"EntryPoint","urlTemplate":"https:\/\/yourhappybox.ch\/en\/?s={search_term_string}"},"query-input":{"@type":"PropertyValueSpecification","valueRequired":true,"valueName":"search_term_string"}}],"inLanguage":"en-GB"}]}},"_links":{"self":[{"href":"https:\/\/yourhappybox.ch\/en\/wp-json\/wp\/v2\/product\/30652","targetHints":{"allow":["GET"]}}],"collection":[{"href":"https:\/\/yourhappybox.ch\/en\/wp-json\/wp\/v2\/product"}],"about":[{"href":"https:\/\/yourhappybox.ch\/en\/wp-json\/wp\/v2\/types\/product"}],"replies":[{"embeddable":true,"href":"https:\/\/yourhappybox.ch\/en\/wp-json\/wp\/v2\/comments?post=30652"}],"wp:featuredmedia":[{"embeddable":true,"href":"https:\/\/yourhappybox.ch\/en\/wp-json\/wp\/v2\/media\/29085"}],"wp:attachment":[{"href":"https:\/\/yourhappybox.ch\/en\/wp-json\/wp\/v2\/media?parent=30652"}],"wp:term":[{"taxonomy":"product_brand","embeddable":true,"href":"https:\/\/yourhappybox.ch\/en\/wp-json\/wp\/v2\/product_brand?post=30652"},{"taxonomy":"product_cat","embeddable":true,"href":"https:\/\/yourhappybox.ch\/en\/wp-json\/wp\/v2\/product_cat?post=30652"},{"taxonomy":"product_tag","embeddable":true,"href":"https:\/\/yourhappybox.ch\/en\/wp-json\/wp\/v2\/product_tag?post=30652"}],"curies":[{"name":"wp","href":"https:\/\/api.w.org\/{rel}","templated":true}]}}