{"id":28897,"date":"2021-11-02T11:07:24","date_gmt":"2021-11-02T10:07:24","guid":{"rendered":"https:\/\/yourhappybox.ch\/?page_id=28897"},"modified":"2022-09-06T06:44:35","modified_gmt":"2022-09-06T04:44:35","slug":"das-ist-unsere-geschichte","status":"publish","type":"page","link":"https:\/\/yourhappybox.ch\/fr\/das-ist-unsere-geschichte\/","title":{"rendered":"Notre his\u00adtoire"},"content":{"rendered":"<div id=\"home\" data-column-margin=\"90px\" data-midnight=\"dark\" data-top-percent=\"6%\" data-bottom-percent=\"6%\" class=\"wpb_row vc_row-fluid vc_row full-width-section vc_row-o-equal-height vc_row-flex vc_row-o-content-middle  reverse_columns_column_tablet top_padding_tablet_8pct bottom_padding_tablet_8pct\" style=\"padding-top: calc(100vw * 0.06); padding-bottom: calc(100vw * 0.06); \"><div class=\"row-bg-wrap\" data-bg-animation=\"none\" data-bg-animation-delay data-bg-overlay=\"false\"><div class=\"inner-wrap row-bg-layer\"><div class=\"row-bg viewport-desktop using-bg-color\" style=\"background-color: #ffffff; \"><\/div><\/div><\/div><div class=\"row_col_wrap_12 col span_12 dark left\">\n\t<div class=\"vc_col-sm-6 vc_col-xs-12 wpb_column column_container vc_column_container col no-extra-padding inherit_tablet inherit_phone\" data-padding-pos=\"all\" data-has-bg-color=\"false\" data-bg-color data-bg-opacity=\"1\" data-animation data-delay=\"0\">\n\t\t<div class=\"vc_column-inner\">\n\t\t\t<div class=\"wpb_wrapper\">\n\t\t\t\t<div id=\"fws_69e8ea42afb6d\" data-midnight data-column-margin=\"default\" class=\"wpb_row vc_row-fluid vc_row inner_row\" style><div class=\"row-bg-wrap\"> <div class=\"row-bg\"><\/div> <\/div><div class=\"row_col_wrap_12_inner col span_12  left\">\n\t<div style class=\"vc_col-sm-12 wpb_column column_container vc_column_container col child_column no-extra-padding inherit_tablet inherit_phone\" data-using-bg=\"true\" data-bg-cover=\"true\" data-padding-pos=\"all\" data-has-bg-color=\"false\" data-bg-color data-bg-opacity=\"1\" data-animation data-delay=\"0\">\n\t\t<div class=\"vc_column-inner\"><div class=\"column-image-bg-wrap column-bg-layer viewport-desktop\" data-bg-pos=\"center top\" data-bg-animation=\"none\" data-bg-overlay=\"false\"><div class=\"inner-wrap\"><div class=\"column-image-bg\" style=\" background-image: url('https:\/\/yourhappybox.ch\/wp-content\/uploads\/2022\/09\/030-220049-portraits-bianca-marta-studio_DSF1867-scaled.jpg'); \"><\/div><\/div><\/div>\n\t\t<div class=\"wpb_wrapper\">\n\t\t\t<div class=\"divider-wrap height_tablet_40vh height_phone_300px\" data-alignment=\"default\"><div style=\"height: 65vh;\" class=\"divider\"><\/div><\/div>\n\t\t<\/div> \n\t<\/div>\n\t<\/div> \n<\/div><\/div>\n\t\t\t<\/div> \n\t\t<\/div>\n\t<\/div> \n\n\t<div style=\"z-index: 100; \" class=\"vc_col-sm-6 vc_col-xs-12 wpb_column column_container vc_column_container col padding-4-percent el_spacing_10px no-extra-padding_tablet no-extra-padding_phone\" data-padding-pos=\"right\" data-has-bg-color=\"false\" data-bg-color data-bg-opacity=\"1\" data-animation data-delay=\"0\">\n\t\t<div class=\"vc_column-inner\">\n\t\t\t<div class=\"wpb_wrapper\">\n\t\t\t\t<div id=\"fws_69e8ea42b0c53\" data-midnight data-column-margin=\"default\" class=\"wpb_row vc_row-fluid vc_row inner_row\" style><div class=\"row-bg-wrap\"> <div class=\"row-bg\"><\/div> <\/div><div class=\"row_col_wrap_12_inner col span_12  left\">\n\t<div class=\"vc_col-sm-12 wpb_column column_container vc_column_container col child_column has-animation no-extra-padding el_spacing_5px inherit_tablet inherit_phone\" data-padding-pos=\"all\" data-has-bg-color=\"false\" data-bg-color data-bg-opacity=\"1\" data-animation=\"fade-in-from-bottom\" data-delay=\"0\">\n\t\t<div class=\"vc_column-inner\">\n\t\t<div class=\"wpb_wrapper\">\n\t\t\t<div class=\"nectar-highlighted-text\" data-style=\"full_text\" data-exp=\"default\" data-user-color=\"true\" style=\"color: #000000;\" data-using-custom-color=\"true\" data-animation-delay=\"400\" data-color=\"#bdb2ac\" data-color-gradient><h5><em>Voici notre histoire<\/em><\/h5>\n<\/div>\n\t\t<\/div> \n\t<\/div>\n\t<\/div> \n<\/div><\/div><div id=\"fws_69e8ea42b14c3\" data-midnight data-column-margin=\"default\" class=\"wpb_row vc_row-fluid vc_row inner_row\" style><div class=\"row-bg-wrap\"> <div class=\"row-bg\"><\/div> <\/div><div class=\"row_col_wrap_12_inner col span_12  left\">\n\t<div class=\"vc_col-sm-12 wpb_column column_container vc_column_container col child_column has-animation no-extra-padding el_spacing_5px inherit_tablet inherit_phone\" data-padding-pos=\"all\" data-has-bg-color=\"false\" data-bg-color data-bg-opacity=\"1\" data-animation=\"fade-in-from-bottom\" data-delay=\"0\">\n\t\t<div class=\"vc_column-inner\">\n\t\t<div class=\"wpb_wrapper\">\n\t\t\t\n<div class=\"wpb_text_column wpb_content_element\">\n\t<div class=\"wpb_wrapper\">\n\t\t<h5><strong>Notre histoire commence par le surmenage que j\u2019ai v\u00e9cu lors de ma propre grossesse<\/strong><\/h5>\n<p>Et sou\u00addain, j\u2019\u00e9\u00adtais enceinte\u2026 J\u2019ai tou\u00adjours voulu avoir des en\u00adfants, mais jus\u00adqu\u2019\u00e0 pr\u00e9\u00adsent, ma car\u00adri\u00ad\u00e8re \u00e9tait au centre de mes pr\u00e9\u00adoc\u00adcu\u00adpa\u00adti\u00adons. Mon tra\u00advail pren\u00adant et exi\u00adgeant ne me lais\u00adsait que peu de place pour m\u2019oc\u00adcuper de ma gross\u00adesse comme je l\u2019au\u00adrais so\u00adu\u00adhait\u00e9. Le soir, j\u2019\u00e9\u00adtais sou\u00advent trop fa\u00adti\u00adgu\u00e9e pour cher\u00adcher sur Google tou\u00adtes les ques\u00adti\u00adons qui me ve\u00adnaient \u00e0 l\u2019e\u00adsprit sur le su\u00adjet. Si je trou\u00advais tout de m\u00eame l\u2019\u00e9\u00adner\u00adgie n\u00e9\u00adces\u00adsaire, j\u2019\u00e9\u00adtais alors lit\u00adt\u00e9\u00adra\u00adle\u00adment d\u00e9\u00adpas\u00ads\u00e9e par l\u2019\u00e9\u00adnorme flux d\u2019in\u00adfor\u00adma\u00adti\u00adons, de con\u00adseils et d\u2019as\u00adtuces en&nbsp;ligne.<\/p>\n<h5><strong>Les produits essentiels pour une grossesse sereine<\/strong><\/h5>\n<p>Neuf mois plus tard, je te\u00adnais ma fille dans les bras et j\u2019\u00e9\u00adtais tout sim\u00adple\u00adment aux an\u00adges. Et je me suis de\u00adman\u00add\u00e9e com\u00adment je pou\u00advais sou\u00adte\u00adnir d\u2019au\u00adt\u00adres femmes, qui el\u00adles aussi doi\u00advent pen\u00addant neuf mois jon\u00adgler entre me\u00adtier et gross\u00adesse, sans par\u00adler du chaos qui suit. Your\u00adHap\u00adpy\u00adBox est la r\u00e9\u00adponse. Tous les <a href=\"https:\/\/yourhappybox.ch\/fr\/die-sind-drin\/\">Par\u00adten\u00adaires<\/a> et les pro\u00adduits ont \u00e9t\u00e9 s\u00e9lec\u00adtion\u00adn\u00e9s avec beau\u00adcoup de soin. Il nous te\u00adnait \u00e0 c\u0153ur que la du\u00adra\u00adbi\u00adlit\u00e9 et la qua\u00adlit\u00e9 soi\u00adent au pre\u00admier plan. Mais aussi que, dans la me\u00adsure du pos\u00adsi\u00adble, que ce soit des en\u00adt\u00adre\u00adpri\u00adses fa\u00admi\u00adlia\u00adles su\u00adis\u00adses et di\u00adri\u00adg\u00e9es par une femme. En g\u00e9\u00adn\u00e9\u00adral, nous pen\u00adsons que chaque fois que nous pou\u00advons sou\u00adte\u00adnir une femme, nous de\u00advons le&nbsp;faire&nbsp;!<\/p>\n<h5><strong>Conseils &amp; astuces pour la grossesse<\/strong><\/h5>\n<p>Dans la ru\u00adbri\u00adque <a href=\"https:\/\/yourhappybox.ch\/fr\/wissenswertes\/\">Bon \u00e0 sa\u00advoir<\/a> nous coll\u00adec\u00adtons tou\u00adjours plus d\u2019ar\u00adtic\u00adles, de con\u00adseils, d\u2019as\u00adtuces et de li\u00adens dans le but de per\u00admettre \u00e0 d\u2019au\u00adt\u00adres femmes de na\u00advi\u00adguer plus fa\u00adci\u00adle\u00adment et plus ra\u00adpi\u00adde\u00adment \u00e0 tra\u00advers cette phase pas\u00adsi\u00adon\u00adnante et ainsi que dans les em\u00adb\u00fbches qui l\u2019\u00adac\u00adcom\u00adpa\u00adgne. Beau\u00adcoup de cho\u00adses se trou\u00advent dans les pro\u00adfon\u00addeurs in\u00adfi\u00adnies d\u2019In\u00adter\u00adnet. Nous y ras\u00adsem\u00adblons et vous fa\u00adci\u00adli\u00adtons la re\u00adcher\u00adche au\u00adtant que possible.<\/p>\n<p>Je suis con\u00adtente que tu sois l\u00e0 et que tu t\u2019in\u00adt\u00e9\u00adres\u00adses \u00e0 notre histoire.<\/p>\n\t<\/div>\n<\/div>\n\n\n\n\n\t\t<\/div> \n\t<\/div>\n\t<\/div> \n<\/div><\/div>\n\t\t\t<\/div> \n\t\t<\/div>\n\t<\/div> \n<\/div><\/div>","protected":false},"excerpt":{"rendered":"Das ist un\u00adsere Ge\u00adschichte Un\u00adsere Ge\u00adschichte be\u00adginnt mit der \u00dcber\u00adfor\u00adde\u00adrung in der ei\u00adge\u00adnen Schwan\u00adger\u00adschaft Und pl\u00f6tz\u00adlich war ich schwan\u00adger\u2026 Kin\u00adder wollte ich schon im\u00admer, bis\u00adlang stand aber die Kar\u00adriere&nbsp;im\u2026","protected":false},"author":1,"featured_media":0,"parent":0,"menu_order":0,"comment_status":"closed","ping_status":"closed","template":"","meta":{"wp_typography_post_enhancements_disabled":false,"footnotes":""},"class_list":["post-28897","page","type-page","status-publish"],"yoast_head":"<!-- This site is optimized with the Yoast SEO plugin v27.3 - https:\/\/yoast.com\/product\/yoast-seo-wordpress\/ -->\n<title>Unsere Geschichte | Your Happy Box<\/title>\n<meta name=\"description\" content=\"Bei Your Happy Box, konzentrieren wir uns darauf, die beste Schwangerschaftsbox mit wichtigen Produkten anzubieten damit es andere Frauen m\u00f6glichst einfach in ihrer Schwangerschaft haben.\" \/>\n<meta name=\"robots\" content=\"index, follow, max-snippet:-1, max-image-preview:large, max-video-preview:-1\" \/>\n<link rel=\"canonical\" href=\"https:\/\/yourhappybox.ch\/fr\/das-ist-unsere-geschichte\/\" \/>\n<meta property=\"og:locale\" content=\"fr_FR\" \/>\n<meta property=\"og:type\" content=\"article\" \/>\n<meta property=\"og:title\" content=\"Unsere Geschichte | Your Happy Box\" \/>\n<meta property=\"og:description\" content=\"Bei Your Happy Box, konzentrieren wir uns darauf, die beste Schwangerschaftsbox mit wichtigen Produkten anzubieten damit es andere Frauen m\u00f6glichst einfach in ihrer Schwangerschaft haben.\" \/>\n<meta property=\"og:url\" content=\"https:\/\/yourhappybox.ch\/fr\/das-ist-unsere-geschichte\/\" \/>\n<meta property=\"og:site_name\" content=\"YourHappyBox\" \/>\n<meta property=\"article:modified_time\" content=\"2022-09-06T04:44:35+00:00\" \/>\n<meta name=\"twitter:card\" content=\"summary_large_image\" \/>\n<meta name=\"twitter:label1\" content=\"Dur\u00e9e de lecture estim\u00e9e\" \/>\n\t<meta name=\"twitter:data1\" content=\"4 minutes\" \/>\n<script type=\"application\/ld+json\" class=\"yoast-schema-graph\">{\"@context\":\"https:\\\/\\\/schema.org\",\"@graph\":[{\"@type\":\"WebPage\",\"@id\":\"https:\\\/\\\/yourhappybox.ch\\\/das-ist-unsere-geschichte\\\/\",\"url\":\"https:\\\/\\\/yourhappybox.ch\\\/das-ist-unsere-geschichte\\\/\",\"name\":\"Unsere Geschichte | Your Happy Box\",\"isPartOf\":{\"@id\":\"https:\\\/\\\/yourhappybox.ch\\\/en\\\/#website\"},\"datePublished\":\"2021-11-02T10:07:24+00:00\",\"dateModified\":\"2022-09-06T04:44:35+00:00\",\"description\":\"Bei Your Happy Box, konzentrieren wir uns darauf, die beste Schwangerschaftsbox mit wichtigen Produkten anzubieten damit es andere Frauen m\u00f6glichst einfach in ihrer Schwangerschaft haben.\",\"breadcrumb\":{\"@id\":\"https:\\\/\\\/yourhappybox.ch\\\/das-ist-unsere-geschichte\\\/#breadcrumb\"},\"inLanguage\":\"fr-FR\",\"potentialAction\":[{\"@type\":\"ReadAction\",\"target\":[\"https:\\\/\\\/yourhappybox.ch\\\/das-ist-unsere-geschichte\\\/\"]}]},{\"@type\":\"BreadcrumbList\",\"@id\":\"https:\\\/\\\/yourhappybox.ch\\\/das-ist-unsere-geschichte\\\/#breadcrumb\",\"itemListElement\":[{\"@type\":\"ListItem\",\"position\":1,\"name\":\"Startseite\",\"item\":\"https:\\\/\\\/yourhappybox.ch\\\/\"},{\"@type\":\"ListItem\",\"position\":2,\"name\":\"Unsere Geschichte\"}]},{\"@type\":\"WebSite\",\"@id\":\"https:\\\/\\\/yourhappybox.ch\\\/en\\\/#website\",\"url\":\"https:\\\/\\\/yourhappybox.ch\\\/en\\\/\",\"name\":\"YourHappyBox\",\"description\":\"Die Box, die dir Zeit w\u00e4hrend deiner Schwangerschaft schenkt\",\"potentialAction\":[{\"@type\":\"SearchAction\",\"target\":{\"@type\":\"EntryPoint\",\"urlTemplate\":\"https:\\\/\\\/yourhappybox.ch\\\/en\\\/?s={search_term_string}\"},\"query-input\":{\"@type\":\"PropertyValueSpecification\",\"valueRequired\":true,\"valueName\":\"search_term_string\"}}],\"inLanguage\":\"fr-FR\"}]}<\/script>\n<!-- \/ Yoast SEO plugin. -->","yoast_head_json":{"title":"Un\u00adsere Ge\u00adschichte | Your Happy&nbsp;Box","description":"Bei Your Happy Box, kon\u00adzen\u00adtrie\u00adren wir uns dar\u00adauf, die beste Schwan\u00adger\u00adschafts\u00adbox mit wich\u00adti\u00adgen Pro\u00adduk\u00adten an\u00adzu\u00adbie\u00adten da\u00admit es an\u00addere Frauen m\u00f6g\u00adlichst ein\u00adfach in ih\u00adrer Schwan\u00adger\u00adschaft haben.","robots":{"index":"index","follow":"follow","max-snippet":"max-snippet:-1","max-image-preview":"max-image-preview:large","max-video-preview":"max-video-preview:-1"},"canonical":"https:\/\/yourhappybox.ch\/fr\/das-ist-unsere-geschichte\/","og_locale":"fr_FR","og_type":"article","og_title":"Unsere Geschichte | Your Happy Box","og_description":"Bei Your Happy Box, konzentrieren wir uns darauf, die beste Schwangerschaftsbox mit wichtigen Produkten anzubieten damit es andere Frauen m\u00f6glichst einfach in ihrer Schwangerschaft haben.","og_url":"https:\/\/yourhappybox.ch\/fr\/das-ist-unsere-geschichte\/","og_site_name":"YourHappyBox","article_modified_time":"2022-09-06T04:44:35+00:00","twitter_card":"summary_large_image","twitter_misc":{"Dur\u00e9e de lecture estim\u00e9e":"4 minutes"},"schema":{"@context":"https:\/\/schema.org","@graph":[{"@type":"WebPage","@id":"https:\/\/yourhappybox.ch\/das-ist-unsere-geschichte\/","url":"https:\/\/yourhappybox.ch\/das-ist-unsere-geschichte\/","name":"Un\u00adsere Ge\u00adschichte | Your Happy&nbsp;Box","isPartOf":{"@id":"https:\/\/yourhappybox.ch\/en\/#website"},"datePublished":"2021-11-02T10:07:24+00:00","dateModified":"2022-09-06T04:44:35+00:00","description":"Bei Your Happy Box, kon\u00adzen\u00adtrie\u00adren wir uns dar\u00adauf, die beste Schwan\u00adger\u00adschafts\u00adbox mit wich\u00adti\u00adgen Pro\u00adduk\u00adten an\u00adzu\u00adbie\u00adten da\u00admit es an\u00addere Frauen m\u00f6g\u00adlichst ein\u00adfach in ih\u00adrer Schwan\u00adger\u00adschaft haben.","breadcrumb":{"@id":"https:\/\/yourhappybox.ch\/das-ist-unsere-geschichte\/#breadcrumb"},"inLanguage":"fr-FR","potentialAction":[{"@type":"ReadAction","target":["https:\/\/yourhappybox.ch\/das-ist-unsere-geschichte\/"]}]},{"@type":"BreadcrumbList","@id":"https:\/\/yourhappybox.ch\/das-ist-unsere-geschichte\/#breadcrumb","itemListElement":[{"@type":"ListItem","position":1,"name":"Startseite","item":"https:\/\/yourhappybox.ch\/"},{"@type":"ListItem","position":2,"name":"Unsere Geschichte"}]},{"@type":"WebSite","@id":"https:\/\/yourhappybox.ch\/en\/#website","url":"https:\/\/yourhappybox.ch\/en\/","name":"Your\u00adHap\u00adpy\u00adBox","description":"Die Box, die dir Zeit w\u00e4h\u00adrend dei\u00adner Schwan\u00adger\u00adschaft schenkt","potentialAction":[{"@type":"SearchAction","target":{"@type":"EntryPoint","urlTemplate":"https:\/\/yourhappybox.ch\/en\/?s={search_term_string}"},"query-input":{"@type":"PropertyValueSpecification","valueRequired":true,"valueName":"search_term_string"}}],"inLanguage":"fr-FR"}]}},"_links":{"self":[{"href":"https:\/\/yourhappybox.ch\/fr\/wp-json\/wp\/v2\/pages\/28897","targetHints":{"allow":["GET"]}}],"collection":[{"href":"https:\/\/yourhappybox.ch\/fr\/wp-json\/wp\/v2\/pages"}],"about":[{"href":"https:\/\/yourhappybox.ch\/fr\/wp-json\/wp\/v2\/types\/page"}],"author":[{"embeddable":true,"href":"https:\/\/yourhappybox.ch\/fr\/wp-json\/wp\/v2\/users\/1"}],"replies":[{"embeddable":true,"href":"https:\/\/yourhappybox.ch\/fr\/wp-json\/wp\/v2\/comments?post=28897"}],"version-history":[{"count":32,"href":"https:\/\/yourhappybox.ch\/fr\/wp-json\/wp\/v2\/pages\/28897\/revisions"}],"predecessor-version":[{"id":29962,"href":"https:\/\/yourhappybox.ch\/fr\/wp-json\/wp\/v2\/pages\/28897\/revisions\/29962"}],"wp:attachment":[{"href":"https:\/\/yourhappybox.ch\/fr\/wp-json\/wp\/v2\/media?parent=28897"}],"curies":[{"name":"wp","href":"https:\/\/api.w.org\/{rel}","templated":true}]}}