{"id":28901,"date":"2021-11-02T11:14:35","date_gmt":"2021-11-02T10:14:35","guid":{"rendered":"https:\/\/yourhappybox.ch\/?page_id=28901"},"modified":"2026-04-21T10:11:32","modified_gmt":"2026-04-21T08:11:32","slug":"die-sind-drin","status":"publish","type":"page","link":"https:\/\/yourhappybox.ch\/fr\/die-sind-drin\/","title":{"rendered":"Ils sont dedans"},"content":{"rendered":"<div id=\"fws_69e8e8997d287\" data-column-margin=\"default\" data-midnight=\"dark\" class=\"wpb_row vc_row-fluid vc_row full-width-content vc_row-o-equal-height vc_row-flex vc_row-o-content-top\" style=\"padding-top: 0px; padding-bottom: 0px; \"><div class=\"row-bg-wrap\" data-bg-animation=\"none\" data-bg-animation-delay data-bg-overlay=\"false\"><div class=\"inner-wrap row-bg-layer\"><div class=\"row-bg viewport-desktop using-bg-color\" style=\"background-color: #ffffff; \"><\/div><\/div><\/div><div class=\"row_col_wrap_12 col span_12 dark left\">\n\t<div class=\"vc_col-sm-12 wpb_column column_container vc_column_container col no-extra-padding el_spacing_0px inherit_tablet inherit_phone\" data-padding-pos=\"all\" data-has-bg-color=\"false\" data-bg-color data-bg-opacity=\"1\" data-animation data-delay=\"0\">\n\t\t<div class=\"vc_column-inner\">\n\t\t\t<div class=\"wpb_wrapper\">\n\t\t\t\t<div id=\"fws_69e8e8997dd0b\" data-midnight data-column-margin=\"default\" class=\"wpb_row vc_row-fluid vc_row inner_row  right_padding_5pct left_padding_5pct\" style=\"padding-top: 5%; padding-bottom: 5%; \"><div class=\"row-bg-wrap\"> <div class=\"row-bg\"><\/div> <\/div><div class=\"row_col_wrap_12_inner col span_12  left\">\n\t<div class=\"vc_col-sm-6 wpb_column column_container vc_column_container col child_column no-extra-padding inherit_tablet inherit_phone\" data-padding-pos=\"all\" data-has-bg-color=\"false\" data-bg-color data-bg-opacity=\"1\" data-animation data-delay=\"0\">\n\t\t<div class=\"vc_column-inner\">\n\t\t<div class=\"wpb_wrapper\">\n\t\t\t<div class=\"nectar-highlighted-text font_size_5vw\" data-style=\"full_text\" data-exp=\"default\" data-user-color=\"true\" style=\"color: #000000;\" data-using-custom-color=\"true\" data-animation-delay=\"false\" data-color=\"#bdb2ac\" data-color-gradient><h2>Ils sont <em>dans notre coffret.<\/em><\/h2>\n<\/div>\n\t\t<\/div> \n\t<\/div>\n\t<\/div> \n\n\t<div class=\"vc_col-sm-6 wpb_column column_container vc_column_container col child_column no-extra-padding inherit_tablet inherit_phone\" data-padding-pos=\"all\" data-has-bg-color=\"false\" data-bg-color data-bg-opacity=\"1\" data-animation data-delay=\"0\">\n\t\t<div class=\"vc_column-inner\">\n\t\t<div class=\"wpb_wrapper\">\n\t\t\t\n<div class=\"wpb_text_column wpb_content_element\">\n\t<div class=\"wpb_wrapper\">\n\t\t<p>Pour que la pro\u00admesse de Your\u00adHap\u00adpy\u00adBox, \u00e0 sa\u00advoir plus de temps pen\u00addant la gross\u00adesse, se con\u00adcr\u00e9\u00adtise, seuls les meil\u00adleurs pro\u00adduits sont s\u00e9lec\u00adtion\u00adn\u00e9s pour la bo\u00eete. La re\u00adcher\u00adche des pro\u00adduits se base sur dif\u00adf\u00e9r\u00adents cri\u00adt\u00e8res. Ainsi, la du\u00adra\u00adbi\u00adlit\u00e9, la qua\u00adlit\u00e9 et le pou\u00advoir des femmes ont \u00e9t\u00e9 les fac\u00adteurs les plus im\u00adportants. Il n\u2019a pas \u00e9t\u00e9 pos\u00adsi\u00adble de trou\u00adver une en\u00adt\u00adre\u00adprise di\u00adri\u00adg\u00e9e par des femmes pour tous les pro\u00adduits, mais nous n\u2019a\u00advons fait au\u00adcun com\u00adpro\u00admis en ma\u00adti\u00e8re de qua\u00adlit\u00e9 et de durabilit\u00e9.<\/p>\n\t<\/div>\n<\/div>\n\n\n\n\n\t\t<\/div> \n\t<\/div>\n\t<\/div> \n<\/div><\/div><div id=\"fws_69e8e8997ebe6\" data-midnight data-column-margin=\"none\" class=\"wpb_row vc_row-fluid vc_row inner_row vc_row-o-equal-height vc_row-flex\" style><div class=\"row-bg-wrap\"> <div class=\"row-bg\"><\/div> <\/div><div class=\"row_col_wrap_12_inner col span_12  left\">\n\t<div class=\"vc_col-sm-4 wpb_column column_container vc_column_container col child_column has-animation padding-5-percent inherit_tablet inherit_phone border_top_desktop_1px border_bottom_desktop_1px border_bottom_phone_0px border_color_bdb2ac border_style_solid\" data-padding-pos=\"all\" data-has-bg-color=\"false\" data-bg-color data-bg-opacity=\"1\" data-animation=\"fade-in\" data-delay=\"0\">\n\t\t<div class=\"vc_column-inner\">\n\t\t<div class=\"wpb_wrapper\">\n\t\t\t\n<div class=\"wpb_text_column wpb_content_element  vc_custom_1637922705330\">\n\t<div class=\"wpb_wrapper\">\n\t\t<h3><strong>Burgerstein<\/strong><\/h3>\n<p>De\u00adpuis bien\u00adt\u00f4t 50 ans, l\u2019entre\u00adprise fa\u00admi\u00adliale de Rap\u00adpers\u00adwil se ti\u00adent fi\u00add\u00e8\u00adle\u00adment \u00e0 son leit\u00admo\u00adtiv \u201cCe n\u2019est pas la mala\u00addie, mais la sant\u00e9 que nous de\u00advons soi\u00adg\u00adner\u201d. L\u2019entre\u00adprise di\u00adri\u00adg\u00e9e par Tanja Zim\u00admer\u00admann-Bur\u00adger\u00adstein fa\u00adbri\u00adque des mi\u00adcro\u00adnu\u00adtri\u00adments et jouit d\u2019une ex\u00adcel\u00adlente r\u00e9\u00adpu\u00adta\u00adtion dans toute la Suisse.<\/p>\n\t<\/div>\n<\/div>\n\n\n\n\n\t\t<\/div> \n\t<\/div>\n\t<\/div> \n\n\t<div class=\"vc_col-sm-4 wpb_column column_container vc_column_container col child_column has-animation padding-5-percent inherit_tablet inherit_phone border_left_desktop_1px border_top_desktop_1px border_right_desktop_1px border_right_phone_0px border_bottom_desktop_1px border_bottom_phone_0px border_color_bdb2ac border_style_solid\" data-padding-pos=\"all\" data-has-bg-color=\"false\" data-bg-color data-bg-opacity=\"1\" data-animation=\"fade-in\" data-delay=\"150\">\n\t\t<div class=\"vc_column-inner\">\n\t\t<div class=\"wpb_wrapper\">\n\t\t\t\n<div class=\"wpb_text_column wpb_content_element  vc_custom_1667380344130\">\n\t<div class=\"wpb_wrapper\">\n\t\t<h3><strong>Bahnhof-Apotheke&nbsp;<\/strong><\/h3>\n<p>Cette en\u00adt\u00adre\u00adprise fa\u00admi\u00adliale de l\u2019\u00adAll\u00adg\u00e4u est con\u00adnue m\u00eame en Su\u00adisse pour ses ex\u00adcell\u00adents pro\u00adduits. En 1988, le phar\u00admacien Diet\u00admar Wolz et la sage-femme In\u00adge\u00adborg Sta\u00addel\u00admann ont fond\u00e9 la Bahn\u00adhof-Apo\u00adtheke dans le but de pro\u00adduire des re\u00adm\u00e8\u00addes na\u00adtu\u00adrels dur\u00ada\u00adbles et de haute qua\u00adlit\u00e9 pour tou\u00adtes les si\u00adtua\u00adtions de la vie. Pen\u00addant la gross\u00adesse en par\u00adti\u00adcu\u00adlier, il est im\u00adportant de choi\u00adsir des pro\u00adduits na\u00adtu\u00adrels qui fa\u00advo\u00adri\u00adsent le bien-\u00eatre de la fu\u00adture ma\u00adman et qui sont sans dan\u00adger pour le b\u00e9b\u00e9 \u00e0 na\u00eetre.<\/p>\n\t<\/div>\n<\/div>\n\n\n\n\n\t\t<\/div> \n\t<\/div>\n\t<\/div> \n\n\t<div class=\"vc_col-sm-4 wpb_column column_container vc_column_container col child_column has-animation padding-5-percent inherit_tablet inherit_phone border_top_desktop_1px border_bottom_desktop_1px border_color_bdb2ac border_style_solid\" data-padding-pos=\"all\" data-has-bg-color=\"false\" data-bg-color data-bg-opacity=\"1\" data-animation=\"fade-in\" data-delay=\"300\">\n\t\t<div class=\"vc_column-inner\">\n\t\t<div class=\"wpb_wrapper\">\n\t\t\t\n<div class=\"wpb_text_column wpb_content_element  vc_custom_1667380363278\">\n\t<div class=\"wpb_wrapper\">\n\t\t<h3>farfalla<\/h3>\n<p>L\u2019entre\u00adprise fa\u00admi\u00adliale d\u2019Us\u00adter, pr\u00e8s de Zu\u00adrich, a \u00e9t\u00e9 fon\u00add\u00e9e en 1982. D\u00e8s le d\u00e9\u00adbut, l\u2019e\u00adxi\u00adgence de pro\u00adduire des cos\u00adm\u00e9\u00adti\u00adques en har\u00admo\u00adnie avec la na\u00adture a \u00e9t\u00e9 au pre\u00admier plan. Tu trou\u00adve\u00adras une s\u00e9lec\u00adtion d\u2019hui\u00adles es\u00adsen\u00adti\u00adel\u00adles et de pro\u00adduits pour b\u00e9b\u00e9 de far\u00adfalla dans YourHappyBox.<\/p>\n\t<\/div>\n<\/div>\n\n\n\n\n\t\t<\/div> \n\t<\/div>\n\t<\/div> \n<\/div><\/div><div id=\"fws_69e8e8997fbbc\" data-midnight data-column-margin=\"none\" class=\"wpb_row vc_row-fluid vc_row inner_row vc_row-o-equal-height vc_row-flex\" style><div class=\"row-bg-wrap\"> <div class=\"row-bg\"><\/div> <\/div><div class=\"row_col_wrap_12_inner col span_12  left\">\n\t<div class=\"vc_col-sm-4 wpb_column column_container vc_column_container col child_column has-animation padding-5-percent inherit_tablet inherit_phone border_bottom_desktop_1px border_color_bdb2ac border_style_solid\" data-padding-pos=\"all\" data-has-bg-color=\"false\" data-bg-color data-bg-opacity=\"1\" data-animation=\"fade-in\" data-delay=\"0\">\n\t\t<div class=\"vc_column-inner\">\n\t\t<div class=\"wpb_wrapper\">\n\t\t\t\n<div class=\"wpb_text_column wpb_content_element  vc_custom_1667380296646\">\n\t<div class=\"wpb_wrapper\">\n\t\t<h3><strong>teewerk<\/strong><\/h3>\n<p>Comme la con\u00adsom\u00adma\u00adtion de ca\u00adf\u00e9ine est li\u00admi\u00adt\u00e9e pen\u00addant la gross\u00adesse, les femmes ence\u00adin\u00adtes boi\u00advent d\u2019au\u00adtant plus de th\u00e9. Mais tou\u00adtes les va\u00adri\u00e9\u00adt\u00e9s ne dev\u00adrai\u00adent pas \u00eatre con\u00adsom\u00adm\u00e9es pen\u00addant les neuf mois (et pen\u00addant l\u2019al\u00adlai\u00adte\u00adment). Le tee\u00adwerk de T\u00e4\u00adger\u00adwi\u00adlen en Thur\u00adgo\u00advie est di\u00adrig\u00e9 par Katja B\u00e4n\u00adzin\u00adger et ac\u00adcorde une grande im\u00adportance \u00e0 la du\u00adra\u00adbi\u00adlit\u00e9 ainsi qu\u2019\u00e0 la qua\u00adlit\u00e9. Elle a com\u00adpos\u00e9 sp\u00e9\u00adcia\u00adle\u00adment pour Your\u00adHap\u00adpy\u00adBox des m\u00e9\u00adlan\u00adges de th\u00e9s ad\u00adap\u00adt\u00e9s aux be\u00adso\u00adins des femmes ence\u00adin\u00adtes pen\u00addant le tri\u00admestre con\u00adcern\u00e9 et apr\u00e8s l\u2019accouchement.<\/p>\n\t<\/div>\n<\/div>\n\n\n\n\n\t\t<\/div> \n\t<\/div>\n\t<\/div> \n\n\t<div class=\"vc_col-sm-4 wpb_column column_container vc_column_container col child_column has-animation padding-5-percent inherit_tablet inherit_phone border_left_desktop_1px border_right_desktop_1px border_right_phone_0px border_bottom_desktop_1px border_color_bdb2ac border_style_solid\" data-padding-pos=\"all\" data-has-bg-color=\"false\" data-bg-color data-bg-opacity=\"1\" data-animation=\"fade-in\" data-delay=\"150\">\n\t\t<div class=\"vc_column-inner\">\n\t\t<div class=\"wpb_wrapper\">\n\t\t\t\n<div class=\"wpb_text_column wpb_content_element  vc_custom_1637838040036\">\n\t<div class=\"wpb_wrapper\">\n\t\t<h3><strong>Weleda<\/strong><\/h3>\n<p>De\u00adpuis sa cr\u00e9a\u00adtion il y a 100 ans, cette en\u00adt\u00adre\u00adprise mon\u00addia\u00adle\u00adment con\u00adnue s\u2019est sp\u00e9\u00adcia\u00adli\u00ads\u00e9e dans les pro\u00adduits de so\u00adins na\u00adtu\u00adrels, afin que \u201cla sant\u00e9 et la be\u00adaut\u00e9 s\u2019\u00e9\u00adpanouis\u00adsent en har\u00admo\u00adnie avec l\u2019homme et la nature\u201d.<\/p>\n\t<\/div>\n<\/div>\n\n\n\n\n\t\t<\/div> \n\t<\/div>\n\t<\/div> \n\n\t<div class=\"vc_col-sm-4 wpb_column column_container vc_column_container col child_column has-animation padding-5-percent inherit_tablet inherit_phone border_bottom_desktop_1px border_color_bdb2ac border_style_solid\" data-padding-pos=\"all\" data-has-bg-color=\"false\" data-bg-color data-bg-opacity=\"1\" data-animation=\"fade-in\" data-delay=\"300\">\n\t\t<div class=\"vc_column-inner\">\n\t\t<div class=\"wpb_wrapper\">\n\t\t\t\n<div class=\"wpb_text_column wpb_content_element  vc_custom_1648116158515\">\n\t<div class=\"wpb_wrapper\">\n\t\t<h3>Carriwell<\/h3>\n<p>L\u2019entre\u00adprise scan\u00addi\u00adnave a plus d\u2019un tour dans son sac lors\u00adqu\u2019il s\u2019a\u00adgit de per\u00admettre aux femmes ence\u00adin\u00adtes de se mou\u00advoir con\u00adfor\u00adta\u00adblem\u00adent m\u00eame lors\u00adque leur tour de taille aug\u00admente. Car\u00adri\u00adwell fa\u00adbri\u00adque des sous-v\u00eate\u00adments de gross\u00adesse fon\u00adc\u00adtion\u00adnels nous la re\u00adtrou\u00advons dans la Hap\u00adpy\u00adBox avec quel\u00adques su\u00adper\u00adbes produits.<\/p>\n\t<\/div>\n<\/div>\n\n\n\n\n\t\t<\/div> \n\t<\/div>\n\t<\/div> \n<\/div><\/div><div id=\"fws_69e8e89980be8\" data-midnight data-column-margin=\"none\" class=\"wpb_row vc_row-fluid vc_row inner_row vc_row-o-equal-height vc_row-flex\" style><div class=\"row-bg-wrap\"> <div class=\"row-bg\"><\/div> <\/div><div class=\"row_col_wrap_12_inner col span_12  left\">\n\t<div class=\"vc_col-sm-4 wpb_column column_container vc_column_container col child_column has-animation padding-5-percent inherit_tablet inherit_phone border_bottom_desktop_1px border_color_bdb2ac border_style_solid\" data-padding-pos=\"all\" data-has-bg-color=\"false\" data-bg-color data-bg-opacity=\"1\" data-animation=\"fade-in\" data-delay=\"0\">\n\t\t<div class=\"vc_column-inner\">\n\t\t<div class=\"wpb_wrapper\">\n\t\t\t\n<div class=\"wpb_text_column wpb_content_element  vc_custom_1776759050860\">\n\t<div class=\"wpb_wrapper\">\n\t\t<h3><strong>Bidetlity<\/strong><\/h3>\n<p class=\"align-center\">Mar\u00adkus et Lu\u00adcius se sont as\u00adso\u00adci\u00e9s pour r\u00e9\u00adin\u00adven\u00adter la dou\u00adche in\u00adtime. Mar\u00adkus est en\u00adtr\u00e9 tr\u00e8s t\u00f4t en cont\u00adact avec le con\u00adcept de net\u00adto\u00adyage d\u2019une dou\u00adche in\u00adtime pour les so\u00adins in\u00adti\u00admes par le bi\u00adais de sa belle-m\u00e8re, ori\u00adgi\u00adn\u00adaire de la cul\u00adture arabe. Mais c\u2019est sur\u00adtout pen\u00addant et apr\u00e8s la gross\u00adesse de sa femme qu\u2019il s\u2019est rendu compte \u00e0 quel point le mar\u00adch\u00e9 n\u2019\u00e9\u00adtait pas pr\u00e9\u00adpar\u00e9 \u00e0 r\u00e9pondre aux be\u00adso\u00adins hy\u00adgi\u00e9\u00adni\u00adques du post-par\u00adtum. Avec sa vo\u00adlont\u00e9 de se con\u00adcen\u00adtrer sur la du\u00adra\u00adbi\u00adlit\u00e9, l\u2019es\u00adth\u00e9\u00adtique et la qua\u00adlit\u00e9, nous pen\u00adsons que son pro\u00adduit con\u00advi\u00adent par\u00adfai\u00adte\u00adment \u00e0 nos Hap\u00adpy\u00adBox et nous som\u00admes tr\u00e8s heu\u00adreux de l\u2019a\u00advoir \u00e0&nbsp;bord.<\/p>\n\t<\/div>\n<\/div>\n\n\n\n\n\t\t<\/div> \n\t<\/div>\n\t<\/div> \n\n\t<div class=\"vc_col-sm-4 wpb_column column_container vc_column_container col child_column has-animation padding-5-percent inherit_tablet inherit_phone border_left_desktop_1px border_right_desktop_1px border_right_phone_0px border_bottom_phone_1px border_color_bdb2ac border_style_solid\" data-padding-pos=\"all\" data-has-bg-color=\"false\" data-bg-color data-bg-opacity=\"1\" data-animation=\"fade-in\" data-delay=\"150\">\n\t\t<div class=\"vc_column-inner\">\n\t\t<div class=\"wpb_wrapper\">\n\t\t\t\n<div class=\"wpb_text_column wpb_content_element  vc_custom_1667379787077\">\n\t<div class=\"wpb_wrapper\">\n\t\t<h3><strong>laflor<\/strong><\/h3>\n<p>Pres\u00adque au\u00adcune femme enceinte ne peut pas\u00adser la gross\u00adesse sans su\u00adcre\u00adries. Nous avons trouv\u00e9 pour toi une en\u00adt\u00adre\u00adprise de fa\u00adbri\u00adca\u00adtion de cho\u00adco\u00adlat qui n\u2019\u00aduti\u00adlise que des f\u00e8\u00adves de ca\u00adcao de pre\u00admi\u00e8re qua\u00adlit\u00e9 pro\u00adven\u00adant de pe\u00adtits pro\u00adduc\u00adteurs et qui ne con\u00adti\u00adent au\u00adcun additif.<\/p>\n\t<\/div>\n<\/div>\n\n\n\n\n\t\t<\/div> \n\t<\/div>\n\t<\/div> \n\n\t<div class=\"vc_col-sm-4 wpb_column column_container vc_column_container col child_column has-animation padding-5-percent inherit_tablet inherit_phone border_bottom_desktop_1px border_color_bdb2ac border_style_solid\" data-padding-pos=\"all\" data-has-bg-color=\"false\" data-bg-color data-bg-opacity=\"1\" data-animation=\"fade-in\" data-delay=\"300\">\n\t\t<div class=\"vc_column-inner\">\n\t\t<div class=\"wpb_wrapper\">\n\t\t\t\n<div class=\"wpb_text_column wpb_content_element\">\n\t<div class=\"wpb_wrapper\">\n\t\t<h3>MommySpa<\/h3>\n<p>En cher\u00adchant des pro\u00adduits de soin pour la gross\u00adesse, nous som\u00admes tom\u00adb\u00e9es sur Sa\u00adrah, qui a fond\u00e9 Mom\u00admy\u00adSpa avec la pro\u00admesse de ne pro\u00adduire que des cos\u00adm\u00e9\u00adti\u00adques na\u00adtu\u00adrels 100% \u00e0 base de plan\u00adtes  pour les fu\u00adtures ma\u00admans. Nous au\u00adri\u00adons aim\u00e9 in\u00adclure tous ses pro\u00adduits dans les bo\u00ee\u00adtes, mais nous n\u2019a\u00advi\u00adons pas as\u00adsez de place. Nous som\u00admes donc d\u2019au\u00adtant plus heu\u00adreu\u00adses que nous ayons pu in\u00adclure les Belly Ta\u00adtoos dans le coff\u00adret 2 et le mas\u00adque dans le coff\u00adret&nbsp;3.<\/p>\n\t<\/div>\n<\/div>\n\n\n\n\n\t\t<\/div> \n\t<\/div>\n\t<\/div> \n<\/div><\/div><div id=\"fws_69e8e89981dd4\" data-midnight data-column-margin=\"none\" class=\"wpb_row vc_row-fluid vc_row inner_row vc_row-o-equal-height vc_row-flex\" style><div class=\"row-bg-wrap\"> <div class=\"row-bg\"><\/div> <\/div><div class=\"row_col_wrap_12_inner col span_12  left\">\n\t<div class=\"vc_col-sm-4 wpb_column column_container vc_column_container col child_column has-animation padding-5-percent inherit_tablet inherit_phone border_bottom_desktop_1px border_color_bdb2ac border_style_solid\" data-padding-pos=\"all\" data-has-bg-color=\"false\" data-bg-color data-bg-opacity=\"1\" data-animation=\"fade-in\" data-delay=\"0\">\n\t\t<div class=\"vc_column-inner\">\n\t\t<div class=\"wpb_wrapper\">\n\t\t\t\n<div class=\"wpb_text_column wpb_content_element  vc_custom_1648133746278\">\n\t<div class=\"wpb_wrapper\">\n\t\t<h3><strong>Sonett<\/strong><\/h3>\n<p class=\"align-center\">So\u00adnett, le pionnier des les\u00adsi\u00adves et pro\u00adduits d\u2019en\u00adtre\u00adtien \u00e9co\u00adlo\u00adgi\u00adques, a \u00e9t\u00e9 fond\u00e9 en 1977 et vi\u00adent de re\u00adce\u00advoir le prix al\u00adle\u00admand du d\u00e9\u00adve\u00adlo\u00adp\u00adpe\u00adment dura\u00adble. Au plus tard avec la gross\u00adesse ou la nais\u00adsance du b\u00e9b\u00e9, le be\u00adsoin de pro\u00adduits de net\u00adto\u00adyage d\u00e9\u00adpour\u00advus de sub\u00ads\u00adtances agres\u00adsi\u00adves aug\u00admente. Avec le sa\u00advon au fiel de So\u00adnett, nous avons \u00e0 bord un par\u00adten\u00adaire for\u00admi\u00adda\u00adble pour le trai\u00adte\u00adment pr\u00e9\u00adalable des ta\u00adches ten\u00adaces sans de\u00advoir uti\u00adli\u00adser de pro\u00adduits chimiques.<\/p>\n\t<\/div>\n<\/div>\n\n\n\n\n\t\t<\/div> \n\t<\/div>\n\t<\/div> \n<\/div><\/div>\n\t\t\t<\/div> \n\t\t<\/div>\n\t<\/div> \n<\/div><\/div>","protected":false},"excerpt":{"rendered":"Die sind drin. Da\u00admit das Ver\u00adspre\u00adchen von Your\u00adHap\u00adpy\u00adBox, mehr Zeit w\u00e4h\u00adrend der Schwan\u00adger\u00adschaft, auf\u00adgeht, d\u00fcr\u00adfen nur die bes\u00adten Pro\u00addukte in die Box. Die Aus\u00adwahl der Pro\u00addukte ba\u00adsiert auf un\u00adter\u00adschied\u00adli\u00adchen Kriterien.\u2026","protected":false},"author":1,"featured_media":0,"parent":0,"menu_order":0,"comment_status":"closed","ping_status":"closed","template":"","meta":{"wp_typography_post_enhancements_disabled":false,"footnotes":""},"class_list":["post-28901","page","type-page","status-publish"],"yoast_head":"<!-- This site is optimized with the Yoast SEO plugin v27.3 - https:\/\/yoast.com\/product\/yoast-seo-wordpress\/ -->\n<title>Diese Partner legen Wert auf Qualit\u00e4t &amp; Nachhaltigkeit.<\/title>\n<meta name=\"description\" content=\"In der HappyBox findest du nur die besten Produkte \u2013 wir achten auf vor allem auf Qualit\u00e4t und Nachhaltigkeit.\" \/>\n<meta name=\"robots\" content=\"index, follow, max-snippet:-1, max-image-preview:large, max-video-preview:-1\" \/>\n<link rel=\"canonical\" href=\"https:\/\/yourhappybox.ch\/fr\/die-sind-drin\/\" \/>\n<meta property=\"og:locale\" content=\"fr_FR\" \/>\n<meta property=\"og:type\" content=\"article\" \/>\n<meta property=\"og:title\" content=\"Diese Partner legen Wert auf Qualit\u00e4t &amp; Nachhaltigkeit.\" \/>\n<meta property=\"og:description\" content=\"In der HappyBox findest du nur die besten Produkte \u2013 wir achten auf vor allem auf Qualit\u00e4t und Nachhaltigkeit.\" \/>\n<meta property=\"og:url\" content=\"https:\/\/yourhappybox.ch\/fr\/die-sind-drin\/\" \/>\n<meta property=\"og:site_name\" content=\"YourHappyBox\" \/>\n<meta property=\"article:modified_time\" content=\"2026-04-21T08:11:32+00:00\" \/>\n<meta name=\"twitter:card\" content=\"summary_large_image\" \/>\n<meta name=\"twitter:label1\" content=\"Dur\u00e9e de lecture estim\u00e9e\" \/>\n\t<meta name=\"twitter:data1\" content=\"7 minutes\" \/>\n<script type=\"application\/ld+json\" class=\"yoast-schema-graph\">{\"@context\":\"https:\\\/\\\/schema.org\",\"@graph\":[{\"@type\":\"WebPage\",\"@id\":\"https:\\\/\\\/yourhappybox.ch\\\/die-sind-drin\\\/\",\"url\":\"https:\\\/\\\/yourhappybox.ch\\\/die-sind-drin\\\/\",\"name\":\"Diese Partner legen Wert auf Qualit\u00e4t & Nachhaltigkeit.\",\"isPartOf\":{\"@id\":\"https:\\\/\\\/yourhappybox.ch\\\/en\\\/#website\"},\"datePublished\":\"2021-11-02T10:14:35+00:00\",\"dateModified\":\"2026-04-21T08:11:32+00:00\",\"description\":\"In der HappyBox findest du nur die besten Produkte \u2013 wir achten auf vor allem auf Qualit\u00e4t und Nachhaltigkeit.\",\"breadcrumb\":{\"@id\":\"https:\\\/\\\/yourhappybox.ch\\\/die-sind-drin\\\/#breadcrumb\"},\"inLanguage\":\"fr-FR\",\"potentialAction\":[{\"@type\":\"ReadAction\",\"target\":[\"https:\\\/\\\/yourhappybox.ch\\\/die-sind-drin\\\/\"]}]},{\"@type\":\"BreadcrumbList\",\"@id\":\"https:\\\/\\\/yourhappybox.ch\\\/die-sind-drin\\\/#breadcrumb\",\"itemListElement\":[{\"@type\":\"ListItem\",\"position\":1,\"name\":\"Startseite\",\"item\":\"https:\\\/\\\/yourhappybox.ch\\\/\"},{\"@type\":\"ListItem\",\"position\":2,\"name\":\"Die sind drin\"}]},{\"@type\":\"WebSite\",\"@id\":\"https:\\\/\\\/yourhappybox.ch\\\/en\\\/#website\",\"url\":\"https:\\\/\\\/yourhappybox.ch\\\/en\\\/\",\"name\":\"YourHappyBox\",\"description\":\"Die Box, die dir Zeit w\u00e4hrend deiner Schwangerschaft schenkt\",\"potentialAction\":[{\"@type\":\"SearchAction\",\"target\":{\"@type\":\"EntryPoint\",\"urlTemplate\":\"https:\\\/\\\/yourhappybox.ch\\\/en\\\/?s={search_term_string}\"},\"query-input\":{\"@type\":\"PropertyValueSpecification\",\"valueRequired\":true,\"valueName\":\"search_term_string\"}}],\"inLanguage\":\"fr-FR\"}]}<\/script>\n<!-- \/ Yoast SEO plugin. -->","yoast_head_json":{"title":"Diese Part\u00adner le\u00adgen Wert auf Qua\u00adli\u00adt\u00e4t &amp; Nachhaltigkeit.","description":"In der Hap\u00adpy\u00adBox fin\u00addest du nur die bes\u00adten Pro\u00addukte \u2013 wir ach\u00adten auf vor al\u00adlem auf Qua\u00adli\u00adt\u00e4t und Nachhaltigkeit.","robots":{"index":"index","follow":"follow","max-snippet":"max-snippet:-1","max-image-preview":"max-image-preview:large","max-video-preview":"max-video-preview:-1"},"canonical":"https:\/\/yourhappybox.ch\/fr\/die-sind-drin\/","og_locale":"fr_FR","og_type":"article","og_title":"Diese Partner legen Wert auf Qualit\u00e4t & Nachhaltigkeit.","og_description":"In der HappyBox findest du nur die besten Produkte \u2013 wir achten auf vor allem auf Qualit\u00e4t und Nachhaltigkeit.","og_url":"https:\/\/yourhappybox.ch\/fr\/die-sind-drin\/","og_site_name":"YourHappyBox","article_modified_time":"2026-04-21T08:11:32+00:00","twitter_card":"summary_large_image","twitter_misc":{"Dur\u00e9e de lecture estim\u00e9e":"7 minutes"},"schema":{"@context":"https:\/\/schema.org","@graph":[{"@type":"WebPage","@id":"https:\/\/yourhappybox.ch\/die-sind-drin\/","url":"https:\/\/yourhappybox.ch\/die-sind-drin\/","name":"Diese Part\u00adner le\u00adgen Wert auf Qua\u00adli\u00adt\u00e4t &amp; Nachhaltigkeit.","isPartOf":{"@id":"https:\/\/yourhappybox.ch\/en\/#website"},"datePublished":"2021-11-02T10:14:35+00:00","dateModified":"2026-04-21T08:11:32+00:00","description":"In der Hap\u00adpy\u00adBox fin\u00addest du nur die bes\u00adten Pro\u00addukte \u2013 wir ach\u00adten auf vor al\u00adlem auf Qua\u00adli\u00adt\u00e4t und Nachhaltigkeit.","breadcrumb":{"@id":"https:\/\/yourhappybox.ch\/die-sind-drin\/#breadcrumb"},"inLanguage":"fr-FR","potentialAction":[{"@type":"ReadAction","target":["https:\/\/yourhappybox.ch\/die-sind-drin\/"]}]},{"@type":"BreadcrumbList","@id":"https:\/\/yourhappybox.ch\/die-sind-drin\/#breadcrumb","itemListElement":[{"@type":"ListItem","position":1,"name":"Startseite","item":"https:\/\/yourhappybox.ch\/"},{"@type":"ListItem","position":2,"name":"Die sind drin"}]},{"@type":"WebSite","@id":"https:\/\/yourhappybox.ch\/en\/#website","url":"https:\/\/yourhappybox.ch\/en\/","name":"Your\u00adHap\u00adpy\u00adBox","description":"Die Box, die dir Zeit w\u00e4h\u00adrend dei\u00adner Schwan\u00adger\u00adschaft schenkt","potentialAction":[{"@type":"SearchAction","target":{"@type":"EntryPoint","urlTemplate":"https:\/\/yourhappybox.ch\/en\/?s={search_term_string}"},"query-input":{"@type":"PropertyValueSpecification","valueRequired":true,"valueName":"search_term_string"}}],"inLanguage":"fr-FR"}]}},"_links":{"self":[{"href":"https:\/\/yourhappybox.ch\/fr\/wp-json\/wp\/v2\/pages\/28901","targetHints":{"allow":["GET"]}}],"collection":[{"href":"https:\/\/yourhappybox.ch\/fr\/wp-json\/wp\/v2\/pages"}],"about":[{"href":"https:\/\/yourhappybox.ch\/fr\/wp-json\/wp\/v2\/types\/page"}],"author":[{"embeddable":true,"href":"https:\/\/yourhappybox.ch\/fr\/wp-json\/wp\/v2\/users\/1"}],"replies":[{"embeddable":true,"href":"https:\/\/yourhappybox.ch\/fr\/wp-json\/wp\/v2\/comments?post=28901"}],"version-history":[{"count":33,"href":"https:\/\/yourhappybox.ch\/fr\/wp-json\/wp\/v2\/pages\/28901\/revisions"}],"predecessor-version":[{"id":30905,"href":"https:\/\/yourhappybox.ch\/fr\/wp-json\/wp\/v2\/pages\/28901\/revisions\/30905"}],"wp:attachment":[{"href":"https:\/\/yourhappybox.ch\/fr\/wp-json\/wp\/v2\/media?parent=28901"}],"curies":[{"name":"wp","href":"https:\/\/api.w.org\/{rel}","templated":true}]}}