{"id":1535,"date":"2021-02-16T02:31:42","date_gmt":"2021-02-16T01:31:42","guid":{"rendered":"http:\/\/themenectar.com\/demo\/salient-ecommerce-robust\/?post_type=product&#038;p=1535"},"modified":"2026-01-22T14:32:18","modified_gmt":"2026-01-22T13:32:18","slug":"starterbox-fuer-die-schwangerschaft","status":"publish","type":"product","link":"https:\/\/yourhappybox.ch\/fr\/produkt\/starterbox-fuer-die-schwangerschaft\/","title":{"rendered":"HappyBox#1 \u2013 StarterBox"},"content":{"rendered":"<div id=\"fws_69e8f8dd0c490\" data-column-margin=\"default\" data-midnight=\"dark\" data-top-percent=\"8%\" data-bottom-percent=\"8%\" class=\"wpb_row vc_row-fluid vc_row full-width-section  top_padding_tablet_16pct bottom_padding_tablet_16pct\" style=\"padding-top: calc(100vw * 0.08); padding-bottom: calc(100vw * 0.08); \"><div class=\"row-bg-wrap\" data-bg-animation=\"none\" data-bg-animation-delay data-bg-overlay=\"false\"><div class=\"inner-wrap row-bg-layer\"><div class=\"row-bg viewport-desktop using-bg-color\" style=\"background-color: #ffffff; \"><\/div><\/div><\/div><div class=\"row_col_wrap_12 col span_12 dark left\">\n\t<div class=\"vc_col-sm-12 wpb_column column_container vc_column_container col no-extra-padding el_spacing_0px inherit_tablet inherit_phone\" data-padding-pos=\"all\" data-has-bg-color=\"false\" data-bg-color data-bg-opacity=\"1\" data-animation data-delay=\"0\">\n\t\t<div class=\"vc_column-inner\">\n\t\t\t<div class=\"wpb_wrapper\">\n\t\t\t\t<div id=\"fws_69e8f8dd0cee3\" data-midnight data-column-margin=\"none\" class=\"wpb_row vc_row-fluid vc_row inner_row vc_row-o-equal-height vc_row-flex vc_row-o-content-bottom bottom_padding_tablet_20px\" style=\"padding-bottom: 30px; \"><div class=\"row-bg-wrap\"> <div class=\"row-bg\"><\/div> <\/div><div class=\"row_col_wrap_12_inner col span_12  left\">\n\t<div class=\"vc_col-sm-6 wpb_column column_container vc_column_container col child_column padding-5-percent el_spacing_5px inherit_tablet inherit_phone\" data-t-w-inherits=\"small_desktop\" data-padding-pos=\"right\" data-has-bg-color=\"false\" data-bg-color data-bg-opacity=\"1\" data-animation data-delay=\"0\">\n\t\t<div class=\"vc_column-inner\">\n\t\t<div class=\"wpb_wrapper\">\n\t\t\t\n<div class=\"wpb_text_column wpb_content_element\">\n\t<div class=\"wpb_wrapper\">\n\t\t<h2>Inclus dans le coffret:<\/h2>\n<p>Laisse-toi g\u00e2\u00adter avec le coff\u00adret Starterbox<\/p>\n\t<\/div>\n<\/div>\n\n\n\n\n\t\t<\/div> \n\t<\/div>\n\t<\/div> \n\n\t<div class=\"vc_col-sm-6 vc_hidden-xs wpb_column column_container vc_column_container col child_column no-extra-padding inherit_tablet inherit_phone\" data-t-w-inherits=\"small_desktop\" data-padding-pos=\"all\" data-has-bg-color=\"false\" data-bg-color data-bg-opacity=\"1\" data-animation data-delay=\"0\">\n\t\t<div class=\"vc_column-inner\">\n\t\t<div class=\"wpb_wrapper\">\n\t\t\t\n\t\t<\/div> \n\t<\/div>\n\t<\/div> \n<\/div><\/div><div class=\"nectar-flickity not-initialized nectar-carousel tb-spacing-0\" data-centered-cells=\"false\" data-pause-on-hover data-touch-icon-color=\"dark\" data-control-color=\"extra-color-2\" data-overflow=\"visible\" data-r-bottom-total=\"true\" data-drag-scale data-wrap=\"no-wrap\" data-spacing=\"15px\" data-controls=\"touch_total\" data-pagination-alignment=\"default\" data-adaptive-height data-border-radius=\"none\" data-column-border data-column-padding=\"0\" data-format=\"default\" data-autoplay data-autoplay-dur=\"5000\" data-control-style=\"material_pagination\" data-desktop-columns=\"4\" data-small-desktop-columns=\"3\" data-tablet-columns=\"2\" data-phone-columns=\"1\" data-column-color><div class=\"flickity-viewport\"> <div class=\"flickity-slider\"><div class=\"cell\"><div class=\"inner-wrap-outer\"><div class=\"inner-wrap\"><div class=\"nectar-fancy-box nectar-underline using-img  has-animation content-color-000000 aspect-4-5\" data-style=\"image_above_text_underline\" data-border-radius=\"default\" data-animation=\"fade-in-from-right\" data-delay=\"0\" data-alignment=\"left\"><div class=\"image-wrap\"><div class=\"box-bg\" role=\"presentation\" style=\"background-image: url('https:\/\/yourhappybox.ch\/wp-content\/uploads\/2021\/02\/051-210102-yourhappybox-studio-session_DSF4334-819x1024.jpg'); \"><\/div><\/div>\n\t\t<div class=\"text\">\n<h4>Schwangerschaftstreifen\u00f6l<\/h4>\n<p>Das aus haus\u00adei\u00adge\u00adner Her\u00adstel\u00adlung der Bahn\u00adhof-Apo\u00adtheke stam\u00admende \u00d6l mit Mandel\u2011, Sonnenblumen\u2011, Weizenkeim\u2011, Nacht\u00adker\u00adzen- und Hanf\u00f6l so\u00adwie La\u00adven\u00addel, Ner\u00adoli, Rose, Ho-Sho, Ro\u00adsen\u00adholz. Mas\u00adsiere das \u00d6l so oft wie m\u00f6g\u00adlich vor al\u00adlem in die sich stark deh\u00adnen\u00adden Stel\u00adlen ein. Tipp: im\u00admer auf leicht feuchte Haut auf\u00adtra\u00adgen, dann zieht es schnel\u00adler&nbsp;ein.<\/p><\/div> \n\t\t<\/div><\/div><\/div><\/div><div class=\"cell\"><div class=\"inner-wrap-outer\"><div class=\"inner-wrap\"><div class=\"nectar-fancy-box nectar-underline using-img  has-animation content-color-000000 aspect-4-5\" data-style=\"image_above_text_underline\" data-border-radius=\"default\" data-animation=\"fade-in-from-right\" data-delay=\"0\" data-alignment=\"left\"><div class=\"image-wrap\"><div class=\"box-bg\" role=\"presentation\" style=\"background-image: url('https:\/\/yourhappybox.ch\/wp-content\/uploads\/2021\/11\/046-210102-yourhappybox-studio-session_DSF4329-819x1024.jpg'); \"><\/div><\/div>\n\t\t<div class=\"text\">\n<h4>BH Verl\u00e4ngerer<\/h4>\n<p>Den BH Ver\u00adl\u00e4n\u00adge\u00adrer wird man auch zur Still\u00adzeit noch\u00admals ver\u00adwen\u00adden k\u00f6n\u00adnen. W\u00e4h\u00adrend der Schwan\u00adger\u00adschaft und mit Milch\u00adein\u00adschuss ver\u00ad\u00e4n\u00addert sich der Brust\u00adum\u00adfang lau\u00adfend und wer nicht im\u00admer ei\u00adnen neuen BH kau\u00adfen m\u00f6chte, kann sich et\u00adwas Zeit mit die\u00adser Ver\u00adl\u00e4n\u00adge\u00adrung schaffen.<\/p><\/div> \n\t\t<\/div><\/div><\/div><\/div><div class=\"cell\"><div class=\"inner-wrap-outer\"><div class=\"inner-wrap\"><div class=\"nectar-fancy-box nectar-underline using-img  has-animation content-color-000000 aspect-4-5\" data-style=\"image_above_text_underline\" data-border-radius=\"default\" data-animation=\"fade-in-from-right\" data-delay=\"0\" data-alignment=\"left\"><div class=\"image-wrap\"><div class=\"box-bg\" role=\"presentation\" style=\"background-image: url('https:\/\/yourhappybox.ch\/wp-content\/uploads\/2021\/02\/Picture-of-Notebook-2-1024x909.jpg'); \"><\/div><\/div>\n\t\t<div class=\"text\">\n<h4>Carnet de&nbsp;notes<\/h4>\n<p>F\u00fcr all das Pl\u00e4ne schmie\u00adden, die Fra\u00adgen an die \u00c4rzte, Heb\u00adam\u00admen und sons\u00adtige Per\u00adso\u00adnen des Ver\u00adtrau\u00adens. Und na\u00adt\u00fcr\u00adlich auch um die Ver\u00adgess\u00adlich\u00adkeit, die sich be\u00adreits in den ers\u00adten Wo\u00adchen, aber sp\u00e4\u00adtes\u00adtens im 2. Tri\u00admes\u00adter ver\u00admehrt, im Griff zu halten.<\/p><\/div> \n\t\t<\/div><\/div><\/div><\/div><div class=\"cell\"><div class=\"inner-wrap-outer\"><div class=\"inner-wrap\"><div class=\"nectar-fancy-box nectar-underline using-img  has-animation content-color-000000 aspect-4-5\" data-style=\"image_above_text_underline\" data-border-radius=\"default\" data-animation=\"fade-in-from-right\" data-delay=\"0\" data-alignment=\"left\"><div class=\"image-wrap\"><div class=\"box-bg\" role=\"presentation\" style=\"background-image: url('https:\/\/yourhappybox.ch\/wp-content\/uploads\/2021\/02\/039-210102-yourhappybox-studio-session_DSF4322-819x1024.jpg'); \"><\/div><\/div>\n\t\t<div class=\"text\">\n<h4>Tisane bio pour le 1er trimestre<\/h4>\n<p>tee\u00adwerk hat ei\u00adnen tol\u00adlen Bio-Tee f\u00fcr die Hap\u00adpy\u00adBox kre\u00adiert, wel\u00adcher hilft die \u00dcbel\u00adkeit zu re\u00addu\u00adzie\u00adren und sich wohl\u00adzu\u00adf\u00fch\u00adlen in den ers\u00adten Wo\u00adchen der Schwan\u00adger\u00adschaft. Pfef\u00adfer\u00adminze, Ka\u00admille, Fen\u00adchel, Ing\u00adwer, gr\u00fc\u00adner Ha\u00adfer\u00adtee und Frau\u00aden\u00adman\u00adtel sind in der Mi\u00adschung enthalten.<\/p><\/div> \n\t\t<\/div><\/div><\/div><\/div><div class=\"cell\"><div class=\"inner-wrap-outer\"><div class=\"inner-wrap\"><div class=\"nectar-fancy-box nectar-underline using-img  has-animation content-color-000000 aspect-4-5\" data-style=\"image_above_text_underline\" data-border-radius=\"default\" data-animation=\"fade-in-from-right\" data-delay=\"0\" data-alignment=\"left\"><div class=\"image-wrap\"><div class=\"box-bg\" role=\"presentation\" style=\"background-image: url('https:\/\/yourhappybox.ch\/wp-content\/uploads\/2021\/02\/058-210102-yourhappybox-studio-session_DSF4341-819x1024.jpg'); \"><\/div><\/div>\n\t\t<div class=\"text\">\n<h4>Kirschkernkissen<\/h4>\n<p>Der treuste Be\u00adglei\u00adter in der Schwan\u00adger\u00adschaft \u2013 das Kirsch\u00adkern\u00adkis\u00adsen. Es l\u00e4sst sich so\u00adwohl warm als auch kalt an\u00adwen\u00adden. Warm: f\u00fcr 10\u201315 Mi\u00adnu\u00adten in den vor\u00adge\u00adw\u00e4rm\u00adten Ofen (90\u00b0) le\u00adgen. So eig\u00adnet es sich f\u00fcr Na\u00adcken und R\u00fc\u00adcken\u00adver\u00adspan\u00adnun\u00adgen, Bauch\u00adweh und auch f\u00fcr die ers\u00adten&nbsp;Wehen.<\/p>\n<p>Kalt: Im Plas\u00adtik\u00adbeu\u00adtel f\u00fcr 1\u20132 Stun\u00adden ins Ge\u00adfrier\u00adfach le\u00adgen. So wird es zu ei\u00adnem su\u00adper Hilfs\u00admit\u00adtel ge\u00adgen di\u00adcke Beine oder schmer\u00adzende Br\u00fcste.<\/p>\n<p>Ach\u00adtung: Falls das Kis\u00adsen zu heiss oder zu kalt ist, leg es nicht di\u00adrekt auf die Haut und bitte auch nicht heiss un\u00adbe\u00adauf\u00adsich\u00adtigt lie\u00adgen lassen.<\/p><\/div> \n\t\t<\/div><\/div><\/div><\/div><div class=\"cell\"><div class=\"inner-wrap-outer\"><div class=\"inner-wrap\"><div class=\"nectar-fancy-box nectar-underline using-img  has-animation content-color-000000 aspect-4-5\" data-style=\"image_above_text_underline\" data-border-radius=\"default\" data-animation=\"fade-in-from-right\" data-delay=\"0\" data-alignment=\"left\"><div class=\"image-wrap\"><div class=\"box-bg\" role=\"presentation\" style=\"background-image: url('https:\/\/yourhappybox.ch\/wp-content\/uploads\/2021\/02\/065-210102-yourhappybox-studio-session_DSF4348-819x1024.jpg'); \"><\/div><\/div>\n\t\t<div class=\"text\">\n<h4>Ingwerpastillen<\/h4>\n<p>Schnel\u00adler Hel\u00adfer bei pl\u00f6tz\u00adlich auf\u00adtre\u00adten\u00adder \u00dcbel\u00adkeit. Ein\u00adfach lut\u00adschen und tief durchatmen.<\/p><\/div> \n\t\t<\/div><\/div><\/div><\/div><div class=\"cell\"><div class=\"inner-wrap-outer\"><div class=\"inner-wrap\"><div class=\"nectar-fancy-box nectar-underline using-img  has-animation content-color-000000 aspect-4-5\" data-style=\"image_above_text_underline\" data-border-radius=\"default\" data-animation=\"fade-in-from-right\" data-delay=\"0\" data-alignment=\"left\"><div class=\"image-wrap\"><div class=\"box-bg\" role=\"presentation\" style=\"background-image: url('https:\/\/yourhappybox.ch\/wp-content\/uploads\/2021\/02\/070-210102-yourhappybox-studio-session_DSF4353-819x1024.jpg'); \"><\/div><\/div>\n\t\t<div class=\"text\">\n<h4>Teeei<\/h4>\n<p>Ohne Teeei l\u00e4sst sich der feine Tee vom tee\u00adwerk lei\u00adder nicht ge\u00adnies\u00adsen \u2013 also be\u00adkommst du von uns eins geschenkt<\/p><\/div> \n\t\t<\/div><\/div><\/div><\/div><\/div><\/div><\/div>\n\t\t\t<\/div> \n\t\t<\/div>\n\t<\/div> \n<\/div><\/div>","protected":false},"excerpt":{"rendered":"<h5>Depuis ton test de grossesse positif \u2014 Jusqu\u2019\u00e0 la treizi\u00e8me semaine<\/h5>\n<p>Cette Star\u00adter\u00adBox est d\u00e9\u00addi\u00e9 au 1er tri\u00admestre (se\u00admaines de gross\u00adesse 1\u201313) et con\u00adti\u00adent tous les pro\u00adduits n\u00e9\u00adces\u00adsaires pour bien d\u00e9mar\u00adrer ta grossesse&nbsp;:<\/p>\n<ul>\n<li>L\u2019huile anti-ver\u00adge\u00adtures fa\u00adbri\u00adqu\u00e9e par la phar\u00admacie de la gare de Kemp\u00adten con\u00adti\u00adent de l\u2019huile d\u2019a\u00admande, de tour\u00adne\u00adsol, de germe de bl\u00e9, d\u2019o\u00adna\u00adgre et de chan\u00advre ainsi que de la la\u00advande, du n\u00e9\u00adroli, de la rose, du bois de H\u00f4, du bois de&nbsp;rose.<\/li>\n<li>Au d\u00e9\u00adbut de ta gross\u00adesse, tes seins vont gros\u00adsir ra\u00adpi\u00adde\u00adment et ces ex\u00adten\u00adsi\u00adons de sou\u00adtien-gorge sont la so\u00adlu\u00adtion par\u00adfaite pour ne pas avoir \u00e0 ache\u00adter con\u00adstam\u00adment de nou\u00adveaux sou\u00adti\u00adens-gorge. Ils te ser\u00advi\u00adront \u00e9ga\u00adle\u00adment pen\u00addant les pre\u00admiers jours d\u2019al\u00adlai\u00adte\u00adment, lors\u00adque la poi\u00adtrine s\u2019a\u00adjuste au bon volume.<\/li>\n<li>tee\u00adwerk a cr\u00e9\u00e9 un ex\u00adcel\u00adlent th\u00e9 bio\u00adlo\u00adgi\u00adque pour la Hap\u00adpy\u00adBox, qui aide \u00e0 r\u00e9\u00adduire les nau\u00ads\u00e9es et am\u00e9\u00adliore ton bien-\u00eatre pen\u00addant les pre\u00admi\u00e8\u00adres se\u00admaines de la gross\u00adesse. Le m\u00e9\u00adlange com\u00adprend de la men\u00adthe poi\u00adv\u00adr\u00e9e, de la ca\u00admo\u00admille, du fen\u00adouil, du ging\u00adembre, du th\u00e9 vert \u00e0 l\u2019a\u00advoine et de l\u2019al\u00adch\u00e9\u00admille. Un in\u00adfu\u00adseur \u00e0 th\u00e9 est of\u00adfert dans le coffret.<\/li>\n<li>Un cous\u00adsin aux noyaux de cerise, vo\u00adlon\u00adtai\u00adre\u00adment moins rem\u00adpli et de forme al\u00adlon\u00adg\u00e9e. Chaud, il peut \u00eatre uti\u00adlis\u00e9 contre les dou\u00adleurs cer\u00advicales, les cram\u00adpes ab\u00addo\u00admi\u00adna\u00adles ou les pre\u00admi\u00e8\u00adres con\u00adtrac\u00adtions. Froid, il sert \u00e0 sou\u00adla\u00adger les jam\u00adbes lourdes.<\/li>\n<li>Des pas\u00adtil\u00adles de ging\u00adembre, une aide ra\u00adpide et dis\u00adcr\u00e8te en cas de nau\u00ads\u00e9e soudaine.<\/li>\n<li>Un car\u00adnet de no\u00adtes pour tout le plan\u00adning et pour ai\u00adder avec le fa\u00admeux \u201cbaby brain\u201d (sans bla\u00adgue, cela ar\u00adrive \u00e0 la plu\u00adpart des femmes et dure sou\u00advent jus\u00adqu\u2019a\u00adpr\u00e8s l\u2019allaitement).<\/li>\n<\/ul>\n<p>Nous te re\u00adcom\u00adman\u00addons vi\u00adve\u00adment d\u2019a\u00adjou\u00adter des vit\u00adami\u00adnes et mi\u00adn\u00e9\u00adraux de gross\u00adesse et des om\u00e9ga 3 si tu n\u2019en prends pas d\u00e9j\u00e0. Ces pro\u00adduits sont sou\u00advent pre\u00adscrits par ton m\u00e9\u00adde\u00adcin, si\u00adnon tu peux les trou\u00adver&nbsp;ici&nbsp;:<\/p>\n<ul>\n<li><a href=\"https:\/\/yourhappybox.ch\/fr\/produit-2\/vitamine-fuer-schwangerschaft-und-stillzeit\/\" target=\"_blank\" rel=\"noopener\">Bur\u00adger\u00adstein vit\u00adami\u00adnes de gross\u00adesse<\/a> pour les be\u00adso\u00adins ac\u00adcrus en vit\u00adami\u00adnes et mi\u00adn\u00e9\u00adraux de la fu\u00adture&nbsp;maman<\/li>\n<li><a href=\"https:\/\/yourhappybox.ch\/fr\/produit-2\/burgerstein-omega-3\/\" target=\"_blank\" rel=\"noopener\">Bur\u00adger\u00adstein Omega 3<\/a> est le com\u00adpl\u00e9\u00adment id\u00e9al pour cou\u00advrir les be\u00adso\u00adins sup\u00adp\u00adl\u00e9\u00admen\u00adtai\u00adres en ma\u00adti\u00e8re de d\u00e9\u00adve\u00adlo\u00adp\u00adpe\u00adment du cer\u00adveau et des yeux de l\u2019enfant.<\/li>\n<\/ul>\n<p>D\u00e8s que tu es \u00e0 court de pro\u00adduits im\u00adportants, comme l\u2019huile anti-ver\u00adge\u00adtures ou notre th\u00e9 bio\u00adlo\u00adgi\u00adque, tu peux les trou\u00adver dans notre <a href=\"https:\/\/yourhappybox.ch\/fr\/refill\/\">Re\u00adfill Shop<\/a> Tu trou\u00adve\u00adras d\u2019au\u00adt\u00adres pro\u00adduits pour t\u2019ai\u00adder dans ta gross\u00adesse dans les ru\u00adbri\u00adques sui\u00advan\u00adtes <a href=\"https:\/\/yourhappybox.ch\/fr\/produit-2\/happybox2-letitgrow\/\">Your\u00adHap\u00adpy\u00adBox<\/a>.<\/p>","protected":false},"featured_media":30176,"comment_status":"open","ping_status":"closed","template":"","meta":{"wp_typography_post_enhancements_disabled":false},"product_brand":[],"product_cat":[38,111],"product_tag":[],"class_list":{"0":"post-1535","1":"product","2":"type-product","3":"status-publish","4":"has-post-thumbnail","6":"product_cat-box1","7":"product_cat-boxen-fuer-waehrend-der-schwangerschaft","9":"first","10":"instock","11":"taxable","12":"shipping-taxable","13":"purchasable","14":"product-type-simple"},"yoast_head":"<!-- This site is optimized with the Yoast SEO plugin v27.3 - https:\/\/yoast.com\/product\/yoast-seo-wordpress\/ -->\n<title>Beste Schwangerschaftsbox f\u00fcr das 1. Trimester | Your Happy Box<\/title>\n<meta name=\"description\" content=\"Unsere Pflegebox f\u00fcr das 1. Trimester enth\u00e4lt die besten Produkte, die Sie zu Beginn der Schwangerschaft ben\u00f6tigen und die sich perfekt als Geschenk eignen.\" \/>\n<meta name=\"robots\" content=\"index, follow, max-snippet:-1, max-image-preview:large, max-video-preview:-1\" \/>\n<link rel=\"canonical\" href=\"https:\/\/yourhappybox.ch\/fr\/produit-2\/starterbox-fuer-die-schwangerschaft\/\" \/>\n<meta property=\"og:locale\" content=\"fr_FR\" \/>\n<meta property=\"og:type\" content=\"article\" \/>\n<meta property=\"og:title\" content=\"Beste Schwangerschaftsbox f\u00fcr das 1. Trimester | Your Happy Box\" \/>\n<meta property=\"og:description\" content=\"Unsere Pflegebox f\u00fcr das 1. Trimester enth\u00e4lt die besten Produkte, die Sie zu Beginn der Schwangerschaft ben\u00f6tigen und die sich perfekt als Geschenk eignen.\" \/>\n<meta property=\"og:url\" content=\"https:\/\/yourhappybox.ch\/fr\/produit-2\/starterbox-fuer-die-schwangerschaft\/\" \/>\n<meta property=\"og:site_name\" content=\"YourHappyBox\" \/>\n<meta property=\"article:modified_time\" content=\"2026-01-22T13:32:18+00:00\" \/>\n<meta property=\"og:image\" content=\"https:\/\/yourhappybox.ch\/wp-content\/uploads\/2022\/10\/annahaerlin0214.jpg\" \/>\n\t<meta property=\"og:image:width\" content=\"1920\" \/>\n\t<meta property=\"og:image:height\" content=\"1280\" \/>\n\t<meta property=\"og:image:type\" content=\"image\/jpeg\" \/>\n<meta name=\"twitter:card\" content=\"summary_large_image\" \/>\n<meta name=\"twitter:label1\" content=\"Dur\u00e9e de lecture estim\u00e9e\" \/>\n\t<meta name=\"twitter:data1\" content=\"4 minutes\" \/>\n<script type=\"application\/ld+json\" class=\"yoast-schema-graph\">{\"@context\":\"https:\\\/\\\/schema.org\",\"@graph\":[{\"@type\":\"WebPage\",\"@id\":\"https:\\\/\\\/yourhappybox.ch\\\/produkt\\\/starterbox-fuer-die-schwangerschaft\\\/\",\"url\":\"https:\\\/\\\/yourhappybox.ch\\\/produkt\\\/starterbox-fuer-die-schwangerschaft\\\/\",\"name\":\"Beste Schwangerschaftsbox f\u00fcr das 1. Trimester | Your Happy Box\",\"isPartOf\":{\"@id\":\"https:\\\/\\\/yourhappybox.ch\\\/en\\\/#website\"},\"primaryImageOfPage\":{\"@id\":\"https:\\\/\\\/yourhappybox.ch\\\/produkt\\\/starterbox-fuer-die-schwangerschaft\\\/#primaryimage\"},\"image\":{\"@id\":\"https:\\\/\\\/yourhappybox.ch\\\/produkt\\\/starterbox-fuer-die-schwangerschaft\\\/#primaryimage\"},\"thumbnailUrl\":\"https:\\\/\\\/yourhappybox.ch\\\/wp-content\\\/uploads\\\/2022\\\/10\\\/annahaerlin0214.jpg\",\"datePublished\":\"2021-02-16T01:31:42+00:00\",\"dateModified\":\"2026-01-22T13:32:18+00:00\",\"description\":\"Unsere Pflegebox f\u00fcr das 1. Trimester enth\u00e4lt die besten Produkte, die Sie zu Beginn der Schwangerschaft ben\u00f6tigen und die sich perfekt als Geschenk eignen.\",\"breadcrumb\":{\"@id\":\"https:\\\/\\\/yourhappybox.ch\\\/produkt\\\/starterbox-fuer-die-schwangerschaft\\\/#breadcrumb\"},\"inLanguage\":\"fr-FR\",\"potentialAction\":[{\"@type\":\"ReadAction\",\"target\":[\"https:\\\/\\\/yourhappybox.ch\\\/produkt\\\/starterbox-fuer-die-schwangerschaft\\\/\"]}]},{\"@type\":\"ImageObject\",\"inLanguage\":\"fr-FR\",\"@id\":\"https:\\\/\\\/yourhappybox.ch\\\/produkt\\\/starterbox-fuer-die-schwangerschaft\\\/#primaryimage\",\"url\":\"https:\\\/\\\/yourhappybox.ch\\\/wp-content\\\/uploads\\\/2022\\\/10\\\/annahaerlin0214.jpg\",\"contentUrl\":\"https:\\\/\\\/yourhappybox.ch\\\/wp-content\\\/uploads\\\/2022\\\/10\\\/annahaerlin0214.jpg\",\"width\":1920,\"height\":1280},{\"@type\":\"BreadcrumbList\",\"@id\":\"https:\\\/\\\/yourhappybox.ch\\\/produkt\\\/starterbox-fuer-die-schwangerschaft\\\/#breadcrumb\",\"itemListElement\":[{\"@type\":\"ListItem\",\"position\":1,\"name\":\"Startseite\",\"item\":\"https:\\\/\\\/yourhappybox.ch\\\/\"},{\"@type\":\"ListItem\",\"position\":2,\"name\":\"Shop\",\"item\":\"https:\\\/\\\/yourhappybox.ch\\\/shop-essenzielle-schwangerschaftsprodukte\\\/\"},{\"@type\":\"ListItem\",\"position\":3,\"name\":\"HappyBox#1 \u2013 StarterBox\"}]},{\"@type\":\"WebSite\",\"@id\":\"https:\\\/\\\/yourhappybox.ch\\\/en\\\/#website\",\"url\":\"https:\\\/\\\/yourhappybox.ch\\\/en\\\/\",\"name\":\"YourHappyBox\",\"description\":\"Die Box, die dir Zeit w\u00e4hrend deiner Schwangerschaft schenkt\",\"potentialAction\":[{\"@type\":\"SearchAction\",\"target\":{\"@type\":\"EntryPoint\",\"urlTemplate\":\"https:\\\/\\\/yourhappybox.ch\\\/en\\\/?s={search_term_string}\"},\"query-input\":{\"@type\":\"PropertyValueSpecification\",\"valueRequired\":true,\"valueName\":\"search_term_string\"}}],\"inLanguage\":\"fr-FR\"}]}<\/script>\n<!-- \/ Yoast SEO plugin. -->","yoast_head_json":{"title":"Beste Schwan\u00adger\u00adschafts\u00adbox f\u00fcr das 1. Tri\u00admes\u00adter | Your Happy&nbsp;Box","description":"Un\u00adsere Pfle\u00adge\u00adbox f\u00fcr das 1. Tri\u00admes\u00adter ent\u00adh\u00e4lt die bes\u00adten Pro\u00addukte, die Sie zu Be\u00adginn der Schwan\u00adger\u00adschaft be\u00adn\u00f6\u00adti\u00adgen und die sich per\u00adfekt als Ge\u00adschenk eignen.","robots":{"index":"index","follow":"follow","max-snippet":"max-snippet:-1","max-image-preview":"max-image-preview:large","max-video-preview":"max-video-preview:-1"},"canonical":"https:\/\/yourhappybox.ch\/fr\/produit-2\/starterbox-fuer-die-schwangerschaft\/","og_locale":"fr_FR","og_type":"article","og_title":"Beste Schwangerschaftsbox f\u00fcr das 1. Trimester | Your Happy Box","og_description":"Unsere Pflegebox f\u00fcr das 1. Trimester enth\u00e4lt die besten Produkte, die Sie zu Beginn der Schwangerschaft ben\u00f6tigen und die sich perfekt als Geschenk eignen.","og_url":"https:\/\/yourhappybox.ch\/fr\/produit-2\/starterbox-fuer-die-schwangerschaft\/","og_site_name":"YourHappyBox","article_modified_time":"2026-01-22T13:32:18+00:00","og_image":[{"width":1920,"height":1280,"url":"https:\/\/yourhappybox.ch\/wp-content\/uploads\/2022\/10\/annahaerlin0214.jpg","type":"image\/jpeg"}],"twitter_card":"summary_large_image","twitter_misc":{"Dur\u00e9e de lecture estim\u00e9e":"4 minutes"},"schema":{"@context":"https:\/\/schema.org","@graph":[{"@type":"WebPage","@id":"https:\/\/yourhappybox.ch\/produkt\/starterbox-fuer-die-schwangerschaft\/","url":"https:\/\/yourhappybox.ch\/produkt\/starterbox-fuer-die-schwangerschaft\/","name":"Beste Schwan\u00adger\u00adschafts\u00adbox f\u00fcr das 1. Tri\u00admes\u00adter | Your Happy&nbsp;Box","isPartOf":{"@id":"https:\/\/yourhappybox.ch\/en\/#website"},"primaryImageOfPage":{"@id":"https:\/\/yourhappybox.ch\/produkt\/starterbox-fuer-die-schwangerschaft\/#primaryimage"},"image":{"@id":"https:\/\/yourhappybox.ch\/produkt\/starterbox-fuer-die-schwangerschaft\/#primaryimage"},"thumbnailUrl":"https:\/\/yourhappybox.ch\/wp-content\/uploads\/2022\/10\/annahaerlin0214.jpg","datePublished":"2021-02-16T01:31:42+00:00","dateModified":"2026-01-22T13:32:18+00:00","description":"Un\u00adsere Pfle\u00adge\u00adbox f\u00fcr das 1. Tri\u00admes\u00adter ent\u00adh\u00e4lt die bes\u00adten Pro\u00addukte, die Sie zu Be\u00adginn der Schwan\u00adger\u00adschaft be\u00adn\u00f6\u00adti\u00adgen und die sich per\u00adfekt als Ge\u00adschenk eignen.","breadcrumb":{"@id":"https:\/\/yourhappybox.ch\/produkt\/starterbox-fuer-die-schwangerschaft\/#breadcrumb"},"inLanguage":"fr-FR","potentialAction":[{"@type":"ReadAction","target":["https:\/\/yourhappybox.ch\/produkt\/starterbox-fuer-die-schwangerschaft\/"]}]},{"@type":"ImageObject","inLanguage":"fr-FR","@id":"https:\/\/yourhappybox.ch\/produkt\/starterbox-fuer-die-schwangerschaft\/#primaryimage","url":"https:\/\/yourhappybox.ch\/wp-content\/uploads\/2022\/10\/annahaerlin0214.jpg","contentUrl":"https:\/\/yourhappybox.ch\/wp-content\/uploads\/2022\/10\/annahaerlin0214.jpg","width":1920,"height":1280},{"@type":"BreadcrumbList","@id":"https:\/\/yourhappybox.ch\/produkt\/starterbox-fuer-die-schwangerschaft\/#breadcrumb","itemListElement":[{"@type":"ListItem","position":1,"name":"Startseite","item":"https:\/\/yourhappybox.ch\/"},{"@type":"ListItem","position":2,"name":"Shop","item":"https:\/\/yourhappybox.ch\/shop-essenzielle-schwangerschaftsprodukte\/"},{"@type":"ListItem","position":3,"name":"HappyBox#1 \u2013 StarterBox"}]},{"@type":"WebSite","@id":"https:\/\/yourhappybox.ch\/en\/#website","url":"https:\/\/yourhappybox.ch\/en\/","name":"Your\u00adHap\u00adpy\u00adBox","description":"Die Box, die dir Zeit w\u00e4h\u00adrend dei\u00adner Schwan\u00adger\u00adschaft schenkt","potentialAction":[{"@type":"SearchAction","target":{"@type":"EntryPoint","urlTemplate":"https:\/\/yourhappybox.ch\/en\/?s={search_term_string}"},"query-input":{"@type":"PropertyValueSpecification","valueRequired":true,"valueName":"search_term_string"}}],"inLanguage":"fr-FR"}]}},"_links":{"self":[{"href":"https:\/\/yourhappybox.ch\/fr\/wp-json\/wp\/v2\/product\/1535","targetHints":{"allow":["GET"]}}],"collection":[{"href":"https:\/\/yourhappybox.ch\/fr\/wp-json\/wp\/v2\/product"}],"about":[{"href":"https:\/\/yourhappybox.ch\/fr\/wp-json\/wp\/v2\/types\/product"}],"replies":[{"embeddable":true,"href":"https:\/\/yourhappybox.ch\/fr\/wp-json\/wp\/v2\/comments?post=1535"}],"wp:featuredmedia":[{"embeddable":true,"href":"https:\/\/yourhappybox.ch\/fr\/wp-json\/wp\/v2\/media\/30176"}],"wp:attachment":[{"href":"https:\/\/yourhappybox.ch\/fr\/wp-json\/wp\/v2\/media?parent=1535"}],"wp:term":[{"taxonomy":"product_brand","embeddable":true,"href":"https:\/\/yourhappybox.ch\/fr\/wp-json\/wp\/v2\/product_brand?post=1535"},{"taxonomy":"product_cat","embeddable":true,"href":"https:\/\/yourhappybox.ch\/fr\/wp-json\/wp\/v2\/product_cat?post=1535"},{"taxonomy":"product_tag","embeddable":true,"href":"https:\/\/yourhappybox.ch\/fr\/wp-json\/wp\/v2\/product_tag?post=1535"}],"curies":[{"name":"wp","href":"https:\/\/api.w.org\/{rel}","templated":true}]}}