{"id":29019,"date":"2021-11-12T11:10:19","date_gmt":"2021-11-12T10:10:19","guid":{"rendered":"https:\/\/yourhappybox.ch\/?post_type=product&#038;p=29019"},"modified":"2026-01-22T14:32:18","modified_gmt":"2026-01-22T13:32:18","slug":"happybox2-letitgrow","status":"publish","type":"product","link":"https:\/\/yourhappybox.ch\/fr\/produkt\/happybox2-letitgrow\/","title":{"rendered":"HappyBox#2 \u2013 Let it&nbsp;grow"},"content":{"rendered":"<div id=\"fws_69e8f8cf3f4f4\" data-column-margin=\"default\" data-midnight=\"dark\" data-top-percent=\"8%\" data-bottom-percent=\"8%\" class=\"wpb_row vc_row-fluid vc_row full-width-section  top_padding_tablet_16pct bottom_padding_tablet_16pct\" style=\"padding-top: calc(100vw * 0.08); padding-bottom: calc(100vw * 0.08); \"><div class=\"row-bg-wrap\" data-bg-animation=\"none\" data-bg-animation-delay data-bg-overlay=\"false\"><div class=\"inner-wrap row-bg-layer\"><div class=\"row-bg viewport-desktop using-bg-color\" style=\"background-color: #ffffff; \"><\/div><\/div><\/div><div class=\"row_col_wrap_12 col span_12 dark left\">\n\t<div class=\"vc_col-sm-12 wpb_column column_container vc_column_container col no-extra-padding el_spacing_0px inherit_tablet inherit_phone\" data-padding-pos=\"all\" data-has-bg-color=\"false\" data-bg-color data-bg-opacity=\"1\" data-animation data-delay=\"0\">\n\t\t<div class=\"vc_column-inner\">\n\t\t\t<div class=\"wpb_wrapper\">\n\t\t\t\t<div id=\"fws_69e8f8cf3fdf8\" data-midnight data-column-margin=\"none\" class=\"wpb_row vc_row-fluid vc_row inner_row vc_row-o-equal-height vc_row-flex vc_row-o-content-bottom bottom_padding_tablet_20px\" style=\"padding-bottom: 30px; \"><div class=\"row-bg-wrap\"> <div class=\"row-bg\"><\/div> <\/div><div class=\"row_col_wrap_12_inner col span_12  left\">\n\t<div class=\"vc_col-sm-6 wpb_column column_container vc_column_container col child_column padding-5-percent el_spacing_5px inherit_tablet inherit_phone\" data-t-w-inherits=\"small_desktop\" data-padding-pos=\"right\" data-has-bg-color=\"false\" data-bg-color data-bg-opacity=\"1\" data-animation data-delay=\"0\">\n\t\t<div class=\"vc_column-inner\">\n\t\t<div class=\"wpb_wrapper\">\n\t\t\t\n<div class=\"wpb_text_column wpb_content_element\">\n\t<div class=\"wpb_wrapper\">\n\t\t<h2>Inclus dans le coffret:<\/h2>\n<p>Voici une s\u00e9lec\u00adtion des pro\u00adduits con\u00adte\u00adnus dans ton coffret&nbsp;<\/p>\n\t<\/div>\n<\/div>\n\n\n\n\n\t\t<\/div> \n\t<\/div>\n\t<\/div> \n\n\t<div class=\"vc_col-sm-6 vc_hidden-xs wpb_column column_container vc_column_container col child_column no-extra-padding inherit_tablet inherit_phone\" data-t-w-inherits=\"small_desktop\" data-padding-pos=\"all\" data-has-bg-color=\"false\" data-bg-color data-bg-opacity=\"1\" data-animation data-delay=\"0\">\n\t\t<div class=\"vc_column-inner\">\n\t\t<div class=\"wpb_wrapper\">\n\t\t\t\n\t\t<\/div> \n\t<\/div>\n\t<\/div> \n<\/div><\/div><div class=\"nectar-flickity not-initialized nectar-carousel tb-spacing-0\" data-centered-cells=\"false\" data-pause-on-hover data-touch-icon-color=\"dark\" data-control-color=\"extra-color-2\" data-overflow=\"visible\" data-r-bottom-total=\"true\" data-drag-scale data-wrap=\"no-wrap\" data-spacing=\"15px\" data-controls=\"touch_total\" data-pagination-alignment=\"default\" data-adaptive-height data-border-radius=\"none\" data-column-border data-column-padding=\"0\" data-format=\"default\" data-autoplay data-autoplay-dur=\"5000\" data-control-style=\"material_pagination\" data-desktop-columns=\"4\" data-small-desktop-columns=\"3\" data-tablet-columns=\"2\" data-phone-columns=\"1\" data-column-color><div class=\"flickity-viewport\"> <div class=\"flickity-slider\"><div class=\"cell\"><div class=\"inner-wrap-outer\"><div class=\"inner-wrap\"><div class=\"nectar-fancy-box nectar-underline using-img  has-animation content-color-000000 aspect-4-5\" data-style=\"image_above_text_underline\" data-border-radius=\"default\" data-animation=\"fade-in-from-right\" data-delay=\"0\" data-alignment=\"left\"><div class=\"image-wrap\"><div class=\"box-bg\" role=\"presentation\" style=\"background-image: url('https:\/\/yourhappybox.ch\/wp-content\/uploads\/2022\/07\/Unbenanntes-Design-2-1024x1024.png'); \"><\/div><\/div>\n\t\t<div class=\"text\">\n<h4>Th\u00e9 bio pour la grossesse<\/h4>\n<p>Der feine Bio-Tee ist ein woh\u00adtu\u00aden\u00adder, st\u00e4r\u00adken\u00adder und ent\u00adlas\u00adten\u00adder Tee aus aus\u00adge\u00adsuch\u00adten Bio Kr\u00e4u\u00adtern. Wie im\u00admer ein Haus\u00adre\u00adzept von <a href=\"https:\/\/teewerk.ch\/\" target=\"_blank\" rel=\"noopener\">tee\u00adwerk<\/a> mit Me\u00adlisse, Rooi\u00adbush, Ka\u00admille, Ing\u00adwer und T\u00e4\u00adger\u00adwi\u00adler Aroniabeeren.<\/p><\/div> \n\t\t<\/div><\/div><\/div><\/div><div class=\"cell\"><div class=\"inner-wrap-outer\"><div class=\"inner-wrap\"><div class=\"nectar-fancy-box nectar-underline using-img  has-animation content-color-000000 aspect-4-5\" data-style=\"image_above_text_underline\" data-border-radius=\"default\" data-animation=\"fade-in-from-right\" data-delay=\"0\" data-alignment=\"left\"><div class=\"image-wrap\"><div class=\"box-bg\" role=\"presentation\" style=\"background-image: url('https:\/\/yourhappybox.ch\/wp-content\/uploads\/2021\/11\/082-210102-yourhappybox-studio-session_DSF4365-1-819x1024.jpg'); \"><\/div><\/div>\n\t\t<div class=\"text\">\n<h4>Schoggi<\/h4>\n<p>Schoggi von La Flor \u2013 ihre Schog\u00adgi\u00adta\u00adfeln wer\u00adden aus nach\u00adhal\u00adti\u00adgem Ca\u00adcao und bio\u00adlo\u00adgisch an\u00adge\u00adbau\u00adtem, re\u00adgio\u00adna\u00adlem Zu\u00adcker her\u00adstellt. Ge\u00adniess&nbsp;es!<\/p><\/div> \n\t\t<\/div><\/div><\/div><\/div><div class=\"cell\"><div class=\"inner-wrap-outer\"><div class=\"inner-wrap\"><div class=\"nectar-fancy-box nectar-underline using-img  has-animation content-color-000000 aspect-4-5\" data-style=\"image_above_text_underline\" data-border-radius=\"default\" data-animation=\"fade-in-from-right\" data-delay=\"0\" data-alignment=\"left\"><div class=\"image-wrap\"><div class=\"box-bg\" role=\"presentation\" style=\"background-image: url('https:\/\/yourhappybox.ch\/wp-content\/uploads\/2021\/11\/067-210102-yourhappybox-studio-session_DSF4350-819x1024.jpg'); \"><\/div><\/div>\n\t\t<div class=\"text\">\n<h4>Belly Tattoos<\/h4>\n<p>Das erste Tri\u00admes\u00adter ist ge\u00adschafft, viele Frauen be\u00adgin\u00adnen nun ihre Schwan\u00adger\u00adschaft zu ver\u00adk\u00fcn\u00adden. Warum nicht mit ei\u00adnem Tat\u00adtoos auf dem&nbsp;Belly.<\/p><\/div> \n\t\t<\/div><\/div><\/div><\/div><div class=\"cell\"><div class=\"inner-wrap-outer\"><div class=\"inner-wrap\"><div class=\"nectar-fancy-box nectar-underline using-img  has-animation content-color-000000 aspect-4-5\" data-style=\"image_above_text_underline\" data-border-radius=\"default\" data-animation=\"fade-in-from-right\" data-delay=\"0\" data-alignment=\"left\"><div class=\"image-wrap\"><div class=\"box-bg\" role=\"presentation\" style=\"background-image: url('https:\/\/yourhappybox.ch\/wp-content\/uploads\/2021\/02\/058-210102-yourhappybox-studio-session_DSF4341-819x1024.jpg'); \"><\/div><\/div>\n\t\t<div class=\"text\">\n<h4>Traubenkernkissen<\/h4>\n<p>Im 2. Tri\u00admes\u00adter be\u00adgin\u00adnen die ers\u00adten Lei\u00adden wie R\u00fc\u00adcken- und Na\u00adcken\u00adschmer\u00adzen. Hier hilft viel Be\u00adwe\u00adgung und W\u00e4rme. Des\u00adhalb f\u00fc\u00adgen wir euch den treus\u00adten Schwan\u00adger\u00adschafts\u00adbe\u00adglei\u00adter auch in der 2. Box bei. Es l\u00e4sst sich so\u00adwohl warm als auch kalt an\u00adwen\u00adden. F\u00fcr 10\u201315 Mi\u00adnu\u00adten in den vor\u00adge\u00adw\u00e4rm\u00adten Ofen (90\u00b0) le\u00adgen und auf R\u00fc\u00adcken und Na\u00adcken&nbsp;legen.<\/p><\/div> \n\t\t<\/div><\/div><\/div><\/div><div class=\"cell\"><div class=\"inner-wrap-outer\"><div class=\"inner-wrap\"><div class=\"nectar-fancy-box nectar-underline using-img  has-animation content-color-000000 aspect-4-5\" data-style=\"image_above_text_underline\" data-border-radius=\"default\" data-animation=\"fade-in-from-right\" data-delay=\"0\" data-alignment=\"left\"><div class=\"image-wrap\"><div class=\"box-bg\" role=\"presentation\" style=\"background-image: url('https:\/\/yourhappybox.ch\/wp-content\/uploads\/2021\/11\/049-210102-yourhappybox-studio-session_DSF4332-819x1024.jpg'); \"><\/div><\/div>\n\t\t<div class=\"text\">\n<h4>Lavendel\u00f6l<\/h4>\n<p>Fei\u00adnes La\u00adven\u00addel\u00f6l von far\u00adfalla l\u00e4sst sich viel\u00adf\u00e4l\u00adtig ver\u00adwen\u00adden (siehe auch La\u00adven\u00addel\u00adwi\u00adckel\u00adtipp). Wir ha\u00adben es in die 2. Tri\u00admes\u00adter Hap\u00adpy\u00adBox ge\u00adtan, weil f\u00fcr viele wer\u00addende M\u00fct\u00adter die N\u00e4chte jetzt schon k\u00fcr\u00adzer wer\u00adden. Viele Ge\u00addan\u00adken im Kopf und die ein oder an\u00addere Un\u00adsi\u00adcher\u00adheit. Ein paar Trop\u00adfen von dem La\u00adven\u00addel\u00f6l un\u00adters Kopf\u00adkis\u00adsen wirkt Wunder<\/p><\/div> \n\t\t<\/div><\/div><\/div><\/div><div class=\"cell\"><div class=\"inner-wrap-outer\"><div class=\"inner-wrap\"><div class=\"nectar-fancy-box nectar-underline using-img  has-animation content-color-000000 aspect-4-5\" data-style=\"image_above_text_underline\" data-border-radius=\"default\" data-animation=\"fade-in-from-right\" data-delay=\"0\" data-alignment=\"left\"><div class=\"image-wrap\"><div class=\"box-bg\" role=\"presentation\" style=\"background-image: url('https:\/\/yourhappybox.ch\/wp-content\/uploads\/2021\/02\/Picture-of-Notebook-2-1024x909.jpg'); \"><\/div><\/div>\n\t\t<div class=\"text\">\n<h4>Carnet de&nbsp;notes<\/h4>\n<p>Im 2. Tri\u00admes\u00adter be\u00adginnt oft die so\u00adge\u00adnannte Schwan\u00adger\u00adschafts\u00adde\u00admenz \ud83d\ude42 Das hat nicht wirk\u00adlich et\u00adwas da\u00admit zu tun, dass Ge\u00adhirn\u00adzel\u00adlen un\u00adwie\u00adder\u00adbring\u00adlich ab\u00adster\u00adben, son\u00addern Hor\u00admone sind daran schuld. Sp\u00e4\u00adtes\u00adtens mit Ab\u00adstil\u00adlen wird es wie\u00adder weg\u00adge\u00adhen. Da\u00adzwi\u00adschen gibt es von uns ein sch\u00f6\u00adnes No\u00adtiz\u00adbuch das leicht ist und so\u00admit im\u00admer da\u00adbei sein&nbsp;kann!<\/p><\/div> \n\t\t<\/div><\/div><\/div><\/div><\/div><\/div><\/div>\n\t\t\t<\/div> \n\t\t<\/div>\n\t<\/div> \n<\/div><\/div>","protected":false},"excerpt":{"rendered":"<h5>Semaines de grossesse 14 \u2014&nbsp;27<\/h5>\n<p>Pen\u00addant cette p\u00e9\u00adri\u00adode, sou\u00advent con\u00adsid\u00e9\u00adr\u00e9e comme la \u201cphase la plus d\u00e9\u00adten\u00addue\u201d de la gross\u00adesse, nous avons ras\u00adsem\u00adbl\u00e9 des pro\u00adduits qui t\u2019aide et t\u2019\u00adac\u00adcom\u00adpa\u00adgne dans l\u2019\u00e9\u00advo\u00adlu\u00adtion de ta gross\u00adesse. Sou\u00advent, les pre\u00admiers maux de nu\u00adque, et donc de t\u00eate, ap\u00adpa\u00adrais\u00adsent et un cous\u00adsin chaud aux noyaux de cerise fait des mer\u00adveil\u00adles. Si le cer\u00adveau ne veut pas s\u2019\u00e9teindre au mo\u00adment de s\u2019en\u00addormir, nous re\u00adcom\u00adman\u00addons de mettre 2 \u00e0 3 gout\u00adtes d\u2019huile de la\u00advande sous l\u2019o\u00adreil\u00adler. Cela per\u00admet de s\u2019en\u00addormir de ma\u00adni\u00e8re plus d\u00e9tendue.<\/p>\n<p>Le ventre de b\u00e9b\u00e9 de\u00advi\u00adent len\u00adte\u00adment vi\u00adsi\u00adble et \u00e0 par\u00adtir du deu\u00adxi\u00e8me tri\u00admestre, on com\u00admence \u00e0 an\u00adnon\u00adcer la bonne nou\u00advelle. Pour tou\u00adtes cel\u00adles qui ont en\u00advie de sou\u00adte\u00adnir ce mes\u00adsage avec de jo\u00adlis pe\u00adtits des\u00adsins, nous avons ajout\u00e9 des Belly Tat\u00adtoos dans notre Hap\u00adpy\u00adBox. Ils ne sont pas seu\u00adle\u00adment su\u00adper beaux, mais aussi par\u00adti\u00adcu\u00adli\u00e8\u00adre\u00adment bien to\u00adl\u00e9\u00adr\u00e9s par la peau, v\u00e9\u00adg\u00e9\u00adta\u00adli\u00adens et fa\u00adbri\u00adqu\u00e9s de ma\u00adni\u00e8re dura\u00adble en Allemagne.<\/p>\n<p>Comme dans nos au\u00adt\u00adres Hap\u00adpy\u00adBox, un th\u00e9 bio cr\u00e9\u00e9 pour nous est ton nou\u00adveau com\u00adpa\u00adgnon. Nous som\u00admes ra\u00advis de re\u00adce\u00advoir un m\u00e9\u00adlange bio sp\u00e9\u00adcial qui aide \u00e0 la con\u00adcen\u00adtra\u00adtion et au bien-\u00eatre g\u00e9n\u00e9ral.<\/p>\n<p>Bien s\u00fbr, il faut aussi un pe\u00adtit \u201clife hack\u201d. Se\u00adlon le tour de taille, les pan\u00adta\u00adlons ne vont plus, mais le ventre n\u2019est pas en\u00adcore as\u00adsez grand pour la mode de ma\u00adte\u00adr\u00adnit\u00e9. Il y a bien s\u00fbr le bon vi\u00adeil \u00e9las\u00adtique \u00e0 che\u00adveux qui peut \u00eatre uti\u00adlis\u00e9. Dans ton coff\u00adret, nous t\u2019of\u00adf\u00adrons une ma\u00adni\u00e8re plus \u00e9l\u00e9\u00adgante avec l\u2019\u00e9\u00adlas\u00adtique de pan\u00adta\u00adlon de Car\u00adri\u00adwell. Sim\u00adple\u00adment mis en place, il existe en blanc, bleu et noir et per\u00admet de re\u00adcou\u00advrir di\u00adrec\u00adte\u00adment la fer\u00adme\u00adture \u00e9clair.<\/p>\n<p>Comme la vie est tou\u00adjours meil\u00adleure avec du cho\u00adco\u00adlat, tu trou\u00adve\u00adras dans ton coff\u00adret une plaquette de cho\u00adco\u00adlat La Flor, ven\u00adant d\u2019une pe\u00adtite ma\u00adnu\u00adfac\u00adture de cho\u00adco\u00adlat raf\u00adfi\u00adn\u00e9e de Zu\u00adrich. Ici, seu\u00adles des f\u00e8\u00adves de ca\u00adcao de pre\u00admi\u00e8re qua\u00adlit\u00e9 pro\u00adven\u00adant de pe\u00adtits pro\u00adduc\u00adteurs sont uti\u00adli\u00ads\u00e9es et el\u00adles ne con\u00adti\u00aden\u00adnent au\u00adcun additif.<\/p>","protected":false},"featured_media":30175,"comment_status":"open","ping_status":"closed","template":"","meta":{"wp_typography_post_enhancements_disabled":false},"product_brand":[],"product_cat":[39,111],"product_tag":[],"class_list":{"0":"post-29019","1":"product","2":"type-product","3":"status-publish","4":"has-post-thumbnail","6":"product_cat-box2","7":"product_cat-boxen-fuer-waehrend-der-schwangerschaft","9":"first","10":"instock","11":"taxable","12":"shipping-taxable","13":"purchasable","14":"product-type-simple"},"yoast_head":"<!-- This site is optimized with the Yoast SEO plugin v27.3 - https:\/\/yoast.com\/product\/yoast-seo-wordpress\/ -->\n<title>Pflegebox f\u00fcrs 2. Trimester der Schwangerschaft | Your Happy Box<\/title>\n<meta name=\"description\" content=\"Im 2. Trimester f\u00fchlen sich viele Schwangere etwas wohler. Wir bieten die richtigen Produkte, f\u00fcr die Herausforderungen in dieser Zeit. Jetzt einkaufen!\" \/>\n<meta name=\"robots\" content=\"index, follow, max-snippet:-1, max-image-preview:large, max-video-preview:-1\" \/>\n<link rel=\"canonical\" href=\"https:\/\/yourhappybox.ch\/fr\/produit-2\/happybox2-letitgrow\/\" \/>\n<meta property=\"og:locale\" content=\"fr_FR\" \/>\n<meta property=\"og:type\" content=\"article\" \/>\n<meta property=\"og:title\" content=\"Pflegebox f\u00fcrs 2. Trimester der Schwangerschaft | Your Happy Box\" \/>\n<meta property=\"og:description\" content=\"Im 2. Trimester f\u00fchlen sich viele Schwangere etwas wohler. Wir bieten die richtigen Produkte, f\u00fcr die Herausforderungen in dieser Zeit. Jetzt einkaufen!\" \/>\n<meta property=\"og:url\" content=\"https:\/\/yourhappybox.ch\/fr\/produit-2\/happybox2-letitgrow\/\" \/>\n<meta property=\"og:site_name\" content=\"YourHappyBox\" \/>\n<meta property=\"article:modified_time\" content=\"2026-01-22T13:32:18+00:00\" \/>\n<meta property=\"og:image\" content=\"https:\/\/yourhappybox.ch\/wp-content\/uploads\/2022\/10\/annahaerlin0208-rotated.jpg\" \/>\n\t<meta property=\"og:image:width\" content=\"1280\" \/>\n\t<meta property=\"og:image:height\" content=\"1920\" \/>\n\t<meta property=\"og:image:type\" content=\"image\/jpeg\" \/>\n<meta name=\"twitter:card\" content=\"summary_large_image\" \/>\n<meta name=\"twitter:label1\" content=\"Dur\u00e9e de lecture estim\u00e9e\" \/>\n\t<meta name=\"twitter:data1\" content=\"3 minutes\" \/>\n<script type=\"application\/ld+json\" class=\"yoast-schema-graph\">{\"@context\":\"https:\\\/\\\/schema.org\",\"@graph\":[{\"@type\":\"WebPage\",\"@id\":\"https:\\\/\\\/yourhappybox.ch\\\/produkt\\\/happybox2-letitgrow\\\/\",\"url\":\"https:\\\/\\\/yourhappybox.ch\\\/produkt\\\/happybox2-letitgrow\\\/\",\"name\":\"Pflegebox f\u00fcrs 2. Trimester der Schwangerschaft | Your Happy Box\",\"isPartOf\":{\"@id\":\"https:\\\/\\\/yourhappybox.ch\\\/en\\\/#website\"},\"primaryImageOfPage\":{\"@id\":\"https:\\\/\\\/yourhappybox.ch\\\/produkt\\\/happybox2-letitgrow\\\/#primaryimage\"},\"image\":{\"@id\":\"https:\\\/\\\/yourhappybox.ch\\\/produkt\\\/happybox2-letitgrow\\\/#primaryimage\"},\"thumbnailUrl\":\"https:\\\/\\\/yourhappybox.ch\\\/wp-content\\\/uploads\\\/2022\\\/10\\\/annahaerlin0208-rotated.jpg\",\"datePublished\":\"2021-11-12T10:10:19+00:00\",\"dateModified\":\"2026-01-22T13:32:18+00:00\",\"description\":\"Im 2. Trimester f\u00fchlen sich viele Schwangere etwas wohler. Wir bieten die richtigen Produkte, f\u00fcr die Herausforderungen in dieser Zeit. Jetzt einkaufen!\",\"breadcrumb\":{\"@id\":\"https:\\\/\\\/yourhappybox.ch\\\/produkt\\\/happybox2-letitgrow\\\/#breadcrumb\"},\"inLanguage\":\"fr-FR\",\"potentialAction\":[{\"@type\":\"ReadAction\",\"target\":[\"https:\\\/\\\/yourhappybox.ch\\\/produkt\\\/happybox2-letitgrow\\\/\"]}]},{\"@type\":\"ImageObject\",\"inLanguage\":\"fr-FR\",\"@id\":\"https:\\\/\\\/yourhappybox.ch\\\/produkt\\\/happybox2-letitgrow\\\/#primaryimage\",\"url\":\"https:\\\/\\\/yourhappybox.ch\\\/wp-content\\\/uploads\\\/2022\\\/10\\\/annahaerlin0208-rotated.jpg\",\"contentUrl\":\"https:\\\/\\\/yourhappybox.ch\\\/wp-content\\\/uploads\\\/2022\\\/10\\\/annahaerlin0208-rotated.jpg\",\"width\":1280,\"height\":1920},{\"@type\":\"BreadcrumbList\",\"@id\":\"https:\\\/\\\/yourhappybox.ch\\\/produkt\\\/happybox2-letitgrow\\\/#breadcrumb\",\"itemListElement\":[{\"@type\":\"ListItem\",\"position\":1,\"name\":\"Startseite\",\"item\":\"https:\\\/\\\/yourhappybox.ch\\\/\"},{\"@type\":\"ListItem\",\"position\":2,\"name\":\"Shop\",\"item\":\"https:\\\/\\\/yourhappybox.ch\\\/shop-essenzielle-schwangerschaftsprodukte\\\/\"},{\"@type\":\"ListItem\",\"position\":3,\"name\":\"HappyBox#2 \u2013 Let it grow\"}]},{\"@type\":\"WebSite\",\"@id\":\"https:\\\/\\\/yourhappybox.ch\\\/en\\\/#website\",\"url\":\"https:\\\/\\\/yourhappybox.ch\\\/en\\\/\",\"name\":\"YourHappyBox\",\"description\":\"Die Box, die dir Zeit w\u00e4hrend deiner Schwangerschaft schenkt\",\"potentialAction\":[{\"@type\":\"SearchAction\",\"target\":{\"@type\":\"EntryPoint\",\"urlTemplate\":\"https:\\\/\\\/yourhappybox.ch\\\/en\\\/?s={search_term_string}\"},\"query-input\":{\"@type\":\"PropertyValueSpecification\",\"valueRequired\":true,\"valueName\":\"search_term_string\"}}],\"inLanguage\":\"fr-FR\"}]}<\/script>\n<!-- \/ Yoast SEO plugin. -->","yoast_head_json":{"title":"Pfle\u00adge\u00adbox f\u00fcrs 2. Tri\u00admes\u00adter der Schwan\u00adger\u00adschaft | Your Happy&nbsp;Box","description":"Im 2. Tri\u00admes\u00adter f\u00fch\u00adlen sich viele Schwan\u00adgere et\u00adwas woh\u00adler. Wir bie\u00adten die rich\u00adti\u00adgen Pro\u00addukte, f\u00fcr die Her\u00adaus\u00adfor\u00adde\u00adrun\u00adgen in die\u00adser Zeit. Jetzt einkaufen!","robots":{"index":"index","follow":"follow","max-snippet":"max-snippet:-1","max-image-preview":"max-image-preview:large","max-video-preview":"max-video-preview:-1"},"canonical":"https:\/\/yourhappybox.ch\/fr\/produit-2\/happybox2-letitgrow\/","og_locale":"fr_FR","og_type":"article","og_title":"Pflegebox f\u00fcrs 2. Trimester der Schwangerschaft | Your Happy Box","og_description":"Im 2. Trimester f\u00fchlen sich viele Schwangere etwas wohler. Wir bieten die richtigen Produkte, f\u00fcr die Herausforderungen in dieser Zeit. Jetzt einkaufen!","og_url":"https:\/\/yourhappybox.ch\/fr\/produit-2\/happybox2-letitgrow\/","og_site_name":"YourHappyBox","article_modified_time":"2026-01-22T13:32:18+00:00","og_image":[{"width":1280,"height":1920,"url":"https:\/\/yourhappybox.ch\/wp-content\/uploads\/2022\/10\/annahaerlin0208-rotated.jpg","type":"image\/jpeg"}],"twitter_card":"summary_large_image","twitter_misc":{"Dur\u00e9e de lecture estim\u00e9e":"3 minutes"},"schema":{"@context":"https:\/\/schema.org","@graph":[{"@type":"WebPage","@id":"https:\/\/yourhappybox.ch\/produkt\/happybox2-letitgrow\/","url":"https:\/\/yourhappybox.ch\/produkt\/happybox2-letitgrow\/","name":"Pfle\u00adge\u00adbox f\u00fcrs 2. Tri\u00admes\u00adter der Schwan\u00adger\u00adschaft | Your Happy&nbsp;Box","isPartOf":{"@id":"https:\/\/yourhappybox.ch\/en\/#website"},"primaryImageOfPage":{"@id":"https:\/\/yourhappybox.ch\/produkt\/happybox2-letitgrow\/#primaryimage"},"image":{"@id":"https:\/\/yourhappybox.ch\/produkt\/happybox2-letitgrow\/#primaryimage"},"thumbnailUrl":"https:\/\/yourhappybox.ch\/wp-content\/uploads\/2022\/10\/annahaerlin0208-rotated.jpg","datePublished":"2021-11-12T10:10:19+00:00","dateModified":"2026-01-22T13:32:18+00:00","description":"Im 2. Tri\u00admes\u00adter f\u00fch\u00adlen sich viele Schwan\u00adgere et\u00adwas woh\u00adler. Wir bie\u00adten die rich\u00adti\u00adgen Pro\u00addukte, f\u00fcr die Her\u00adaus\u00adfor\u00adde\u00adrun\u00adgen in die\u00adser Zeit. Jetzt einkaufen!","breadcrumb":{"@id":"https:\/\/yourhappybox.ch\/produkt\/happybox2-letitgrow\/#breadcrumb"},"inLanguage":"fr-FR","potentialAction":[{"@type":"ReadAction","target":["https:\/\/yourhappybox.ch\/produkt\/happybox2-letitgrow\/"]}]},{"@type":"ImageObject","inLanguage":"fr-FR","@id":"https:\/\/yourhappybox.ch\/produkt\/happybox2-letitgrow\/#primaryimage","url":"https:\/\/yourhappybox.ch\/wp-content\/uploads\/2022\/10\/annahaerlin0208-rotated.jpg","contentUrl":"https:\/\/yourhappybox.ch\/wp-content\/uploads\/2022\/10\/annahaerlin0208-rotated.jpg","width":1280,"height":1920},{"@type":"BreadcrumbList","@id":"https:\/\/yourhappybox.ch\/produkt\/happybox2-letitgrow\/#breadcrumb","itemListElement":[{"@type":"ListItem","position":1,"name":"Startseite","item":"https:\/\/yourhappybox.ch\/"},{"@type":"ListItem","position":2,"name":"Shop","item":"https:\/\/yourhappybox.ch\/shop-essenzielle-schwangerschaftsprodukte\/"},{"@type":"ListItem","position":3,"name":"HappyBox#2 \u2013 Let it grow"}]},{"@type":"WebSite","@id":"https:\/\/yourhappybox.ch\/en\/#website","url":"https:\/\/yourhappybox.ch\/en\/","name":"Your\u00adHap\u00adpy\u00adBox","description":"Die Box, die dir Zeit w\u00e4h\u00adrend dei\u00adner Schwan\u00adger\u00adschaft schenkt","potentialAction":[{"@type":"SearchAction","target":{"@type":"EntryPoint","urlTemplate":"https:\/\/yourhappybox.ch\/en\/?s={search_term_string}"},"query-input":{"@type":"PropertyValueSpecification","valueRequired":true,"valueName":"search_term_string"}}],"inLanguage":"fr-FR"}]}},"_links":{"self":[{"href":"https:\/\/yourhappybox.ch\/fr\/wp-json\/wp\/v2\/product\/29019","targetHints":{"allow":["GET"]}}],"collection":[{"href":"https:\/\/yourhappybox.ch\/fr\/wp-json\/wp\/v2\/product"}],"about":[{"href":"https:\/\/yourhappybox.ch\/fr\/wp-json\/wp\/v2\/types\/product"}],"replies":[{"embeddable":true,"href":"https:\/\/yourhappybox.ch\/fr\/wp-json\/wp\/v2\/comments?post=29019"}],"wp:featuredmedia":[{"embeddable":true,"href":"https:\/\/yourhappybox.ch\/fr\/wp-json\/wp\/v2\/media\/30175"}],"wp:attachment":[{"href":"https:\/\/yourhappybox.ch\/fr\/wp-json\/wp\/v2\/media?parent=29019"}],"wp:term":[{"taxonomy":"product_brand","embeddable":true,"href":"https:\/\/yourhappybox.ch\/fr\/wp-json\/wp\/v2\/product_brand?post=29019"},{"taxonomy":"product_cat","embeddable":true,"href":"https:\/\/yourhappybox.ch\/fr\/wp-json\/wp\/v2\/product_cat?post=29019"},{"taxonomy":"product_tag","embeddable":true,"href":"https:\/\/yourhappybox.ch\/fr\/wp-json\/wp\/v2\/product_tag?post=29019"}],"curies":[{"name":"wp","href":"https:\/\/api.w.org\/{rel}","templated":true}]}}