{"id":29020,"date":"2021-11-12T11:16:09","date_gmt":"2021-11-12T10:16:09","guid":{"rendered":"https:\/\/yourhappybox.ch\/?post_type=product&#038;p=29020"},"modified":"2024-12-03T11:10:49","modified_gmt":"2024-12-03T10:10:49","slug":"schwangerschaftsprodukte-fuer-das-dritte-trimester","status":"publish","type":"product","link":"https:\/\/yourhappybox.ch\/fr\/produkt\/schwangerschaftsprodukte-fuer-das-dritte-trimester\/","title":{"rendered":"HappyBox#3 \u2013 Sprint Final"},"content":{"rendered":"<div id=\"fws_69e8f8a3d5bd8\" data-column-margin=\"default\" data-midnight=\"dark\" data-top-percent=\"8%\" data-bottom-percent=\"8%\" class=\"wpb_row vc_row-fluid vc_row full-width-section  top_padding_tablet_16pct bottom_padding_tablet_16pct\" style=\"padding-top: calc(100vw * 0.08); padding-bottom: calc(100vw * 0.08); \"><div class=\"row-bg-wrap\" data-bg-animation=\"none\" data-bg-animation-delay data-bg-overlay=\"false\"><div class=\"inner-wrap row-bg-layer\"><div class=\"row-bg viewport-desktop using-bg-color\" style=\"background-color: #ffffff; \"><\/div><\/div><\/div><div class=\"row_col_wrap_12 col span_12 dark left\">\n\t<div class=\"vc_col-sm-12 wpb_column column_container vc_column_container col no-extra-padding el_spacing_0px inherit_tablet inherit_phone\" data-padding-pos=\"all\" data-has-bg-color=\"false\" data-bg-color data-bg-opacity=\"1\" data-animation data-delay=\"0\">\n\t\t<div class=\"vc_column-inner\">\n\t\t\t<div class=\"wpb_wrapper\">\n\t\t\t\t<div id=\"fws_69e8f8a3d66b3\" data-midnight data-column-margin=\"none\" class=\"wpb_row vc_row-fluid vc_row inner_row vc_row-o-equal-height vc_row-flex vc_row-o-content-bottom bottom_padding_tablet_20px\" style=\"padding-bottom: 30px; \"><div class=\"row-bg-wrap\"> <div class=\"row-bg\"><\/div> <\/div><div class=\"row_col_wrap_12_inner col span_12  left\">\n\t<div class=\"vc_col-sm-6 wpb_column column_container vc_column_container col child_column padding-5-percent el_spacing_5px inherit_tablet inherit_phone\" data-t-w-inherits=\"small_desktop\" data-padding-pos=\"right\" data-has-bg-color=\"false\" data-bg-color data-bg-opacity=\"1\" data-animation data-delay=\"0\">\n\t\t<div class=\"vc_column-inner\">\n\t\t<div class=\"wpb_wrapper\">\n\t\t\t\n<div class=\"wpb_text_column wpb_content_element\">\n\t<div class=\"wpb_wrapper\">\n\t\t<h2>Inclus dans le coffret:<\/h2>\n<p>Voici une s\u00e9lec\u00adtion des pro\u00adduits con\u00adte\u00adnus dans ton coffret&nbsp;<\/p>\n\t<\/div>\n<\/div>\n\n\n\n\n\t\t<\/div> \n\t<\/div>\n\t<\/div> \n\n\t<div class=\"vc_col-sm-6 vc_hidden-xs wpb_column column_container vc_column_container col child_column no-extra-padding inherit_tablet inherit_phone\" data-t-w-inherits=\"small_desktop\" data-padding-pos=\"all\" data-has-bg-color=\"false\" data-bg-color data-bg-opacity=\"1\" data-animation data-delay=\"0\">\n\t\t<div class=\"vc_column-inner\">\n\t\t<div class=\"wpb_wrapper\">\n\t\t\t\n\t\t<\/div> \n\t<\/div>\n\t<\/div> \n<\/div><\/div><div class=\"nectar-flickity not-initialized nectar-carousel tb-spacing-0\" data-centered-cells=\"false\" data-pause-on-hover data-touch-icon-color=\"dark\" data-control-color=\"extra-color-2\" data-overflow=\"visible\" data-r-bottom-total=\"true\" data-drag-scale data-wrap=\"no-wrap\" data-spacing=\"15px\" data-controls=\"touch_total\" data-pagination-alignment=\"default\" data-adaptive-height data-border-radius=\"none\" data-column-border data-column-padding=\"0\" data-format=\"default\" data-autoplay data-autoplay-dur=\"5000\" data-control-style=\"material_pagination\" data-desktop-columns=\"4\" data-small-desktop-columns=\"3\" data-tablet-columns=\"2\" data-phone-columns=\"1\" data-column-color><div class=\"flickity-viewport\"> <div class=\"flickity-slider\"><div class=\"cell\"><div class=\"inner-wrap-outer\"><div class=\"inner-wrap\"><div class=\"nectar-fancy-box nectar-underline using-img  has-animation content-color-000000 aspect-4-5\" data-style=\"image_above_text_underline\" data-border-radius=\"default\" data-animation=\"fade-in-from-right\" data-delay=\"0\" data-alignment=\"left\"><div class=\"image-wrap\"><div class=\"box-bg\" role=\"presentation\" style=\"background-image: url('https:\/\/yourhappybox.ch\/wp-content\/uploads\/2021\/11\/064-210102-yourhappybox-studio-session_DSF4347-819x1024.jpg'); \"><\/div><\/div>\n\t\t<div class=\"text\">\n<h4>Belly Mask<\/h4>\n<p>Nun ist er sch\u00f6n rund, und die Haut kann schon mal span\u00adnen. Die Pfle\u00adge\u00adcreme\u00admaske aus Bio-Ka\u00adkao\u00adbut\u00adter, Kak\u00adtus\u00adfei\u00adgen\u00adkern- und Ma\u00adru\u00adlasa\u00admen\u00f6l, Aloe Vera Saft und gr\u00fc\u00adner Ton\u00aderde gleich\u00adm\u00e4s\u00adsig auf\u00adtra\u00adgen und 10\u201315\u2032 ein\u00adzie\u00adhen las\u00adsen (su\u00adper Zeit\u00adspanne f\u00fcr das Fuss\u00adbad). An\u00adschlies\u00adsend sanft ein\u00admas\u00adsie\u00adren oder ab\u00adwi\u00adschen (ex\u00adtra tipp \u2013 abends Maske ma\u00adchen und \u00fcber Nacht ein\u00adzie\u00adhen lassen)<\/p><\/div> \n\t\t<\/div><\/div><\/div><\/div><div class=\"cell\"><div class=\"inner-wrap-outer\"><div class=\"inner-wrap\"><div class=\"nectar-fancy-box nectar-underline using-img  has-animation content-color-000000 aspect-4-5\" data-style=\"image_above_text_underline\" data-border-radius=\"default\" data-animation=\"fade-in-from-right\" data-delay=\"0\" data-alignment=\"left\"><div class=\"image-wrap\"><div class=\"box-bg\" role=\"presentation\" style=\"background-image: url('https:\/\/yourhappybox.ch\/wp-content\/uploads\/2021\/11\/063-210102-yourhappybox-studio-session_DSF4346-819x1024.jpg'); \"><\/div><\/div>\n\t\t<div class=\"text\">\n<h4>Fusscreme<\/h4>\n<p>F\u00fcr die Frauen mit stark ge\u00adschwol\u00adle\u00adnen Bei\u00adnen ist die Creme von We\u00adleda eine ein\u00adzige Wohl\u00adtat. Am Bes\u00adten nach dem Fuss\u00adbad ein\u00adschmie\u00adren, so h\u00e4lt der k\u00fch\u00adlende Ef\u00adfekt noch et\u00adwas l\u00e4n\u00adger an. F\u00fcr die Frauen die gl\u00fcck\u00adli\u00adcher\u00adweise we\u00adni\u00adger ge\u00adschwol\u00adlene F\u00fcsse ha\u00adben, kom\u00admen so zu sanf\u00adten F\u00fcssen<\/p><\/div> \n\t\t<\/div><\/div><\/div><\/div><div class=\"cell\"><div class=\"inner-wrap-outer\"><div class=\"inner-wrap\"><div class=\"nectar-fancy-box nectar-underline using-img  has-animation content-color-000000 aspect-4-5\" data-style=\"image_above_text_underline\" data-border-radius=\"default\" data-animation=\"fade-in-from-right\" data-delay=\"0\" data-alignment=\"left\"><div class=\"image-wrap\"><div class=\"box-bg\" role=\"presentation\" style=\"background-image: url('https:\/\/yourhappybox.ch\/wp-content\/uploads\/2021\/11\/076-210102-yourhappybox-studio-session_DSF4359-819x1024.jpg'); \"><\/div><\/div>\n\t\t<div class=\"text\">\n<h4><strong>Muskateller-Massage\u00f6l <\/strong><\/h4>\n<p>Ab der 34. Wo\u00adche als Vor\u00adbe\u00adrei\u00adtung f\u00fcr die Ge\u00adburt, da es Damm\u00adrisse ver\u00admin\u00addern soll und die Hei\u00adlung nach der Ge\u00adburt be\u00adschleu\u00adni\u00adgen kann. Eine An\u00adlei\u00adtung fin\u00addet ihr hier: <span style=\"color: #0000ff\"><a style=\"color: #0000ff\" href=\"https:\/\/youtu.be\/i27AlNj9iNc\" target=\"_blank\" rel=\"noopener\">Damm\u00admas\u00adsage<\/a><\/span><\/p><\/div> \n\t\t<\/div><\/div><\/div><\/div><div class=\"cell\"><div class=\"inner-wrap-outer\"><div class=\"inner-wrap\"><div class=\"nectar-fancy-box nectar-underline using-img  has-animation content-color-000000 aspect-4-5\" data-style=\"image_above_text_underline\" data-border-radius=\"default\" data-animation=\"fade-in-from-right\" data-delay=\"0\" data-alignment=\"left\"><div class=\"image-wrap\"><div class=\"box-bg\" role=\"presentation\" style=\"background-image: url('https:\/\/yourhappybox.ch\/wp-content\/uploads\/2021\/11\/040-210102-yourhappybox-studio-session_DSF4323-819x1024.jpg'); \"><\/div><\/div>\n\t\t<div class=\"text\">\n<h4>Bio-Tee f\u00fcr das 3. Trimester<\/h4>\n<p>Mit dem Bio-Tee vom tee\u00adwerk ge\u00adgen Sod\u00adbren\u00adnen, Ver\u00adstop\u00adfung an\u00adk\u00e4mp\u00adfen oder ein\u00adfach nur zur Ent\u00adspan\u00adnung. Es sind Me\u00adlisse, Ka\u00admille, Mal\u00adven\u00adbl\u00e4t\u00adter, Fen\u00adchel, Gr\u00fc\u00adner Ha\u00adfer, Frau\u00aden\u00adman\u00adtel und Schaf\u00adgarbe enthalten<\/p><\/div> \n\t\t<\/div><\/div><\/div><\/div><div class=\"cell\"><div class=\"inner-wrap-outer\"><div class=\"inner-wrap\"><div class=\"nectar-fancy-box nectar-underline using-img  has-animation content-color-000000 aspect-4-5\" data-style=\"image_above_text_underline\" data-border-radius=\"default\" data-animation=\"fade-in-from-right\" data-delay=\"0\" data-alignment=\"left\"><div class=\"image-wrap\"><div class=\"box-bg\" role=\"presentation\" style=\"background-image: url('https:\/\/yourhappybox.ch\/wp-content\/uploads\/2021\/11\/055-210102-yourhappybox-studio-session_DSF4338-819x1024.jpg'); \"><\/div><\/div>\n\t\t<div class=\"text\">\n<h4>Supporting Belt<\/h4>\n<p>Lang\u00adsam wird er schwer, bei den ei\u00adnen mehr und den an\u00adde\u00adren we\u00adni\u00adger. Das ver\u00adstell\u00adbare Band ge\u00adm\u00e4ss An\u00adlei\u00adtung an\u00adbrin\u00adgen und ein biss\u00adchen f\u00fcr Ent\u00adlas\u00adtung f\u00fcr den R\u00fc\u00adcken sorgen.<\/p><\/div> \n\t\t<\/div><\/div><\/div><\/div><div class=\"cell\"><div class=\"inner-wrap-outer\"><div class=\"inner-wrap\"><div class=\"nectar-fancy-box nectar-underline using-img  has-animation content-color-000000 aspect-4-5\" data-style=\"image_above_text_underline\" data-border-radius=\"default\" data-animation=\"fade-in-from-right\" data-delay=\"0\" data-alignment=\"left\"><div class=\"image-wrap\"><div class=\"box-bg\" role=\"presentation\" style=\"background-image: url('https:\/\/yourhappybox.ch\/wp-content\/uploads\/2021\/11\/042-210102-yourhappybox-studio-session_DSF4325-819x1024.jpg'); \"><\/div><\/div>\n\t\t<div class=\"text\">\n<h4>Bio-Tee f\u00fcr die Geburtsvorbereitung<\/h4>\n<p>\u00c0 par\u00adtir de la 36e se\u00admaine, cette in\u00adfu\u00adsion con\u00adtri\u00adbue \u00e0 la pr\u00e9\u00adpa\u00adra\u00adtion \u00e0 l\u2019\u00adac\u00adcouch\u00ade\u00adment. Elle con\u00adti\u00adent des feuilles de fram\u00adbo\u00adi\u00adsier, de la m\u00e9\u00adlisse et de l\u2019al\u00adch\u00e9\u00admille. Les feuilles de fram\u00adbo\u00adi\u00adsier, en par\u00adti\u00adcu\u00adlier, sont men\u00adti\u00adonn\u00e9es par de nombreu\u00adses sa\u00adges-femmes comme \u00e9tant des sti\u00admu\u00adlants na\u00adtu\u00adrels de l\u2019accouchement.<\/p><\/div> \n\t\t<\/div><\/div><\/div><\/div><div class=\"cell\"><div class=\"inner-wrap-outer\"><div class=\"inner-wrap\"><div class=\"nectar-fancy-box nectar-underline using-img  has-animation content-color-000000 aspect-4-5\" data-style=\"image_above_text_underline\" data-border-radius=\"default\" data-animation=\"fade-in-from-right\" data-delay=\"0\" data-alignment=\"left\"><div class=\"image-wrap\"><div class=\"box-bg\" role=\"presentation\" style=\"background-image: url('https:\/\/yourhappybox.ch\/wp-content\/uploads\/2021\/11\/069-210102-yourhappybox-studio-session_DSF4352-819x1024.jpg'); \"><\/div><\/div>\n\t\t<div class=\"text\">\n<h4>Fussbad<\/h4>\n<p>Die F\u00fcsse sind schwer und ge\u00adschwol\u00adlen, da hilft ein k\u00fch\u00adles Salz\u00adbad. Salz in heis\u00adsem Was\u00adser auf\u00adl\u00f6\u00adsen, und mit kalt\/lauwarmen (je nach Jah\u00adres\u00adzeit) auf\u00adf\u00fcl\u00adlen so\u00addass die F\u00fcsse gut be\u00addeckt sind. Ge\u00adm\u00fct\u00adlich f\u00fcr 10\u201315\u2032 das Fuss\u00adbad ge\u00adnies\u00adsen, ne\u00adben\u00adher Tee trin\u00adken und\/oder Maske ein\u00adwir\u00adken lassen.<\/p><\/div> \n\t\t<\/div><\/div><\/div><\/div><div class=\"cell\"><div class=\"inner-wrap-outer\"><div class=\"inner-wrap\"><div class=\"nectar-fancy-box nectar-underline using-img  has-animation content-color-000000 aspect-4-5\" data-style=\"image_above_text_underline\" data-border-radius=\"default\" data-animation=\"fade-in-from-right\" data-delay=\"0\" data-alignment=\"left\"><div class=\"image-wrap\"><div class=\"box-bg\" role=\"presentation\" style=\"background-image: url('https:\/\/yourhappybox.ch\/wp-content\/uploads\/2021\/11\/082-210102-yourhappybox-studio-session_DSF4365-1-819x1024.jpg'); \"><\/div><\/div>\n\t\t<div class=\"text\">\n<h4>Schoggi<\/h4>\n<p>Schoggi von La Flor \u2013 ein\u00adfach nur dir was gu\u00adtes zu tun. Mehr \u00fcber die sym\u00adpa\u00adthi\u00adsche Schoggi-Ma\u00adnu\u00adfak\u00adtur fin\u00addet ihr <a href=\"https:\/\/yourhappybox.ch\/fr\/die-sind-drin\/\" target=\"_blank\" rel=\"noopener\">ici<\/a>.<\/p><\/div> \n\t\t<\/div><\/div><\/div><\/div><\/div><\/div><\/div>\n\t\t\t<\/div> \n\t\t<\/div>\n\t<\/div> \n<\/div><\/div>","protected":false},"excerpt":{"rendered":"<h5>28e semaine de grossesse \u2014  Naissance<\/h5>\n<p>Cette Hap\u00adpy\u00adBox #3 con\u00adti\u00adent tous les pro\u00adduits es\u00adsentiels pour le 3e et der\u00adnier tri\u00admestre de la grossesse.<\/p>\n<p>Le der\u00adnier tri\u00admestre est de plus en plus \u00e9prou\u00advant pour la femme enceinte, c\u2019est pour\u00adquoi la Hap\u00adpy\u00adBox con\u00adti\u00adent de nombreu\u00adses ai\u00addes ef\u00adfi\u00adcaces. Tout d\u2019a\u00adbord, nous avons un \u201cSou\u00adla\u00adge\u00adment des jam\u00adbes lour\u00addes\u201d, une com\u00adbi\u00adnai\u00adson de bain de pieds et de cr\u00e8me rafra\u00eechis\u00adsante pour les jam\u00adbes. Nous avons de plus en plus de re\u00adtours de nos femmes ence\u00adin\u00adtes qui nous di\u00adsent que la cr\u00e8me pour les jam\u00adbes est aussi su\u00adper ad\u00adap\u00adt\u00e9e pour un mas\u00adsage des pieds par le par\u00adten\u00adaire* \ud83d\ude09 Pour li\u00admi\u00adter les dou\u00adleurs dor\u00adsa\u00adles, nous avons ajout\u00e9 la ce\u00adinture ab\u00addo\u00admi\u00adnale qui peut \u00eatre por\u00adt\u00e9e sans pro\u00adbl\u00e8me sur ou sous les v\u00eate\u00adments. Au troi\u00adsi\u00e8me et der\u00adnier tri\u00admestre, nos tisa\u00adnes bio sont con\u00ad\u00e7ues pour sou\u00adla\u00adger les br\u00fblu\u00adres d\u2019es\u00adto\u00admac et au\u00adt\u00adres d\u00e9s\u00adag\u00adr\u00e9\u00adments. Nous avons \u00e9ga\u00adle\u00adment ajout\u00e9 une tisane de pr\u00e9\u00adpa\u00adra\u00adtion \u00e0 l\u2019\u00adac\u00adcouch\u00ade\u00adment \u00e0 par\u00adtir de la se\u00admaine 36, qui con\u00adti\u00adent des feuilles de framboisier.<\/p>\n<p>Pour une sen\u00adsa\u00adtion de bien-\u00eatre, nous avons ajout\u00e9 un su\u00adperbe mas\u00adque-cr\u00e8me de soin de Mom\u00admy\u00adSpa. Ce soin \u00e0 base de cos\u00adm\u00e9\u00adti\u00adques na\u00adtu\u00adrels ap\u00adporte une hy\u00addrat\u00ada\u00adtion sup\u00adp\u00adl\u00e9\u00admen\u00adtaire et raf\u00adfer\u00admit dura\u00adblem\u00adent l\u2019\u00e9piderme.<\/p>\n<p>Comme tou\u00adjours, les pro\u00adduits sont s\u00e9lec\u00adtion\u00adn\u00e9s avec soin, avec les con\u00adseils de sa\u00adges-femmes en met\u00adtant l\u2019\u00adac\u00adcent sur la qua\u00adlit\u00e9 et la durabilit\u00e9.<\/p>\n<p>De\u00adpuis peu, nous avons \u00e9ga\u00adle\u00adment in\u00adt\u00e9\u00adgr\u00e9 les pro\u00adduits de la start-up ber\u00adli\u00adnoise <a href=\"https:\/\/yourhappybox.ch\/fr\/produit-2\/die-portable-intimdusche-fuers-wochenbett\/\" target=\"_blank\" rel=\"noopener\">BIDETLITY<\/a> que nous vous re\u00adcom\u00adman\u00addons vi\u00adve\u00adment de com\u00adman\u00adder en plus \u00e0 par\u00adtir du troi\u00adsi\u00e8me tri\u00admestre. La dou\u00adche in\u00adtime por\u00adta\u00adble est dura\u00adble, pra\u00adtique et belle. Nous la trou\u00advons d\u00e9j\u00e0 su\u00adper pour les der\u00adni\u00e8\u00adres se\u00admaines de la gross\u00adesse, mais sur\u00adtout pour le post-par\u00adtum. Ce qui est bien, c\u2019est que nous la li\u00adv\u00adrons avec un joli sup\u00adport mu\u00adral pour pou\u00advoir la sus\u00adpendre fa\u00adci\u00adle\u00adment dans la salle de bains. Ainsi, la dou\u00adche in\u00adtime reste utile m\u00eame apr\u00e8s le post-par\u00adtum, sur\u00adtout pen\u00addant les mens\u00adtrua\u00adtions ou sim\u00adple\u00adment pour le \u201cbien-\u00eatre\u201d quotidien.<\/p>","protected":false},"featured_media":30177,"comment_status":"open","ping_status":"closed","template":"","meta":{"wp_typography_post_enhancements_disabled":false},"product_brand":[],"product_cat":[40,111],"product_tag":[],"class_list":{"0":"post-29020","1":"product","2":"type-product","3":"status-publish","4":"has-post-thumbnail","6":"product_cat-box3","7":"product_cat-boxen-fuer-waehrend-der-schwangerschaft","9":"first","10":"instock","11":"taxable","12":"shipping-taxable","13":"purchasable","14":"product-type-variable"},"yoast_head":"<!-- This site is optimized with the Yoast SEO plugin v27.3 - https:\/\/yoast.com\/product\/yoast-seo-wordpress\/ -->\n<title>Pflegebox f\u00fcr die Schwangerschaft | 3. Trimester | Your Happy Box<\/title>\n<meta name=\"description\" content=\"F\u00fcr die letzte Phase der Schwangerschaft enth\u00e4lt unser Care Kit alle wichtigen Produkte f\u00fcr die Geburstvorbereitung. Jetzt kaufen!\" \/>\n<meta name=\"robots\" content=\"index, follow, max-snippet:-1, max-image-preview:large, max-video-preview:-1\" \/>\n<link rel=\"canonical\" href=\"https:\/\/yourhappybox.ch\/fr\/produit-2\/schwangerschaftsprodukte-fuer-das-dritte-trimester\/\" \/>\n<meta property=\"og:locale\" content=\"fr_FR\" \/>\n<meta property=\"og:type\" content=\"article\" \/>\n<meta property=\"og:title\" content=\"Pflegebox f\u00fcr die Schwangerschaft | 3. Trimester | Your Happy Box\" \/>\n<meta property=\"og:description\" content=\"F\u00fcr die letzte Phase der Schwangerschaft enth\u00e4lt unser Care Kit alle wichtigen Produkte f\u00fcr die Geburstvorbereitung. Jetzt kaufen!\" \/>\n<meta property=\"og:url\" content=\"https:\/\/yourhappybox.ch\/fr\/produit-2\/schwangerschaftsprodukte-fuer-das-dritte-trimester\/\" \/>\n<meta property=\"og:site_name\" content=\"YourHappyBox\" \/>\n<meta property=\"article:modified_time\" content=\"2024-12-03T10:10:49+00:00\" \/>\n<meta property=\"og:image\" content=\"https:\/\/yourhappybox.ch\/wp-content\/uploads\/2022\/10\/annahaerlin0215-rotated.jpg\" \/>\n\t<meta property=\"og:image:width\" content=\"1280\" \/>\n\t<meta property=\"og:image:height\" content=\"1920\" \/>\n\t<meta property=\"og:image:type\" content=\"image\/jpeg\" \/>\n<meta name=\"twitter:card\" content=\"summary_large_image\" \/>\n<meta name=\"twitter:label1\" content=\"Dur\u00e9e de lecture estim\u00e9e\" \/>\n\t<meta name=\"twitter:data1\" content=\"4 minutes\" \/>\n<script type=\"application\/ld+json\" class=\"yoast-schema-graph\">{\"@context\":\"https:\\\/\\\/schema.org\",\"@graph\":[{\"@type\":\"WebPage\",\"@id\":\"https:\\\/\\\/yourhappybox.ch\\\/produkt\\\/schwangerschaftsprodukte-fuer-das-dritte-trimester\\\/\",\"url\":\"https:\\\/\\\/yourhappybox.ch\\\/produkt\\\/schwangerschaftsprodukte-fuer-das-dritte-trimester\\\/\",\"name\":\"Pflegebox f\u00fcr die Schwangerschaft | 3. Trimester | Your Happy Box\",\"isPartOf\":{\"@id\":\"https:\\\/\\\/yourhappybox.ch\\\/en\\\/#website\"},\"primaryImageOfPage\":{\"@id\":\"https:\\\/\\\/yourhappybox.ch\\\/produkt\\\/schwangerschaftsprodukte-fuer-das-dritte-trimester\\\/#primaryimage\"},\"image\":{\"@id\":\"https:\\\/\\\/yourhappybox.ch\\\/produkt\\\/schwangerschaftsprodukte-fuer-das-dritte-trimester\\\/#primaryimage\"},\"thumbnailUrl\":\"https:\\\/\\\/yourhappybox.ch\\\/wp-content\\\/uploads\\\/2022\\\/10\\\/annahaerlin0215-rotated.jpg\",\"datePublished\":\"2021-11-12T10:16:09+00:00\",\"dateModified\":\"2024-12-03T10:10:49+00:00\",\"description\":\"F\u00fcr die letzte Phase der Schwangerschaft enth\u00e4lt unser Care Kit alle wichtigen Produkte f\u00fcr die Geburstvorbereitung. Jetzt kaufen!\",\"breadcrumb\":{\"@id\":\"https:\\\/\\\/yourhappybox.ch\\\/produkt\\\/schwangerschaftsprodukte-fuer-das-dritte-trimester\\\/#breadcrumb\"},\"inLanguage\":\"fr-FR\",\"potentialAction\":[{\"@type\":\"ReadAction\",\"target\":[\"https:\\\/\\\/yourhappybox.ch\\\/produkt\\\/schwangerschaftsprodukte-fuer-das-dritte-trimester\\\/\"]}]},{\"@type\":\"ImageObject\",\"inLanguage\":\"fr-FR\",\"@id\":\"https:\\\/\\\/yourhappybox.ch\\\/produkt\\\/schwangerschaftsprodukte-fuer-das-dritte-trimester\\\/#primaryimage\",\"url\":\"https:\\\/\\\/yourhappybox.ch\\\/wp-content\\\/uploads\\\/2022\\\/10\\\/annahaerlin0215-rotated.jpg\",\"contentUrl\":\"https:\\\/\\\/yourhappybox.ch\\\/wp-content\\\/uploads\\\/2022\\\/10\\\/annahaerlin0215-rotated.jpg\",\"width\":1280,\"height\":1920},{\"@type\":\"BreadcrumbList\",\"@id\":\"https:\\\/\\\/yourhappybox.ch\\\/produkt\\\/schwangerschaftsprodukte-fuer-das-dritte-trimester\\\/#breadcrumb\",\"itemListElement\":[{\"@type\":\"ListItem\",\"position\":1,\"name\":\"Startseite\",\"item\":\"https:\\\/\\\/yourhappybox.ch\\\/\"},{\"@type\":\"ListItem\",\"position\":2,\"name\":\"Shop\",\"item\":\"https:\\\/\\\/yourhappybox.ch\\\/shop-essenzielle-schwangerschaftsprodukte\\\/\"},{\"@type\":\"ListItem\",\"position\":3,\"name\":\"HappyBox#3 \u2013 Endspurt\"}]},{\"@type\":\"WebSite\",\"@id\":\"https:\\\/\\\/yourhappybox.ch\\\/en\\\/#website\",\"url\":\"https:\\\/\\\/yourhappybox.ch\\\/en\\\/\",\"name\":\"YourHappyBox\",\"description\":\"Die Box, die dir Zeit w\u00e4hrend deiner Schwangerschaft schenkt\",\"potentialAction\":[{\"@type\":\"SearchAction\",\"target\":{\"@type\":\"EntryPoint\",\"urlTemplate\":\"https:\\\/\\\/yourhappybox.ch\\\/en\\\/?s={search_term_string}\"},\"query-input\":{\"@type\":\"PropertyValueSpecification\",\"valueRequired\":true,\"valueName\":\"search_term_string\"}}],\"inLanguage\":\"fr-FR\"}]}<\/script>\n<!-- \/ Yoast SEO plugin. -->","yoast_head_json":{"title":"Pfle\u00adge\u00adbox f\u00fcr die Schwan\u00adger\u00adschaft | 3. Tri\u00admes\u00adter | Your Happy&nbsp;Box","description":"F\u00fcr die letzte Phase der Schwan\u00adger\u00adschaft ent\u00adh\u00e4lt un\u00adser Care Kit alle wich\u00adti\u00adgen Pro\u00addukte f\u00fcr die Ge\u00adburst\u00advor\u00adbe\u00adrei\u00adtung. Jetzt kaufen!","robots":{"index":"index","follow":"follow","max-snippet":"max-snippet:-1","max-image-preview":"max-image-preview:large","max-video-preview":"max-video-preview:-1"},"canonical":"https:\/\/yourhappybox.ch\/fr\/produit-2\/schwangerschaftsprodukte-fuer-das-dritte-trimester\/","og_locale":"fr_FR","og_type":"article","og_title":"Pflegebox f\u00fcr die Schwangerschaft | 3. Trimester | Your Happy Box","og_description":"F\u00fcr die letzte Phase der Schwangerschaft enth\u00e4lt unser Care Kit alle wichtigen Produkte f\u00fcr die Geburstvorbereitung. Jetzt kaufen!","og_url":"https:\/\/yourhappybox.ch\/fr\/produit-2\/schwangerschaftsprodukte-fuer-das-dritte-trimester\/","og_site_name":"YourHappyBox","article_modified_time":"2024-12-03T10:10:49+00:00","og_image":[{"width":1280,"height":1920,"url":"https:\/\/yourhappybox.ch\/wp-content\/uploads\/2022\/10\/annahaerlin0215-rotated.jpg","type":"image\/jpeg"}],"twitter_card":"summary_large_image","twitter_misc":{"Dur\u00e9e de lecture estim\u00e9e":"4 minutes"},"schema":{"@context":"https:\/\/schema.org","@graph":[{"@type":"WebPage","@id":"https:\/\/yourhappybox.ch\/produkt\/schwangerschaftsprodukte-fuer-das-dritte-trimester\/","url":"https:\/\/yourhappybox.ch\/produkt\/schwangerschaftsprodukte-fuer-das-dritte-trimester\/","name":"Pfle\u00adge\u00adbox f\u00fcr die Schwan\u00adger\u00adschaft | 3. Tri\u00admes\u00adter | Your Happy&nbsp;Box","isPartOf":{"@id":"https:\/\/yourhappybox.ch\/en\/#website"},"primaryImageOfPage":{"@id":"https:\/\/yourhappybox.ch\/produkt\/schwangerschaftsprodukte-fuer-das-dritte-trimester\/#primaryimage"},"image":{"@id":"https:\/\/yourhappybox.ch\/produkt\/schwangerschaftsprodukte-fuer-das-dritte-trimester\/#primaryimage"},"thumbnailUrl":"https:\/\/yourhappybox.ch\/wp-content\/uploads\/2022\/10\/annahaerlin0215-rotated.jpg","datePublished":"2021-11-12T10:16:09+00:00","dateModified":"2024-12-03T10:10:49+00:00","description":"F\u00fcr die letzte Phase der Schwan\u00adger\u00adschaft ent\u00adh\u00e4lt un\u00adser Care Kit alle wich\u00adti\u00adgen Pro\u00addukte f\u00fcr die Ge\u00adburst\u00advor\u00adbe\u00adrei\u00adtung. Jetzt kaufen!","breadcrumb":{"@id":"https:\/\/yourhappybox.ch\/produkt\/schwangerschaftsprodukte-fuer-das-dritte-trimester\/#breadcrumb"},"inLanguage":"fr-FR","potentialAction":[{"@type":"ReadAction","target":["https:\/\/yourhappybox.ch\/produkt\/schwangerschaftsprodukte-fuer-das-dritte-trimester\/"]}]},{"@type":"ImageObject","inLanguage":"fr-FR","@id":"https:\/\/yourhappybox.ch\/produkt\/schwangerschaftsprodukte-fuer-das-dritte-trimester\/#primaryimage","url":"https:\/\/yourhappybox.ch\/wp-content\/uploads\/2022\/10\/annahaerlin0215-rotated.jpg","contentUrl":"https:\/\/yourhappybox.ch\/wp-content\/uploads\/2022\/10\/annahaerlin0215-rotated.jpg","width":1280,"height":1920},{"@type":"BreadcrumbList","@id":"https:\/\/yourhappybox.ch\/produkt\/schwangerschaftsprodukte-fuer-das-dritte-trimester\/#breadcrumb","itemListElement":[{"@type":"ListItem","position":1,"name":"Startseite","item":"https:\/\/yourhappybox.ch\/"},{"@type":"ListItem","position":2,"name":"Shop","item":"https:\/\/yourhappybox.ch\/shop-essenzielle-schwangerschaftsprodukte\/"},{"@type":"ListItem","position":3,"name":"HappyBox#3 \u2013 Endspurt"}]},{"@type":"WebSite","@id":"https:\/\/yourhappybox.ch\/en\/#website","url":"https:\/\/yourhappybox.ch\/en\/","name":"Your\u00adHap\u00adpy\u00adBox","description":"Die Box, die dir Zeit w\u00e4h\u00adrend dei\u00adner Schwan\u00adger\u00adschaft schenkt","potentialAction":[{"@type":"SearchAction","target":{"@type":"EntryPoint","urlTemplate":"https:\/\/yourhappybox.ch\/en\/?s={search_term_string}"},"query-input":{"@type":"PropertyValueSpecification","valueRequired":true,"valueName":"search_term_string"}}],"inLanguage":"fr-FR"}]}},"_links":{"self":[{"href":"https:\/\/yourhappybox.ch\/fr\/wp-json\/wp\/v2\/product\/29020","targetHints":{"allow":["GET"]}}],"collection":[{"href":"https:\/\/yourhappybox.ch\/fr\/wp-json\/wp\/v2\/product"}],"about":[{"href":"https:\/\/yourhappybox.ch\/fr\/wp-json\/wp\/v2\/types\/product"}],"replies":[{"embeddable":true,"href":"https:\/\/yourhappybox.ch\/fr\/wp-json\/wp\/v2\/comments?post=29020"}],"wp:featuredmedia":[{"embeddable":true,"href":"https:\/\/yourhappybox.ch\/fr\/wp-json\/wp\/v2\/media\/30177"}],"wp:attachment":[{"href":"https:\/\/yourhappybox.ch\/fr\/wp-json\/wp\/v2\/media?parent=29020"}],"wp:term":[{"taxonomy":"product_brand","embeddable":true,"href":"https:\/\/yourhappybox.ch\/fr\/wp-json\/wp\/v2\/product_brand?post=29020"},{"taxonomy":"product_cat","embeddable":true,"href":"https:\/\/yourhappybox.ch\/fr\/wp-json\/wp\/v2\/product_cat?post=29020"},{"taxonomy":"product_tag","embeddable":true,"href":"https:\/\/yourhappybox.ch\/fr\/wp-json\/wp\/v2\/product_tag?post=29020"}],"curies":[{"name":"wp","href":"https:\/\/api.w.org\/{rel}","templated":true}]}}