{"id":29350,"date":"2022-03-17T10:07:10","date_gmt":"2022-03-17T09:07:10","guid":{"rendered":"https:\/\/yourhappybox.ch\/?post_type=product&#038;p=29350"},"modified":"2025-02-24T10:31:22","modified_gmt":"2025-02-24T09:31:22","slug":"das-perfekt-geschenk-fuer-die-schwangerschaft","status":"publish","type":"product","link":"https:\/\/yourhappybox.ch\/fr\/produkt\/das-perfekt-geschenk-fuer-die-schwangerschaft\/","title":{"rendered":"Hap\u00adpy\u00adBox \u2014 Le coff\u00adret-ca\u00addeau qui c\u00e9\u00adl\u00e8bre la grossesse"},"content":{"rendered":"<div id=\"fws_69e90cb0d3f19\" data-column-margin=\"default\" data-midnight=\"dark\" data-top-percent=\"8%\" data-bottom-percent=\"8%\" class=\"wpb_row vc_row-fluid vc_row full-width-section  top_padding_tablet_16pct bottom_padding_tablet_16pct\" style=\"padding-top: calc(100vw * 0.08); padding-bottom: calc(100vw * 0.08); \"><div class=\"row-bg-wrap\" data-bg-animation=\"none\" data-bg-animation-delay data-bg-overlay=\"false\"><div class=\"inner-wrap row-bg-layer\"><div class=\"row-bg viewport-desktop using-bg-color\" style=\"background-color: #ffffff; \"><\/div><\/div><\/div><div class=\"row_col_wrap_12 col span_12 dark left\">\n\t<div class=\"vc_col-sm-12 wpb_column column_container vc_column_container col no-extra-padding el_spacing_0px inherit_tablet inherit_phone\" data-padding-pos=\"all\" data-has-bg-color=\"false\" data-bg-color data-bg-opacity=\"1\" data-animation data-delay=\"0\">\n\t\t<div class=\"vc_column-inner\">\n\t\t\t<div class=\"wpb_wrapper\">\n\t\t\t\t<div id=\"fws_69e90cb0d49cb\" data-midnight data-column-margin=\"none\" class=\"wpb_row vc_row-fluid vc_row inner_row vc_row-o-equal-height vc_row-flex vc_row-o-content-bottom bottom_padding_tablet_20px\" style=\"padding-bottom: 30px; \"><div class=\"row-bg-wrap\"> <div class=\"row-bg\"><\/div> <\/div><div class=\"row_col_wrap_12_inner col span_12  left\">\n\t<div class=\"vc_col-sm-6 wpb_column column_container vc_column_container col child_column padding-5-percent el_spacing_5px inherit_tablet inherit_phone\" data-t-w-inherits=\"small_desktop\" data-padding-pos=\"right\" data-has-bg-color=\"false\" data-bg-color data-bg-opacity=\"1\" data-animation data-delay=\"0\">\n\t\t<div class=\"vc_column-inner\">\n\t\t<div class=\"wpb_wrapper\">\n\t\t\t\n<div class=\"wpb_text_column wpb_content_element\">\n\t<div class=\"wpb_wrapper\">\n\t\t<h4>Selon la taille du coffret choisie, diff\u00e9rents produits comme ceux-ci sont inclus&nbsp;:<\/h4>\n\t<\/div>\n<\/div>\n\n\n\n\n\t\t<\/div> \n\t<\/div>\n\t<\/div> \n\n\t<div class=\"vc_col-sm-6 vc_hidden-xs wpb_column column_container vc_column_container col child_column no-extra-padding inherit_tablet inherit_phone\" data-t-w-inherits=\"small_desktop\" data-padding-pos=\"all\" data-has-bg-color=\"false\" data-bg-color data-bg-opacity=\"1\" data-animation data-delay=\"0\">\n\t\t<div class=\"vc_column-inner\">\n\t\t<div class=\"wpb_wrapper\">\n\t\t\t\n\t\t<\/div> \n\t<\/div>\n\t<\/div> \n<\/div><\/div><div class=\"nectar-flickity not-initialized nectar-carousel tb-spacing-0\" data-centered-cells=\"false\" data-pause-on-hover data-touch-icon-color=\"dark\" data-control-color=\"extra-color-2\" data-overflow=\"visible\" data-r-bottom-total=\"true\" data-drag-scale data-wrap=\"no-wrap\" data-spacing=\"15px\" data-controls=\"touch_total\" data-pagination-alignment=\"default\" data-adaptive-height data-border-radius=\"none\" data-column-border data-column-padding=\"0\" data-format=\"default\" data-autoplay data-autoplay-dur=\"5000\" data-control-style=\"material_pagination\" data-desktop-columns=\"4\" data-small-desktop-columns=\"3\" data-tablet-columns=\"2\" data-phone-columns=\"1\" data-column-color><div class=\"flickity-viewport\"> <div class=\"flickity-slider\"><div class=\"cell\"><div class=\"inner-wrap-outer\"><div class=\"inner-wrap\"><div class=\"nectar-fancy-box nectar-underline using-img  has-animation content-color-000000 aspect-4-5\" data-style=\"image_above_text_underline\" data-border-radius=\"default\" data-animation=\"fade-in-from-right\" data-delay=\"0\" data-alignment=\"left\"><div class=\"image-wrap\"><div class=\"box-bg\" role=\"presentation\" style=\"background-image: url('https:\/\/yourhappybox.ch\/wp-content\/uploads\/2021\/11\/064-210102-yourhappybox-studio-session_DSF4347-819x1024.jpg'); \"><\/div><\/div>\n\t\t<div class=\"text\">\n<h4>Belly Mask<\/h4>\n<\/div> \n\t\t<\/div><\/div><\/div><\/div><div class=\"cell\"><div class=\"inner-wrap-outer\"><div class=\"inner-wrap\"><div class=\"nectar-fancy-box nectar-underline using-img  has-animation content-color-000000 aspect-4-5\" data-style=\"image_above_text_underline\" data-border-radius=\"default\" data-animation=\"fade-in-from-right\" data-delay=\"0\" data-alignment=\"left\"><div class=\"image-wrap\"><div class=\"box-bg\" role=\"presentation\" style=\"background-image: url('https:\/\/yourhappybox.ch\/wp-content\/uploads\/2021\/11\/038-210102-yourhappybox-studio-session_DSF4321-819x1024.jpg'); \"><\/div><\/div>\n\t\t<div class=\"text\">\n<h4><a href=\"https:\/\/yourhappybox.ch\/fr\/produit-2\/bio-schwangerschaftstee-zweites-trimester\/\">Bio-Tee abgestimmt auf das jeweilige Trimester<\/a><\/h4>\n<\/div> \n\t\t<\/div><\/div><\/div><\/div><div class=\"cell\"><div class=\"inner-wrap-outer\"><div class=\"inner-wrap\"><div class=\"nectar-fancy-box nectar-underline using-img  aspect-4-5\" data-style=\"image_above_text_underline\" data-border-radius=\"default\" data-animation data-delay data-alignment=\"left\"><div class=\"image-wrap\"><div class=\"box-bg\" role=\"presentation\" style=\"background-image: url('https:\/\/yourhappybox.ch\/wp-content\/uploads\/2021\/11\/055-210102-yourhappybox-studio-session_DSF4338-819x1024.jpg'); \"><\/div><\/div>\n\t\t<div class=\"text\">\n<h4>Supporting Belt<\/h4>\n<\/div> \n\t\t<\/div><\/div><\/div><\/div><div class=\"cell\"><div class=\"inner-wrap-outer\"><div class=\"inner-wrap\"><div class=\"nectar-fancy-box nectar-underline using-img  has-animation content-color-000000 aspect-4-5\" data-style=\"image_above_text_underline\" data-border-radius=\"default\" data-animation=\"fade-in-from-right\" data-delay=\"0\" data-alignment=\"left\"><div class=\"image-wrap\"><div class=\"box-bg\" role=\"presentation\" style=\"background-image: url('https:\/\/yourhappybox.ch\/wp-content\/uploads\/2021\/11\/082-210102-yourhappybox-studio-session_DSF4365-819x1024.jpg'); \"><\/div><\/div>\n\t\t<div class=\"text\">\n<h4>Schoggi von La&nbsp;fleur<\/h4>\n<\/div> \n\t\t<\/div><\/div><\/div><\/div><div class=\"cell\"><div class=\"inner-wrap-outer\"><div class=\"inner-wrap\"><div class=\"nectar-fancy-box nectar-underline using-img  has-animation content-color-000000 aspect-4-5\" data-style=\"image_above_text_underline\" data-border-radius=\"default\" data-animation=\"fade-in-from-right\" data-delay=\"0\" data-alignment=\"left\"><div class=\"image-wrap\"><div class=\"box-bg\" role=\"presentation\" style=\"background-image: url('https:\/\/yourhappybox.ch\/wp-content\/uploads\/2021\/02\/051-210102-yourhappybox-studio-session_DSF4334-819x1024.jpg'); \"><\/div><\/div>\n\t\t<div class=\"text\">\n<h4><a href=\"https:\/\/yourhappybox.ch\/fr\/produit-2\/schwangerschaftsstreifenoel\/\">Huile anti-vergetures<\/a><\/h4>\n<\/div> \n\t\t<\/div><\/div><\/div><\/div><\/div><\/div><\/div>\n\t\t\t<\/div> \n\t\t<\/div>\n\t<\/div> \n<\/div><\/div>","protected":false},"excerpt":{"rendered":"<h5>Le cadeau id\u00e9al pour la grossesse n\u2019est pas difficile \u00e0 trouver<\/h5>\n<p>Tu es \u00e0 la re\u00adcher\u00adche d\u2019un ca\u00addeau pour ta fille\/amie\/coll\u00e8gue ou femme enceinte ? Ou tu veux t\u2019offrir un pe\u00adtit quel\u00adque chose ? Alors tu es \u00e0 la bonne adresse. Nous com\u00adpo\u00adsons vo\u00adlon\u00adtiers un coff\u00adret ca\u00addeau in\u00addi\u00advi\u00adduel en trois tail\u00adles dif\u00adf\u00e9\u00adren\u00adtes. Comme tou\u00adjours, les pro\u00adduits sont choi\u00adsis en fon\u00adc\u00adtion de leur qua\u00adlit\u00e9 et de leur durabilit\u00e9.<\/p>\n<h5>Le th\u00e9 de grossesse bio est un must-have<\/h5>\n<p>Soyez tou\u00adjours ac\u00adcom\u00adpa\u00adgn\u00e9 de notre su\u00adper th\u00e9 de gross\u00adesse de chez <a href=\"https:\/\/yourhappybox.ch\/fr\/die-sind-drin\/\">teewerk.ch<\/a>. Pre\u00adnez soit un th\u00e9 qui cor\u00adre\u00adspond au tri\u00admestre, soit un qui peut \u00eatre con\u00adsomm\u00e9 tout au long de la grossesse.<\/p>\n<h5>Tous les souhaits sont accept\u00e9s<\/h5>\n<p>Si tu as des so\u00adu\u00adhaits par\u00adti\u00adcu\u00adliers con\u00adcer\u00adnant le con\u00adtenu, merci de les men\u00adti\u00adon\u00adner dans le champ de com\u00admen\u00adtaire lors du check-out et nous es\u00adsai\u00ade\u00adr\u00adons de les sa\u00adtis\u00adfaire au\u00adtant que pos\u00adsi\u00adble, et tou\u00adjours dans le cadre de ton budget.<\/p>","protected":false},"featured_media":30163,"comment_status":"open","ping_status":"closed","template":"","meta":{"wp_typography_post_enhancements_disabled":false},"product_brand":[],"product_cat":[42],"product_tag":[],"class_list":{"0":"post-29350","1":"product","2":"type-product","3":"status-publish","4":"has-post-thumbnail","6":"product_cat-box5","8":"first","9":"instock","10":"taxable","11":"shipping-taxable","12":"purchasable","13":"product-type-variable"},"yoast_head":"<!-- This site is optimized with the Yoast SEO plugin v27.3 - https:\/\/yoast.com\/product\/yoast-seo-wordpress\/ -->\n<title>Perfekte Geschenkbox f\u00fcr die Schwangerschaft | Your Happy Box<\/title>\n<meta name=\"description\" content=\"Wir bieten die passenden Produkte mit Fokus auf Qualit\u00e4t und Nachhaltigkeit, sch\u00f6n verpackt, die ein perfektes Geschenk zur Schwangerschaft sind.\" \/>\n<meta name=\"robots\" content=\"index, follow, max-snippet:-1, max-image-preview:large, max-video-preview:-1\" \/>\n<link rel=\"canonical\" href=\"https:\/\/yourhappybox.ch\/fr\/produit-2\/das-perfekt-geschenk-fuer-die-schwangerschaft\/\" \/>\n<meta property=\"og:locale\" content=\"fr_FR\" \/>\n<meta property=\"og:type\" content=\"article\" \/>\n<meta property=\"og:title\" content=\"Perfekte Geschenkbox f\u00fcr die Schwangerschaft | Your Happy Box\" \/>\n<meta property=\"og:description\" content=\"Wir bieten die passenden Produkte mit Fokus auf Qualit\u00e4t und Nachhaltigkeit, sch\u00f6n verpackt, die ein perfektes Geschenk zur Schwangerschaft sind.\" \/>\n<meta property=\"og:url\" content=\"https:\/\/yourhappybox.ch\/fr\/produit-2\/das-perfekt-geschenk-fuer-die-schwangerschaft\/\" \/>\n<meta property=\"og:site_name\" content=\"YourHappyBox\" \/>\n<meta property=\"article:modified_time\" content=\"2025-02-24T09:31:22+00:00\" \/>\n<meta property=\"og:image\" content=\"https:\/\/yourhappybox.ch\/wp-content\/uploads\/2022\/10\/Large-and-small-box-foto-2-rotated.jpg\" \/>\n\t<meta property=\"og:image:width\" content=\"1280\" \/>\n\t<meta property=\"og:image:height\" content=\"1920\" \/>\n\t<meta property=\"og:image:type\" content=\"image\/jpeg\" \/>\n<meta name=\"twitter:card\" content=\"summary_large_image\" \/>\n<meta name=\"twitter:label1\" content=\"Dur\u00e9e de lecture estim\u00e9e\" \/>\n\t<meta name=\"twitter:data1\" content=\"2 minutes\" \/>\n<script type=\"application\/ld+json\" class=\"yoast-schema-graph\">{\"@context\":\"https:\\\/\\\/schema.org\",\"@graph\":[{\"@type\":\"WebPage\",\"@id\":\"https:\\\/\\\/yourhappybox.ch\\\/produkt\\\/das-perfekt-geschenk-fuer-die-schwangerschaft\\\/\",\"url\":\"https:\\\/\\\/yourhappybox.ch\\\/produkt\\\/das-perfekt-geschenk-fuer-die-schwangerschaft\\\/\",\"name\":\"Perfekte Geschenkbox f\u00fcr die Schwangerschaft | Your Happy Box\",\"isPartOf\":{\"@id\":\"https:\\\/\\\/yourhappybox.ch\\\/en\\\/#website\"},\"primaryImageOfPage\":{\"@id\":\"https:\\\/\\\/yourhappybox.ch\\\/produkt\\\/das-perfekt-geschenk-fuer-die-schwangerschaft\\\/#primaryimage\"},\"image\":{\"@id\":\"https:\\\/\\\/yourhappybox.ch\\\/produkt\\\/das-perfekt-geschenk-fuer-die-schwangerschaft\\\/#primaryimage\"},\"thumbnailUrl\":\"https:\\\/\\\/yourhappybox.ch\\\/wp-content\\\/uploads\\\/2022\\\/10\\\/Large-and-small-box-foto-2-rotated.jpg\",\"datePublished\":\"2022-03-17T09:07:10+00:00\",\"dateModified\":\"2025-02-24T09:31:22+00:00\",\"description\":\"Wir bieten die passenden Produkte mit Fokus auf Qualit\u00e4t und Nachhaltigkeit, sch\u00f6n verpackt, die ein perfektes Geschenk zur Schwangerschaft sind.\",\"breadcrumb\":{\"@id\":\"https:\\\/\\\/yourhappybox.ch\\\/produkt\\\/das-perfekt-geschenk-fuer-die-schwangerschaft\\\/#breadcrumb\"},\"inLanguage\":\"fr-FR\",\"potentialAction\":[{\"@type\":\"ReadAction\",\"target\":[\"https:\\\/\\\/yourhappybox.ch\\\/produkt\\\/das-perfekt-geschenk-fuer-die-schwangerschaft\\\/\"]}]},{\"@type\":\"ImageObject\",\"inLanguage\":\"fr-FR\",\"@id\":\"https:\\\/\\\/yourhappybox.ch\\\/produkt\\\/das-perfekt-geschenk-fuer-die-schwangerschaft\\\/#primaryimage\",\"url\":\"https:\\\/\\\/yourhappybox.ch\\\/wp-content\\\/uploads\\\/2022\\\/10\\\/Large-and-small-box-foto-2-rotated.jpg\",\"contentUrl\":\"https:\\\/\\\/yourhappybox.ch\\\/wp-content\\\/uploads\\\/2022\\\/10\\\/Large-and-small-box-foto-2-rotated.jpg\",\"width\":1280,\"height\":1920},{\"@type\":\"BreadcrumbList\",\"@id\":\"https:\\\/\\\/yourhappybox.ch\\\/produkt\\\/das-perfekt-geschenk-fuer-die-schwangerschaft\\\/#breadcrumb\",\"itemListElement\":[{\"@type\":\"ListItem\",\"position\":1,\"name\":\"Startseite\",\"item\":\"https:\\\/\\\/yourhappybox.ch\\\/\"},{\"@type\":\"ListItem\",\"position\":2,\"name\":\"Shop\",\"item\":\"https:\\\/\\\/yourhappybox.ch\\\/shop-essenzielle-schwangerschaftsprodukte\\\/\"},{\"@type\":\"ListItem\",\"position\":3,\"name\":\"HappyBox \u2013 GeschenkBox w\u00e4hrend der Schwangerschaft\"}]},{\"@type\":\"WebSite\",\"@id\":\"https:\\\/\\\/yourhappybox.ch\\\/en\\\/#website\",\"url\":\"https:\\\/\\\/yourhappybox.ch\\\/en\\\/\",\"name\":\"YourHappyBox\",\"description\":\"Die Box, die dir Zeit w\u00e4hrend deiner Schwangerschaft schenkt\",\"potentialAction\":[{\"@type\":\"SearchAction\",\"target\":{\"@type\":\"EntryPoint\",\"urlTemplate\":\"https:\\\/\\\/yourhappybox.ch\\\/en\\\/?s={search_term_string}\"},\"query-input\":{\"@type\":\"PropertyValueSpecification\",\"valueRequired\":true,\"valueName\":\"search_term_string\"}}],\"inLanguage\":\"fr-FR\"}]}<\/script>\n<!-- \/ Yoast SEO plugin. -->","yoast_head_json":{"title":"Per\u00adfekte Ge\u00adschenk\u00adbox f\u00fcr die Schwan\u00adger\u00adschaft | Your Happy&nbsp;Box","description":"Wir bie\u00adten die pas\u00adsen\u00adden Pro\u00addukte mit Fo\u00adkus auf Qua\u00adli\u00adt\u00e4t und Nach\u00adhal\u00adtig\u00adkeit, sch\u00f6n ver\u00adpackt, die ein per\u00adfek\u00adtes Ge\u00adschenk zur Schwan\u00adger\u00adschaft sind.","robots":{"index":"index","follow":"follow","max-snippet":"max-snippet:-1","max-image-preview":"max-image-preview:large","max-video-preview":"max-video-preview:-1"},"canonical":"https:\/\/yourhappybox.ch\/fr\/produit-2\/das-perfekt-geschenk-fuer-die-schwangerschaft\/","og_locale":"fr_FR","og_type":"article","og_title":"Perfekte Geschenkbox f\u00fcr die Schwangerschaft | Your Happy Box","og_description":"Wir bieten die passenden Produkte mit Fokus auf Qualit\u00e4t und Nachhaltigkeit, sch\u00f6n verpackt, die ein perfektes Geschenk zur Schwangerschaft sind.","og_url":"https:\/\/yourhappybox.ch\/fr\/produit-2\/das-perfekt-geschenk-fuer-die-schwangerschaft\/","og_site_name":"YourHappyBox","article_modified_time":"2025-02-24T09:31:22+00:00","og_image":[{"width":1280,"height":1920,"url":"https:\/\/yourhappybox.ch\/wp-content\/uploads\/2022\/10\/Large-and-small-box-foto-2-rotated.jpg","type":"image\/jpeg"}],"twitter_card":"summary_large_image","twitter_misc":{"Dur\u00e9e de lecture estim\u00e9e":"2 minutes"},"schema":{"@context":"https:\/\/schema.org","@graph":[{"@type":"WebPage","@id":"https:\/\/yourhappybox.ch\/produkt\/das-perfekt-geschenk-fuer-die-schwangerschaft\/","url":"https:\/\/yourhappybox.ch\/produkt\/das-perfekt-geschenk-fuer-die-schwangerschaft\/","name":"Per\u00adfekte Ge\u00adschenk\u00adbox f\u00fcr die Schwan\u00adger\u00adschaft | Your Happy&nbsp;Box","isPartOf":{"@id":"https:\/\/yourhappybox.ch\/en\/#website"},"primaryImageOfPage":{"@id":"https:\/\/yourhappybox.ch\/produkt\/das-perfekt-geschenk-fuer-die-schwangerschaft\/#primaryimage"},"image":{"@id":"https:\/\/yourhappybox.ch\/produkt\/das-perfekt-geschenk-fuer-die-schwangerschaft\/#primaryimage"},"thumbnailUrl":"https:\/\/yourhappybox.ch\/wp-content\/uploads\/2022\/10\/Large-and-small-box-foto-2-rotated.jpg","datePublished":"2022-03-17T09:07:10+00:00","dateModified":"2025-02-24T09:31:22+00:00","description":"Wir bie\u00adten die pas\u00adsen\u00adden Pro\u00addukte mit Fo\u00adkus auf Qua\u00adli\u00adt\u00e4t und Nach\u00adhal\u00adtig\u00adkeit, sch\u00f6n ver\u00adpackt, die ein per\u00adfek\u00adtes Ge\u00adschenk zur Schwan\u00adger\u00adschaft sind.","breadcrumb":{"@id":"https:\/\/yourhappybox.ch\/produkt\/das-perfekt-geschenk-fuer-die-schwangerschaft\/#breadcrumb"},"inLanguage":"fr-FR","potentialAction":[{"@type":"ReadAction","target":["https:\/\/yourhappybox.ch\/produkt\/das-perfekt-geschenk-fuer-die-schwangerschaft\/"]}]},{"@type":"ImageObject","inLanguage":"fr-FR","@id":"https:\/\/yourhappybox.ch\/produkt\/das-perfekt-geschenk-fuer-die-schwangerschaft\/#primaryimage","url":"https:\/\/yourhappybox.ch\/wp-content\/uploads\/2022\/10\/Large-and-small-box-foto-2-rotated.jpg","contentUrl":"https:\/\/yourhappybox.ch\/wp-content\/uploads\/2022\/10\/Large-and-small-box-foto-2-rotated.jpg","width":1280,"height":1920},{"@type":"BreadcrumbList","@id":"https:\/\/yourhappybox.ch\/produkt\/das-perfekt-geschenk-fuer-die-schwangerschaft\/#breadcrumb","itemListElement":[{"@type":"ListItem","position":1,"name":"Startseite","item":"https:\/\/yourhappybox.ch\/"},{"@type":"ListItem","position":2,"name":"Shop","item":"https:\/\/yourhappybox.ch\/shop-essenzielle-schwangerschaftsprodukte\/"},{"@type":"ListItem","position":3,"name":"HappyBox \u2013 GeschenkBox w\u00e4hrend der Schwangerschaft"}]},{"@type":"WebSite","@id":"https:\/\/yourhappybox.ch\/en\/#website","url":"https:\/\/yourhappybox.ch\/en\/","name":"Your\u00adHap\u00adpy\u00adBox","description":"Die Box, die dir Zeit w\u00e4h\u00adrend dei\u00adner Schwan\u00adger\u00adschaft schenkt","potentialAction":[{"@type":"SearchAction","target":{"@type":"EntryPoint","urlTemplate":"https:\/\/yourhappybox.ch\/en\/?s={search_term_string}"},"query-input":{"@type":"PropertyValueSpecification","valueRequired":true,"valueName":"search_term_string"}}],"inLanguage":"fr-FR"}]}},"_links":{"self":[{"href":"https:\/\/yourhappybox.ch\/fr\/wp-json\/wp\/v2\/product\/29350","targetHints":{"allow":["GET"]}}],"collection":[{"href":"https:\/\/yourhappybox.ch\/fr\/wp-json\/wp\/v2\/product"}],"about":[{"href":"https:\/\/yourhappybox.ch\/fr\/wp-json\/wp\/v2\/types\/product"}],"replies":[{"embeddable":true,"href":"https:\/\/yourhappybox.ch\/fr\/wp-json\/wp\/v2\/comments?post=29350"}],"wp:featuredmedia":[{"embeddable":true,"href":"https:\/\/yourhappybox.ch\/fr\/wp-json\/wp\/v2\/media\/30163"}],"wp:attachment":[{"href":"https:\/\/yourhappybox.ch\/fr\/wp-json\/wp\/v2\/media?parent=29350"}],"wp:term":[{"taxonomy":"product_brand","embeddable":true,"href":"https:\/\/yourhappybox.ch\/fr\/wp-json\/wp\/v2\/product_brand?post=29350"},{"taxonomy":"product_cat","embeddable":true,"href":"https:\/\/yourhappybox.ch\/fr\/wp-json\/wp\/v2\/product_cat?post=29350"},{"taxonomy":"product_tag","embeddable":true,"href":"https:\/\/yourhappybox.ch\/fr\/wp-json\/wp\/v2\/product_tag?post=29350"}],"curies":[{"name":"wp","href":"https:\/\/api.w.org\/{rel}","templated":true}]}}