{"id":29427,"date":"2022-03-21T18:03:44","date_gmt":"2022-03-21T17:03:44","guid":{"rendered":"https:\/\/yourhappybox.ch\/?post_type=product&#038;p=29427"},"modified":"2022-07-08T11:36:09","modified_gmt":"2022-07-08T09:36:09","slug":"bio-schwangerschaftstee-fuers-1-trimester","status":"publish","type":"product","link":"https:\/\/yourhappybox.ch\/fr\/produkt\/bio-schwangerschaftstee-fuers-1-trimester\/","title":{"rendered":"Tisane bio pour le 1er trimestre"},"content":{"rendered":"<p>tee\u00adwerk a cr\u00e9\u00e9 un su\u00adper th\u00e9 de gross\u00adesse bio pour la Hap\u00adpy\u00adBox, qui aide \u00e0 r\u00e9\u00adduire les nau\u00ads\u00e9es et con\u00adtri\u00adbue au bien-\u00eatre pen\u00addant les pre\u00admi\u00e8\u00adres se\u00admaines de la gross\u00adesse. Le m\u00e9\u00adlange con\u00adti\u00adent de la men\u00adthe poi\u00adv\u00adr\u00e9e, de la ca\u00admo\u00admille, du fen\u00adouil, du ging\u00adembre, du th\u00e9 vert \u00e0 l\u2019a\u00advoine et de l\u2019alch\u00e9mille.<\/p>","protected":false},"excerpt":{"rendered":"<p>tee\u00adwerk a cr\u00e9\u00e9 un su\u00adper th\u00e9 de gross\u00adesse bio pour la Hap\u00adpy\u00adBox, qui a un ef\u00adfet for\u00adti\u00adfi\u00adant, sou\u00adten\u00adant et apaisant pour l\u2019es\u00adto\u00admac. C\u2019est jus\u00adtem\u00adent au cours du pre\u00admier tri\u00admestre que de nombreu\u00adses femmes souf\u00adfrent de nau\u00ads\u00e9es et de mal-\u00eatre. Nous vou\u00adlons les ai\u00adder avec du fen\u00adouil, du ging\u00adembre, du th\u00e9 vert \u00e0 l\u2019a\u00advoine, de l\u2019al\u00adch\u00e9\u00admille, de la ca\u00admo\u00admille et de la men\u00adthe poi\u00adv\u00adr\u00e9e. Ma\u00adxi\u00admum 3 tas\u00adses par jour, 1 cuil\u00adl\u00e8re \u00e0 caf\u00e9 par tasse et lais\u00adser in\u00adfu\u00adser 6 \u00e0 8 minutes.<\/p>","protected":false},"featured_media":29082,"comment_status":"open","ping_status":"closed","template":"","meta":{"wp_typography_post_enhancements_disabled":false},"product_brand":[],"product_cat":[46],"product_tag":[],"class_list":{"0":"post-29427","1":"product","2":"type-product","3":"status-publish","4":"has-post-thumbnail","6":"product_cat-tee-refill","8":"first","9":"instock","10":"taxable","11":"shipping-taxable","12":"purchasable","13":"product-type-simple"},"yoast_head":"<!-- This site is optimized with the Yoast SEO plugin v27.3 - https:\/\/yoast.com\/product\/yoast-seo-wordpress\/ -->\n<title>Bio-Tee f\u00fcr das 1. Trimester - YourHappyBox<\/title>\n<meta name=\"description\" content=\"Bio-Schwangerschaftstee f\u00fcr das 1. Trimester. Hilft die Morgen\u00fcbel\u00adkeit zu reduzieren und zum Wohlbefindent beitr\u00e4gt.\" \/>\n<meta name=\"robots\" content=\"index, follow, max-snippet:-1, max-image-preview:large, max-video-preview:-1\" \/>\n<link rel=\"canonical\" href=\"https:\/\/yourhappybox.ch\/fr\/product\/bio-schwangerschaftstee-fuers-1-trimester\/\" \/>\n<meta property=\"og:locale\" content=\"fr_FR\" \/>\n<meta property=\"og:type\" content=\"article\" \/>\n<meta property=\"og:title\" content=\"Bio-Tee f\u00fcr das 1. Trimester - YourHappyBox\" \/>\n<meta property=\"og:description\" content=\"Bio-Schwangerschaftstee f\u00fcr das 1. Trimester. Hilft die Morgen\u00fcbel\u00adkeit zu reduzieren und zum Wohlbefindent beitr\u00e4gt.\" \/>\n<meta property=\"og:url\" content=\"https:\/\/yourhappybox.ch\/fr\/product\/bio-schwangerschaftstee-fuers-1-trimester\/\" \/>\n<meta property=\"og:site_name\" content=\"YourHappyBox\" \/>\n<meta property=\"article:modified_time\" content=\"2022-07-08T09:36:09+00:00\" \/>\n<meta property=\"og:image\" content=\"https:\/\/yourhappybox.ch\/wp-content\/uploads\/2021\/02\/039-210102-yourhappybox-studio-session_DSF4322.jpg\" \/>\n\t<meta property=\"og:image:width\" content=\"1600\" \/>\n\t<meta property=\"og:image:height\" content=\"2000\" \/>\n\t<meta property=\"og:image:type\" content=\"image\/jpeg\" \/>\n<meta name=\"twitter:card\" content=\"summary_large_image\" \/>\n<meta name=\"twitter:label1\" content=\"Dur\u00e9e de lecture estim\u00e9e\" \/>\n\t<meta name=\"twitter:data1\" content=\"1 minute\" \/>\n<script type=\"application\/ld+json\" class=\"yoast-schema-graph\">{\"@context\":\"https:\\\/\\\/schema.org\",\"@graph\":[{\"@type\":\"WebPage\",\"@id\":\"https:\\\/\\\/yourhappybox.ch\\\/en\\\/product\\\/bio-schwangerschaftstee-fuers-1-trimester\\\/\",\"url\":\"https:\\\/\\\/yourhappybox.ch\\\/en\\\/product\\\/bio-schwangerschaftstee-fuers-1-trimester\\\/\",\"name\":\"Bio-Tee f\u00fcr das 1. Trimester - YourHappyBox\",\"isPartOf\":{\"@id\":\"https:\\\/\\\/yourhappybox.ch\\\/en\\\/#website\"},\"primaryImageOfPage\":{\"@id\":\"https:\\\/\\\/yourhappybox.ch\\\/en\\\/product\\\/bio-schwangerschaftstee-fuers-1-trimester\\\/#primaryimage\"},\"image\":{\"@id\":\"https:\\\/\\\/yourhappybox.ch\\\/en\\\/product\\\/bio-schwangerschaftstee-fuers-1-trimester\\\/#primaryimage\"},\"thumbnailUrl\":\"https:\\\/\\\/yourhappybox.ch\\\/wp-content\\\/uploads\\\/2021\\\/02\\\/039-210102-yourhappybox-studio-session_DSF4322.jpg\",\"datePublished\":\"2022-03-21T17:03:44+00:00\",\"dateModified\":\"2022-07-08T09:36:09+00:00\",\"description\":\"Bio-Schwangerschaftstee f\u00fcr das 1. Trimester. Hilft die Morgen\u00fcbel\u00adkeit zu reduzieren und zum Wohlbefindent beitr\u00e4gt.\",\"breadcrumb\":{\"@id\":\"https:\\\/\\\/yourhappybox.ch\\\/en\\\/product\\\/bio-schwangerschaftstee-fuers-1-trimester\\\/#breadcrumb\"},\"inLanguage\":\"fr-FR\",\"potentialAction\":[{\"@type\":\"ReadAction\",\"target\":[\"https:\\\/\\\/yourhappybox.ch\\\/en\\\/product\\\/bio-schwangerschaftstee-fuers-1-trimester\\\/\"]}]},{\"@type\":\"ImageObject\",\"inLanguage\":\"fr-FR\",\"@id\":\"https:\\\/\\\/yourhappybox.ch\\\/en\\\/product\\\/bio-schwangerschaftstee-fuers-1-trimester\\\/#primaryimage\",\"url\":\"https:\\\/\\\/yourhappybox.ch\\\/wp-content\\\/uploads\\\/2021\\\/02\\\/039-210102-yourhappybox-studio-session_DSF4322.jpg\",\"contentUrl\":\"https:\\\/\\\/yourhappybox.ch\\\/wp-content\\\/uploads\\\/2021\\\/02\\\/039-210102-yourhappybox-studio-session_DSF4322.jpg\",\"width\":1600,\"height\":2000,\"caption\":\"Bio Schwangerschaftstee f\u00fcrs 1. Trimester\"},{\"@type\":\"BreadcrumbList\",\"@id\":\"https:\\\/\\\/yourhappybox.ch\\\/en\\\/product\\\/bio-schwangerschaftstee-fuers-1-trimester\\\/#breadcrumb\",\"itemListElement\":[{\"@type\":\"ListItem\",\"position\":1,\"name\":\"Startseite\",\"item\":\"https:\\\/\\\/yourhappybox.ch\\\/\"},{\"@type\":\"ListItem\",\"position\":2,\"name\":\"Shop\",\"item\":\"https:\\\/\\\/yourhappybox.ch\\\/shop-essenzielle-schwangerschaftsprodukte\\\/\"},{\"@type\":\"ListItem\",\"position\":3,\"name\":\"Bio-Tee f\u00fcr das 1. Trimester\"}]},{\"@type\":\"WebSite\",\"@id\":\"https:\\\/\\\/yourhappybox.ch\\\/en\\\/#website\",\"url\":\"https:\\\/\\\/yourhappybox.ch\\\/en\\\/\",\"name\":\"YourHappyBox\",\"description\":\"Die Box, die dir Zeit w\u00e4hrend deiner Schwangerschaft schenkt\",\"potentialAction\":[{\"@type\":\"SearchAction\",\"target\":{\"@type\":\"EntryPoint\",\"urlTemplate\":\"https:\\\/\\\/yourhappybox.ch\\\/en\\\/?s={search_term_string}\"},\"query-input\":{\"@type\":\"PropertyValueSpecification\",\"valueRequired\":true,\"valueName\":\"search_term_string\"}}],\"inLanguage\":\"fr-FR\"}]}<\/script>\n<!-- \/ Yoast SEO plugin. -->","yoast_head_json":{"title":"Bio-Tee f\u00fcr das 1. Tri\u00admes\u00adter \u2014 YourHappyBox","description":"Bio-Schwan\u00adger\u00adschafts\u00adtee f\u00fcr das 1. Tri\u00admes\u00adter. Hilft die Morgen\u00fcbel\u00adkeit zu re\u00addu\u00adzie\u00adren und zum Wohl\u00adbe\u00adfin\u00addent beitr\u00e4gt.","robots":{"index":"index","follow":"follow","max-snippet":"max-snippet:-1","max-image-preview":"max-image-preview:large","max-video-preview":"max-video-preview:-1"},"canonical":"https:\/\/yourhappybox.ch\/fr\/product\/bio-schwangerschaftstee-fuers-1-trimester\/","og_locale":"fr_FR","og_type":"article","og_title":"Bio-Tee f\u00fcr das 1. Trimester - YourHappyBox","og_description":"Bio-Schwangerschaftstee f\u00fcr das 1. Trimester. Hilft die Morgen\u00fcbel\u00adkeit zu reduzieren und zum Wohlbefindent beitr\u00e4gt.","og_url":"https:\/\/yourhappybox.ch\/fr\/product\/bio-schwangerschaftstee-fuers-1-trimester\/","og_site_name":"YourHappyBox","article_modified_time":"2022-07-08T09:36:09+00:00","og_image":[{"width":1600,"height":2000,"url":"https:\/\/yourhappybox.ch\/wp-content\/uploads\/2021\/02\/039-210102-yourhappybox-studio-session_DSF4322.jpg","type":"image\/jpeg"}],"twitter_card":"summary_large_image","twitter_misc":{"Dur\u00e9e de lecture estim\u00e9e":"1 minute"},"schema":{"@context":"https:\/\/schema.org","@graph":[{"@type":"WebPage","@id":"https:\/\/yourhappybox.ch\/en\/product\/bio-schwangerschaftstee-fuers-1-trimester\/","url":"https:\/\/yourhappybox.ch\/en\/product\/bio-schwangerschaftstee-fuers-1-trimester\/","name":"Bio-Tee f\u00fcr das 1. Tri\u00admes\u00adter \u2014 YourHappyBox","isPartOf":{"@id":"https:\/\/yourhappybox.ch\/en\/#website"},"primaryImageOfPage":{"@id":"https:\/\/yourhappybox.ch\/en\/product\/bio-schwangerschaftstee-fuers-1-trimester\/#primaryimage"},"image":{"@id":"https:\/\/yourhappybox.ch\/en\/product\/bio-schwangerschaftstee-fuers-1-trimester\/#primaryimage"},"thumbnailUrl":"https:\/\/yourhappybox.ch\/wp-content\/uploads\/2021\/02\/039-210102-yourhappybox-studio-session_DSF4322.jpg","datePublished":"2022-03-21T17:03:44+00:00","dateModified":"2022-07-08T09:36:09+00:00","description":"Bio-Schwan\u00adger\u00adschafts\u00adtee f\u00fcr das 1. Tri\u00admes\u00adter. Hilft die Morgen\u00fcbel\u00adkeit zu re\u00addu\u00adzie\u00adren und zum Wohl\u00adbe\u00adfin\u00addent beitr\u00e4gt.","breadcrumb":{"@id":"https:\/\/yourhappybox.ch\/en\/product\/bio-schwangerschaftstee-fuers-1-trimester\/#breadcrumb"},"inLanguage":"fr-FR","potentialAction":[{"@type":"ReadAction","target":["https:\/\/yourhappybox.ch\/en\/product\/bio-schwangerschaftstee-fuers-1-trimester\/"]}]},{"@type":"ImageObject","inLanguage":"fr-FR","@id":"https:\/\/yourhappybox.ch\/en\/product\/bio-schwangerschaftstee-fuers-1-trimester\/#primaryimage","url":"https:\/\/yourhappybox.ch\/wp-content\/uploads\/2021\/02\/039-210102-yourhappybox-studio-session_DSF4322.jpg","contentUrl":"https:\/\/yourhappybox.ch\/wp-content\/uploads\/2021\/02\/039-210102-yourhappybox-studio-session_DSF4322.jpg","width":1600,"height":2000,"caption":"Bio Schwangerschaftstee f\u00fcrs 1. Trimester"},{"@type":"BreadcrumbList","@id":"https:\/\/yourhappybox.ch\/en\/product\/bio-schwangerschaftstee-fuers-1-trimester\/#breadcrumb","itemListElement":[{"@type":"ListItem","position":1,"name":"Startseite","item":"https:\/\/yourhappybox.ch\/"},{"@type":"ListItem","position":2,"name":"Shop","item":"https:\/\/yourhappybox.ch\/shop-essenzielle-schwangerschaftsprodukte\/"},{"@type":"ListItem","position":3,"name":"Bio-Tee f\u00fcr das 1. Trimester"}]},{"@type":"WebSite","@id":"https:\/\/yourhappybox.ch\/en\/#website","url":"https:\/\/yourhappybox.ch\/en\/","name":"Your\u00adHap\u00adpy\u00adBox","description":"Die Box, die dir Zeit w\u00e4h\u00adrend dei\u00adner Schwan\u00adger\u00adschaft schenkt","potentialAction":[{"@type":"SearchAction","target":{"@type":"EntryPoint","urlTemplate":"https:\/\/yourhappybox.ch\/en\/?s={search_term_string}"},"query-input":{"@type":"PropertyValueSpecification","valueRequired":true,"valueName":"search_term_string"}}],"inLanguage":"fr-FR"}]}},"_links":{"self":[{"href":"https:\/\/yourhappybox.ch\/fr\/wp-json\/wp\/v2\/product\/29427","targetHints":{"allow":["GET"]}}],"collection":[{"href":"https:\/\/yourhappybox.ch\/fr\/wp-json\/wp\/v2\/product"}],"about":[{"href":"https:\/\/yourhappybox.ch\/fr\/wp-json\/wp\/v2\/types\/product"}],"replies":[{"embeddable":true,"href":"https:\/\/yourhappybox.ch\/fr\/wp-json\/wp\/v2\/comments?post=29427"}],"wp:featuredmedia":[{"embeddable":true,"href":"https:\/\/yourhappybox.ch\/fr\/wp-json\/wp\/v2\/media\/29082"}],"wp:attachment":[{"href":"https:\/\/yourhappybox.ch\/fr\/wp-json\/wp\/v2\/media?parent=29427"}],"wp:term":[{"taxonomy":"product_brand","embeddable":true,"href":"https:\/\/yourhappybox.ch\/fr\/wp-json\/wp\/v2\/product_brand?post=29427"},{"taxonomy":"product_cat","embeddable":true,"href":"https:\/\/yourhappybox.ch\/fr\/wp-json\/wp\/v2\/product_cat?post=29427"},{"taxonomy":"product_tag","embeddable":true,"href":"https:\/\/yourhappybox.ch\/fr\/wp-json\/wp\/v2\/product_tag?post=29427"}],"curies":[{"name":"wp","href":"https:\/\/api.w.org\/{rel}","templated":true}]}}