{"id":29441,"date":"2022-03-21T21:14:36","date_gmt":"2022-03-21T20:14:36","guid":{"rendered":"https:\/\/yourhappybox.ch\/?post_type=product&#038;p=29441"},"modified":"2024-07-15T13:57:19","modified_gmt":"2024-07-15T11:57:19","slug":"bio-schwangerschaftstee-fuer-geburtsvorbereitung","status":"publish","type":"product","link":"https:\/\/yourhappybox.ch\/fr\/produkt\/bio-schwangerschaftstee-fuer-geburtsvorbereitung\/","title":{"rendered":"Th\u00e9 bio pour la pr\u00e9\u00adpa\u00adra\u00adtion \u00e0 l\u2019accouchement"},"content":{"rendered":"<p>\u00c0 par\u00adtir de la 36e se\u00admaine, cette in\u00adfu\u00adsion con\u00adtri\u00adbue \u00e0 la pr\u00e9\u00adpa\u00adra\u00adtion \u00e0 l\u2019\u00adac\u00adcouch\u00ade\u00adment. Elle con\u00adti\u00adent des feuilles de fram\u00adbo\u00adi\u00adsier, de la m\u00e9\u00adlisse et de l\u2019al\u00adch\u00e9\u00admille. Les feuilles de fram\u00adbo\u00adi\u00adsier, en par\u00adti\u00adcu\u00adlier, sont men\u00adti\u00adonn\u00e9es par de nombreu\u00adses sa\u00adges-femmes comme \u00e9tant des sti\u00admu\u00adlants na\u00adtu\u00adrels de l\u2019accouchement.<\/p>","protected":false},"excerpt":{"rendered":"<p>Cette d\u00e9\u00adli\u00adcieuse tisane bio con\u00adti\u00adent de la m\u00e9\u00adlisse, de l\u2019al\u00adch\u00e9\u00admille et des feuilles de fram\u00adbo\u00adi\u00adsier et ne doit pas \u00eatre con\u00adsom\u00adm\u00e9e avant la 36e se\u00admaine de gross\u00adesse, car ces plan\u00adtes sont con\u00adsid\u00e9\u00adr\u00e9es comme des sti\u00admu\u00adlants na\u00adtu\u00adrels pour les con\u00adtrac\u00adtions. Il est re\u00adcom\u00admand\u00e9 de boire 1 \u00e0 2 tas\u00adses par jour et de ne pas d\u00e9\u00adpas\u00adser 3 \u00e0 4 tas\u00adses. Une cuil\u00adl\u00e8re \u00e0 caf\u00e9 par tasse est suf\u00adfi\u00adsante et la tisane de gross\u00adesse bio doit \u00eatre in\u00adfu\u00ads\u00e9e pen\u00addant 6 \u00e0 8 minutes.<\/p>","protected":false},"featured_media":29036,"comment_status":"open","ping_status":"closed","template":"","meta":{"wp_typography_post_enhancements_disabled":false},"product_brand":[],"product_cat":[46],"product_tag":[],"class_list":{"0":"post-29441","1":"product","2":"type-product","3":"status-publish","4":"has-post-thumbnail","6":"product_cat-tee-refill","8":"first","9":"instock","10":"taxable","11":"shipping-taxable","12":"purchasable","13":"product-type-simple"},"yoast_head":"<!-- This site is optimized with the Yoast SEO plugin v27.3 - https:\/\/yoast.com\/product\/yoast-seo-wordpress\/ -->\n<title>Bio-Tee zur Geburtsvorbereitung - YourHappyBox<\/title>\n<meta name=\"description\" content=\"Himbeerbl\u00e4tter, Melisse und Frauenmantel gelten unter Hebammen als nat\u00fcrliche Wehenanregung und im Geburtsvorbereitungstee enthalten.\" \/>\n<meta name=\"robots\" content=\"index, follow, max-snippet:-1, max-image-preview:large, max-video-preview:-1\" \/>\n<link rel=\"canonical\" href=\"https:\/\/yourhappybox.ch\/fr\/product\/bio-schwangerschaftstee-fuer-geburtsvorbereitung\/\" \/>\n<meta property=\"og:locale\" content=\"fr_FR\" \/>\n<meta property=\"og:type\" content=\"article\" \/>\n<meta property=\"og:title\" content=\"Bio-Tee zur Geburtsvorbereitung - YourHappyBox\" \/>\n<meta property=\"og:description\" content=\"Himbeerbl\u00e4tter, Melisse und Frauenmantel gelten unter Hebammen als nat\u00fcrliche Wehenanregung und im Geburtsvorbereitungstee enthalten.\" \/>\n<meta property=\"og:url\" content=\"https:\/\/yourhappybox.ch\/fr\/product\/bio-schwangerschaftstee-fuer-geburtsvorbereitung\/\" \/>\n<meta property=\"og:site_name\" content=\"YourHappyBox\" \/>\n<meta property=\"article:modified_time\" content=\"2024-07-15T11:57:19+00:00\" \/>\n<meta property=\"og:image\" content=\"https:\/\/yourhappybox.ch\/wp-content\/uploads\/2021\/11\/042-210102-yourhappybox-studio-session_DSF4325.jpg\" \/>\n\t<meta property=\"og:image:width\" content=\"1600\" \/>\n\t<meta property=\"og:image:height\" content=\"2000\" \/>\n\t<meta property=\"og:image:type\" content=\"image\/jpeg\" \/>\n<meta name=\"twitter:card\" content=\"summary_large_image\" \/>\n<meta name=\"twitter:label1\" content=\"Dur\u00e9e de lecture estim\u00e9e\" \/>\n\t<meta name=\"twitter:data1\" content=\"1 minute\" \/>\n<script type=\"application\/ld+json\" class=\"yoast-schema-graph\">{\"@context\":\"https:\\\/\\\/schema.org\",\"@graph\":[{\"@type\":\"WebPage\",\"@id\":\"https:\\\/\\\/yourhappybox.ch\\\/en\\\/product\\\/bio-schwangerschaftstee-fuer-geburtsvorbereitung\\\/\",\"url\":\"https:\\\/\\\/yourhappybox.ch\\\/en\\\/product\\\/bio-schwangerschaftstee-fuer-geburtsvorbereitung\\\/\",\"name\":\"Bio-Tee zur Geburtsvorbereitung - YourHappyBox\",\"isPartOf\":{\"@id\":\"https:\\\/\\\/yourhappybox.ch\\\/en\\\/#website\"},\"primaryImageOfPage\":{\"@id\":\"https:\\\/\\\/yourhappybox.ch\\\/en\\\/product\\\/bio-schwangerschaftstee-fuer-geburtsvorbereitung\\\/#primaryimage\"},\"image\":{\"@id\":\"https:\\\/\\\/yourhappybox.ch\\\/en\\\/product\\\/bio-schwangerschaftstee-fuer-geburtsvorbereitung\\\/#primaryimage\"},\"thumbnailUrl\":\"https:\\\/\\\/yourhappybox.ch\\\/wp-content\\\/uploads\\\/2021\\\/11\\\/042-210102-yourhappybox-studio-session_DSF4325.jpg\",\"datePublished\":\"2022-03-21T20:14:36+00:00\",\"dateModified\":\"2024-07-15T11:57:19+00:00\",\"description\":\"Himbeerbl\u00e4tter, Melisse und Frauenmantel gelten unter Hebammen als nat\u00fcrliche Wehenanregung und im Geburtsvorbereitungstee enthalten.\",\"breadcrumb\":{\"@id\":\"https:\\\/\\\/yourhappybox.ch\\\/en\\\/product\\\/bio-schwangerschaftstee-fuer-geburtsvorbereitung\\\/#breadcrumb\"},\"inLanguage\":\"fr-FR\",\"potentialAction\":[{\"@type\":\"ReadAction\",\"target\":[\"https:\\\/\\\/yourhappybox.ch\\\/en\\\/product\\\/bio-schwangerschaftstee-fuer-geburtsvorbereitung\\\/\"]}]},{\"@type\":\"ImageObject\",\"inLanguage\":\"fr-FR\",\"@id\":\"https:\\\/\\\/yourhappybox.ch\\\/en\\\/product\\\/bio-schwangerschaftstee-fuer-geburtsvorbereitung\\\/#primaryimage\",\"url\":\"https:\\\/\\\/yourhappybox.ch\\\/wp-content\\\/uploads\\\/2021\\\/11\\\/042-210102-yourhappybox-studio-session_DSF4325.jpg\",\"contentUrl\":\"https:\\\/\\\/yourhappybox.ch\\\/wp-content\\\/uploads\\\/2021\\\/11\\\/042-210102-yourhappybox-studio-session_DSF4325.jpg\",\"width\":1600,\"height\":2000,\"caption\":\"Bio Himbeerbl\u00e4ttertee\"},{\"@type\":\"BreadcrumbList\",\"@id\":\"https:\\\/\\\/yourhappybox.ch\\\/en\\\/product\\\/bio-schwangerschaftstee-fuer-geburtsvorbereitung\\\/#breadcrumb\",\"itemListElement\":[{\"@type\":\"ListItem\",\"position\":1,\"name\":\"Startseite\",\"item\":\"https:\\\/\\\/yourhappybox.ch\\\/\"},{\"@type\":\"ListItem\",\"position\":2,\"name\":\"Shop\",\"item\":\"https:\\\/\\\/yourhappybox.ch\\\/shop-essenzielle-schwangerschaftsprodukte\\\/\"},{\"@type\":\"ListItem\",\"position\":3,\"name\":\"Bio-Tee zur Geburtsvorbereitung\"}]},{\"@type\":\"WebSite\",\"@id\":\"https:\\\/\\\/yourhappybox.ch\\\/en\\\/#website\",\"url\":\"https:\\\/\\\/yourhappybox.ch\\\/en\\\/\",\"name\":\"YourHappyBox\",\"description\":\"Die Box, die dir Zeit w\u00e4hrend deiner Schwangerschaft schenkt\",\"potentialAction\":[{\"@type\":\"SearchAction\",\"target\":{\"@type\":\"EntryPoint\",\"urlTemplate\":\"https:\\\/\\\/yourhappybox.ch\\\/en\\\/?s={search_term_string}\"},\"query-input\":{\"@type\":\"PropertyValueSpecification\",\"valueRequired\":true,\"valueName\":\"search_term_string\"}}],\"inLanguage\":\"fr-FR\"}]}<\/script>\n<!-- \/ Yoast SEO plugin. -->","yoast_head_json":{"title":"Bio-Tee zur Ge\u00adburts\u00advor\u00adbe\u00adrei\u00adtung \u2014 YourHappyBox","description":"Him\u00adbeer\u00adbl\u00e4t\u00adter, Me\u00adlisse und Frau\u00aden\u00adman\u00adtel gel\u00adten un\u00adter Heb\u00adam\u00admen als na\u00adt\u00fcr\u00adli\u00adche We\u00adhen\u00adan\u00adre\u00adgung und im Ge\u00adburts\u00advor\u00adbe\u00adrei\u00adtungs\u00adtee enthalten.","robots":{"index":"index","follow":"follow","max-snippet":"max-snippet:-1","max-image-preview":"max-image-preview:large","max-video-preview":"max-video-preview:-1"},"canonical":"https:\/\/yourhappybox.ch\/fr\/product\/bio-schwangerschaftstee-fuer-geburtsvorbereitung\/","og_locale":"fr_FR","og_type":"article","og_title":"Bio-Tee zur Geburtsvorbereitung - YourHappyBox","og_description":"Himbeerbl\u00e4tter, Melisse und Frauenmantel gelten unter Hebammen als nat\u00fcrliche Wehenanregung und im Geburtsvorbereitungstee enthalten.","og_url":"https:\/\/yourhappybox.ch\/fr\/product\/bio-schwangerschaftstee-fuer-geburtsvorbereitung\/","og_site_name":"YourHappyBox","article_modified_time":"2024-07-15T11:57:19+00:00","og_image":[{"width":1600,"height":2000,"url":"https:\/\/yourhappybox.ch\/wp-content\/uploads\/2021\/11\/042-210102-yourhappybox-studio-session_DSF4325.jpg","type":"image\/jpeg"}],"twitter_card":"summary_large_image","twitter_misc":{"Dur\u00e9e de lecture estim\u00e9e":"1 minute"},"schema":{"@context":"https:\/\/schema.org","@graph":[{"@type":"WebPage","@id":"https:\/\/yourhappybox.ch\/en\/product\/bio-schwangerschaftstee-fuer-geburtsvorbereitung\/","url":"https:\/\/yourhappybox.ch\/en\/product\/bio-schwangerschaftstee-fuer-geburtsvorbereitung\/","name":"Bio-Tee zur Ge\u00adburts\u00advor\u00adbe\u00adrei\u00adtung \u2014 YourHappyBox","isPartOf":{"@id":"https:\/\/yourhappybox.ch\/en\/#website"},"primaryImageOfPage":{"@id":"https:\/\/yourhappybox.ch\/en\/product\/bio-schwangerschaftstee-fuer-geburtsvorbereitung\/#primaryimage"},"image":{"@id":"https:\/\/yourhappybox.ch\/en\/product\/bio-schwangerschaftstee-fuer-geburtsvorbereitung\/#primaryimage"},"thumbnailUrl":"https:\/\/yourhappybox.ch\/wp-content\/uploads\/2021\/11\/042-210102-yourhappybox-studio-session_DSF4325.jpg","datePublished":"2022-03-21T20:14:36+00:00","dateModified":"2024-07-15T11:57:19+00:00","description":"Him\u00adbeer\u00adbl\u00e4t\u00adter, Me\u00adlisse und Frau\u00aden\u00adman\u00adtel gel\u00adten un\u00adter Heb\u00adam\u00admen als na\u00adt\u00fcr\u00adli\u00adche We\u00adhen\u00adan\u00adre\u00adgung und im Ge\u00adburts\u00advor\u00adbe\u00adrei\u00adtungs\u00adtee enthalten.","breadcrumb":{"@id":"https:\/\/yourhappybox.ch\/en\/product\/bio-schwangerschaftstee-fuer-geburtsvorbereitung\/#breadcrumb"},"inLanguage":"fr-FR","potentialAction":[{"@type":"ReadAction","target":["https:\/\/yourhappybox.ch\/en\/product\/bio-schwangerschaftstee-fuer-geburtsvorbereitung\/"]}]},{"@type":"ImageObject","inLanguage":"fr-FR","@id":"https:\/\/yourhappybox.ch\/en\/product\/bio-schwangerschaftstee-fuer-geburtsvorbereitung\/#primaryimage","url":"https:\/\/yourhappybox.ch\/wp-content\/uploads\/2021\/11\/042-210102-yourhappybox-studio-session_DSF4325.jpg","contentUrl":"https:\/\/yourhappybox.ch\/wp-content\/uploads\/2021\/11\/042-210102-yourhappybox-studio-session_DSF4325.jpg","width":1600,"height":2000,"caption":"Bio Himbeerbl\u00e4ttertee"},{"@type":"BreadcrumbList","@id":"https:\/\/yourhappybox.ch\/en\/product\/bio-schwangerschaftstee-fuer-geburtsvorbereitung\/#breadcrumb","itemListElement":[{"@type":"ListItem","position":1,"name":"Startseite","item":"https:\/\/yourhappybox.ch\/"},{"@type":"ListItem","position":2,"name":"Shop","item":"https:\/\/yourhappybox.ch\/shop-essenzielle-schwangerschaftsprodukte\/"},{"@type":"ListItem","position":3,"name":"Bio-Tee zur Geburtsvorbereitung"}]},{"@type":"WebSite","@id":"https:\/\/yourhappybox.ch\/en\/#website","url":"https:\/\/yourhappybox.ch\/en\/","name":"Your\u00adHap\u00adpy\u00adBox","description":"Die Box, die dir Zeit w\u00e4h\u00adrend dei\u00adner Schwan\u00adger\u00adschaft schenkt","potentialAction":[{"@type":"SearchAction","target":{"@type":"EntryPoint","urlTemplate":"https:\/\/yourhappybox.ch\/en\/?s={search_term_string}"},"query-input":{"@type":"PropertyValueSpecification","valueRequired":true,"valueName":"search_term_string"}}],"inLanguage":"fr-FR"}]}},"_links":{"self":[{"href":"https:\/\/yourhappybox.ch\/fr\/wp-json\/wp\/v2\/product\/29441","targetHints":{"allow":["GET"]}}],"collection":[{"href":"https:\/\/yourhappybox.ch\/fr\/wp-json\/wp\/v2\/product"}],"about":[{"href":"https:\/\/yourhappybox.ch\/fr\/wp-json\/wp\/v2\/types\/product"}],"replies":[{"embeddable":true,"href":"https:\/\/yourhappybox.ch\/fr\/wp-json\/wp\/v2\/comments?post=29441"}],"wp:featuredmedia":[{"embeddable":true,"href":"https:\/\/yourhappybox.ch\/fr\/wp-json\/wp\/v2\/media\/29036"}],"wp:attachment":[{"href":"https:\/\/yourhappybox.ch\/fr\/wp-json\/wp\/v2\/media?parent=29441"}],"wp:term":[{"taxonomy":"product_brand","embeddable":true,"href":"https:\/\/yourhappybox.ch\/fr\/wp-json\/wp\/v2\/product_brand?post=29441"},{"taxonomy":"product_cat","embeddable":true,"href":"https:\/\/yourhappybox.ch\/fr\/wp-json\/wp\/v2\/product_cat?post=29441"},{"taxonomy":"product_tag","embeddable":true,"href":"https:\/\/yourhappybox.ch\/fr\/wp-json\/wp\/v2\/product_tag?post=29441"}],"curies":[{"name":"wp","href":"https:\/\/api.w.org\/{rel}","templated":true}]}}