{"id":29448,"date":"2022-03-21T22:03:35","date_gmt":"2022-03-21T21:03:35","guid":{"rendered":"https:\/\/yourhappybox.ch\/?post_type=product&#038;p=29448"},"modified":"2023-01-16T00:02:37","modified_gmt":"2023-01-15T23:02:37","slug":"schwangerschaftsstreifenoel","status":"publish","type":"product","link":"https:\/\/yourhappybox.ch\/fr\/produkt\/schwangerschaftsstreifenoel\/","title":{"rendered":"Huile anti-ver\u00adge\u00adtures"},"content":{"rendered":"<p>L\u2019huile con\u00adti\u00adent de l\u2019huile d\u2019a\u00admande, de tour\u00adne\u00adsol, de germe de bl\u00e9, d\u2019o\u00adna\u00adgre et de chan\u00advre ainsi que de la la\u00advande, du n\u00e9\u00adroli, de la rose, du po-ho, du bois de&nbsp;rose.<\/p>","protected":false},"excerpt":{"rendered":"<p>L\u2019huile anti-ver\u00adge\u00adtures (100ml) de la phar\u00admacie Bahn\u00adhof-Apo\u00adtheke Kemp\u00adten est con\u00adnue pour ses m\u00e9\u00adlan\u00adges mai\u00adson et est tr\u00e8s ap\u00adpr\u00e9\u00adci\u00e9e par de nombreu\u00adses sa\u00adges-femmes. Uti\u00adli\u00ads\u00e9e r\u00e9\u00adgu\u00adli\u00e8\u00adre\u00adment, l\u2019huile a un ef\u00adfet pr\u00e9\u00adven\u00adtif contre les ver\u00adge\u00adtures. Il est re\u00adcom\u00admand\u00e9 de tou\u00adjours ap\u00adpli\u00adquer l\u2019huile sur une peau l\u00e9\u00adg\u00e8\u00adre\u00adment hu\u00admide en ef\u00adfec\u00adtu\u00adant des mou\u00adve\u00adments cir\u00adcu\u00adlai\u00adres, car c\u2019est ainsi que les hui\u00adles peu\u00advent agir au&nbsp;mieux.<\/p>","protected":false},"featured_media":28969,"comment_status":"open","ping_status":"closed","template":"","meta":{"wp_typography_post_enhancements_disabled":false},"product_brand":[],"product_cat":[47],"product_tag":[],"class_list":{"0":"post-29448","1":"product","2":"type-product","3":"status-publish","4":"has-post-thumbnail","6":"product_cat-oel-refill","8":"first","9":"instock","10":"taxable","11":"shipping-taxable","12":"purchasable","13":"product-type-simple"},"yoast_head":"<!-- This site is optimized with the Yoast SEO plugin v27.3 - https:\/\/yoast.com\/product\/yoast-seo-wordpress\/ -->\n<title>Schwangerschaftsstreifen\u00f6l - YourHappyBox<\/title>\n<meta name=\"description\" content=\"Schwangerschaftsstreifen lassen sich nicht vermeiden, aber verringern, mit regelm\u00e4ssiger Pflege des traumhaften \u00d6l der Bahnhof-Apotheke.\" \/>\n<meta name=\"robots\" content=\"index, follow, max-snippet:-1, max-image-preview:large, max-video-preview:-1\" \/>\n<link rel=\"canonical\" href=\"https:\/\/yourhappybox.ch\/fr\/produit-2\/schwangerschaftsstreifenoel\/\" \/>\n<meta property=\"og:locale\" content=\"fr_FR\" \/>\n<meta property=\"og:type\" content=\"article\" \/>\n<meta property=\"og:title\" content=\"Schwangerschaftsstreifen\u00f6l - YourHappyBox\" \/>\n<meta property=\"og:description\" content=\"Schwangerschaftsstreifen lassen sich nicht vermeiden, aber verringern, mit regelm\u00e4ssiger Pflege des traumhaften \u00d6l der Bahnhof-Apotheke.\" \/>\n<meta property=\"og:url\" content=\"https:\/\/yourhappybox.ch\/fr\/produit-2\/schwangerschaftsstreifenoel\/\" \/>\n<meta property=\"og:site_name\" content=\"YourHappyBox\" \/>\n<meta property=\"article:modified_time\" content=\"2023-01-15T23:02:37+00:00\" \/>\n<meta property=\"og:image\" content=\"https:\/\/yourhappybox.ch\/wp-content\/uploads\/2021\/02\/051-210102-yourhappybox-studio-session_DSF4334.jpg\" \/>\n\t<meta property=\"og:image:width\" content=\"1600\" \/>\n\t<meta property=\"og:image:height\" content=\"2000\" \/>\n\t<meta property=\"og:image:type\" content=\"image\/jpeg\" \/>\n<meta name=\"twitter:card\" content=\"summary_large_image\" \/>\n<meta name=\"twitter:label1\" content=\"Dur\u00e9e de lecture estim\u00e9e\" \/>\n\t<meta name=\"twitter:data1\" content=\"1 minute\" \/>\n<script type=\"application\/ld+json\" class=\"yoast-schema-graph\">{\"@context\":\"https:\\\/\\\/schema.org\",\"@graph\":[{\"@type\":\"WebPage\",\"@id\":\"https:\\\/\\\/yourhappybox.ch\\\/produkt\\\/schwangerschaftsstreifenoel\\\/\",\"url\":\"https:\\\/\\\/yourhappybox.ch\\\/produkt\\\/schwangerschaftsstreifenoel\\\/\",\"name\":\"Schwangerschaftsstreifen\u00f6l - YourHappyBox\",\"isPartOf\":{\"@id\":\"https:\\\/\\\/yourhappybox.ch\\\/en\\\/#website\"},\"primaryImageOfPage\":{\"@id\":\"https:\\\/\\\/yourhappybox.ch\\\/produkt\\\/schwangerschaftsstreifenoel\\\/#primaryimage\"},\"image\":{\"@id\":\"https:\\\/\\\/yourhappybox.ch\\\/produkt\\\/schwangerschaftsstreifenoel\\\/#primaryimage\"},\"thumbnailUrl\":\"https:\\\/\\\/yourhappybox.ch\\\/wp-content\\\/uploads\\\/2021\\\/02\\\/051-210102-yourhappybox-studio-session_DSF4334.jpg\",\"datePublished\":\"2022-03-21T21:03:35+00:00\",\"dateModified\":\"2023-01-15T23:02:37+00:00\",\"description\":\"Schwangerschaftsstreifen lassen sich nicht vermeiden, aber verringern, mit regelm\u00e4ssiger Pflege des traumhaften \u00d6l der Bahnhof-Apotheke.\",\"breadcrumb\":{\"@id\":\"https:\\\/\\\/yourhappybox.ch\\\/produkt\\\/schwangerschaftsstreifenoel\\\/#breadcrumb\"},\"inLanguage\":\"fr-FR\",\"potentialAction\":[{\"@type\":\"ReadAction\",\"target\":[\"https:\\\/\\\/yourhappybox.ch\\\/produkt\\\/schwangerschaftsstreifenoel\\\/\"]}]},{\"@type\":\"ImageObject\",\"inLanguage\":\"fr-FR\",\"@id\":\"https:\\\/\\\/yourhappybox.ch\\\/produkt\\\/schwangerschaftsstreifenoel\\\/#primaryimage\",\"url\":\"https:\\\/\\\/yourhappybox.ch\\\/wp-content\\\/uploads\\\/2021\\\/02\\\/051-210102-yourhappybox-studio-session_DSF4334.jpg\",\"contentUrl\":\"https:\\\/\\\/yourhappybox.ch\\\/wp-content\\\/uploads\\\/2021\\\/02\\\/051-210102-yourhappybox-studio-session_DSF4334.jpg\",\"width\":1600,\"height\":2000,\"caption\":\"Schwangerschaftsstreifen\u00f6l\"},{\"@type\":\"BreadcrumbList\",\"@id\":\"https:\\\/\\\/yourhappybox.ch\\\/produkt\\\/schwangerschaftsstreifenoel\\\/#breadcrumb\",\"itemListElement\":[{\"@type\":\"ListItem\",\"position\":1,\"name\":\"Startseite\",\"item\":\"https:\\\/\\\/yourhappybox.ch\\\/\"},{\"@type\":\"ListItem\",\"position\":2,\"name\":\"Shop\",\"item\":\"https:\\\/\\\/yourhappybox.ch\\\/shop-essenzielle-schwangerschaftsprodukte\\\/\"},{\"@type\":\"ListItem\",\"position\":3,\"name\":\"Schwangerschaftsstreifen\u00f6l\"}]},{\"@type\":\"WebSite\",\"@id\":\"https:\\\/\\\/yourhappybox.ch\\\/en\\\/#website\",\"url\":\"https:\\\/\\\/yourhappybox.ch\\\/en\\\/\",\"name\":\"YourHappyBox\",\"description\":\"Die Box, die dir Zeit w\u00e4hrend deiner Schwangerschaft schenkt\",\"potentialAction\":[{\"@type\":\"SearchAction\",\"target\":{\"@type\":\"EntryPoint\",\"urlTemplate\":\"https:\\\/\\\/yourhappybox.ch\\\/en\\\/?s={search_term_string}\"},\"query-input\":{\"@type\":\"PropertyValueSpecification\",\"valueRequired\":true,\"valueName\":\"search_term_string\"}}],\"inLanguage\":\"fr-FR\"}]}<\/script>\n<!-- \/ Yoast SEO plugin. -->","yoast_head_json":{"title":"Schwan\u00adger\u00adschafts\u00adstrei\u00adfen\u00f6l \u2014 YourHappyBox","description":"Schwan\u00adger\u00adschafts\u00adstrei\u00adfen las\u00adsen sich nicht ver\u00admei\u00adden, aber ver\u00adrin\u00adgern, mit re\u00adgel\u00adm\u00e4s\u00adsi\u00adger Pflege des traum\u00adhaf\u00adten \u00d6l der Bahnhof-Apotheke.","robots":{"index":"index","follow":"follow","max-snippet":"max-snippet:-1","max-image-preview":"max-image-preview:large","max-video-preview":"max-video-preview:-1"},"canonical":"https:\/\/yourhappybox.ch\/fr\/produit-2\/schwangerschaftsstreifenoel\/","og_locale":"fr_FR","og_type":"article","og_title":"Schwangerschaftsstreifen\u00f6l - YourHappyBox","og_description":"Schwangerschaftsstreifen lassen sich nicht vermeiden, aber verringern, mit regelm\u00e4ssiger Pflege des traumhaften \u00d6l der Bahnhof-Apotheke.","og_url":"https:\/\/yourhappybox.ch\/fr\/produit-2\/schwangerschaftsstreifenoel\/","og_site_name":"YourHappyBox","article_modified_time":"2023-01-15T23:02:37+00:00","og_image":[{"width":1600,"height":2000,"url":"https:\/\/yourhappybox.ch\/wp-content\/uploads\/2021\/02\/051-210102-yourhappybox-studio-session_DSF4334.jpg","type":"image\/jpeg"}],"twitter_card":"summary_large_image","twitter_misc":{"Dur\u00e9e de lecture estim\u00e9e":"1 minute"},"schema":{"@context":"https:\/\/schema.org","@graph":[{"@type":"WebPage","@id":"https:\/\/yourhappybox.ch\/produkt\/schwangerschaftsstreifenoel\/","url":"https:\/\/yourhappybox.ch\/produkt\/schwangerschaftsstreifenoel\/","name":"Schwan\u00adger\u00adschafts\u00adstrei\u00adfen\u00f6l \u2014 YourHappyBox","isPartOf":{"@id":"https:\/\/yourhappybox.ch\/en\/#website"},"primaryImageOfPage":{"@id":"https:\/\/yourhappybox.ch\/produkt\/schwangerschaftsstreifenoel\/#primaryimage"},"image":{"@id":"https:\/\/yourhappybox.ch\/produkt\/schwangerschaftsstreifenoel\/#primaryimage"},"thumbnailUrl":"https:\/\/yourhappybox.ch\/wp-content\/uploads\/2021\/02\/051-210102-yourhappybox-studio-session_DSF4334.jpg","datePublished":"2022-03-21T21:03:35+00:00","dateModified":"2023-01-15T23:02:37+00:00","description":"Schwan\u00adger\u00adschafts\u00adstrei\u00adfen las\u00adsen sich nicht ver\u00admei\u00adden, aber ver\u00adrin\u00adgern, mit re\u00adgel\u00adm\u00e4s\u00adsi\u00adger Pflege des traum\u00adhaf\u00adten \u00d6l der Bahnhof-Apotheke.","breadcrumb":{"@id":"https:\/\/yourhappybox.ch\/produkt\/schwangerschaftsstreifenoel\/#breadcrumb"},"inLanguage":"fr-FR","potentialAction":[{"@type":"ReadAction","target":["https:\/\/yourhappybox.ch\/produkt\/schwangerschaftsstreifenoel\/"]}]},{"@type":"ImageObject","inLanguage":"fr-FR","@id":"https:\/\/yourhappybox.ch\/produkt\/schwangerschaftsstreifenoel\/#primaryimage","url":"https:\/\/yourhappybox.ch\/wp-content\/uploads\/2021\/02\/051-210102-yourhappybox-studio-session_DSF4334.jpg","contentUrl":"https:\/\/yourhappybox.ch\/wp-content\/uploads\/2021\/02\/051-210102-yourhappybox-studio-session_DSF4334.jpg","width":1600,"height":2000,"caption":"Schwangerschaftsstreifen\u00f6l"},{"@type":"BreadcrumbList","@id":"https:\/\/yourhappybox.ch\/produkt\/schwangerschaftsstreifenoel\/#breadcrumb","itemListElement":[{"@type":"ListItem","position":1,"name":"Startseite","item":"https:\/\/yourhappybox.ch\/"},{"@type":"ListItem","position":2,"name":"Shop","item":"https:\/\/yourhappybox.ch\/shop-essenzielle-schwangerschaftsprodukte\/"},{"@type":"ListItem","position":3,"name":"Schwangerschaftsstreifen\u00f6l"}]},{"@type":"WebSite","@id":"https:\/\/yourhappybox.ch\/en\/#website","url":"https:\/\/yourhappybox.ch\/en\/","name":"Your\u00adHap\u00adpy\u00adBox","description":"Die Box, die dir Zeit w\u00e4h\u00adrend dei\u00adner Schwan\u00adger\u00adschaft schenkt","potentialAction":[{"@type":"SearchAction","target":{"@type":"EntryPoint","urlTemplate":"https:\/\/yourhappybox.ch\/en\/?s={search_term_string}"},"query-input":{"@type":"PropertyValueSpecification","valueRequired":true,"valueName":"search_term_string"}}],"inLanguage":"fr-FR"}]}},"_links":{"self":[{"href":"https:\/\/yourhappybox.ch\/fr\/wp-json\/wp\/v2\/product\/29448","targetHints":{"allow":["GET"]}}],"collection":[{"href":"https:\/\/yourhappybox.ch\/fr\/wp-json\/wp\/v2\/product"}],"about":[{"href":"https:\/\/yourhappybox.ch\/fr\/wp-json\/wp\/v2\/types\/product"}],"replies":[{"embeddable":true,"href":"https:\/\/yourhappybox.ch\/fr\/wp-json\/wp\/v2\/comments?post=29448"}],"wp:featuredmedia":[{"embeddable":true,"href":"https:\/\/yourhappybox.ch\/fr\/wp-json\/wp\/v2\/media\/28969"}],"wp:attachment":[{"href":"https:\/\/yourhappybox.ch\/fr\/wp-json\/wp\/v2\/media?parent=29448"}],"wp:term":[{"taxonomy":"product_brand","embeddable":true,"href":"https:\/\/yourhappybox.ch\/fr\/wp-json\/wp\/v2\/product_brand?post=29448"},{"taxonomy":"product_cat","embeddable":true,"href":"https:\/\/yourhappybox.ch\/fr\/wp-json\/wp\/v2\/product_cat?post=29448"},{"taxonomy":"product_tag","embeddable":true,"href":"https:\/\/yourhappybox.ch\/fr\/wp-json\/wp\/v2\/product_tag?post=29448"}],"curies":[{"name":"wp","href":"https:\/\/api.w.org\/{rel}","templated":true}]}}