{"id":29450,"date":"2022-03-21T22:23:38","date_gmt":"2022-03-21T21:23:38","guid":{"rendered":"https:\/\/yourhappybox.ch\/?post_type=product&#038;p=29450"},"modified":"2022-07-04T11:51:35","modified_gmt":"2022-07-04T09:51:35","slug":"bio-mandeloel-75ml","status":"publish","type":"product","link":"https:\/\/yourhappybox.ch\/fr\/produit-2\/bio-mandeloel-75ml\/","title":{"rendered":"Huile d\u2019a\u00admande bio&nbsp;75ml"},"content":{"rendered":"<p>En plus des so\u00adins clas\u00adsi\u00adques, l\u2019huile d\u2019a\u00admande bio est id\u00e9ale pour le mas\u00adsage des&nbsp;b\u00e9b\u00e9s.<\/p>","protected":false},"excerpt":{"rendered":"<p>L\u2019huile d\u2019a\u00admande douce bio est id\u00e9ale pour les pre\u00admiers so\u00adins de b\u00e9b\u00e9 ! Elle aide \u00e0 r\u00e9\u00ad\u00e9\u00adqui\u00adli\u00adbrer la peau gr\u00e2ce \u00e0 ses com\u00adpo\u00adsants hy\u00addrat\u00adants et pro\u00adtec\u00adteurs tels que la vit\u00adamine B et l\u2019a\u00adcide lin\u00ado\u00adl\u00e9\u00adi\u00adque, ainsi que la vit\u00adamine E, cap\u00adteur de ra\u00addi\u00adcaux li\u00adbres. Elle est aussi par\u00adfaite pour les so\u00adins du vi\u00adsage et du corps en cas de peau s\u00e8\u00adche et sen\u00adsi\u00adble ainsi que pour les peaux de b\u00e9b\u00e9 et d\u2019enfant.<\/p>","protected":false},"featured_media":29090,"comment_status":"open","ping_status":"closed","template":"","meta":{"wp_typography_post_enhancements_disabled":false},"product_brand":[],"product_cat":[47],"product_tag":[],"class_list":{"0":"post-29450","1":"product","2":"type-product","3":"status-publish","4":"has-post-thumbnail","6":"product_cat-oel-refill","8":"first","9":"instock","10":"taxable","11":"shipping-taxable","12":"purchasable","13":"product-type-simple"},"yoast_head":"<!-- This site is optimized with the Yoast SEO plugin v26.8 - https:\/\/yoast.com\/product\/yoast-seo-wordpress\/ -->\n<title>Bio-Mandel\u00f6l 75ml - YourHappyBox<\/title>\n<meta name=\"description\" content=\"Babypflege ben\u00f6tigt zun\u00e4chst nicht sehr viel. Dieses hochwertige Bio-Mandel\u00f6l ist ausreichend als erste Babypflege f\u00fcr Gesicht und K\u00f6rper.\" \/>\n<meta name=\"robots\" content=\"index, follow, max-snippet:-1, max-image-preview:large, max-video-preview:-1\" \/>\n<link rel=\"canonical\" href=\"https:\/\/yourhappybox.ch\/fr\/produit-2\/bio-mandeloel-75ml\/\" \/>\n<meta property=\"og:locale\" content=\"fr_FR\" \/>\n<meta property=\"og:type\" content=\"article\" \/>\n<meta property=\"og:title\" content=\"Bio-Mandel\u00f6l 75ml - YourHappyBox\" \/>\n<meta property=\"og:description\" content=\"Babypflege ben\u00f6tigt zun\u00e4chst nicht sehr viel. Dieses hochwertige Bio-Mandel\u00f6l ist ausreichend als erste Babypflege f\u00fcr Gesicht und K\u00f6rper.\" \/>\n<meta property=\"og:url\" content=\"https:\/\/yourhappybox.ch\/fr\/produit-2\/bio-mandeloel-75ml\/\" \/>\n<meta property=\"og:site_name\" content=\"YourHappyBox\" \/>\n<meta property=\"article:modified_time\" content=\"2022-07-04T09:51:35+00:00\" \/>\n<meta property=\"og:image\" content=\"https:\/\/yourhappybox.ch\/wp-content\/uploads\/2021\/11\/048-210102-yourhappybox-studio-session_DSF4331.jpg\" \/>\n\t<meta property=\"og:image:width\" content=\"1600\" \/>\n\t<meta property=\"og:image:height\" content=\"2000\" \/>\n\t<meta property=\"og:image:type\" content=\"image\/jpeg\" \/>\n<meta name=\"twitter:card\" content=\"summary_large_image\" \/>\n<meta name=\"twitter:label1\" content=\"Dur\u00e9e de lecture estim\u00e9e\" \/>\n\t<meta name=\"twitter:data1\" content=\"1 minute\" \/>\n<script type=\"application\/ld+json\" class=\"yoast-schema-graph\">{\"@context\":\"https:\/\/schema.org\",\"@graph\":[{\"@type\":\"WebPage\",\"@id\":\"https:\/\/yourhappybox.ch\/produkt\/bio-mandeloel-75ml\/\",\"url\":\"https:\/\/yourhappybox.ch\/produkt\/bio-mandeloel-75ml\/\",\"name\":\"Bio-Mandel\u00f6l 75ml - YourHappyBox\",\"isPartOf\":{\"@id\":\"https:\/\/yourhappybox.ch\/en\/#website\"},\"primaryImageOfPage\":{\"@id\":\"https:\/\/yourhappybox.ch\/produkt\/bio-mandeloel-75ml\/#primaryimage\"},\"image\":{\"@id\":\"https:\/\/yourhappybox.ch\/produkt\/bio-mandeloel-75ml\/#primaryimage\"},\"thumbnailUrl\":\"https:\/\/yourhappybox.ch\/wp-content\/uploads\/2021\/11\/048-210102-yourhappybox-studio-session_DSF4331.jpg\",\"datePublished\":\"2022-03-21T21:23:38+00:00\",\"dateModified\":\"2022-07-04T09:51:35+00:00\",\"description\":\"Babypflege ben\u00f6tigt zun\u00e4chst nicht sehr viel. Dieses hochwertige Bio-Mandel\u00f6l ist ausreichend als erste Babypflege f\u00fcr Gesicht und K\u00f6rper.\",\"breadcrumb\":{\"@id\":\"https:\/\/yourhappybox.ch\/produkt\/bio-mandeloel-75ml\/#breadcrumb\"},\"inLanguage\":\"fr-FR\",\"potentialAction\":[{\"@type\":\"ReadAction\",\"target\":[\"https:\/\/yourhappybox.ch\/produkt\/bio-mandeloel-75ml\/\"]}]},{\"@type\":\"ImageObject\",\"inLanguage\":\"fr-FR\",\"@id\":\"https:\/\/yourhappybox.ch\/produkt\/bio-mandeloel-75ml\/#primaryimage\",\"url\":\"https:\/\/yourhappybox.ch\/wp-content\/uploads\/2021\/11\/048-210102-yourhappybox-studio-session_DSF4331.jpg\",\"contentUrl\":\"https:\/\/yourhappybox.ch\/wp-content\/uploads\/2021\/11\/048-210102-yourhappybox-studio-session_DSF4331.jpg\",\"width\":1600,\"height\":2000,\"caption\":\"Bio Mandel\u00f6l als erste Babypflege\"},{\"@type\":\"BreadcrumbList\",\"@id\":\"https:\/\/yourhappybox.ch\/produkt\/bio-mandeloel-75ml\/#breadcrumb\",\"itemListElement\":[{\"@type\":\"ListItem\",\"position\":1,\"name\":\"Startseite\",\"item\":\"https:\/\/yourhappybox.ch\/\"},{\"@type\":\"ListItem\",\"position\":2,\"name\":\"Shop\",\"item\":\"https:\/\/yourhappybox.ch\/shop-essenzielle-schwangerschaftsprodukte\/\"},{\"@type\":\"ListItem\",\"position\":3,\"name\":\"Bio-Mandel\u00f6l 75ml\"}]},{\"@type\":\"WebSite\",\"@id\":\"https:\/\/yourhappybox.ch\/en\/#website\",\"url\":\"https:\/\/yourhappybox.ch\/en\/\",\"name\":\"YourHappyBox\",\"description\":\"Die Box, die dir Zeit w\u00e4hrend deiner Schwangerschaft schenkt\",\"potentialAction\":[{\"@type\":\"SearchAction\",\"target\":{\"@type\":\"EntryPoint\",\"urlTemplate\":\"https:\/\/yourhappybox.ch\/en\/?s={search_term_string}\"},\"query-input\":{\"@type\":\"PropertyValueSpecification\",\"valueRequired\":true,\"valueName\":\"search_term_string\"}}],\"inLanguage\":\"fr-FR\"}]}<\/script>\n<!-- \/ Yoast SEO plugin. -->","yoast_head_json":{"title":"Bio-Man\u00addel\u00f6l 75ml \u2014 YourHappyBox","description":"Ba\u00adby\u00adpflege be\u00adn\u00f6\u00adtigt zu\u00adn\u00e4chst nicht sehr viel. Die\u00adses hoch\u00adwer\u00adtige Bio-Man\u00addel\u00f6l ist aus\u00adrei\u00adchend als erste Ba\u00adby\u00adpflege f\u00fcr Ge\u00adsicht und K\u00f6rper.","robots":{"index":"index","follow":"follow","max-snippet":"max-snippet:-1","max-image-preview":"max-image-preview:large","max-video-preview":"max-video-preview:-1"},"canonical":"https:\/\/yourhappybox.ch\/fr\/produit-2\/bio-mandeloel-75ml\/","og_locale":"fr_FR","og_type":"article","og_title":"Bio-Mandel\u00f6l 75ml - YourHappyBox","og_description":"Babypflege ben\u00f6tigt zun\u00e4chst nicht sehr viel. Dieses hochwertige Bio-Mandel\u00f6l ist ausreichend als erste Babypflege f\u00fcr Gesicht und K\u00f6rper.","og_url":"https:\/\/yourhappybox.ch\/fr\/produit-2\/bio-mandeloel-75ml\/","og_site_name":"YourHappyBox","article_modified_time":"2022-07-04T09:51:35+00:00","og_image":[{"width":1600,"height":2000,"url":"https:\/\/yourhappybox.ch\/wp-content\/uploads\/2021\/11\/048-210102-yourhappybox-studio-session_DSF4331.jpg","type":"image\/jpeg"}],"twitter_card":"summary_large_image","twitter_misc":{"Dur\u00e9e de lecture estim\u00e9e":"1 minute"},"schema":{"@context":"https:\/\/schema.org","@graph":[{"@type":"WebPage","@id":"https:\/\/yourhappybox.ch\/produkt\/bio-mandeloel-75ml\/","url":"https:\/\/yourhappybox.ch\/produkt\/bio-mandeloel-75ml\/","name":"Bio-Man\u00addel\u00f6l 75ml \u2014 YourHappyBox","isPartOf":{"@id":"https:\/\/yourhappybox.ch\/en\/#website"},"primaryImageOfPage":{"@id":"https:\/\/yourhappybox.ch\/produkt\/bio-mandeloel-75ml\/#primaryimage"},"image":{"@id":"https:\/\/yourhappybox.ch\/produkt\/bio-mandeloel-75ml\/#primaryimage"},"thumbnailUrl":"https:\/\/yourhappybox.ch\/wp-content\/uploads\/2021\/11\/048-210102-yourhappybox-studio-session_DSF4331.jpg","datePublished":"2022-03-21T21:23:38+00:00","dateModified":"2022-07-04T09:51:35+00:00","description":"Ba\u00adby\u00adpflege be\u00adn\u00f6\u00adtigt zu\u00adn\u00e4chst nicht sehr viel. Die\u00adses hoch\u00adwer\u00adtige Bio-Man\u00addel\u00f6l ist aus\u00adrei\u00adchend als erste Ba\u00adby\u00adpflege f\u00fcr Ge\u00adsicht und K\u00f6rper.","breadcrumb":{"@id":"https:\/\/yourhappybox.ch\/produkt\/bio-mandeloel-75ml\/#breadcrumb"},"inLanguage":"fr-FR","potentialAction":[{"@type":"ReadAction","target":["https:\/\/yourhappybox.ch\/produkt\/bio-mandeloel-75ml\/"]}]},{"@type":"ImageObject","inLanguage":"fr-FR","@id":"https:\/\/yourhappybox.ch\/produkt\/bio-mandeloel-75ml\/#primaryimage","url":"https:\/\/yourhappybox.ch\/wp-content\/uploads\/2021\/11\/048-210102-yourhappybox-studio-session_DSF4331.jpg","contentUrl":"https:\/\/yourhappybox.ch\/wp-content\/uploads\/2021\/11\/048-210102-yourhappybox-studio-session_DSF4331.jpg","width":1600,"height":2000,"caption":"Bio Mandel\u00f6l als erste Babypflege"},{"@type":"BreadcrumbList","@id":"https:\/\/yourhappybox.ch\/produkt\/bio-mandeloel-75ml\/#breadcrumb","itemListElement":[{"@type":"ListItem","position":1,"name":"Startseite","item":"https:\/\/yourhappybox.ch\/"},{"@type":"ListItem","position":2,"name":"Shop","item":"https:\/\/yourhappybox.ch\/shop-essenzielle-schwangerschaftsprodukte\/"},{"@type":"ListItem","position":3,"name":"Bio-Mandel\u00f6l 75ml"}]},{"@type":"WebSite","@id":"https:\/\/yourhappybox.ch\/en\/#website","url":"https:\/\/yourhappybox.ch\/en\/","name":"Your\u00adHap\u00adpy\u00adBox","description":"Die Box, die dir Zeit w\u00e4h\u00adrend dei\u00adner Schwan\u00adger\u00adschaft schenkt","potentialAction":[{"@type":"SearchAction","target":{"@type":"EntryPoint","urlTemplate":"https:\/\/yourhappybox.ch\/en\/?s={search_term_string}"},"query-input":{"@type":"PropertyValueSpecification","valueRequired":true,"valueName":"search_term_string"}}],"inLanguage":"fr-FR"}]}},"_links":{"self":[{"href":"https:\/\/yourhappybox.ch\/fr\/wp-json\/wp\/v2\/product\/29450","targetHints":{"allow":["GET"]}}],"collection":[{"href":"https:\/\/yourhappybox.ch\/fr\/wp-json\/wp\/v2\/product"}],"about":[{"href":"https:\/\/yourhappybox.ch\/fr\/wp-json\/wp\/v2\/types\/product"}],"replies":[{"embeddable":true,"href":"https:\/\/yourhappybox.ch\/fr\/wp-json\/wp\/v2\/comments?post=29450"}],"wp:featuredmedia":[{"embeddable":true,"href":"https:\/\/yourhappybox.ch\/fr\/wp-json\/wp\/v2\/media\/29090"}],"wp:attachment":[{"href":"https:\/\/yourhappybox.ch\/fr\/wp-json\/wp\/v2\/media?parent=29450"}],"wp:term":[{"taxonomy":"product_brand","embeddable":true,"href":"https:\/\/yourhappybox.ch\/fr\/wp-json\/wp\/v2\/product_brand?post=29450"},{"taxonomy":"product_cat","embeddable":true,"href":"https:\/\/yourhappybox.ch\/fr\/wp-json\/wp\/v2\/product_cat?post=29450"},{"taxonomy":"product_tag","embeddable":true,"href":"https:\/\/yourhappybox.ch\/fr\/wp-json\/wp\/v2\/product_tag?post=29450"}],"curies":[{"name":"wp","href":"https:\/\/api.w.org\/{rel}","templated":true}]}}