{"id":29456,"date":"2022-03-22T07:55:25","date_gmt":"2022-03-22T06:55:25","guid":{"rendered":"https:\/\/yourhappybox.ch\/?post_type=product&#038;p=29456"},"modified":"2023-07-10T13:36:04","modified_gmt":"2023-07-10T11:36:04","slug":"vitamine-fuer-schwangerschaft-und-stillzeit","status":"publish","type":"product","link":"https:\/\/yourhappybox.ch\/fr\/produkt\/vitamine-fuer-schwangerschaft-und-stillzeit\/","title":{"rendered":"Bur\u00adger\u00adstein \u2014 Gross\u00adesse et allaitement"},"content":{"rendered":"<p>Re\u00adcom\u00adman\u00adda\u00adtion de con\u00adsom\u00adma\u00adtion : prendre 2 com\u00adpri\u00adm\u00e9s avec un peu de liquide.<\/p>","protected":false},"excerpt":{"rendered":"<p>Pen\u00addant et apr\u00e8s la gross\u00adesse, les be\u00adso\u00adins en vit\u00adami\u00adnes, mi\u00adn\u00e9\u00adraux et oligo-\u00e9l\u00e9\u00adments sont ac\u00adcrus. Les vit\u00adami\u00adnes Bur\u00adger\u00adstein ont \u00e9t\u00e9 sp\u00e9\u00adcia\u00adle\u00adment con\u00ad\u00e7ues pour cou\u00advrir les be\u00adso\u00adins ac\u00adcrus de la m\u00e8re et pour fa\u00advo\u00adri\u00adser la crois\u00adsance et le d\u00e9\u00adve\u00adlo\u00adp\u00adpe\u00adment de l\u2019en\u00adfant. Il est tou\u00adjours re\u00adcom\u00admand\u00e9 de con\u00adsul\u00adter son m\u00e9\u00adde\u00adcin et\/ou sa sage-femme pour la prise de vitamines.<\/p>","protected":false},"featured_media":28968,"comment_status":"open","ping_status":"closed","template":"","meta":{"wp_typography_post_enhancements_disabled":false},"product_brand":[],"product_cat":[48],"product_tag":[],"class_list":{"0":"post-29456","1":"product","2":"type-product","3":"status-publish","4":"has-post-thumbnail","6":"product_cat-sonstiges-refill","8":"first","9":"instock","10":"taxable","11":"shipping-taxable","12":"purchasable","13":"product-type-simple"},"yoast_head":"<!-- This site is optimized with the Yoast SEO plugin v27.3 - https:\/\/yoast.com\/product\/yoast-seo-wordpress\/ -->\n<title>Burgerstein - Schwangerschaft &amp; Stillzeit - YourHappyBox<\/title>\n<meta name=\"description\" content=\"Diese Vitamine decken den erh\u00f6hten Vitamin &amp; Mineralstoffbedarf in der Schwangerschaft und Stillzeit ausreichend ab.\" \/>\n<meta name=\"robots\" content=\"index, follow, max-snippet:-1, max-image-preview:large, max-video-preview:-1\" \/>\n<link rel=\"canonical\" href=\"https:\/\/yourhappybox.ch\/fr\/produit-2\/vitamine-fuer-schwangerschaft-und-stillzeit\/\" \/>\n<meta property=\"og:locale\" content=\"fr_FR\" \/>\n<meta property=\"og:type\" content=\"article\" \/>\n<meta property=\"og:title\" content=\"Burgerstein - Schwangerschaft &amp; Stillzeit - YourHappyBox\" \/>\n<meta property=\"og:description\" content=\"Diese Vitamine decken den erh\u00f6hten Vitamin &amp; Mineralstoffbedarf in der Schwangerschaft und Stillzeit ausreichend ab.\" \/>\n<meta property=\"og:url\" content=\"https:\/\/yourhappybox.ch\/fr\/produit-2\/vitamine-fuer-schwangerschaft-und-stillzeit\/\" \/>\n<meta property=\"og:site_name\" content=\"YourHappyBox\" \/>\n<meta property=\"article:modified_time\" content=\"2023-07-10T11:36:04+00:00\" \/>\n<meta property=\"og:image\" content=\"https:\/\/yourhappybox.ch\/wp-content\/uploads\/2021\/02\/053-210102-yourhappybox-studio-session_DSF4336.jpg\" \/>\n\t<meta property=\"og:image:width\" content=\"1600\" \/>\n\t<meta property=\"og:image:height\" content=\"2000\" \/>\n\t<meta property=\"og:image:type\" content=\"image\/jpeg\" \/>\n<meta name=\"twitter:card\" content=\"summary_large_image\" \/>\n<meta name=\"twitter:label1\" content=\"Dur\u00e9e de lecture estim\u00e9e\" \/>\n\t<meta name=\"twitter:data1\" content=\"1 minute\" \/>\n<script type=\"application\/ld+json\" class=\"yoast-schema-graph\">{\"@context\":\"https:\\\/\\\/schema.org\",\"@graph\":[{\"@type\":\"WebPage\",\"@id\":\"https:\\\/\\\/yourhappybox.ch\\\/produkt\\\/vitamine-fuer-schwangerschaft-und-stillzeit\\\/\",\"url\":\"https:\\\/\\\/yourhappybox.ch\\\/produkt\\\/vitamine-fuer-schwangerschaft-und-stillzeit\\\/\",\"name\":\"Burgerstein - Schwangerschaft & Stillzeit - YourHappyBox\",\"isPartOf\":{\"@id\":\"https:\\\/\\\/yourhappybox.ch\\\/en\\\/#website\"},\"primaryImageOfPage\":{\"@id\":\"https:\\\/\\\/yourhappybox.ch\\\/produkt\\\/vitamine-fuer-schwangerschaft-und-stillzeit\\\/#primaryimage\"},\"image\":{\"@id\":\"https:\\\/\\\/yourhappybox.ch\\\/produkt\\\/vitamine-fuer-schwangerschaft-und-stillzeit\\\/#primaryimage\"},\"thumbnailUrl\":\"https:\\\/\\\/yourhappybox.ch\\\/wp-content\\\/uploads\\\/2021\\\/02\\\/053-210102-yourhappybox-studio-session_DSF4336.jpg\",\"datePublished\":\"2022-03-22T06:55:25+00:00\",\"dateModified\":\"2023-07-10T11:36:04+00:00\",\"description\":\"Diese Vitamine decken den erh\u00f6hten Vitamin & Mineralstoffbedarf in der Schwangerschaft und Stillzeit ausreichend ab.\",\"breadcrumb\":{\"@id\":\"https:\\\/\\\/yourhappybox.ch\\\/produkt\\\/vitamine-fuer-schwangerschaft-und-stillzeit\\\/#breadcrumb\"},\"inLanguage\":\"fr-FR\",\"potentialAction\":[{\"@type\":\"ReadAction\",\"target\":[\"https:\\\/\\\/yourhappybox.ch\\\/produkt\\\/vitamine-fuer-schwangerschaft-und-stillzeit\\\/\"]}]},{\"@type\":\"ImageObject\",\"inLanguage\":\"fr-FR\",\"@id\":\"https:\\\/\\\/yourhappybox.ch\\\/produkt\\\/vitamine-fuer-schwangerschaft-und-stillzeit\\\/#primaryimage\",\"url\":\"https:\\\/\\\/yourhappybox.ch\\\/wp-content\\\/uploads\\\/2021\\\/02\\\/053-210102-yourhappybox-studio-session_DSF4336.jpg\",\"contentUrl\":\"https:\\\/\\\/yourhappybox.ch\\\/wp-content\\\/uploads\\\/2021\\\/02\\\/053-210102-yourhappybox-studio-session_DSF4336.jpg\",\"width\":1600,\"height\":2000,\"caption\":\"studio-session_DSF4336\"},{\"@type\":\"BreadcrumbList\",\"@id\":\"https:\\\/\\\/yourhappybox.ch\\\/produkt\\\/vitamine-fuer-schwangerschaft-und-stillzeit\\\/#breadcrumb\",\"itemListElement\":[{\"@type\":\"ListItem\",\"position\":1,\"name\":\"Startseite\",\"item\":\"https:\\\/\\\/yourhappybox.ch\\\/\"},{\"@type\":\"ListItem\",\"position\":2,\"name\":\"Shop\",\"item\":\"https:\\\/\\\/yourhappybox.ch\\\/shop-essenzielle-schwangerschaftsprodukte\\\/\"},{\"@type\":\"ListItem\",\"position\":3,\"name\":\"Burgerstein \u2014 Schwangerschaft &amp; Stillzeit\"}]},{\"@type\":\"WebSite\",\"@id\":\"https:\\\/\\\/yourhappybox.ch\\\/en\\\/#website\",\"url\":\"https:\\\/\\\/yourhappybox.ch\\\/en\\\/\",\"name\":\"YourHappyBox\",\"description\":\"Die Box, die dir Zeit w\u00e4hrend deiner Schwangerschaft schenkt\",\"potentialAction\":[{\"@type\":\"SearchAction\",\"target\":{\"@type\":\"EntryPoint\",\"urlTemplate\":\"https:\\\/\\\/yourhappybox.ch\\\/en\\\/?s={search_term_string}\"},\"query-input\":{\"@type\":\"PropertyValueSpecification\",\"valueRequired\":true,\"valueName\":\"search_term_string\"}}],\"inLanguage\":\"fr-FR\"}]}<\/script>\n<!-- \/ Yoast SEO plugin. -->","yoast_head_json":{"title":"Bur\u00adger\u00adstein \u2014 Schwan\u00adger\u00adschaft &amp; Still\u00adzeit \u2014 YourHappyBox","description":"Diese Vit\u00adamine de\u00adcken den er\u00adh\u00f6h\u00adten Vit\u00adamin &amp; Mi\u00adne\u00adral\u00adstoff\u00adbe\u00addarf in der Schwan\u00adger\u00adschaft und Still\u00adzeit aus\u00adrei\u00adchend&nbsp;ab.","robots":{"index":"index","follow":"follow","max-snippet":"max-snippet:-1","max-image-preview":"max-image-preview:large","max-video-preview":"max-video-preview:-1"},"canonical":"https:\/\/yourhappybox.ch\/fr\/produit-2\/vitamine-fuer-schwangerschaft-und-stillzeit\/","og_locale":"fr_FR","og_type":"article","og_title":"Burgerstein - Schwangerschaft & Stillzeit - YourHappyBox","og_description":"Diese Vitamine decken den erh\u00f6hten Vitamin & Mineralstoffbedarf in der Schwangerschaft und Stillzeit ausreichend ab.","og_url":"https:\/\/yourhappybox.ch\/fr\/produit-2\/vitamine-fuer-schwangerschaft-und-stillzeit\/","og_site_name":"YourHappyBox","article_modified_time":"2023-07-10T11:36:04+00:00","og_image":[{"width":1600,"height":2000,"url":"https:\/\/yourhappybox.ch\/wp-content\/uploads\/2021\/02\/053-210102-yourhappybox-studio-session_DSF4336.jpg","type":"image\/jpeg"}],"twitter_card":"summary_large_image","twitter_misc":{"Dur\u00e9e de lecture estim\u00e9e":"1 minute"},"schema":{"@context":"https:\/\/schema.org","@graph":[{"@type":"WebPage","@id":"https:\/\/yourhappybox.ch\/produkt\/vitamine-fuer-schwangerschaft-und-stillzeit\/","url":"https:\/\/yourhappybox.ch\/produkt\/vitamine-fuer-schwangerschaft-und-stillzeit\/","name":"Bur\u00adger\u00adstein \u2014 Schwan\u00adger\u00adschaft &amp; Still\u00adzeit \u2014 YourHappyBox","isPartOf":{"@id":"https:\/\/yourhappybox.ch\/en\/#website"},"primaryImageOfPage":{"@id":"https:\/\/yourhappybox.ch\/produkt\/vitamine-fuer-schwangerschaft-und-stillzeit\/#primaryimage"},"image":{"@id":"https:\/\/yourhappybox.ch\/produkt\/vitamine-fuer-schwangerschaft-und-stillzeit\/#primaryimage"},"thumbnailUrl":"https:\/\/yourhappybox.ch\/wp-content\/uploads\/2021\/02\/053-210102-yourhappybox-studio-session_DSF4336.jpg","datePublished":"2022-03-22T06:55:25+00:00","dateModified":"2023-07-10T11:36:04+00:00","description":"Diese Vit\u00adamine de\u00adcken den er\u00adh\u00f6h\u00adten Vit\u00adamin &amp; Mi\u00adne\u00adral\u00adstoff\u00adbe\u00addarf in der Schwan\u00adger\u00adschaft und Still\u00adzeit aus\u00adrei\u00adchend&nbsp;ab.","breadcrumb":{"@id":"https:\/\/yourhappybox.ch\/produkt\/vitamine-fuer-schwangerschaft-und-stillzeit\/#breadcrumb"},"inLanguage":"fr-FR","potentialAction":[{"@type":"ReadAction","target":["https:\/\/yourhappybox.ch\/produkt\/vitamine-fuer-schwangerschaft-und-stillzeit\/"]}]},{"@type":"ImageObject","inLanguage":"fr-FR","@id":"https:\/\/yourhappybox.ch\/produkt\/vitamine-fuer-schwangerschaft-und-stillzeit\/#primaryimage","url":"https:\/\/yourhappybox.ch\/wp-content\/uploads\/2021\/02\/053-210102-yourhappybox-studio-session_DSF4336.jpg","contentUrl":"https:\/\/yourhappybox.ch\/wp-content\/uploads\/2021\/02\/053-210102-yourhappybox-studio-session_DSF4336.jpg","width":1600,"height":2000,"caption":"studio-session_DSF4336"},{"@type":"BreadcrumbList","@id":"https:\/\/yourhappybox.ch\/produkt\/vitamine-fuer-schwangerschaft-und-stillzeit\/#breadcrumb","itemListElement":[{"@type":"ListItem","position":1,"name":"Startseite","item":"https:\/\/yourhappybox.ch\/"},{"@type":"ListItem","position":2,"name":"Shop","item":"https:\/\/yourhappybox.ch\/shop-essenzielle-schwangerschaftsprodukte\/"},{"@type":"ListItem","position":3,"name":"Burgerstein \u2014 Schwangerschaft &amp; Stillzeit"}]},{"@type":"WebSite","@id":"https:\/\/yourhappybox.ch\/en\/#website","url":"https:\/\/yourhappybox.ch\/en\/","name":"Your\u00adHap\u00adpy\u00adBox","description":"Die Box, die dir Zeit w\u00e4h\u00adrend dei\u00adner Schwan\u00adger\u00adschaft schenkt","potentialAction":[{"@type":"SearchAction","target":{"@type":"EntryPoint","urlTemplate":"https:\/\/yourhappybox.ch\/en\/?s={search_term_string}"},"query-input":{"@type":"PropertyValueSpecification","valueRequired":true,"valueName":"search_term_string"}}],"inLanguage":"fr-FR"}]}},"_links":{"self":[{"href":"https:\/\/yourhappybox.ch\/fr\/wp-json\/wp\/v2\/product\/29456","targetHints":{"allow":["GET"]}}],"collection":[{"href":"https:\/\/yourhappybox.ch\/fr\/wp-json\/wp\/v2\/product"}],"about":[{"href":"https:\/\/yourhappybox.ch\/fr\/wp-json\/wp\/v2\/types\/product"}],"replies":[{"embeddable":true,"href":"https:\/\/yourhappybox.ch\/fr\/wp-json\/wp\/v2\/comments?post=29456"}],"wp:featuredmedia":[{"embeddable":true,"href":"https:\/\/yourhappybox.ch\/fr\/wp-json\/wp\/v2\/media\/28968"}],"wp:attachment":[{"href":"https:\/\/yourhappybox.ch\/fr\/wp-json\/wp\/v2\/media?parent=29456"}],"wp:term":[{"taxonomy":"product_brand","embeddable":true,"href":"https:\/\/yourhappybox.ch\/fr\/wp-json\/wp\/v2\/product_brand?post=29456"},{"taxonomy":"product_cat","embeddable":true,"href":"https:\/\/yourhappybox.ch\/fr\/wp-json\/wp\/v2\/product_cat?post=29456"},{"taxonomy":"product_tag","embeddable":true,"href":"https:\/\/yourhappybox.ch\/fr\/wp-json\/wp\/v2\/product_tag?post=29456"}],"curies":[{"name":"wp","href":"https:\/\/api.w.org\/{rel}","templated":true}]}}