{"id":29457,"date":"2022-03-22T08:06:20","date_gmt":"2022-03-22T07:06:20","guid":{"rendered":"https:\/\/yourhappybox.ch\/?post_type=product&#038;p=29457"},"modified":"2022-03-22T08:13:41","modified_gmt":"2022-03-22T07:13:41","slug":"burgerstein-omega-3","status":"publish","type":"product","link":"https:\/\/yourhappybox.ch\/fr\/produkt\/burgerstein-omega-3\/","title":{"rendered":"Bur\u00adger\u00adstein \u2013 Omega\u20113 DHA"},"content":{"rendered":"<p>Re\u00adcom\u00adman\u00adda\u00adtion de con\u00adsom\u00adma\u00adtion : prendre 2 com\u00adpri\u00adm\u00e9s avec un peu de li\u00adquide pen\u00addant le&nbsp;repas.<\/p>","protected":false},"excerpt":{"rendered":"<p>Un ap\u00adport suf\u00adfi\u00adsant en om\u00e9ga\u20113 DHA con\u00adtri\u00adbue au main\u00adtien d\u2019une fon\u00adc\u00adtion c\u00e9\u00adr\u00e9\u00adbrale et d\u2019une vi\u00adsion nor\u00adma\u00adles chez les adul\u00adtes. La m\u00e8re fa\u00advo\u00adrise ainsi le d\u00e9\u00adve\u00adlo\u00adp\u00adpe\u00adment de la vi\u00adsion chez le f\u0153\u00adtus et le nour\u00adris\u00adson al\u00adlait\u00e9. Ce pro\u00adduit con\u00adti\u00adent des aci\u00addes gras om\u00e9ga\u20113 haute\u00adment con\u00adcen\u00adtr\u00e9s qui sont ob\u00adte\u00adnus \u00e0 par\u00adtir d\u2019huile de pois\u00adson pure. Les g\u00e9\u00adlules sont bien to\u00adl\u00e9\u00adr\u00e9s et peu\u00advent \u00eatre pris \u00e0 long&nbsp;terme.<\/p>","protected":false},"featured_media":28967,"comment_status":"open","ping_status":"closed","template":"","meta":{"wp_typography_post_enhancements_disabled":false},"product_brand":[],"product_cat":[48],"product_tag":[],"class_list":{"0":"post-29457","1":"product","2":"type-product","3":"status-publish","4":"has-post-thumbnail","6":"product_cat-sonstiges-refill","8":"first","9":"instock","10":"taxable","11":"shipping-taxable","12":"purchasable","13":"product-type-simple"},"yoast_head":"<!-- This site is optimized with the Yoast SEO plugin v27.3 - https:\/\/yoast.com\/product\/yoast-seo-wordpress\/ -->\n<title>Burgerstein - Omega-3 DHA - YourHappyBox<\/title>\n<meta name=\"description\" content=\"Diese Nahrungserg\u00e4nzungsmittel mit Omega-3 unterst\u00fctzen die Entwicklung der Augen beim F\u00f6tus und beim gestillten S\u00e4ugling.\" \/>\n<meta name=\"robots\" content=\"index, follow, max-snippet:-1, max-image-preview:large, max-video-preview:-1\" \/>\n<link rel=\"canonical\" href=\"https:\/\/yourhappybox.ch\/fr\/produit-2\/burgerstein-omega-3\/\" \/>\n<meta property=\"og:locale\" content=\"fr_FR\" \/>\n<meta property=\"og:type\" content=\"article\" \/>\n<meta property=\"og:title\" content=\"Burgerstein - Omega-3 DHA - YourHappyBox\" \/>\n<meta property=\"og:description\" content=\"Diese Nahrungserg\u00e4nzungsmittel mit Omega-3 unterst\u00fctzen die Entwicklung der Augen beim F\u00f6tus und beim gestillten S\u00e4ugling.\" \/>\n<meta property=\"og:url\" content=\"https:\/\/yourhappybox.ch\/fr\/produit-2\/burgerstein-omega-3\/\" \/>\n<meta property=\"og:site_name\" content=\"YourHappyBox\" \/>\n<meta property=\"article:modified_time\" content=\"2022-03-22T07:13:41+00:00\" \/>\n<meta property=\"og:image\" content=\"https:\/\/yourhappybox.ch\/wp-content\/uploads\/2021\/02\/050-210102-yourhappybox-studio-session_DSF4333-1.jpg\" \/>\n\t<meta property=\"og:image:width\" content=\"1600\" \/>\n\t<meta property=\"og:image:height\" content=\"2000\" \/>\n\t<meta property=\"og:image:type\" content=\"image\/jpeg\" \/>\n<meta name=\"twitter:card\" content=\"summary_large_image\" \/>\n<meta name=\"twitter:label1\" content=\"Dur\u00e9e de lecture estim\u00e9e\" \/>\n\t<meta name=\"twitter:data1\" content=\"1 minute\" \/>\n<script type=\"application\/ld+json\" class=\"yoast-schema-graph\">{\"@context\":\"https:\\\/\\\/schema.org\",\"@graph\":[{\"@type\":\"WebPage\",\"@id\":\"https:\\\/\\\/yourhappybox.ch\\\/produkt\\\/burgerstein-omega-3\\\/\",\"url\":\"https:\\\/\\\/yourhappybox.ch\\\/produkt\\\/burgerstein-omega-3\\\/\",\"name\":\"Burgerstein - Omega-3 DHA - YourHappyBox\",\"isPartOf\":{\"@id\":\"https:\\\/\\\/yourhappybox.ch\\\/en\\\/#website\"},\"primaryImageOfPage\":{\"@id\":\"https:\\\/\\\/yourhappybox.ch\\\/produkt\\\/burgerstein-omega-3\\\/#primaryimage\"},\"image\":{\"@id\":\"https:\\\/\\\/yourhappybox.ch\\\/produkt\\\/burgerstein-omega-3\\\/#primaryimage\"},\"thumbnailUrl\":\"https:\\\/\\\/yourhappybox.ch\\\/wp-content\\\/uploads\\\/2021\\\/02\\\/050-210102-yourhappybox-studio-session_DSF4333-1.jpg\",\"datePublished\":\"2022-03-22T07:06:20+00:00\",\"dateModified\":\"2022-03-22T07:13:41+00:00\",\"description\":\"Diese Nahrungserg\u00e4nzungsmittel mit Omega-3 unterst\u00fctzen die Entwicklung der Augen beim F\u00f6tus und beim gestillten S\u00e4ugling.\",\"breadcrumb\":{\"@id\":\"https:\\\/\\\/yourhappybox.ch\\\/produkt\\\/burgerstein-omega-3\\\/#breadcrumb\"},\"inLanguage\":\"fr-FR\",\"potentialAction\":[{\"@type\":\"ReadAction\",\"target\":[\"https:\\\/\\\/yourhappybox.ch\\\/produkt\\\/burgerstein-omega-3\\\/\"]}]},{\"@type\":\"ImageObject\",\"inLanguage\":\"fr-FR\",\"@id\":\"https:\\\/\\\/yourhappybox.ch\\\/produkt\\\/burgerstein-omega-3\\\/#primaryimage\",\"url\":\"https:\\\/\\\/yourhappybox.ch\\\/wp-content\\\/uploads\\\/2021\\\/02\\\/050-210102-yourhappybox-studio-session_DSF4333-1.jpg\",\"contentUrl\":\"https:\\\/\\\/yourhappybox.ch\\\/wp-content\\\/uploads\\\/2021\\\/02\\\/050-210102-yourhappybox-studio-session_DSF4333-1.jpg\",\"width\":1600,\"height\":2000,\"caption\":\"Omega 3\"},{\"@type\":\"BreadcrumbList\",\"@id\":\"https:\\\/\\\/yourhappybox.ch\\\/produkt\\\/burgerstein-omega-3\\\/#breadcrumb\",\"itemListElement\":[{\"@type\":\"ListItem\",\"position\":1,\"name\":\"Startseite\",\"item\":\"https:\\\/\\\/yourhappybox.ch\\\/\"},{\"@type\":\"ListItem\",\"position\":2,\"name\":\"Shop\",\"item\":\"https:\\\/\\\/yourhappybox.ch\\\/shop-essenzielle-schwangerschaftsprodukte\\\/\"},{\"@type\":\"ListItem\",\"position\":3,\"name\":\"Burgerstein \u2014 Omega\u20113 DHA\"}]},{\"@type\":\"WebSite\",\"@id\":\"https:\\\/\\\/yourhappybox.ch\\\/en\\\/#website\",\"url\":\"https:\\\/\\\/yourhappybox.ch\\\/en\\\/\",\"name\":\"YourHappyBox\",\"description\":\"Die Box, die dir Zeit w\u00e4hrend deiner Schwangerschaft schenkt\",\"potentialAction\":[{\"@type\":\"SearchAction\",\"target\":{\"@type\":\"EntryPoint\",\"urlTemplate\":\"https:\\\/\\\/yourhappybox.ch\\\/en\\\/?s={search_term_string}\"},\"query-input\":{\"@type\":\"PropertyValueSpecification\",\"valueRequired\":true,\"valueName\":\"search_term_string\"}}],\"inLanguage\":\"fr-FR\"}]}<\/script>\n<!-- \/ Yoast SEO plugin. -->","yoast_head_json":{"title":"Bur\u00adger\u00adstein \u2014 Omega\u20113 DHA \u2014 YourHappyBox","description":"Diese Nah\u00adrungs\u00ader\u00adg\u00e4n\u00adzungs\u00admit\u00adtel mit Omega\u20113 un\u00adter\u00adst\u00fct\u00adzen die Ent\u00adwick\u00adlung der Au\u00adgen beim F\u00f6\u00adtus und beim ge\u00adstill\u00adten S\u00e4ugling.","robots":{"index":"index","follow":"follow","max-snippet":"max-snippet:-1","max-image-preview":"max-image-preview:large","max-video-preview":"max-video-preview:-1"},"canonical":"https:\/\/yourhappybox.ch\/fr\/produit-2\/burgerstein-omega-3\/","og_locale":"fr_FR","og_type":"article","og_title":"Burgerstein - Omega-3 DHA - YourHappyBox","og_description":"Diese Nahrungserg\u00e4nzungsmittel mit Omega-3 unterst\u00fctzen die Entwicklung der Augen beim F\u00f6tus und beim gestillten S\u00e4ugling.","og_url":"https:\/\/yourhappybox.ch\/fr\/produit-2\/burgerstein-omega-3\/","og_site_name":"YourHappyBox","article_modified_time":"2022-03-22T07:13:41+00:00","og_image":[{"width":1600,"height":2000,"url":"https:\/\/yourhappybox.ch\/wp-content\/uploads\/2021\/02\/050-210102-yourhappybox-studio-session_DSF4333-1.jpg","type":"image\/jpeg"}],"twitter_card":"summary_large_image","twitter_misc":{"Dur\u00e9e de lecture estim\u00e9e":"1 minute"},"schema":{"@context":"https:\/\/schema.org","@graph":[{"@type":"WebPage","@id":"https:\/\/yourhappybox.ch\/produkt\/burgerstein-omega-3\/","url":"https:\/\/yourhappybox.ch\/produkt\/burgerstein-omega-3\/","name":"Bur\u00adger\u00adstein \u2014 Omega\u20113 DHA \u2014 YourHappyBox","isPartOf":{"@id":"https:\/\/yourhappybox.ch\/en\/#website"},"primaryImageOfPage":{"@id":"https:\/\/yourhappybox.ch\/produkt\/burgerstein-omega-3\/#primaryimage"},"image":{"@id":"https:\/\/yourhappybox.ch\/produkt\/burgerstein-omega-3\/#primaryimage"},"thumbnailUrl":"https:\/\/yourhappybox.ch\/wp-content\/uploads\/2021\/02\/050-210102-yourhappybox-studio-session_DSF4333-1.jpg","datePublished":"2022-03-22T07:06:20+00:00","dateModified":"2022-03-22T07:13:41+00:00","description":"Diese Nah\u00adrungs\u00ader\u00adg\u00e4n\u00adzungs\u00admit\u00adtel mit Omega\u20113 un\u00adter\u00adst\u00fct\u00adzen die Ent\u00adwick\u00adlung der Au\u00adgen beim F\u00f6\u00adtus und beim ge\u00adstill\u00adten S\u00e4ugling.","breadcrumb":{"@id":"https:\/\/yourhappybox.ch\/produkt\/burgerstein-omega-3\/#breadcrumb"},"inLanguage":"fr-FR","potentialAction":[{"@type":"ReadAction","target":["https:\/\/yourhappybox.ch\/produkt\/burgerstein-omega-3\/"]}]},{"@type":"ImageObject","inLanguage":"fr-FR","@id":"https:\/\/yourhappybox.ch\/produkt\/burgerstein-omega-3\/#primaryimage","url":"https:\/\/yourhappybox.ch\/wp-content\/uploads\/2021\/02\/050-210102-yourhappybox-studio-session_DSF4333-1.jpg","contentUrl":"https:\/\/yourhappybox.ch\/wp-content\/uploads\/2021\/02\/050-210102-yourhappybox-studio-session_DSF4333-1.jpg","width":1600,"height":2000,"caption":"Omega 3"},{"@type":"BreadcrumbList","@id":"https:\/\/yourhappybox.ch\/produkt\/burgerstein-omega-3\/#breadcrumb","itemListElement":[{"@type":"ListItem","position":1,"name":"Startseite","item":"https:\/\/yourhappybox.ch\/"},{"@type":"ListItem","position":2,"name":"Shop","item":"https:\/\/yourhappybox.ch\/shop-essenzielle-schwangerschaftsprodukte\/"},{"@type":"ListItem","position":3,"name":"Burgerstein \u2014 Omega\u20113 DHA"}]},{"@type":"WebSite","@id":"https:\/\/yourhappybox.ch\/en\/#website","url":"https:\/\/yourhappybox.ch\/en\/","name":"Your\u00adHap\u00adpy\u00adBox","description":"Die Box, die dir Zeit w\u00e4h\u00adrend dei\u00adner Schwan\u00adger\u00adschaft schenkt","potentialAction":[{"@type":"SearchAction","target":{"@type":"EntryPoint","urlTemplate":"https:\/\/yourhappybox.ch\/en\/?s={search_term_string}"},"query-input":{"@type":"PropertyValueSpecification","valueRequired":true,"valueName":"search_term_string"}}],"inLanguage":"fr-FR"}]}},"_links":{"self":[{"href":"https:\/\/yourhappybox.ch\/fr\/wp-json\/wp\/v2\/product\/29457","targetHints":{"allow":["GET"]}}],"collection":[{"href":"https:\/\/yourhappybox.ch\/fr\/wp-json\/wp\/v2\/product"}],"about":[{"href":"https:\/\/yourhappybox.ch\/fr\/wp-json\/wp\/v2\/types\/product"}],"replies":[{"embeddable":true,"href":"https:\/\/yourhappybox.ch\/fr\/wp-json\/wp\/v2\/comments?post=29457"}],"wp:featuredmedia":[{"embeddable":true,"href":"https:\/\/yourhappybox.ch\/fr\/wp-json\/wp\/v2\/media\/28967"}],"wp:attachment":[{"href":"https:\/\/yourhappybox.ch\/fr\/wp-json\/wp\/v2\/media?parent=29457"}],"wp:term":[{"taxonomy":"product_brand","embeddable":true,"href":"https:\/\/yourhappybox.ch\/fr\/wp-json\/wp\/v2\/product_brand?post=29457"},{"taxonomy":"product_cat","embeddable":true,"href":"https:\/\/yourhappybox.ch\/fr\/wp-json\/wp\/v2\/product_cat?post=29457"},{"taxonomy":"product_tag","embeddable":true,"href":"https:\/\/yourhappybox.ch\/fr\/wp-json\/wp\/v2\/product_tag?post=29457"}],"curies":[{"name":"wp","href":"https:\/\/api.w.org\/{rel}","templated":true}]}}