{"id":29708,"date":"2022-06-16T09:29:58","date_gmt":"2022-06-16T07:29:58","guid":{"rendered":"https:\/\/yourhappybox.ch\/?post_type=product&#038;p=29708"},"modified":"2023-01-15T23:59:33","modified_gmt":"2023-01-15T22:59:33","slug":"die-portable-intimdusche-fuers-wochenbett","status":"publish","type":"product","link":"https:\/\/yourhappybox.ch\/fr\/produkt\/die-portable-intimdusche-fuers-wochenbett\/","title":{"rendered":"Dou\u00adche intime"},"content":{"rendered":"<p>L\u2019\u00adac\u00adcouch\u00ade\u00adment de leur pro\u00adpre femme a \u00e9t\u00e9, entre au\u00adt\u00adres, une rai\u00adson pour les fon\u00adda\u00adteurs de Bi\u00addet\u00adlity d\u2019in\u00adven\u00adter une dou\u00adche in\u00adtime por\u00adta\u00adble. Ils vou\u00adlai\u00adent une dou\u00adche in\u00adtime fon\u00adc\u00adtion\u00adnelle et por\u00adta\u00adble qui soit \u00e0 la fois belle et dura\u00adble. C\u2019est assu\u00adr\u00e9\u00adment r\u00e9\u00adussi. Avec sa dou\u00adche in\u00adtime por\u00adta\u00adble, la start-up ber\u00adli\u00adnoise a cr\u00e9\u00e9 une v\u00e9\u00adri\u00adta\u00adble valeur ajou\u00adt\u00e9e, sur\u00adtout pour la p\u00e9\u00adri\u00adode post-par\u00adtum. Jus\u00adqu\u2019\u00e0 pr\u00e9\u00adsent, on rap\u00adporte au mieux une bou\u00adteille en plas\u00adtique de la cli\u00adni\u00adque. Celle-ci est cer\u00adtai\u00adne\u00adment ban\u00adnie de la salle de bain apr\u00e8s le post-par\u00adtum. Le Bi\u00addet\u00adlity, quant \u00e0 lui, est fa\u00adbri\u00adqu\u00e9 de ma\u00adni\u00e8re neu\u00adtre en CO2, est es\u00adth\u00e9\u00adtique et a sa pro\u00adpre place gr\u00e2ce \u00e0 son sup\u00adport&nbsp;mural.<\/p>\n<p>Ce qui nous a par\u00adti\u00adcu\u00adli\u00e8\u00adre\u00adment r\u00e9\u00adjouis, c\u2019est que pour chaque Bi\u00addet\u00adlity achet\u00e9, cinq nou\u00adveaux ar\u00adbres sont plan\u00adt\u00e9s. Pour plus d\u2019in\u00adfor\u00adma\u00adti\u00adons sur Bi\u00addet\u00adlity, voir <a href=\"https:\/\/bidetlity.de\/\" target=\"_blank\" rel=\"noopener\">ici<\/a>.<\/p>\n<p>Cli\u00adquez ici pour la <a href=\"https:\/\/yourhappybox.ch\/fr\/produit-2\/happybox3-endspurt\/\">HappyBox#3 \u2013  Sprint fi\u00adnal<\/a> qui con\u00adti\u00adent un bidetlity.<\/p>","protected":false},"excerpt":{"rendered":"<p>La dou\u00adche in\u00adtime por\u00adta\u00adble pour le post-par\u00adtum \u2014 hy\u00adgi\u00e9\u00adni\u00adque, dura\u00adble et esth\u00e9tique.<\/p>\n<p>Nous avons nou\u00advel\u00adle\u00adment ajout\u00e9 la start-up ber\u00adli\u00adnoise dans notre bou\u00adtique. La dou\u00adche in\u00adtime por\u00adta\u00adble pour le post-par\u00adtum est dura\u00adble, pra\u00adtique et belle. Nous trou\u00advons que c\u2019est su\u00adper de l\u2019\u00aduti\u00adli\u00adser d\u00e8s les der\u00adni\u00e8\u00adres se\u00admaines de la gross\u00adesse, car le ventre est de toute fa\u00ad\u00e7on un obs\u00adta\u00adcle \u00e0 par\u00adtir de main\u00adten\u00adant. Mais c\u2019est sur\u00adtout un ou\u00adtil qui sou\u00adlage \u00e9nor\u00adm\u00e9\u00adment pen\u00addant le post-partum.<\/p>\n<p>Comme nous la trou\u00advons si belle et qu\u2019elle peut en\u00adcore \u00eatre utile apr\u00e8s le post-par\u00adtum, nous avons d\u00e9\u00adcid\u00e9 de la li\u00adv\u00adrer avec un sup\u00adport mu\u00adral. Ainsi, vous pou\u00advez sim\u00adple\u00adment l\u2019\u00adac\u00adcro\u00adcher dans la salle de bain et l\u2019\u00aduti\u00adli\u00adser par ex\u00ademple pen\u00addant les r\u00e8\u00adgles ou sim\u00adple\u00adment pour le \u201cbien-\u00eatre\u201d quotidien.<\/p>\n<p>De ma\u00adni\u00e8re stan\u00addard, nous avons la dou\u00adche in\u00adtime dans la <a href=\"https:\/\/yourhappybox.ch\/fr\/produit-2\/happybox3-endspurt\/\">Hap\u00adpy\u00adBox #3 \u2013 End\u00adspurt<\/a> Mais celle-ci peut aussi \u00eatre com\u00adman\u00add\u00e9e avec les au\u00adt\u00adres Hap\u00adpy\u00adBox. Il suf\u00adfit de l\u2019a\u00adjou\u00adter s\u00e9\u00adpa\u00adr\u00e9\u00adment dans le pa\u00adnier et nous nous assur\u00adons que vous re\u00adce\u00advez une dou\u00adche in\u00adtime por\u00adta\u00adble avec sup\u00adport&nbsp;mural.<\/p>\n<p>&nbsp;<\/p>\n<p>&nbsp;<\/p>","protected":false},"featured_media":29806,"comment_status":"open","ping_status":"closed","template":"","meta":{"wp_typography_post_enhancements_disabled":false},"product_brand":[],"product_cat":[76],"product_tag":[74,75,72,73],"class_list":{"0":"post-29708","1":"product","2":"type-product","3":"status-publish","4":"has-post-thumbnail","6":"product_cat-weitere-produkte","7":"product_tag-intimdusche","8":"product_tag-menstruation","9":"product_tag-portable-podusche","10":"product_tag-wochenbett","12":"first","13":"instock","14":"taxable","15":"shipping-taxable","16":"purchasable","17":"product-type-simple"},"yoast_head":"<!-- This site is optimized with the Yoast SEO plugin v27.3 - https:\/\/yoast.com\/product\/yoast-seo-wordpress\/ -->\n<title>Die portable Intimdusche f\u00fcrs Wochenbett<\/title>\n<meta name=\"description\" content=\"Die portable Intimdusche f\u00fcrs Wochenbett. Das Bidet ist \u00e4sthetisch neu erfunden. Es ist hygienisch, nachhaltig und CO2 neutral.\" \/>\n<meta name=\"robots\" content=\"index, follow, max-snippet:-1, max-image-preview:large, max-video-preview:-1\" \/>\n<link rel=\"canonical\" href=\"https:\/\/yourhappybox.ch\/fr\/produit-2\/die-portable-intimdusche-fuers-wochenbett\/\" \/>\n<meta property=\"og:locale\" content=\"fr_FR\" \/>\n<meta property=\"og:type\" content=\"article\" \/>\n<meta property=\"og:title\" content=\"Die portable Intimdusche f\u00fcrs Wochenbett\" \/>\n<meta property=\"og:description\" content=\"Die portable Intimdusche f\u00fcrs Wochenbett. Das Bidet ist \u00e4sthetisch neu erfunden. Es ist hygienisch, nachhaltig und CO2 neutral.\" \/>\n<meta property=\"og:url\" content=\"https:\/\/yourhappybox.ch\/fr\/produit-2\/die-portable-intimdusche-fuers-wochenbett\/\" \/>\n<meta property=\"og:site_name\" content=\"YourHappyBox\" \/>\n<meta property=\"article:modified_time\" content=\"2023-01-15T22:59:33+00:00\" \/>\n<meta property=\"og:image\" content=\"https:\/\/yourhappybox.ch\/wp-content\/uploads\/2022\/06\/Soil-4-scaled.jpg\" \/>\n\t<meta property=\"og:image:width\" content=\"1707\" \/>\n\t<meta property=\"og:image:height\" content=\"2560\" \/>\n\t<meta property=\"og:image:type\" content=\"image\/jpeg\" \/>\n<meta name=\"twitter:card\" content=\"summary_large_image\" \/>\n<meta name=\"twitter:label1\" content=\"Dur\u00e9e de lecture estim\u00e9e\" \/>\n\t<meta name=\"twitter:data1\" content=\"1 minute\" \/>\n<script type=\"application\/ld+json\" class=\"yoast-schema-graph\">{\"@context\":\"https:\\\/\\\/schema.org\",\"@graph\":[{\"@type\":\"WebPage\",\"@id\":\"https:\\\/\\\/yourhappybox.ch\\\/produkt\\\/die-portable-intimdusche-fuers-wochenbett\\\/\",\"url\":\"https:\\\/\\\/yourhappybox.ch\\\/produkt\\\/die-portable-intimdusche-fuers-wochenbett\\\/\",\"name\":\"Die portable Intimdusche f\u00fcrs Wochenbett\",\"isPartOf\":{\"@id\":\"https:\\\/\\\/yourhappybox.ch\\\/en\\\/#website\"},\"primaryImageOfPage\":{\"@id\":\"https:\\\/\\\/yourhappybox.ch\\\/produkt\\\/die-portable-intimdusche-fuers-wochenbett\\\/#primaryimage\"},\"image\":{\"@id\":\"https:\\\/\\\/yourhappybox.ch\\\/produkt\\\/die-portable-intimdusche-fuers-wochenbett\\\/#primaryimage\"},\"thumbnailUrl\":\"https:\\\/\\\/yourhappybox.ch\\\/wp-content\\\/uploads\\\/2022\\\/06\\\/Soil-4-scaled.jpg\",\"datePublished\":\"2022-06-16T07:29:58+00:00\",\"dateModified\":\"2023-01-15T22:59:33+00:00\",\"description\":\"Die portable Intimdusche f\u00fcrs Wochenbett. Das Bidet ist \u00e4sthetisch neu erfunden. Es ist hygienisch, nachhaltig und CO2 neutral.\",\"breadcrumb\":{\"@id\":\"https:\\\/\\\/yourhappybox.ch\\\/produkt\\\/die-portable-intimdusche-fuers-wochenbett\\\/#breadcrumb\"},\"inLanguage\":\"fr-FR\",\"potentialAction\":[{\"@type\":\"ReadAction\",\"target\":[\"https:\\\/\\\/yourhappybox.ch\\\/produkt\\\/die-portable-intimdusche-fuers-wochenbett\\\/\"]}]},{\"@type\":\"ImageObject\",\"inLanguage\":\"fr-FR\",\"@id\":\"https:\\\/\\\/yourhappybox.ch\\\/produkt\\\/die-portable-intimdusche-fuers-wochenbett\\\/#primaryimage\",\"url\":\"https:\\\/\\\/yourhappybox.ch\\\/wp-content\\\/uploads\\\/2022\\\/06\\\/Soil-4-scaled.jpg\",\"contentUrl\":\"https:\\\/\\\/yourhappybox.ch\\\/wp-content\\\/uploads\\\/2022\\\/06\\\/Soil-4-scaled.jpg\",\"width\":1707,\"height\":2560,\"caption\":\"Portable Intimdusche f\u00fcrs Wochenbett\"},{\"@type\":\"BreadcrumbList\",\"@id\":\"https:\\\/\\\/yourhappybox.ch\\\/produkt\\\/die-portable-intimdusche-fuers-wochenbett\\\/#breadcrumb\",\"itemListElement\":[{\"@type\":\"ListItem\",\"position\":1,\"name\":\"Startseite\",\"item\":\"https:\\\/\\\/yourhappybox.ch\\\/\"},{\"@type\":\"ListItem\",\"position\":2,\"name\":\"Shop\",\"item\":\"https:\\\/\\\/yourhappybox.ch\\\/shop-essenzielle-schwangerschaftsprodukte\\\/\"},{\"@type\":\"ListItem\",\"position\":3,\"name\":\"Intimdusche\"}]},{\"@type\":\"WebSite\",\"@id\":\"https:\\\/\\\/yourhappybox.ch\\\/en\\\/#website\",\"url\":\"https:\\\/\\\/yourhappybox.ch\\\/en\\\/\",\"name\":\"YourHappyBox\",\"description\":\"Die Box, die dir Zeit w\u00e4hrend deiner Schwangerschaft schenkt\",\"potentialAction\":[{\"@type\":\"SearchAction\",\"target\":{\"@type\":\"EntryPoint\",\"urlTemplate\":\"https:\\\/\\\/yourhappybox.ch\\\/en\\\/?s={search_term_string}\"},\"query-input\":{\"@type\":\"PropertyValueSpecification\",\"valueRequired\":true,\"valueName\":\"search_term_string\"}}],\"inLanguage\":\"fr-FR\"}]}<\/script>\n<!-- \/ Yoast SEO plugin. -->","yoast_head_json":{"title":"Die por\u00adta\u00adble In\u00adtim\u00addu\u00adsche f\u00fcrs Wochenbett","description":"Die por\u00adta\u00adble In\u00adtim\u00addu\u00adsche f\u00fcrs Wo\u00adchen\u00adbett. Das Bi\u00addet ist \u00e4s\u00adthe\u00adtisch neu er\u00adfun\u00adden. Es ist hy\u00adgie\u00adnisch, nach\u00adhal\u00adtig und CO2 neutral.","robots":{"index":"index","follow":"follow","max-snippet":"max-snippet:-1","max-image-preview":"max-image-preview:large","max-video-preview":"max-video-preview:-1"},"canonical":"https:\/\/yourhappybox.ch\/fr\/produit-2\/die-portable-intimdusche-fuers-wochenbett\/","og_locale":"fr_FR","og_type":"article","og_title":"Die portable Intimdusche f\u00fcrs Wochenbett","og_description":"Die portable Intimdusche f\u00fcrs Wochenbett. Das Bidet ist \u00e4sthetisch neu erfunden. Es ist hygienisch, nachhaltig und CO2 neutral.","og_url":"https:\/\/yourhappybox.ch\/fr\/produit-2\/die-portable-intimdusche-fuers-wochenbett\/","og_site_name":"YourHappyBox","article_modified_time":"2023-01-15T22:59:33+00:00","og_image":[{"width":1707,"height":2560,"url":"https:\/\/yourhappybox.ch\/wp-content\/uploads\/2022\/06\/Soil-4-scaled.jpg","type":"image\/jpeg"}],"twitter_card":"summary_large_image","twitter_misc":{"Dur\u00e9e de lecture estim\u00e9e":"1 minute"},"schema":{"@context":"https:\/\/schema.org","@graph":[{"@type":"WebPage","@id":"https:\/\/yourhappybox.ch\/produkt\/die-portable-intimdusche-fuers-wochenbett\/","url":"https:\/\/yourhappybox.ch\/produkt\/die-portable-intimdusche-fuers-wochenbett\/","name":"Die por\u00adta\u00adble In\u00adtim\u00addu\u00adsche f\u00fcrs Wochenbett","isPartOf":{"@id":"https:\/\/yourhappybox.ch\/en\/#website"},"primaryImageOfPage":{"@id":"https:\/\/yourhappybox.ch\/produkt\/die-portable-intimdusche-fuers-wochenbett\/#primaryimage"},"image":{"@id":"https:\/\/yourhappybox.ch\/produkt\/die-portable-intimdusche-fuers-wochenbett\/#primaryimage"},"thumbnailUrl":"https:\/\/yourhappybox.ch\/wp-content\/uploads\/2022\/06\/Soil-4-scaled.jpg","datePublished":"2022-06-16T07:29:58+00:00","dateModified":"2023-01-15T22:59:33+00:00","description":"Die por\u00adta\u00adble In\u00adtim\u00addu\u00adsche f\u00fcrs Wo\u00adchen\u00adbett. Das Bi\u00addet ist \u00e4s\u00adthe\u00adtisch neu er\u00adfun\u00adden. Es ist hy\u00adgie\u00adnisch, nach\u00adhal\u00adtig und CO2 neutral.","breadcrumb":{"@id":"https:\/\/yourhappybox.ch\/produkt\/die-portable-intimdusche-fuers-wochenbett\/#breadcrumb"},"inLanguage":"fr-FR","potentialAction":[{"@type":"ReadAction","target":["https:\/\/yourhappybox.ch\/produkt\/die-portable-intimdusche-fuers-wochenbett\/"]}]},{"@type":"ImageObject","inLanguage":"fr-FR","@id":"https:\/\/yourhappybox.ch\/produkt\/die-portable-intimdusche-fuers-wochenbett\/#primaryimage","url":"https:\/\/yourhappybox.ch\/wp-content\/uploads\/2022\/06\/Soil-4-scaled.jpg","contentUrl":"https:\/\/yourhappybox.ch\/wp-content\/uploads\/2022\/06\/Soil-4-scaled.jpg","width":1707,"height":2560,"caption":"Portable Intimdusche f\u00fcrs Wochenbett"},{"@type":"BreadcrumbList","@id":"https:\/\/yourhappybox.ch\/produkt\/die-portable-intimdusche-fuers-wochenbett\/#breadcrumb","itemListElement":[{"@type":"ListItem","position":1,"name":"Startseite","item":"https:\/\/yourhappybox.ch\/"},{"@type":"ListItem","position":2,"name":"Shop","item":"https:\/\/yourhappybox.ch\/shop-essenzielle-schwangerschaftsprodukte\/"},{"@type":"ListItem","position":3,"name":"Intimdusche"}]},{"@type":"WebSite","@id":"https:\/\/yourhappybox.ch\/en\/#website","url":"https:\/\/yourhappybox.ch\/en\/","name":"Your\u00adHap\u00adpy\u00adBox","description":"Die Box, die dir Zeit w\u00e4h\u00adrend dei\u00adner Schwan\u00adger\u00adschaft schenkt","potentialAction":[{"@type":"SearchAction","target":{"@type":"EntryPoint","urlTemplate":"https:\/\/yourhappybox.ch\/en\/?s={search_term_string}"},"query-input":{"@type":"PropertyValueSpecification","valueRequired":true,"valueName":"search_term_string"}}],"inLanguage":"fr-FR"}]}},"_links":{"self":[{"href":"https:\/\/yourhappybox.ch\/fr\/wp-json\/wp\/v2\/product\/29708","targetHints":{"allow":["GET"]}}],"collection":[{"href":"https:\/\/yourhappybox.ch\/fr\/wp-json\/wp\/v2\/product"}],"about":[{"href":"https:\/\/yourhappybox.ch\/fr\/wp-json\/wp\/v2\/types\/product"}],"replies":[{"embeddable":true,"href":"https:\/\/yourhappybox.ch\/fr\/wp-json\/wp\/v2\/comments?post=29708"}],"wp:featuredmedia":[{"embeddable":true,"href":"https:\/\/yourhappybox.ch\/fr\/wp-json\/wp\/v2\/media\/29806"}],"wp:attachment":[{"href":"https:\/\/yourhappybox.ch\/fr\/wp-json\/wp\/v2\/media?parent=29708"}],"wp:term":[{"taxonomy":"product_brand","embeddable":true,"href":"https:\/\/yourhappybox.ch\/fr\/wp-json\/wp\/v2\/product_brand?post=29708"},{"taxonomy":"product_cat","embeddable":true,"href":"https:\/\/yourhappybox.ch\/fr\/wp-json\/wp\/v2\/product_cat?post=29708"},{"taxonomy":"product_tag","embeddable":true,"href":"https:\/\/yourhappybox.ch\/fr\/wp-json\/wp\/v2\/product_tag?post=29708"}],"curies":[{"name":"wp","href":"https:\/\/api.w.org\/{rel}","templated":true}]}}