{"id":29759,"date":"2022-07-01T13:53:36","date_gmt":"2022-07-01T11:53:36","guid":{"rendered":"https:\/\/yourhappybox.ch\/?post_type=product&#038;p=29759"},"modified":"2022-12-04T13:17:44","modified_gmt":"2022-12-04T12:17:44","slug":"bio-schwangerschaftstee","status":"publish","type":"product","link":"https:\/\/yourhappybox.ch\/fr\/produkt\/bio-schwangerschaftstee\/","title":{"rendered":"Th\u00e9 bio pour la grossesse"},"content":{"rendered":"<p>Der feine Bio Schwan\u00adger\u00adschafts\u00adtee be\u00adinhal\u00adtet Me\u00adlisse, Rooi\u00adbush, Ka\u00admille, T\u00e4\u00adger\u00adwi\u00adler Aro\u00adni\u00adabee\u00adren und ist zu 100 %&nbsp;Bio.<\/p>\n<p>Der Bio-Tee kann w\u00e4h\u00adrend der gan\u00adzen Schwan\u00adger\u00adschaft ge\u00adnos\u00adsen wer\u00adden und l\u00f6st den Bio-Tee des 1. Tri\u00admes\u00adters ab, wenn die \u00dcbel\u00adkeit ein biss\u00adchen nach\u00adge\u00adlas\u00adsen hat. Falls Ihr auf der Su\u00adche seid nach ei\u00adnem Ge\u00adburts\u00advor\u00adbei\u00adten\u00adden Tee oder f\u00fcr das 1. Tri\u00admes\u00adter ha\u00adben wir das na\u00adt\u00fcr\u00adlich&nbsp;auch:<\/p>\n<ul>\n<li><a href=\"https:\/\/yourhappybox.ch\/fr\/produit-2\/bio-schwangerschaftstee-fuer-die-morgenuebelkeit\/\">1. Tri\u00admes\u00adter<\/a><\/li>\n<li><a href=\"https:\/\/yourhappybox.ch\/fr\/produit-2\/bio-schwangerschaftstee-fuer-geburtsvorbereitung\/\">Ge\u00adburts\u00advor\u00adbe\u00adrei\u00adtung<\/a><\/li>\n<\/ul>\n<p>&nbsp;<\/p>","protected":false},"excerpt":{"rendered":"<p>Ce th\u00e9 de gross\u00adesse bio a \u00e9t\u00e9 cr\u00e9\u00e9 pour nous par teewerk.ch, car nous re\u00adcher\u00adchions un th\u00e9 qui puisse ac\u00adcom\u00adpa\u00adgner une femme enceinte tout au long de sa gross\u00adesse. Comme nous ne sa\u00advons pas tou\u00adjours exac\u00adte\u00adment dans quel tri\u00admestre une femme enceinte se trouve lors\u00adqu\u2019elle re\u00ad\u00e7oit un <a href=\"https:\/\/yourhappybox.ch\/fr\/produit-2\/happybox-5-geschenk-box\/\">coff\u00adret ca\u00addeau<\/a> oder eine <a href=\"https:\/\/yourhappybox.ch\/fr\/corporate-box\/\">Com\u00adpany\u00adBox<\/a> \u201anous ai\u00admons pro\u00adpo\u00adser ce pro\u00adduit comme le th\u00e9 id\u00e9al pour tou\u00adtes les \u00e9tapes de la grossesse.<\/p>\n<p>F\u00fcr den gan\u00adzen Frau\u00aden\u00adk\u00f6r\u00adper wohl\u00adtu\u00aden\u00adder, st\u00e4r\u00adken\u00adder und ent\u00adlas\u00adten\u00adder Tee aus aus\u00adge\u00adsuch\u00adten Bio- Kr\u00e4u\u00adtern. Die\u00adses Haus\u00adre\u00adzept, spe\u00adzi\u00adell f\u00fcr Your\u00adHap\u00adpy\u00adBox kre\u00adiert be\u00adinhal\u00adtet Me\u00adlisse, Rooi\u00adbush, Ka\u00admille, T\u00e4\u00adger\u00adwi\u00adler Aro\u00adni\u00adabee\u00adren. Und na\u00adt\u00fcr\u00adlich ist er zu 100 % Bio. Es k\u00f6n\u00adnen bis zu 3 Tas\u00adsen t\u00e4g\u00adlich kon\u00adsu\u00admiert wer\u00adden. Es emp\u00adfiehlt sich 1TL Tee pro Tasse und 6\u20138 Mi\u00adnu\u00adten zie\u00adhen lassen.<\/p>\n<p>&nbsp;<\/p>","protected":false},"featured_media":29761,"comment_status":"open","ping_status":"closed","template":"","meta":{"wp_typography_post_enhancements_disabled":false},"product_brand":[],"product_cat":[46],"product_tag":[],"class_list":{"0":"post-29759","1":"product","2":"type-product","3":"status-publish","4":"has-post-thumbnail","6":"product_cat-tee-refill","8":"first","9":"instock","10":"taxable","11":"shipping-taxable","12":"purchasable","13":"product-type-simple"},"yoast_head":"<!-- This site is optimized with the Yoast SEO plugin v27.3 - https:\/\/yoast.com\/product\/yoast-seo-wordpress\/ -->\n<title>Bio-Schwangerschaftstee<\/title>\n<meta name=\"description\" content=\"Dieser Bio-Schwangerschaftstee begleitet durch die 9 Monate. Es ist ein wohltuender, st\u00e4rkender und entlastender Tee aus Bio-Kr\u00e4utern.\" \/>\n<meta name=\"robots\" content=\"index, follow, max-snippet:-1, max-image-preview:large, max-video-preview:-1\" \/>\n<link rel=\"canonical\" href=\"https:\/\/yourhappybox.ch\/fr\/produit-2\/bio-schwangerschaftstee\/\" \/>\n<meta property=\"og:locale\" content=\"fr_FR\" \/>\n<meta property=\"og:type\" content=\"article\" \/>\n<meta property=\"og:title\" content=\"Bio-Schwangerschaftstee\" \/>\n<meta property=\"og:description\" content=\"Dieser Bio-Schwangerschaftstee begleitet durch die 9 Monate. Es ist ein wohltuender, st\u00e4rkender und entlastender Tee aus Bio-Kr\u00e4utern.\" \/>\n<meta property=\"og:url\" content=\"https:\/\/yourhappybox.ch\/fr\/produit-2\/bio-schwangerschaftstee\/\" \/>\n<meta property=\"og:site_name\" content=\"YourHappyBox\" \/>\n<meta property=\"article:modified_time\" content=\"2022-12-04T12:17:44+00:00\" \/>\n<meta property=\"og:image\" content=\"https:\/\/yourhappybox.ch\/wp-content\/uploads\/2022\/07\/Unbenanntes-Design-2.png\" \/>\n\t<meta property=\"og:image:width\" content=\"1080\" \/>\n\t<meta property=\"og:image:height\" content=\"1080\" \/>\n\t<meta property=\"og:image:type\" content=\"image\/png\" \/>\n<meta name=\"twitter:card\" content=\"summary_large_image\" \/>\n<meta name=\"twitter:label1\" content=\"Dur\u00e9e de lecture estim\u00e9e\" \/>\n\t<meta name=\"twitter:data1\" content=\"1 minute\" \/>\n<script type=\"application\/ld+json\" class=\"yoast-schema-graph\">{\"@context\":\"https:\\\/\\\/schema.org\",\"@graph\":[{\"@type\":\"WebPage\",\"@id\":\"https:\\\/\\\/yourhappybox.ch\\\/produkt\\\/bio-schwangerschaftstee\\\/\",\"url\":\"https:\\\/\\\/yourhappybox.ch\\\/produkt\\\/bio-schwangerschaftstee\\\/\",\"name\":\"Bio-Schwangerschaftstee\",\"isPartOf\":{\"@id\":\"https:\\\/\\\/yourhappybox.ch\\\/en\\\/#website\"},\"primaryImageOfPage\":{\"@id\":\"https:\\\/\\\/yourhappybox.ch\\\/produkt\\\/bio-schwangerschaftstee\\\/#primaryimage\"},\"image\":{\"@id\":\"https:\\\/\\\/yourhappybox.ch\\\/produkt\\\/bio-schwangerschaftstee\\\/#primaryimage\"},\"thumbnailUrl\":\"https:\\\/\\\/yourhappybox.ch\\\/wp-content\\\/uploads\\\/2022\\\/07\\\/Unbenanntes-Design-2.png\",\"datePublished\":\"2022-07-01T11:53:36+00:00\",\"dateModified\":\"2022-12-04T12:17:44+00:00\",\"description\":\"Dieser Bio-Schwangerschaftstee begleitet durch die 9 Monate. Es ist ein wohltuender, st\u00e4rkender und entlastender Tee aus Bio-Kr\u00e4utern.\",\"breadcrumb\":{\"@id\":\"https:\\\/\\\/yourhappybox.ch\\\/produkt\\\/bio-schwangerschaftstee\\\/#breadcrumb\"},\"inLanguage\":\"fr-FR\",\"potentialAction\":[{\"@type\":\"ReadAction\",\"target\":[\"https:\\\/\\\/yourhappybox.ch\\\/produkt\\\/bio-schwangerschaftstee\\\/\"]}]},{\"@type\":\"ImageObject\",\"inLanguage\":\"fr-FR\",\"@id\":\"https:\\\/\\\/yourhappybox.ch\\\/produkt\\\/bio-schwangerschaftstee\\\/#primaryimage\",\"url\":\"https:\\\/\\\/yourhappybox.ch\\\/wp-content\\\/uploads\\\/2022\\\/07\\\/Unbenanntes-Design-2.png\",\"contentUrl\":\"https:\\\/\\\/yourhappybox.ch\\\/wp-content\\\/uploads\\\/2022\\\/07\\\/Unbenanntes-Design-2.png\",\"width\":1080,\"height\":1080,\"caption\":\"Bio-Schwangerschaftstee\"},{\"@type\":\"BreadcrumbList\",\"@id\":\"https:\\\/\\\/yourhappybox.ch\\\/produkt\\\/bio-schwangerschaftstee\\\/#breadcrumb\",\"itemListElement\":[{\"@type\":\"ListItem\",\"position\":1,\"name\":\"Startseite\",\"item\":\"https:\\\/\\\/yourhappybox.ch\\\/\"},{\"@type\":\"ListItem\",\"position\":2,\"name\":\"Shop\",\"item\":\"https:\\\/\\\/yourhappybox.ch\\\/shop-essenzielle-schwangerschaftsprodukte\\\/\"},{\"@type\":\"ListItem\",\"position\":3,\"name\":\"Bio-Tee f\u00fcr die Schwangerschaft\"}]},{\"@type\":\"WebSite\",\"@id\":\"https:\\\/\\\/yourhappybox.ch\\\/en\\\/#website\",\"url\":\"https:\\\/\\\/yourhappybox.ch\\\/en\\\/\",\"name\":\"YourHappyBox\",\"description\":\"Die Box, die dir Zeit w\u00e4hrend deiner Schwangerschaft schenkt\",\"potentialAction\":[{\"@type\":\"SearchAction\",\"target\":{\"@type\":\"EntryPoint\",\"urlTemplate\":\"https:\\\/\\\/yourhappybox.ch\\\/en\\\/?s={search_term_string}\"},\"query-input\":{\"@type\":\"PropertyValueSpecification\",\"valueRequired\":true,\"valueName\":\"search_term_string\"}}],\"inLanguage\":\"fr-FR\"}]}<\/script>\n<!-- \/ Yoast SEO plugin. -->","yoast_head_json":{"title":"Bio-Schwan\u00adger\u00adschafts\u00adtee","description":"Die\u00adser Bio-Schwan\u00adger\u00adschafts\u00adtee be\u00adglei\u00adtet durch die 9 Mo\u00adnate. Es ist ein wohl\u00adtu\u00aden\u00adder, st\u00e4r\u00adken\u00adder und ent\u00adlas\u00adten\u00adder Tee aus Bio-Kr\u00e4utern.","robots":{"index":"index","follow":"follow","max-snippet":"max-snippet:-1","max-image-preview":"max-image-preview:large","max-video-preview":"max-video-preview:-1"},"canonical":"https:\/\/yourhappybox.ch\/fr\/produit-2\/bio-schwangerschaftstee\/","og_locale":"fr_FR","og_type":"article","og_title":"Bio-Schwangerschaftstee","og_description":"Dieser Bio-Schwangerschaftstee begleitet durch die 9 Monate. Es ist ein wohltuender, st\u00e4rkender und entlastender Tee aus Bio-Kr\u00e4utern.","og_url":"https:\/\/yourhappybox.ch\/fr\/produit-2\/bio-schwangerschaftstee\/","og_site_name":"YourHappyBox","article_modified_time":"2022-12-04T12:17:44+00:00","og_image":[{"width":1080,"height":1080,"url":"https:\/\/yourhappybox.ch\/wp-content\/uploads\/2022\/07\/Unbenanntes-Design-2.png","type":"image\/png"}],"twitter_card":"summary_large_image","twitter_misc":{"Dur\u00e9e de lecture estim\u00e9e":"1 minute"},"schema":{"@context":"https:\/\/schema.org","@graph":[{"@type":"WebPage","@id":"https:\/\/yourhappybox.ch\/produkt\/bio-schwangerschaftstee\/","url":"https:\/\/yourhappybox.ch\/produkt\/bio-schwangerschaftstee\/","name":"Bio-Schwan\u00adger\u00adschafts\u00adtee","isPartOf":{"@id":"https:\/\/yourhappybox.ch\/en\/#website"},"primaryImageOfPage":{"@id":"https:\/\/yourhappybox.ch\/produkt\/bio-schwangerschaftstee\/#primaryimage"},"image":{"@id":"https:\/\/yourhappybox.ch\/produkt\/bio-schwangerschaftstee\/#primaryimage"},"thumbnailUrl":"https:\/\/yourhappybox.ch\/wp-content\/uploads\/2022\/07\/Unbenanntes-Design-2.png","datePublished":"2022-07-01T11:53:36+00:00","dateModified":"2022-12-04T12:17:44+00:00","description":"Die\u00adser Bio-Schwan\u00adger\u00adschafts\u00adtee be\u00adglei\u00adtet durch die 9 Mo\u00adnate. Es ist ein wohl\u00adtu\u00aden\u00adder, st\u00e4r\u00adken\u00adder und ent\u00adlas\u00adten\u00adder Tee aus Bio-Kr\u00e4utern.","breadcrumb":{"@id":"https:\/\/yourhappybox.ch\/produkt\/bio-schwangerschaftstee\/#breadcrumb"},"inLanguage":"fr-FR","potentialAction":[{"@type":"ReadAction","target":["https:\/\/yourhappybox.ch\/produkt\/bio-schwangerschaftstee\/"]}]},{"@type":"ImageObject","inLanguage":"fr-FR","@id":"https:\/\/yourhappybox.ch\/produkt\/bio-schwangerschaftstee\/#primaryimage","url":"https:\/\/yourhappybox.ch\/wp-content\/uploads\/2022\/07\/Unbenanntes-Design-2.png","contentUrl":"https:\/\/yourhappybox.ch\/wp-content\/uploads\/2022\/07\/Unbenanntes-Design-2.png","width":1080,"height":1080,"caption":"Bio-Schwangerschaftstee"},{"@type":"BreadcrumbList","@id":"https:\/\/yourhappybox.ch\/produkt\/bio-schwangerschaftstee\/#breadcrumb","itemListElement":[{"@type":"ListItem","position":1,"name":"Startseite","item":"https:\/\/yourhappybox.ch\/"},{"@type":"ListItem","position":2,"name":"Shop","item":"https:\/\/yourhappybox.ch\/shop-essenzielle-schwangerschaftsprodukte\/"},{"@type":"ListItem","position":3,"name":"Bio-Tee f\u00fcr die Schwangerschaft"}]},{"@type":"WebSite","@id":"https:\/\/yourhappybox.ch\/en\/#website","url":"https:\/\/yourhappybox.ch\/en\/","name":"Your\u00adHap\u00adpy\u00adBox","description":"Die Box, die dir Zeit w\u00e4h\u00adrend dei\u00adner Schwan\u00adger\u00adschaft schenkt","potentialAction":[{"@type":"SearchAction","target":{"@type":"EntryPoint","urlTemplate":"https:\/\/yourhappybox.ch\/en\/?s={search_term_string}"},"query-input":{"@type":"PropertyValueSpecification","valueRequired":true,"valueName":"search_term_string"}}],"inLanguage":"fr-FR"}]}},"_links":{"self":[{"href":"https:\/\/yourhappybox.ch\/fr\/wp-json\/wp\/v2\/product\/29759","targetHints":{"allow":["GET"]}}],"collection":[{"href":"https:\/\/yourhappybox.ch\/fr\/wp-json\/wp\/v2\/product"}],"about":[{"href":"https:\/\/yourhappybox.ch\/fr\/wp-json\/wp\/v2\/types\/product"}],"replies":[{"embeddable":true,"href":"https:\/\/yourhappybox.ch\/fr\/wp-json\/wp\/v2\/comments?post=29759"}],"wp:featuredmedia":[{"embeddable":true,"href":"https:\/\/yourhappybox.ch\/fr\/wp-json\/wp\/v2\/media\/29761"}],"wp:attachment":[{"href":"https:\/\/yourhappybox.ch\/fr\/wp-json\/wp\/v2\/media?parent=29759"}],"wp:term":[{"taxonomy":"product_brand","embeddable":true,"href":"https:\/\/yourhappybox.ch\/fr\/wp-json\/wp\/v2\/product_brand?post=29759"},{"taxonomy":"product_cat","embeddable":true,"href":"https:\/\/yourhappybox.ch\/fr\/wp-json\/wp\/v2\/product_cat?post=29759"},{"taxonomy":"product_tag","embeddable":true,"href":"https:\/\/yourhappybox.ch\/fr\/wp-json\/wp\/v2\/product_tag?post=29759"}],"curies":[{"name":"wp","href":"https:\/\/api.w.org\/{rel}","templated":true}]}}