{"id":30020,"date":"2022-09-13T10:53:36","date_gmt":"2022-09-13T08:53:36","guid":{"rendered":"https:\/\/yourhappybox.ch\/?post_type=product&#038;p=30020"},"modified":"2022-11-03T09:06:43","modified_gmt":"2022-11-03T08:06:43","slug":"yourhappybox-das-schwangerschafts-abo","status":"publish","type":"product","link":"https:\/\/yourhappybox.ch\/fr\/produkt\/yourhappybox-das-schwangerschafts-abo\/","title":{"rendered":"Your\u00adHap\u00adpy\u00adBox \u2013 Das Schwangerschafts-Abo"},"content":{"rendered":"<div id=\"fws_69ea065b7ca04\" data-column-margin=\"default\" data-midnight=\"dark\" data-top-percent=\"8%\" data-bottom-percent=\"8%\" class=\"wpb_row vc_row-fluid vc_row full-width-section  top_padding_tablet_16pct bottom_padding_tablet_16pct\" style=\"padding-top: calc(100vw * 0.08); padding-bottom: calc(100vw * 0.08); \"><div class=\"row-bg-wrap\" data-bg-animation=\"none\" data-bg-animation-delay data-bg-overlay=\"false\"><div class=\"inner-wrap row-bg-layer\"><div class=\"row-bg viewport-desktop using-bg-color\" style=\"background-color: #ffffff; \"><\/div><\/div><\/div><div class=\"row_col_wrap_12 col span_12 dark left\">\n\t<div class=\"vc_col-sm-12 wpb_column column_container vc_column_container col no-extra-padding el_spacing_0px inherit_tablet inherit_phone\" data-padding-pos=\"all\" data-has-bg-color=\"false\" data-bg-color data-bg-opacity=\"1\" data-animation data-delay=\"0\">\n\t\t<div class=\"vc_column-inner\">\n\t\t\t<div class=\"wpb_wrapper\">\n\t\t\t\t<div id=\"fws_69ea065b7d4ba\" data-midnight data-column-margin=\"none\" class=\"wpb_row vc_row-fluid vc_row inner_row vc_row-o-equal-height vc_row-flex vc_row-o-content-bottom bottom_padding_tablet_20px\" style=\"padding-bottom: 30px; \"><div class=\"row-bg-wrap\"> <div class=\"row-bg\"><\/div> <\/div><div class=\"row_col_wrap_12_inner col span_12  left\">\n\t<div class=\"vc_col-sm-6 wpb_column column_container vc_column_container col child_column padding-5-percent el_spacing_5px inherit_tablet inherit_phone\" data-t-w-inherits=\"small_desktop\" data-padding-pos=\"right\" data-has-bg-color=\"false\" data-bg-color data-bg-opacity=\"1\" data-animation data-delay=\"0\">\n\t\t<div class=\"vc_column-inner\">\n\t\t<div class=\"wpb_wrapper\">\n\t\t\t\n<div class=\"wpb_text_column wpb_content_element\">\n\t<div class=\"wpb_wrapper\">\n\t\t<h4>F\u00fcr jedes Trimester die richtigen Produkte zur richtigen Zeit Zuhause haben.<\/h4>\n\t<\/div>\n<\/div>\n\n\n\n\n\t\t<\/div> \n\t<\/div>\n\t<\/div> \n\n\t<div class=\"vc_col-sm-6 vc_hidden-xs wpb_column column_container vc_column_container col child_column no-extra-padding inherit_tablet inherit_phone\" data-t-w-inherits=\"small_desktop\" data-padding-pos=\"all\" data-has-bg-color=\"false\" data-bg-color data-bg-opacity=\"1\" data-animation data-delay=\"0\">\n\t\t<div class=\"vc_column-inner\">\n\t\t<div class=\"wpb_wrapper\">\n\t\t\t\n\t\t<\/div> \n\t<\/div>\n\t<\/div> \n<\/div><\/div><div class=\"nectar-flickity not-initialized nectar-carousel tb-spacing-0\" data-centered-cells=\"false\" data-pause-on-hover data-touch-icon-color=\"dark\" data-control-color=\"extra-color-2\" data-overflow=\"visible\" data-r-bottom-total=\"true\" data-drag-scale data-wrap=\"no-wrap\" data-spacing=\"15px\" data-controls=\"touch_total\" data-pagination-alignment=\"default\" data-adaptive-height data-border-radius=\"none\" data-column-border data-column-padding=\"0\" data-format=\"default\" data-autoplay data-autoplay-dur=\"5000\" data-control-style=\"material_pagination\" data-desktop-columns=\"4\" data-small-desktop-columns=\"3\" data-tablet-columns=\"2\" data-phone-columns=\"1\" data-column-color><div class=\"flickity-viewport\"> <div class=\"flickity-slider\"><div class=\"cell\"><div class=\"inner-wrap-outer\"><div class=\"inner-wrap\"><div class=\"nectar-fancy-box nectar-underline using-img  has-animation content-color-000000 aspect-4-5\" data-style=\"image_above_text_underline\" data-border-radius=\"default\" data-animation=\"fade-in-from-right\" data-delay=\"0\" data-alignment=\"left\"><div class=\"image-wrap\"><div class=\"box-bg\" role=\"presentation\" style=\"background-image: url('https:\/\/yourhappybox.ch\/wp-content\/uploads\/2022\/10\/annahaerlin0214-1024x683.jpg'); \"><\/div><\/div>\n\t\t<div class=\"text\">\n<h4>YourHappyBox #1 \u2013<a href=\"https:\/\/yourhappybox.ch\/fr\/produit-2\/starterbox-fuer-die-schwangerschaft\/\" target=\"_blank\" rel=\"noopener\"> StarterBox<\/a><\/h4>\n<\/div> \n\t\t<\/div><\/div><\/div><\/div><div class=\"cell\"><div class=\"inner-wrap-outer\"><div class=\"inner-wrap\"><div class=\"nectar-fancy-box nectar-underline using-img  has-animation content-color-000000 aspect-4-5\" data-style=\"image_above_text_underline\" data-border-radius=\"default\" data-animation=\"fade-in-from-right\" data-delay=\"0\" data-alignment=\"left\"><div class=\"image-wrap\"><div class=\"box-bg\" role=\"presentation\" style=\"background-image: url('https:\/\/yourhappybox.ch\/wp-content\/uploads\/2022\/10\/annahaerlin0208-683x1024.jpg'); \"><\/div><\/div>\n\t\t<div class=\"text\">\n<h4>YourHappyBox #2 \u2013 <a href=\"https:\/\/yourhappybox.ch\/fr\/produit-2\/happybox2-letitgrow\/\" target=\"_blank\" rel=\"noopener\">Let it&nbsp;grow<\/a><\/h4>\n<\/div> \n\t\t<\/div><\/div><\/div><\/div><div class=\"cell\"><div class=\"inner-wrap-outer\"><div class=\"inner-wrap\"><div class=\"nectar-fancy-box nectar-underline using-img  has-animation content-color-000000 aspect-4-5\" data-style=\"image_above_text_underline\" data-border-radius=\"default\" data-animation=\"fade-in-from-right\" data-delay=\"0\" data-alignment=\"left\"><div class=\"image-wrap\"><div class=\"box-bg\" role=\"presentation\" style=\"background-image: url('https:\/\/yourhappybox.ch\/wp-content\/uploads\/2022\/10\/annahaerlin0215-683x1024.jpg'); \"><\/div><\/div>\n\t\t<div class=\"text\">\n<h4>YourHappyBox #3 \u2013 <a href=\"https:\/\/yourhappybox.ch\/fr\/produit-2\/schwangerschaftsprodukte-fuer-das-dritte-trimester\/\" target=\"_blank\" rel=\"noopener\">Endspurt<\/a><\/h4>\n<\/div> \n\t\t<\/div><\/div><\/div><\/div><\/div><\/div><\/div>\n\t\t\t<\/div> \n\t\t<\/div>\n\t<\/div> \n<\/div><\/div>","protected":false},"excerpt":{"rendered":"<h5>Wir begleiten Dich durch deine Schwangerschaft<\/h5>\n<p>Du h\u00e4ltst ei\u00adnen po\u00adsi\u00adti\u00adven Schwan\u00adger\u00adschafts\u00adtest in den H\u00e4n\u00adden und bist dir nicht si\u00adcher ob du jetzt v\u00f6l\u00adlig aus\u00adflip\u00adpen sollst vor Freude oder doch lie\u00adber heu\u00adlen. Ach, wir ken\u00adnen das so gut. Eine Flut von Fra\u00adgen pras\u00adselt auf dich ein. Wir k\u00f6n\u00adnen dir lei\u00adder nicht alle be\u00adant\u00adwor\u00adten, aber wir sind da, um diese Zeit ein biss\u00adchen ein\u00adfa\u00adcher zu machen.<\/p>\n<p>Mit un\u00adse\u00adrem Schwan\u00adger\u00adschafts-Abo stel\u00adlen wir si\u00adcher, dass du zur rich\u00adti\u00adgen Zeit die rich\u00adti\u00adgen Pro\u00addukte zu\u00adhause hast. Kein end\u00adlos lan\u00adges re\u00adcher\u00adchie\u00adren wel\u00adches Schwan\u00adger\u00adschafts\u00f6l bei\u00adspiels\u00adweise jetzt das rich\u00adtige ist, das ha\u00adben wir schon er\u00adle\u00addigt. Bei der Aus\u00adwahl un\u00adse\u00adrer Pro\u00addukte ach\u00adten wir da\u00adbei pein\u00adlich ge\u00adnau dar\u00adauf, nur mit <a href=\"https:\/\/yourhappybox.ch\/fr\/die-sind-drin\/\" target=\"_blank\" rel=\"noopener\">Par\u00adten\u00adaires<\/a> zu ar\u00adbei\u00adten die das glei\u00adche Ver\u00adst\u00e4nd\u00adnis von Qua\u00adli\u00adt\u00e4t und Nach\u00adhal\u00adtig\u00adkeit wie wir ha\u00adben. Aus\u00adser\u00addem wol\u00adlen wir, wann im\u00admer m\u00f6g\u00adlich Frauen un\u00adter\u00adst\u00fct\u00adzen. Des\u00adhalb be\u00advor\u00adzu\u00adgen wir im\u00admer das Un\u00adter\u00adneh\u00admen, das von ei\u00adner Frau ge\u00adf\u00fchrt wird, so\u00adfern sie den An\u00adspruch an Qua\u00adli\u00adt\u00e4t und Nach\u00adhal\u00adtig\u00adkeit er\u00adf\u00fcl\u00adlen, denn das hat Priorit\u00e4t.<\/p>\n<h5>Die richtigen Produkte und Favoriten mehrmals<\/h5>\n<p>Mehr\u00adheit\u00adlich fin\u00addest du im Abo die glei\u00adchen Pro\u00addukte, als wenn du die Bo\u00adxen ein\u00adzeln kau\u00adfen w\u00fcr\u00addest. Der Grund hier\u00adf\u00fcr ist, dass dies wirk\u00adlich die bes\u00adten Hil\u00adfen im neuen All\u00adtag sind. Wir ent\u00adfer\u00adnen aber na\u00adt\u00fcr\u00adlich alle Pro\u00addukte, die du sonst dop\u00adpelt im Haus h\u00e4t\u00adtest und f\u00fc\u00adgen ein paar wei\u00adtere hinzu. Wie bei\u00adspiels\u00adweise die Schoggi von la\u00adflor, denn da\u00advon kann man aber nie ge\u00adnug&nbsp;haben.<\/p>\n<h5>Empfohlene Zusatzprodukte<\/h5>\n<p>Ei\u00adgent\u00adlich w\u00fcrde wir die Vit\u00adamine von Bur\u00adger\u00adstein gerne stan\u00addard\u00adm\u00e4s\u00adsig in die Star\u00adter\u00adBox neh\u00admen, al\u00adler\u00addings ha\u00adben wir oft das Feed\u00adback er\u00adhal\u00adten, dass Schwan\u00adgere ihre Vit\u00adamine beim Arzt mit Re\u00adzept be\u00adkom\u00admen. Da wir nicht m\u00f6ch\u00adten, dass du un\u00adn\u00fctze Dinge da\u00adheim rum\u00adste\u00adhen hast, kannst du sie dir se\u00adpa\u00adrat in den Wa\u00adren\u00adkorb hinzuf\u00fcgen:<\/p>\n<ul>\n<li><a href=\"https:\/\/yourhappybox.ch\/fr\/produit-2\/vitamine-fuer-schwangerschaft-und-stillzeit\/\" target=\"_blank\" rel=\"noopener\">Bur\u00adger\u00adstein \u2014 Schwan\u00adger\u00adschaft &amp; Stillzeit<\/a><\/li>\n<li><a href=\"https:\/\/yourhappybox.ch\/fr\/produit-2\/burgerstein-omega-3\/\" target=\"_blank\" rel=\"noopener\">Bur\u00adger\u00adstein \u2014 Omega\u20113 DHA<\/a><\/li>\n<\/ul>\n<p>Da von den Vit\u00adami\u00adnen eine Do\u00adsie\u00adrung von ei\u00adner re\u00adspek\u00adtive zwei Kap\u00adseln pro Tag emp\u00adfoh\u00adlen sind wirst du ab und zu nach\u00adbe\u00adstel\u00adlen wol\u00adlen. Hier\u00adf\u00fcr ha\u00adben wir dir den <a href=\"https:\/\/yourhappybox.ch\/fr\/refill-deine-liebsten-schwangerschaftsprodukte\/\" target=\"_blank\" rel=\"noopener\">Re\u00adfill Shop<\/a> ein\u00adge\u00adrich\u00adtet. Durch die Be\u00adstel\u00adlung des Schwan\u00adger\u00adschafts-Abo stel\u00adlen wir dir ei\u00adnen Code zu, so\u00addass die Ver\u00adsand\u00adkos\u00adten hier\u00adf\u00fcr IMMER gra\u00adtis&nbsp;sind.<\/p>\n<p>F\u00fcr das Wo\u00adchen\u00adbett emp\u00adfeh\u00adlen wir dann ab\u00adso\u00adlut un\u00adein\u00adge\u00adschr\u00e4nkt un\u00adsere In\u00adtim\u00addu\u00adsche von <a href=\"https:\/\/yourhappybox.ch\/fr\/produit-2\/die-portable-intimdusche-fuers-wochenbett\/\" target=\"_blank\" rel=\"noopener\">BIDETLITY<\/a>. Diese kommt mit sch\u00f6\u00adner Wand\u00adhal\u00adte\u00adrung und wird dich auch nach der Schwan\u00adger\u00adschaft noch treu begleiten.<\/p>\n<p>Wir d\u00fcr\u00adfen dich nun mit un\u00adse\u00adrem Schwan\u00adger\u00adschafts-Abo be\u00adglei\u00adten? Dann gib uns doch bitte noch den er\u00adwar\u00adte\u00adten Ge\u00adburts\u00admo\u00adnat an, so\u00adwie deine heu\u00adtige Klei\u00adder\u00adgr\u00f6sse. Al\u00adles wei\u00adtere er\u00adle\u00addi\u00adgen wir f\u00fcr&nbsp;dich.<\/p>\n<p>Soll\u00adtest du nicht zu\u00adfrie\u00adden sein, darfst du selbst\u00adver\u00adst\u00e4nd\u00adlich je\u00adder\u00adzeit dein Abo k\u00fcn\u00addi\u00adgen und wir er\u00adstat\u00adten dir die Kos\u00adten und sen\u00adden dir die n\u00e4chs\u00adten Bo\u00adxen nicht zu. Un\u00adsere R\u00fcck\u00adga\u00adbe\u00adrechte fin\u00addest du <a href=\"https:\/\/yourhappybox.ch\/fr\/versand-und-retouren\/\" target=\"_blank\" rel=\"noopener\">ici<\/a>.<\/p>\n<p>&nbsp;<\/p>\n<p>&nbsp;<\/p>","protected":false},"featured_media":30276,"comment_status":"open","ping_status":"closed","template":"","meta":{"wp_typography_post_enhancements_disabled":false},"product_brand":[],"product_cat":[104],"product_tag":[],"class_list":{"0":"post-30020","1":"product","2":"type-product","3":"status-publish","4":"has-post-thumbnail","6":"product_cat-abo","8":"first","9":"instock","10":"taxable","11":"shipping-taxable","12":"purchasable","13":"product-type-variable"},"yoast_head":"<!-- This site is optimized with the Yoast SEO plugin v27.3 - https:\/\/yoast.com\/product\/yoast-seo-wordpress\/ -->\n<title>Perfektes Abo f\u00fcr die ganze Schwangerschaft | Your Happy Box<\/title>\n<meta name=\"description\" content=\"Unser perfektes Abo f\u00fcr die ganze Schwangerschaft beinhaltet die besten Produkte f\u00fcr jedes Trimester automatisch zu Dir nach Hause.\" \/>\n<meta name=\"robots\" content=\"index, follow, max-snippet:-1, max-image-preview:large, max-video-preview:-1\" \/>\n<link rel=\"canonical\" href=\"https:\/\/yourhappybox.ch\/fr\/produit-2\/yourhappybox-das-schwangerschafts-abo\/\" \/>\n<meta property=\"og:locale\" content=\"fr_FR\" \/>\n<meta property=\"og:type\" content=\"article\" \/>\n<meta property=\"og:title\" content=\"Perfektes Abo f\u00fcr die ganze Schwangerschaft | Your Happy Box\" \/>\n<meta property=\"og:description\" content=\"Unser perfektes Abo f\u00fcr die ganze Schwangerschaft beinhaltet die besten Produkte f\u00fcr jedes Trimester automatisch zu Dir nach Hause.\" \/>\n<meta property=\"og:url\" content=\"https:\/\/yourhappybox.ch\/fr\/produit-2\/yourhappybox-das-schwangerschafts-abo\/\" \/>\n<meta property=\"og:site_name\" content=\"YourHappyBox\" \/>\n<meta property=\"article:modified_time\" content=\"2022-11-03T08:06:43+00:00\" \/>\n<meta property=\"og:image\" content=\"https:\/\/yourhappybox.ch\/wp-content\/uploads\/2022\/11\/Abo1c-e1667462316610.jpg\" \/>\n\t<meta property=\"og:image:width\" content=\"1024\" \/>\n\t<meta property=\"og:image:height\" content=\"1124\" \/>\n\t<meta property=\"og:image:type\" content=\"image\/jpeg\" \/>\n<meta name=\"twitter:card\" content=\"summary_large_image\" \/>\n<meta name=\"twitter:label1\" content=\"Dur\u00e9e de lecture estim\u00e9e\" \/>\n\t<meta name=\"twitter:data1\" content=\"2 minutes\" \/>\n<script type=\"application\/ld+json\" class=\"yoast-schema-graph\">{\"@context\":\"https:\\\/\\\/schema.org\",\"@graph\":[{\"@type\":\"WebPage\",\"@id\":\"https:\\\/\\\/yourhappybox.ch\\\/produkt\\\/yourhappybox-das-schwangerschafts-abo\\\/\",\"url\":\"https:\\\/\\\/yourhappybox.ch\\\/produkt\\\/yourhappybox-das-schwangerschafts-abo\\\/\",\"name\":\"Perfektes Abo f\u00fcr die ganze Schwangerschaft | Your Happy Box\",\"isPartOf\":{\"@id\":\"https:\\\/\\\/yourhappybox.ch\\\/en\\\/#website\"},\"primaryImageOfPage\":{\"@id\":\"https:\\\/\\\/yourhappybox.ch\\\/produkt\\\/yourhappybox-das-schwangerschafts-abo\\\/#primaryimage\"},\"image\":{\"@id\":\"https:\\\/\\\/yourhappybox.ch\\\/produkt\\\/yourhappybox-das-schwangerschafts-abo\\\/#primaryimage\"},\"thumbnailUrl\":\"https:\\\/\\\/yourhappybox.ch\\\/wp-content\\\/uploads\\\/2022\\\/11\\\/Abo1c-e1667462316610.jpg\",\"datePublished\":\"2022-09-13T08:53:36+00:00\",\"dateModified\":\"2022-11-03T08:06:43+00:00\",\"description\":\"Unser perfektes Abo f\u00fcr die ganze Schwangerschaft beinhaltet die besten Produkte f\u00fcr jedes Trimester automatisch zu Dir nach Hause.\",\"breadcrumb\":{\"@id\":\"https:\\\/\\\/yourhappybox.ch\\\/produkt\\\/yourhappybox-das-schwangerschafts-abo\\\/#breadcrumb\"},\"inLanguage\":\"fr-FR\",\"potentialAction\":[{\"@type\":\"ReadAction\",\"target\":[\"https:\\\/\\\/yourhappybox.ch\\\/produkt\\\/yourhappybox-das-schwangerschafts-abo\\\/\"]}]},{\"@type\":\"ImageObject\",\"inLanguage\":\"fr-FR\",\"@id\":\"https:\\\/\\\/yourhappybox.ch\\\/produkt\\\/yourhappybox-das-schwangerschafts-abo\\\/#primaryimage\",\"url\":\"https:\\\/\\\/yourhappybox.ch\\\/wp-content\\\/uploads\\\/2022\\\/11\\\/Abo1c-e1667462316610.jpg\",\"contentUrl\":\"https:\\\/\\\/yourhappybox.ch\\\/wp-content\\\/uploads\\\/2022\\\/11\\\/Abo1c-e1667462316610.jpg\",\"width\":1024,\"height\":1124},{\"@type\":\"BreadcrumbList\",\"@id\":\"https:\\\/\\\/yourhappybox.ch\\\/produkt\\\/yourhappybox-das-schwangerschafts-abo\\\/#breadcrumb\",\"itemListElement\":[{\"@type\":\"ListItem\",\"position\":1,\"name\":\"Startseite\",\"item\":\"https:\\\/\\\/yourhappybox.ch\\\/\"},{\"@type\":\"ListItem\",\"position\":2,\"name\":\"Shop\",\"item\":\"https:\\\/\\\/yourhappybox.ch\\\/shop-essenzielle-schwangerschaftsprodukte\\\/\"},{\"@type\":\"ListItem\",\"position\":3,\"name\":\"YourHappyBox &#8211; Das Schwangerschafts-Abo\"}]},{\"@type\":\"WebSite\",\"@id\":\"https:\\\/\\\/yourhappybox.ch\\\/en\\\/#website\",\"url\":\"https:\\\/\\\/yourhappybox.ch\\\/en\\\/\",\"name\":\"YourHappyBox\",\"description\":\"Die Box, die dir Zeit w\u00e4hrend deiner Schwangerschaft schenkt\",\"potentialAction\":[{\"@type\":\"SearchAction\",\"target\":{\"@type\":\"EntryPoint\",\"urlTemplate\":\"https:\\\/\\\/yourhappybox.ch\\\/en\\\/?s={search_term_string}\"},\"query-input\":{\"@type\":\"PropertyValueSpecification\",\"valueRequired\":true,\"valueName\":\"search_term_string\"}}],\"inLanguage\":\"fr-FR\"}]}<\/script>\n<!-- \/ Yoast SEO plugin. -->","yoast_head_json":{"title":"Per\u00adfek\u00adtes Abo f\u00fcr die ganze Schwan\u00adger\u00adschaft | Your Happy&nbsp;Box","description":"Un\u00adser per\u00adfek\u00adtes Abo f\u00fcr die ganze Schwan\u00adger\u00adschaft be\u00adinhal\u00adtet die bes\u00adten Pro\u00addukte f\u00fcr je\u00addes Tri\u00admes\u00adter au\u00adto\u00adma\u00adtisch zu Dir nach&nbsp;Hause.","robots":{"index":"index","follow":"follow","max-snippet":"max-snippet:-1","max-image-preview":"max-image-preview:large","max-video-preview":"max-video-preview:-1"},"canonical":"https:\/\/yourhappybox.ch\/fr\/produit-2\/yourhappybox-das-schwangerschafts-abo\/","og_locale":"fr_FR","og_type":"article","og_title":"Perfektes Abo f\u00fcr die ganze Schwangerschaft | Your Happy Box","og_description":"Unser perfektes Abo f\u00fcr die ganze Schwangerschaft beinhaltet die besten Produkte f\u00fcr jedes Trimester automatisch zu Dir nach Hause.","og_url":"https:\/\/yourhappybox.ch\/fr\/produit-2\/yourhappybox-das-schwangerschafts-abo\/","og_site_name":"YourHappyBox","article_modified_time":"2022-11-03T08:06:43+00:00","og_image":[{"width":1024,"height":1124,"url":"https:\/\/yourhappybox.ch\/wp-content\/uploads\/2022\/11\/Abo1c-e1667462316610.jpg","type":"image\/jpeg"}],"twitter_card":"summary_large_image","twitter_misc":{"Dur\u00e9e de lecture estim\u00e9e":"2 minutes"},"schema":{"@context":"https:\/\/schema.org","@graph":[{"@type":"WebPage","@id":"https:\/\/yourhappybox.ch\/produkt\/yourhappybox-das-schwangerschafts-abo\/","url":"https:\/\/yourhappybox.ch\/produkt\/yourhappybox-das-schwangerschafts-abo\/","name":"Per\u00adfek\u00adtes Abo f\u00fcr die ganze Schwan\u00adger\u00adschaft | Your Happy&nbsp;Box","isPartOf":{"@id":"https:\/\/yourhappybox.ch\/en\/#website"},"primaryImageOfPage":{"@id":"https:\/\/yourhappybox.ch\/produkt\/yourhappybox-das-schwangerschafts-abo\/#primaryimage"},"image":{"@id":"https:\/\/yourhappybox.ch\/produkt\/yourhappybox-das-schwangerschafts-abo\/#primaryimage"},"thumbnailUrl":"https:\/\/yourhappybox.ch\/wp-content\/uploads\/2022\/11\/Abo1c-e1667462316610.jpg","datePublished":"2022-09-13T08:53:36+00:00","dateModified":"2022-11-03T08:06:43+00:00","description":"Un\u00adser per\u00adfek\u00adtes Abo f\u00fcr die ganze Schwan\u00adger\u00adschaft be\u00adinhal\u00adtet die bes\u00adten Pro\u00addukte f\u00fcr je\u00addes Tri\u00admes\u00adter au\u00adto\u00adma\u00adtisch zu Dir nach&nbsp;Hause.","breadcrumb":{"@id":"https:\/\/yourhappybox.ch\/produkt\/yourhappybox-das-schwangerschafts-abo\/#breadcrumb"},"inLanguage":"fr-FR","potentialAction":[{"@type":"ReadAction","target":["https:\/\/yourhappybox.ch\/produkt\/yourhappybox-das-schwangerschafts-abo\/"]}]},{"@type":"ImageObject","inLanguage":"fr-FR","@id":"https:\/\/yourhappybox.ch\/produkt\/yourhappybox-das-schwangerschafts-abo\/#primaryimage","url":"https:\/\/yourhappybox.ch\/wp-content\/uploads\/2022\/11\/Abo1c-e1667462316610.jpg","contentUrl":"https:\/\/yourhappybox.ch\/wp-content\/uploads\/2022\/11\/Abo1c-e1667462316610.jpg","width":1024,"height":1124},{"@type":"BreadcrumbList","@id":"https:\/\/yourhappybox.ch\/produkt\/yourhappybox-das-schwangerschafts-abo\/#breadcrumb","itemListElement":[{"@type":"ListItem","position":1,"name":"Startseite","item":"https:\/\/yourhappybox.ch\/"},{"@type":"ListItem","position":2,"name":"Shop","item":"https:\/\/yourhappybox.ch\/shop-essenzielle-schwangerschaftsprodukte\/"},{"@type":"ListItem","position":3,"name":"YourHappyBox &#8211; Das Schwangerschafts-Abo"}]},{"@type":"WebSite","@id":"https:\/\/yourhappybox.ch\/en\/#website","url":"https:\/\/yourhappybox.ch\/en\/","name":"Your\u00adHap\u00adpy\u00adBox","description":"Die Box, die dir Zeit w\u00e4h\u00adrend dei\u00adner Schwan\u00adger\u00adschaft schenkt","potentialAction":[{"@type":"SearchAction","target":{"@type":"EntryPoint","urlTemplate":"https:\/\/yourhappybox.ch\/en\/?s={search_term_string}"},"query-input":{"@type":"PropertyValueSpecification","valueRequired":true,"valueName":"search_term_string"}}],"inLanguage":"fr-FR"}]}},"_links":{"self":[{"href":"https:\/\/yourhappybox.ch\/fr\/wp-json\/wp\/v2\/product\/30020","targetHints":{"allow":["GET"]}}],"collection":[{"href":"https:\/\/yourhappybox.ch\/fr\/wp-json\/wp\/v2\/product"}],"about":[{"href":"https:\/\/yourhappybox.ch\/fr\/wp-json\/wp\/v2\/types\/product"}],"replies":[{"embeddable":true,"href":"https:\/\/yourhappybox.ch\/fr\/wp-json\/wp\/v2\/comments?post=30020"}],"wp:featuredmedia":[{"embeddable":true,"href":"https:\/\/yourhappybox.ch\/fr\/wp-json\/wp\/v2\/media\/30276"}],"wp:attachment":[{"href":"https:\/\/yourhappybox.ch\/fr\/wp-json\/wp\/v2\/media?parent=30020"}],"wp:term":[{"taxonomy":"product_brand","embeddable":true,"href":"https:\/\/yourhappybox.ch\/fr\/wp-json\/wp\/v2\/product_brand?post=30020"},{"taxonomy":"product_cat","embeddable":true,"href":"https:\/\/yourhappybox.ch\/fr\/wp-json\/wp\/v2\/product_cat?post=30020"},{"taxonomy":"product_tag","embeddable":true,"href":"https:\/\/yourhappybox.ch\/fr\/wp-json\/wp\/v2\/product_tag?post=30020"}],"curies":[{"name":"wp","href":"https:\/\/api.w.org\/{rel}","templated":true}]}}