{"id":30212,"date":"2022-10-20T11:47:45","date_gmt":"2022-10-20T09:47:45","guid":{"rendered":"https:\/\/yourhappybox.ch\/?post_type=product&#038;p=30212"},"modified":"2023-01-15T23:57:34","modified_gmt":"2023-01-15T22:57:34","slug":"die-allzweckwaffe-der-babypflege","status":"publish","type":"product","link":"https:\/\/yourhappybox.ch\/fr\/produkt\/die-allzweckwaffe-der-babypflege\/","title":{"rendered":"Baume pour&nbsp;B\u00e9b\u00e9"},"content":{"rendered":"<h5>Qualit\u00e9 et d\u00e9veloppement durable<\/h5>\n<p>Comme pour tous nos <a href=\"https:\/\/yourhappybox.ch\/fr\/die-sind-drin\/\" target=\"_blank\" rel=\"noopener\">Par\u00adten\u00adaires<\/a> nous avons veill\u00e9 \u00e0 ce que les pro\u00adduits r\u00e9pon\u00addent \u00e0 nos exi\u00adgen\u00adces en ma\u00adti\u00e8re de qua\u00adlit\u00e9 et de d\u00e9\u00adve\u00adlo\u00adp\u00adpe\u00adment dura\u00adble. De plus, nous som\u00admes par\u00adti\u00adcu\u00adli\u00e8\u00adre\u00adment heu\u00adreux que piou\u00adpiou cos\u00adme\u00adtics soit di\u00adrig\u00e9 par une femme im\u00adpres\u00adsi\u00adon\u00adnante. M\u00e8re de deux en\u00adfants avec des an\u00adn\u00e9es d\u2019\u00adexp\u00e9\u00adri\u00adence dans le sec\u00adteur cos\u00adm\u00e9\u00adtique, Claire Dhote n\u2019a pas pu trou\u00adver de pro\u00adduits qui r\u00e9pon\u00addai\u00adent \u00e0 ses exi\u00adgen\u00adces en ma\u00adti\u00e8re de qua\u00adlit\u00e9 et de du\u00adra\u00adbi\u00adlit\u00e9. Elle s\u2019est donc lan\u00adc\u00e9e et a cr\u00e9\u00e9 un baume na\u00adtu\u00adrel, v\u00e9\u00adg\u00e9\u00adta\u00adlien et or\u00adga\u00adni\u00adque, un soin \u00e0 tout faire pour les so\u00adins de&nbsp;b\u00e9b\u00e9.<\/p>\n<p>Pour en sa\u00advoir plus sur Claire, et l\u2019his\u00adtoire de piou\u00adpiou , cli\u00adquez <a href=\"https:\/\/en.pioupiou-cosmetics.ch\/\" target=\"_blank\" rel=\"noopener\">ici<\/a>.<\/p>","protected":false},"excerpt":{"rendered":"<h5>Le baume naturel, v\u00e9g\u00e9talien et biologique<\/h5>\n<p>Avec <a href=\"https:\/\/en.pioupiou-cosmetics.ch\/pages\/histoire\" target=\"_blank\" rel=\"noopener\">Piou\u00adpiou<\/a> nous avons le plai\u00adsir d\u2019a\u00adjou\u00adter \u00e0 notre as\u00adsor\u00adti\u00adment une so\u00adlu\u00adtion com\u00adpl\u00e8te pour les so\u00adins de b\u00e9b\u00e9. \u201cSoft Baby Balm\u201d est un baume multi-usa\u00adges pour ton b\u00e9b\u00e9 et, en fait, pour toute la famille.<\/p>\n<p>Ce baume na\u00adtu\u00adrel, v\u00e9\u00adg\u00e9\u00adta\u00adlien et bio\u00adlo\u00adgi\u00adque est une com\u00adbi\u00adnai\u00adson bien\u00adfaisante d\u2019hui\u00adles na\u00adtu\u00adrel\u00adles et de sub\u00ads\u00adtances ac\u00adti\u00adves cer\u00adti\u00adfi\u00e9es bio. La peau est in\u00adten\u00ads\u00e9\u00adment nour\u00adrie, pro\u00adt\u00e9\u00adg\u00e9e et apai\u00ads\u00e9e. Nous som\u00admes su\u00adper con\u00adtents que piou\u00adpiou ait mis cette cr\u00e8me sur le mar\u00adch\u00e9 avant l\u2019hi\u00adver, car elle est en outre id\u00e9ale pour pro\u00adt\u00e9\u00adger la peau des b\u00e9\u00adb\u00e9s lors\u00adque les jours de\u00advi\u00aden\u00adnent de plus en plus fro\u00adids. Nous re\u00adcom\u00adman\u00addons bien s\u00fbr cette cr\u00e8me comme baume pour le ch\u00adange, pour les pe\u00adti\u00adtes bles\u00adsu\u00adres su\u00adper\u00adfi\u00adci\u00adel\u00adles et les zo\u00adnes de peau ru\u00adgueu\u00adses et rouges.<\/p>\n<p>En tant que soin com\u00adplet pour b\u00e9b\u00e9, piou\u00adpiou est par\u00adfai\u00adte\u00adment ad\u00adapt\u00e9 \u00e0 tes be\u00adso\u00adins in\u00addi\u00advi\u00addu\u00adels et est dis\u00adpo\u00adnible dans le <a href=\"https:\/\/yourhappybox.ch\/fr\/produit-2\/das-perfekt-geschenk-fuer-die-schwangerschaft\/\" target=\"_blank\" rel=\"noopener\">coff\u00adret ca\u00addeau<\/a> ou dans le <a href=\"https:\/\/yourhappybox.ch\/fr\/produit-2\/happybox4-chaosbeherrschung\/\" target=\"_blank\" rel=\"noopener\">Your\u00adHap\u00adpy\u00adBox coff\u00adret de nais\u00adsance<\/a>.<\/p>","protected":false},"featured_media":30215,"comment_status":"open","ping_status":"closed","template":"","meta":{"wp_typography_post_enhancements_disabled":false},"product_brand":[],"product_cat":[76],"product_tag":[105,106],"class_list":{"0":"post-30212","1":"product","2":"type-product","3":"status-publish","4":"has-post-thumbnail","6":"product_cat-weitere-produkte","7":"product_tag-babypflege","8":"product_tag-balsam","10":"first","11":"instock","12":"taxable","13":"shipping-taxable","14":"purchasable","15":"product-type-simple"},"yoast_head":"<!-- This site is optimized with the Yoast SEO plugin v27.3 - https:\/\/yoast.com\/product\/yoast-seo-wordpress\/ -->\n<title>Die Allzweckwaffe der Babypflege<\/title>\n<meta name=\"description\" content=\"\u00abSoft Baby Balm\u00bb ist ein nat\u00fcrlicher, veganer und organischer Allzweckwaffe der Babypflege die eigentlich f\u00fcr die ganze Familie verwendet werden kann.\" \/>\n<meta name=\"robots\" content=\"index, follow, max-snippet:-1, max-image-preview:large, max-video-preview:-1\" \/>\n<link rel=\"canonical\" href=\"https:\/\/yourhappybox.ch\/fr\/produit-2\/die-allzweckwaffe-der-babypflege\/\" \/>\n<meta property=\"og:locale\" content=\"fr_FR\" \/>\n<meta property=\"og:type\" content=\"article\" \/>\n<meta property=\"og:title\" content=\"Die Allzweckwaffe der Babypflege\" \/>\n<meta property=\"og:description\" content=\"\u00abSoft Baby Balm\u00bb ist ein nat\u00fcrlicher, veganer und organischer Allzweckwaffe der Babypflege die eigentlich f\u00fcr die ganze Familie verwendet werden kann.\" \/>\n<meta property=\"og:url\" content=\"https:\/\/yourhappybox.ch\/fr\/produit-2\/die-allzweckwaffe-der-babypflege\/\" \/>\n<meta property=\"og:site_name\" content=\"YourHappyBox\" \/>\n<meta property=\"article:modified_time\" content=\"2023-01-15T22:57:34+00:00\" \/>\n<meta property=\"og:image\" content=\"https:\/\/yourhappybox.ch\/wp-content\/uploads\/2022\/10\/Produktbild-3.png\" \/>\n\t<meta property=\"og:image:width\" content=\"1024\" \/>\n\t<meta property=\"og:image:height\" content=\"1024\" \/>\n\t<meta property=\"og:image:type\" content=\"image\/png\" \/>\n<meta name=\"twitter:card\" content=\"summary_large_image\" \/>\n<meta name=\"twitter:label1\" content=\"Dur\u00e9e de lecture estim\u00e9e\" \/>\n\t<meta name=\"twitter:data1\" content=\"1 minute\" \/>\n<script type=\"application\/ld+json\" class=\"yoast-schema-graph\">{\"@context\":\"https:\\\/\\\/schema.org\",\"@graph\":[{\"@type\":\"WebPage\",\"@id\":\"https:\\\/\\\/yourhappybox.ch\\\/produkt\\\/die-allzweckwaffe-der-babypflege\\\/\",\"url\":\"https:\\\/\\\/yourhappybox.ch\\\/produkt\\\/die-allzweckwaffe-der-babypflege\\\/\",\"name\":\"Die Allzweckwaffe der Babypflege\",\"isPartOf\":{\"@id\":\"https:\\\/\\\/yourhappybox.ch\\\/en\\\/#website\"},\"primaryImageOfPage\":{\"@id\":\"https:\\\/\\\/yourhappybox.ch\\\/produkt\\\/die-allzweckwaffe-der-babypflege\\\/#primaryimage\"},\"image\":{\"@id\":\"https:\\\/\\\/yourhappybox.ch\\\/produkt\\\/die-allzweckwaffe-der-babypflege\\\/#primaryimage\"},\"thumbnailUrl\":\"https:\\\/\\\/yourhappybox.ch\\\/wp-content\\\/uploads\\\/2022\\\/10\\\/Produktbild-3.png\",\"datePublished\":\"2022-10-20T09:47:45+00:00\",\"dateModified\":\"2023-01-15T22:57:34+00:00\",\"description\":\"\u00abSoft Baby Balm\u00bb ist ein nat\u00fcrlicher, veganer und organischer Allzweckwaffe der Babypflege die eigentlich f\u00fcr die ganze Familie verwendet werden kann.\",\"breadcrumb\":{\"@id\":\"https:\\\/\\\/yourhappybox.ch\\\/produkt\\\/die-allzweckwaffe-der-babypflege\\\/#breadcrumb\"},\"inLanguage\":\"fr-FR\",\"potentialAction\":[{\"@type\":\"ReadAction\",\"target\":[\"https:\\\/\\\/yourhappybox.ch\\\/produkt\\\/die-allzweckwaffe-der-babypflege\\\/\"]}]},{\"@type\":\"ImageObject\",\"inLanguage\":\"fr-FR\",\"@id\":\"https:\\\/\\\/yourhappybox.ch\\\/produkt\\\/die-allzweckwaffe-der-babypflege\\\/#primaryimage\",\"url\":\"https:\\\/\\\/yourhappybox.ch\\\/wp-content\\\/uploads\\\/2022\\\/10\\\/Produktbild-3.png\",\"contentUrl\":\"https:\\\/\\\/yourhappybox.ch\\\/wp-content\\\/uploads\\\/2022\\\/10\\\/Produktbild-3.png\",\"width\":1024,\"height\":1024,\"caption\":\"Babybalsam\"},{\"@type\":\"BreadcrumbList\",\"@id\":\"https:\\\/\\\/yourhappybox.ch\\\/produkt\\\/die-allzweckwaffe-der-babypflege\\\/#breadcrumb\",\"itemListElement\":[{\"@type\":\"ListItem\",\"position\":1,\"name\":\"Startseite\",\"item\":\"https:\\\/\\\/yourhappybox.ch\\\/\"},{\"@type\":\"ListItem\",\"position\":2,\"name\":\"Shop\",\"item\":\"https:\\\/\\\/yourhappybox.ch\\\/shop-essenzielle-schwangerschaftsprodukte\\\/\"},{\"@type\":\"ListItem\",\"position\":3,\"name\":\"Babybalm\"}]},{\"@type\":\"WebSite\",\"@id\":\"https:\\\/\\\/yourhappybox.ch\\\/en\\\/#website\",\"url\":\"https:\\\/\\\/yourhappybox.ch\\\/en\\\/\",\"name\":\"YourHappyBox\",\"description\":\"Die Box, die dir Zeit w\u00e4hrend deiner Schwangerschaft schenkt\",\"potentialAction\":[{\"@type\":\"SearchAction\",\"target\":{\"@type\":\"EntryPoint\",\"urlTemplate\":\"https:\\\/\\\/yourhappybox.ch\\\/en\\\/?s={search_term_string}\"},\"query-input\":{\"@type\":\"PropertyValueSpecification\",\"valueRequired\":true,\"valueName\":\"search_term_string\"}}],\"inLanguage\":\"fr-FR\"}]}<\/script>\n<!-- \/ Yoast SEO plugin. -->","yoast_head_json":{"title":"Die All\u00adzweck\u00adwaffe der Babypflege","description":"\u00abSoft Baby Balm\u00bb ist ein na\u00adt\u00fcr\u00adli\u00adcher, ve\u00adga\u00adner und or\u00adga\u00adni\u00adscher All\u00adzweck\u00adwaffe der Ba\u00adby\u00adpflege die ei\u00adgent\u00adlich f\u00fcr die ganze Fa\u00admi\u00adlie ver\u00adwen\u00addet wer\u00adden&nbsp;kann.","robots":{"index":"index","follow":"follow","max-snippet":"max-snippet:-1","max-image-preview":"max-image-preview:large","max-video-preview":"max-video-preview:-1"},"canonical":"https:\/\/yourhappybox.ch\/fr\/produit-2\/die-allzweckwaffe-der-babypflege\/","og_locale":"fr_FR","og_type":"article","og_title":"Die Allzweckwaffe der Babypflege","og_description":"\u00abSoft Baby Balm\u00bb ist ein nat\u00fcrlicher, veganer und organischer Allzweckwaffe der Babypflege die eigentlich f\u00fcr die ganze Familie verwendet werden kann.","og_url":"https:\/\/yourhappybox.ch\/fr\/produit-2\/die-allzweckwaffe-der-babypflege\/","og_site_name":"YourHappyBox","article_modified_time":"2023-01-15T22:57:34+00:00","og_image":[{"width":1024,"height":1024,"url":"https:\/\/yourhappybox.ch\/wp-content\/uploads\/2022\/10\/Produktbild-3.png","type":"image\/png"}],"twitter_card":"summary_large_image","twitter_misc":{"Dur\u00e9e de lecture estim\u00e9e":"1 minute"},"schema":{"@context":"https:\/\/schema.org","@graph":[{"@type":"WebPage","@id":"https:\/\/yourhappybox.ch\/produkt\/die-allzweckwaffe-der-babypflege\/","url":"https:\/\/yourhappybox.ch\/produkt\/die-allzweckwaffe-der-babypflege\/","name":"Die All\u00adzweck\u00adwaffe der Babypflege","isPartOf":{"@id":"https:\/\/yourhappybox.ch\/en\/#website"},"primaryImageOfPage":{"@id":"https:\/\/yourhappybox.ch\/produkt\/die-allzweckwaffe-der-babypflege\/#primaryimage"},"image":{"@id":"https:\/\/yourhappybox.ch\/produkt\/die-allzweckwaffe-der-babypflege\/#primaryimage"},"thumbnailUrl":"https:\/\/yourhappybox.ch\/wp-content\/uploads\/2022\/10\/Produktbild-3.png","datePublished":"2022-10-20T09:47:45+00:00","dateModified":"2023-01-15T22:57:34+00:00","description":"\u00abSoft Baby Balm\u00bb ist ein na\u00adt\u00fcr\u00adli\u00adcher, ve\u00adga\u00adner und or\u00adga\u00adni\u00adscher All\u00adzweck\u00adwaffe der Ba\u00adby\u00adpflege die ei\u00adgent\u00adlich f\u00fcr die ganze Fa\u00admi\u00adlie ver\u00adwen\u00addet wer\u00adden&nbsp;kann.","breadcrumb":{"@id":"https:\/\/yourhappybox.ch\/produkt\/die-allzweckwaffe-der-babypflege\/#breadcrumb"},"inLanguage":"fr-FR","potentialAction":[{"@type":"ReadAction","target":["https:\/\/yourhappybox.ch\/produkt\/die-allzweckwaffe-der-babypflege\/"]}]},{"@type":"ImageObject","inLanguage":"fr-FR","@id":"https:\/\/yourhappybox.ch\/produkt\/die-allzweckwaffe-der-babypflege\/#primaryimage","url":"https:\/\/yourhappybox.ch\/wp-content\/uploads\/2022\/10\/Produktbild-3.png","contentUrl":"https:\/\/yourhappybox.ch\/wp-content\/uploads\/2022\/10\/Produktbild-3.png","width":1024,"height":1024,"caption":"Babybalsam"},{"@type":"BreadcrumbList","@id":"https:\/\/yourhappybox.ch\/produkt\/die-allzweckwaffe-der-babypflege\/#breadcrumb","itemListElement":[{"@type":"ListItem","position":1,"name":"Startseite","item":"https:\/\/yourhappybox.ch\/"},{"@type":"ListItem","position":2,"name":"Shop","item":"https:\/\/yourhappybox.ch\/shop-essenzielle-schwangerschaftsprodukte\/"},{"@type":"ListItem","position":3,"name":"Babybalm"}]},{"@type":"WebSite","@id":"https:\/\/yourhappybox.ch\/en\/#website","url":"https:\/\/yourhappybox.ch\/en\/","name":"Your\u00adHap\u00adpy\u00adBox","description":"Die Box, die dir Zeit w\u00e4h\u00adrend dei\u00adner Schwan\u00adger\u00adschaft schenkt","potentialAction":[{"@type":"SearchAction","target":{"@type":"EntryPoint","urlTemplate":"https:\/\/yourhappybox.ch\/en\/?s={search_term_string}"},"query-input":{"@type":"PropertyValueSpecification","valueRequired":true,"valueName":"search_term_string"}}],"inLanguage":"fr-FR"}]}},"_links":{"self":[{"href":"https:\/\/yourhappybox.ch\/fr\/wp-json\/wp\/v2\/product\/30212","targetHints":{"allow":["GET"]}}],"collection":[{"href":"https:\/\/yourhappybox.ch\/fr\/wp-json\/wp\/v2\/product"}],"about":[{"href":"https:\/\/yourhappybox.ch\/fr\/wp-json\/wp\/v2\/types\/product"}],"replies":[{"embeddable":true,"href":"https:\/\/yourhappybox.ch\/fr\/wp-json\/wp\/v2\/comments?post=30212"}],"wp:featuredmedia":[{"embeddable":true,"href":"https:\/\/yourhappybox.ch\/fr\/wp-json\/wp\/v2\/media\/30215"}],"wp:attachment":[{"href":"https:\/\/yourhappybox.ch\/fr\/wp-json\/wp\/v2\/media?parent=30212"}],"wp:term":[{"taxonomy":"product_brand","embeddable":true,"href":"https:\/\/yourhappybox.ch\/fr\/wp-json\/wp\/v2\/product_brand?post=30212"},{"taxonomy":"product_cat","embeddable":true,"href":"https:\/\/yourhappybox.ch\/fr\/wp-json\/wp\/v2\/product_cat?post=30212"},{"taxonomy":"product_tag","embeddable":true,"href":"https:\/\/yourhappybox.ch\/fr\/wp-json\/wp\/v2\/product_tag?post=30212"}],"curies":[{"name":"wp","href":"https:\/\/api.w.org\/{rel}","templated":true}]}}