{"id":30251,"date":"2022-10-28T17:36:36","date_gmt":"2022-10-28T15:36:36","guid":{"rendered":"https:\/\/yourhappybox.ch\/?post_type=product&#038;p=30251"},"modified":"2025-05-19T11:04:35","modified_gmt":"2025-05-19T09:04:35","slug":"wickelmatte","status":"publish","type":"product","link":"https:\/\/yourhappybox.ch\/fr\/produkt\/wickelmatte\/","title":{"rendered":"Mate\u00adlas \u00e0 langer+"},"content":{"rendered":"<h5>Qualit\u00e9 et d\u00e9veloppement durable<\/h5>\n<p>Comme pour tous nos <a href=\"https:\/\/yourhappybox.ch\/fr\/die-sind-drin\/\" target=\"_blank\" rel=\"noopener\">Par\u00adten\u00adaires<\/a> nous avons veill\u00e9 \u00e0 ce que les pro\u00adduits r\u00e9pon\u00addent \u00e0 nos exi\u00adgen\u00adces en ma\u00adti\u00e8re de qua\u00adlit\u00e9 et de du\u00adra\u00adbi\u00adlit\u00e9. De plus, nous som\u00admes par\u00adti\u00adcu\u00adli\u00e8\u00adre\u00adment heu\u00adreux que Kate, la fon\u00adda\u00adtrice du stu\u00addio huske, ait un \u0153il for\u00admi\u00adda\u00adble pour le de\u00adsign en tant qu\u2019\u00adar\u00adchi\u00adtecte de for\u00adma\u00adtion. Les ta\u00adpis sont su\u00adper fon\u00adc\u00adtion\u00adnels, mais pas moins beaux pour au\u00adtant. Nous som\u00admes vrai\u00adment tr\u00e8s heu\u00adreux de pou\u00advoir faire \u00e9quipe avec stu\u00addio huske et de vous pro\u00adpo\u00adser un pro\u00adduit d\u2019une telle qua\u00adlit\u00e9 dans YourHappyBox.<\/p>\n<p>Pour en sa\u00advoir plus sur Kate et l\u2019his\u00adtoire stu\u00addio huske, cli\u00adquez ici. <a href=\"https:\/\/www.studiohuske.com\/\" target=\"_blank\" rel=\"noopener\">ici<\/a>.<\/p>","protected":false},"excerpt":{"rendered":"<h5>Le support pratique et polyvalent<\/h5>\n<p>stu\u00addio huske a \u00e9t\u00e9 fond\u00e9 en Su\u00adisse en 2021 dans le but de d\u00e9\u00adve\u00adlo\u00adp\u00adper des pro\u00adduits d\u2019a\u00adm\u00e9\u00adnage\u00adment ro\u00adbus\u00adtes, ef\u00adfa\u00ad\u00e7a\u00adbles et ad\u00adap\u00adt\u00e9s aux en\u00adfants et vi\u00adsu\u00adel\u00adle\u00adment at\u00adtra\u00adyants pour les grands comme pour les pe\u00adtits. La mar\u00adque est ba\u00ads\u00e9e sur le prin\u00adcipe du prag\u00adma\u00adtisme, mais c\u00e9\u00adl\u00e8bre \u00e9ga\u00adle\u00adment les qua\u00adli\u00adt\u00e9s en\u00adri\u00adchis\u00adsan\u00adtes de la cou\u00adleur et de la tex\u00adture dans l\u2019a\u00adm\u00e9\u00adnage\u00adment in\u00adt\u00e9\u00adri\u00adeur. Les pro\u00adduits au de\u00adsign ar\u00adchi\u00adtec\u00adtu\u00adral sont fa\u00adbri\u00adqu\u00e9s de ma\u00adni\u00e8re dura\u00adble \u00e0 par\u00adtir d\u2019un tex\u00adtile nou\u00advel\u00adle\u00adment bre\u00advet\u00e9, cer\u00adti\u00adfi\u00e9 OEKO-TEX \u00ae 100, \u00e0 base de si\u00adli\u00adcone et \u00e0 ef\u00adfet&nbsp;cuir.<\/p>\n<p>Le ta\u00adpis est in\u00adcroya\u00adblem\u00adent so\u00adlide, r\u00e9\u00adsistant \u00e0 l\u2019eau, tr\u00e8s peu sa\u00adlis\u00adsant, ino\u00addore, r\u00e9\u00adsistant \u00e0 la chaleur et agr\u00e9a\u00adble au toucher.<\/p>\n<p>Il existe en dif\u00adf\u00e9r\u00adents for\u00admats, nous avons en stan\u00addard le S dans notre as\u00adsor\u00adti\u00adment, car ce\u00adlui-ci a d\u2019a\u00adbord fait ses preu\u00adves comme ta\u00adpis \u00e0 lan\u00adger pra\u00adtique pour les d\u00e9\u00adpla\u00adce\u00adments, puis comme pro\u00adtec\u00adteur de ta\u00adble lors des pre\u00admi\u00e8\u00adres ten\u00adta\u00adti\u00adves de re\u00adpas et en\u00adfin comme sup\u00adport \u00e0 long terme pour le plai\u00adsir de des\u00adsi\u00adner et de bricoler.<\/p>\n<p>Le tissu a un \u00e9co-la\u00adbel co\u00adr\u00e9en et est re\u00adcy\u00adclable \u00e0&nbsp;100&nbsp;%.<\/p>\n<p>Nous pen\u00adsons que le sup\u00adport de stu\u00addio huske est par\u00adfai\u00adte\u00adment ad\u00adapt\u00e9 pour un ca\u00addeau gr\u00e2ce au <a href=\"https:\/\/yourhappybox.ch\/fr\/produit-2\/das-perfekt-geschenk-fuer-die-schwangerschaft\/\" target=\"_blank\" rel=\"noopener\">coff\u00adret ca\u00addeau<\/a> ou comme ad\u00addi\u00adtion sup\u00adp\u00adl\u00e9\u00admen\u00adtaire dans notre <a href=\"https:\/\/yourhappybox.ch\/fr\/produit-2\/happybox4-chaosbeherrschung\/\" target=\"_blank\" rel=\"noopener\">Your\u00adHap\u00adpy\u00adBox coff\u00adret de nais\u00adsance<\/a>.<\/p>","protected":false},"featured_media":30252,"comment_status":"open","ping_status":"closed","template":"","meta":{"wp_typography_post_enhancements_disabled":false},"product_brand":[],"product_cat":[76],"product_tag":[108,107,110,109],"class_list":{"0":"post-30251","1":"product","2":"type-product","3":"status-publish","4":"has-post-thumbnail","6":"product_cat-weitere-produkte","7":"product_tag-alleskoenner","8":"product_tag-praktische-helfer","9":"product_tag-unterlage","10":"product_tag-wickeln","12":"first","13":"instock","14":"taxable","15":"shipping-taxable","16":"purchasable","17":"product-type-simple"},"yoast_head":"<!-- This site is optimized with the Yoast SEO plugin v27.3 - https:\/\/yoast.com\/product\/yoast-seo-wordpress\/ -->\n<title>Studio huske - der langfristige Begleiter<\/title>\n<meta name=\"description\" content=\"Erst die praktische Wickelmatte f\u00fcr unterwegs, dann der Tischbesch\u00fctzer bei den ersten Essversuchen und die langfristige Unterlage f\u00fcr Mal- und Bastelspass.\" \/>\n<meta name=\"robots\" content=\"index, follow, max-snippet:-1, max-image-preview:large, max-video-preview:-1\" \/>\n<link rel=\"canonical\" href=\"https:\/\/yourhappybox.ch\/fr\/produit-2\/wickelmatte\/\" \/>\n<meta property=\"og:locale\" content=\"fr_FR\" \/>\n<meta property=\"og:type\" content=\"article\" \/>\n<meta property=\"og:title\" content=\"Studio huske - der langfristige Begleiter\" \/>\n<meta property=\"og:description\" content=\"Erst die praktische Wickelmatte f\u00fcr unterwegs, dann der Tischbesch\u00fctzer bei den ersten Essversuchen und die langfristige Unterlage f\u00fcr Mal- und Bastelspass.\" \/>\n<meta property=\"og:url\" content=\"https:\/\/yourhappybox.ch\/fr\/produit-2\/wickelmatte\/\" \/>\n<meta property=\"og:site_name\" content=\"YourHappyBox\" \/>\n<meta property=\"article:modified_time\" content=\"2025-05-19T09:04:35+00:00\" \/>\n<meta property=\"og:image\" content=\"https:\/\/yourhappybox.ch\/wp-content\/uploads\/2022\/10\/wiggle_peach_green_placemat_studio-huske-antislip-sensory-play-versatile-kids-play_mat_8.jpg\" \/>\n\t<meta property=\"og:image:width\" content=\"1152\" \/>\n\t<meta property=\"og:image:height\" content=\"2048\" \/>\n\t<meta property=\"og:image:type\" content=\"image\/jpeg\" \/>\n<meta name=\"twitter:card\" content=\"summary_large_image\" \/>\n<meta name=\"twitter:label1\" content=\"Dur\u00e9e de lecture estim\u00e9e\" \/>\n\t<meta name=\"twitter:data1\" content=\"1 minute\" \/>\n<script type=\"application\/ld+json\" class=\"yoast-schema-graph\">{\"@context\":\"https:\\\/\\\/schema.org\",\"@graph\":[{\"@type\":\"WebPage\",\"@id\":\"https:\\\/\\\/yourhappybox.ch\\\/produkt\\\/wickelmatte\\\/\",\"url\":\"https:\\\/\\\/yourhappybox.ch\\\/produkt\\\/wickelmatte\\\/\",\"name\":\"Studio huske - der langfristige Begleiter\",\"isPartOf\":{\"@id\":\"https:\\\/\\\/yourhappybox.ch\\\/en\\\/#website\"},\"primaryImageOfPage\":{\"@id\":\"https:\\\/\\\/yourhappybox.ch\\\/produkt\\\/wickelmatte\\\/#primaryimage\"},\"image\":{\"@id\":\"https:\\\/\\\/yourhappybox.ch\\\/produkt\\\/wickelmatte\\\/#primaryimage\"},\"thumbnailUrl\":\"https:\\\/\\\/yourhappybox.ch\\\/wp-content\\\/uploads\\\/2022\\\/10\\\/wiggle_peach_green_placemat_studio-huske-antislip-sensory-play-versatile-kids-play_mat_8.jpg\",\"datePublished\":\"2022-10-28T15:36:36+00:00\",\"dateModified\":\"2025-05-19T09:04:35+00:00\",\"description\":\"Erst die praktische Wickelmatte f\u00fcr unterwegs, dann der Tischbesch\u00fctzer bei den ersten Essversuchen und die langfristige Unterlage f\u00fcr Mal- und Bastelspass.\",\"breadcrumb\":{\"@id\":\"https:\\\/\\\/yourhappybox.ch\\\/produkt\\\/wickelmatte\\\/#breadcrumb\"},\"inLanguage\":\"fr-FR\",\"potentialAction\":[{\"@type\":\"ReadAction\",\"target\":[\"https:\\\/\\\/yourhappybox.ch\\\/produkt\\\/wickelmatte\\\/\"]}]},{\"@type\":\"ImageObject\",\"inLanguage\":\"fr-FR\",\"@id\":\"https:\\\/\\\/yourhappybox.ch\\\/produkt\\\/wickelmatte\\\/#primaryimage\",\"url\":\"https:\\\/\\\/yourhappybox.ch\\\/wp-content\\\/uploads\\\/2022\\\/10\\\/wiggle_peach_green_placemat_studio-huske-antislip-sensory-play-versatile-kids-play_mat_8.jpg\",\"contentUrl\":\"https:\\\/\\\/yourhappybox.ch\\\/wp-content\\\/uploads\\\/2022\\\/10\\\/wiggle_peach_green_placemat_studio-huske-antislip-sensory-play-versatile-kids-play_mat_8.jpg\",\"width\":1152,\"height\":2048},{\"@type\":\"BreadcrumbList\",\"@id\":\"https:\\\/\\\/yourhappybox.ch\\\/produkt\\\/wickelmatte\\\/#breadcrumb\",\"itemListElement\":[{\"@type\":\"ListItem\",\"position\":1,\"name\":\"Startseite\",\"item\":\"https:\\\/\\\/yourhappybox.ch\\\/\"},{\"@type\":\"ListItem\",\"position\":2,\"name\":\"Shop\",\"item\":\"https:\\\/\\\/yourhappybox.ch\\\/shop-essenzielle-schwangerschaftsprodukte\\\/\"},{\"@type\":\"ListItem\",\"position\":3,\"name\":\"Wickelmatte+\"}]},{\"@type\":\"WebSite\",\"@id\":\"https:\\\/\\\/yourhappybox.ch\\\/en\\\/#website\",\"url\":\"https:\\\/\\\/yourhappybox.ch\\\/en\\\/\",\"name\":\"YourHappyBox\",\"description\":\"Die Box, die dir Zeit w\u00e4hrend deiner Schwangerschaft schenkt\",\"potentialAction\":[{\"@type\":\"SearchAction\",\"target\":{\"@type\":\"EntryPoint\",\"urlTemplate\":\"https:\\\/\\\/yourhappybox.ch\\\/en\\\/?s={search_term_string}\"},\"query-input\":{\"@type\":\"PropertyValueSpecification\",\"valueRequired\":true,\"valueName\":\"search_term_string\"}}],\"inLanguage\":\"fr-FR\"}]}<\/script>\n<!-- \/ Yoast SEO plugin. -->","yoast_head_json":{"title":"Stu\u00addio huske \u2014 der lang\u00adfris\u00adtige Begleiter","description":"Erst die prak\u00adti\u00adsche Wi\u00adckel\u00admatte f\u00fcr un\u00adter\u00adwegs, dann der Tisch\u00adbe\u00adsch\u00fct\u00adzer bei den ers\u00adten Ess\u00adver\u00adsu\u00adchen und die lang\u00adfris\u00adtige Un\u00adter\u00adlage f\u00fcr Mal- und Bastelspass.","robots":{"index":"index","follow":"follow","max-snippet":"max-snippet:-1","max-image-preview":"max-image-preview:large","max-video-preview":"max-video-preview:-1"},"canonical":"https:\/\/yourhappybox.ch\/fr\/produit-2\/wickelmatte\/","og_locale":"fr_FR","og_type":"article","og_title":"Studio huske - der langfristige Begleiter","og_description":"Erst die praktische Wickelmatte f\u00fcr unterwegs, dann der Tischbesch\u00fctzer bei den ersten Essversuchen und die langfristige Unterlage f\u00fcr Mal- und Bastelspass.","og_url":"https:\/\/yourhappybox.ch\/fr\/produit-2\/wickelmatte\/","og_site_name":"YourHappyBox","article_modified_time":"2025-05-19T09:04:35+00:00","og_image":[{"width":1152,"height":2048,"url":"https:\/\/yourhappybox.ch\/wp-content\/uploads\/2022\/10\/wiggle_peach_green_placemat_studio-huske-antislip-sensory-play-versatile-kids-play_mat_8.jpg","type":"image\/jpeg"}],"twitter_card":"summary_large_image","twitter_misc":{"Dur\u00e9e de lecture estim\u00e9e":"1 minute"},"schema":{"@context":"https:\/\/schema.org","@graph":[{"@type":"WebPage","@id":"https:\/\/yourhappybox.ch\/produkt\/wickelmatte\/","url":"https:\/\/yourhappybox.ch\/produkt\/wickelmatte\/","name":"Stu\u00addio huske \u2014 der lang\u00adfris\u00adtige Begleiter","isPartOf":{"@id":"https:\/\/yourhappybox.ch\/en\/#website"},"primaryImageOfPage":{"@id":"https:\/\/yourhappybox.ch\/produkt\/wickelmatte\/#primaryimage"},"image":{"@id":"https:\/\/yourhappybox.ch\/produkt\/wickelmatte\/#primaryimage"},"thumbnailUrl":"https:\/\/yourhappybox.ch\/wp-content\/uploads\/2022\/10\/wiggle_peach_green_placemat_studio-huske-antislip-sensory-play-versatile-kids-play_mat_8.jpg","datePublished":"2022-10-28T15:36:36+00:00","dateModified":"2025-05-19T09:04:35+00:00","description":"Erst die prak\u00adti\u00adsche Wi\u00adckel\u00admatte f\u00fcr un\u00adter\u00adwegs, dann der Tisch\u00adbe\u00adsch\u00fct\u00adzer bei den ers\u00adten Ess\u00adver\u00adsu\u00adchen und die lang\u00adfris\u00adtige Un\u00adter\u00adlage f\u00fcr Mal- und Bastelspass.","breadcrumb":{"@id":"https:\/\/yourhappybox.ch\/produkt\/wickelmatte\/#breadcrumb"},"inLanguage":"fr-FR","potentialAction":[{"@type":"ReadAction","target":["https:\/\/yourhappybox.ch\/produkt\/wickelmatte\/"]}]},{"@type":"ImageObject","inLanguage":"fr-FR","@id":"https:\/\/yourhappybox.ch\/produkt\/wickelmatte\/#primaryimage","url":"https:\/\/yourhappybox.ch\/wp-content\/uploads\/2022\/10\/wiggle_peach_green_placemat_studio-huske-antislip-sensory-play-versatile-kids-play_mat_8.jpg","contentUrl":"https:\/\/yourhappybox.ch\/wp-content\/uploads\/2022\/10\/wiggle_peach_green_placemat_studio-huske-antislip-sensory-play-versatile-kids-play_mat_8.jpg","width":1152,"height":2048},{"@type":"BreadcrumbList","@id":"https:\/\/yourhappybox.ch\/produkt\/wickelmatte\/#breadcrumb","itemListElement":[{"@type":"ListItem","position":1,"name":"Startseite","item":"https:\/\/yourhappybox.ch\/"},{"@type":"ListItem","position":2,"name":"Shop","item":"https:\/\/yourhappybox.ch\/shop-essenzielle-schwangerschaftsprodukte\/"},{"@type":"ListItem","position":3,"name":"Wickelmatte+"}]},{"@type":"WebSite","@id":"https:\/\/yourhappybox.ch\/en\/#website","url":"https:\/\/yourhappybox.ch\/en\/","name":"Your\u00adHap\u00adpy\u00adBox","description":"Die Box, die dir Zeit w\u00e4h\u00adrend dei\u00adner Schwan\u00adger\u00adschaft schenkt","potentialAction":[{"@type":"SearchAction","target":{"@type":"EntryPoint","urlTemplate":"https:\/\/yourhappybox.ch\/en\/?s={search_term_string}"},"query-input":{"@type":"PropertyValueSpecification","valueRequired":true,"valueName":"search_term_string"}}],"inLanguage":"fr-FR"}]}},"_links":{"self":[{"href":"https:\/\/yourhappybox.ch\/fr\/wp-json\/wp\/v2\/product\/30251","targetHints":{"allow":["GET"]}}],"collection":[{"href":"https:\/\/yourhappybox.ch\/fr\/wp-json\/wp\/v2\/product"}],"about":[{"href":"https:\/\/yourhappybox.ch\/fr\/wp-json\/wp\/v2\/types\/product"}],"replies":[{"embeddable":true,"href":"https:\/\/yourhappybox.ch\/fr\/wp-json\/wp\/v2\/comments?post=30251"}],"wp:featuredmedia":[{"embeddable":true,"href":"https:\/\/yourhappybox.ch\/fr\/wp-json\/wp\/v2\/media\/30252"}],"wp:attachment":[{"href":"https:\/\/yourhappybox.ch\/fr\/wp-json\/wp\/v2\/media?parent=30251"}],"wp:term":[{"taxonomy":"product_brand","embeddable":true,"href":"https:\/\/yourhappybox.ch\/fr\/wp-json\/wp\/v2\/product_brand?post=30251"},{"taxonomy":"product_cat","embeddable":true,"href":"https:\/\/yourhappybox.ch\/fr\/wp-json\/wp\/v2\/product_cat?post=30251"},{"taxonomy":"product_tag","embeddable":true,"href":"https:\/\/yourhappybox.ch\/fr\/wp-json\/wp\/v2\/product_tag?post=30251"}],"curies":[{"name":"wp","href":"https:\/\/api.w.org\/{rel}","templated":true}]}}