{"id":30650,"date":"2023-03-02T17:50:37","date_gmt":"2023-03-02T16:50:37","guid":{"rendered":"https:\/\/yourhappybox.ch\/?post_type=product&#038;p=30650"},"modified":"2024-12-03T11:10:51","modified_gmt":"2024-12-03T10:10:51","slug":"bio-tee-fuers-wochenbett","status":"publish","type":"product","link":"https:\/\/yourhappybox.ch\/fr\/produkt\/bio-tee-fuers-wochenbett\/","title":{"rendered":"Tisane bio pour le post-partum"},"content":{"rendered":"<p>Cette d\u00e9\u00adli\u00adcieuse tisane bio pour le post-par\u00adtum con\u00adti\u00adent de l\u2019al\u00adch\u00e9\u00admille, de la bourse-\u00e0-pas\u00adteur, de la m\u00e9\u00adlisse, de l\u2019achil\u00adl\u00e9e mil\u00adle\u00adfeuille, de la ca\u00admo\u00admille et est 100 %&nbsp;bio.<\/p>\n<p>Cette tisane bio peut \u00eatre con\u00adsom\u00adm\u00e9e pen\u00addant toute la gross\u00adesse et prend le re\u00adlais de la tisane bio du 1er tri\u00admestre lors\u00adque les nau\u00ads\u00e9es ont un peu di\u00admi\u00adnu\u00e9. Cette tisane est aussi par\u00adfaite si vous \u00eates \u00e0 la re\u00adcher\u00adche d\u2019une tisane bio qui vous sou\u00adti\u00aden\u00addra pen\u00addant la p\u00e9\u00adri\u00adode d\u2019al\u00adlai\u00adte\u00adment. <a href=\"https:\/\/yourhappybox.ch\/fr\/produit-2\/bio-tee-fuer-die-stillzeit\/\" target=\"_blank\" rel=\"noopener\">ici<\/a>.<\/p>\n<p>&nbsp;<\/p>","protected":false},"excerpt":{"rendered":"<p>Ce th\u00e9 bio a \u00e9t\u00e9 cr\u00e9\u00e9 par teewerk.ch pour nous car nous re\u00adcher\u00adchions un th\u00e9 qui puisse ac\u00adcom\u00adpa\u00adgner nos femmes tout au long du post-par\u00adtum, qu\u2019el\u00adles al\u00adlai\u00adtent ou&nbsp;non.<\/p>\n<p>Une tisane bien\u00adfaisante, for\u00adti\u00adfi\u00adante et apaisante pour tout le corps de la femme, \u00e0 base de plan\u00adtes bio s\u00e9lec\u00adtion\u00adn\u00e9es. Cette re\u00adcette mai\u00adson, sp\u00e9\u00adcia\u00adle\u00adment cr\u00e9\u00e9e pour Your\u00adHap\u00adpy\u00adBox, con\u00adti\u00adent de l\u2019al\u00adch\u00e9\u00admille, de la bourse \u00e0 pas\u00adteur, de la m\u00e9\u00adlisse, de l\u2019achil\u00adl\u00e9e et de la ca\u00admo\u00admille. Et bien s\u00fbr, elle est 100 % bio. Il est re\u00adcom\u00admand\u00e9 de lais\u00adser in\u00adfu\u00adser 1 cuil\u00adl\u00e8re \u00e0 caf\u00e9 de th\u00e9 par tasse pen\u00addant 6 \u00e0 8 minutes.<\/p>\n<p>&nbsp;<\/p>","protected":false},"featured_media":30651,"comment_status":"open","ping_status":"closed","template":"","meta":{"wp_typography_post_enhancements_disabled":false},"product_brand":[],"product_cat":[46],"product_tag":[],"class_list":{"0":"post-30650","1":"product","2":"type-product","3":"status-publish","4":"has-post-thumbnail","6":"product_cat-tee-refill","8":"first","9":"instock","10":"taxable","11":"shipping-taxable","12":"purchasable","13":"product-type-simple"},"yoast_head":"<!-- This site is optimized with the Yoast SEO plugin v27.3 - https:\/\/yoast.com\/product\/yoast-seo-wordpress\/ -->\n<title>Bio-Tee f\u00fcrs Wochenbett<\/title>\n<meta name=\"description\" content=\"Dieser Bio-Tee wurde explizit f\u00fcrs Wochenbett kreiert und unterst\u00fctzt K\u00f6rper und Kopf bei der Regeneration nach der Geburt.\" \/>\n<meta name=\"robots\" content=\"index, follow, max-snippet:-1, max-image-preview:large, max-video-preview:-1\" \/>\n<link rel=\"canonical\" href=\"https:\/\/yourhappybox.ch\/fr\/produit-2\/bio-tee-fuers-wochenbett\/\" \/>\n<meta property=\"og:locale\" content=\"fr_FR\" \/>\n<meta property=\"og:type\" content=\"article\" \/>\n<meta property=\"og:title\" content=\"Bio-Tee f\u00fcrs Wochenbett\" \/>\n<meta property=\"og:description\" content=\"Dieser Bio-Tee wurde explizit f\u00fcrs Wochenbett kreiert und unterst\u00fctzt K\u00f6rper und Kopf bei der Regeneration nach der Geburt.\" \/>\n<meta property=\"og:url\" content=\"https:\/\/yourhappybox.ch\/fr\/produit-2\/bio-tee-fuers-wochenbett\/\" \/>\n<meta property=\"og:site_name\" content=\"YourHappyBox\" \/>\n<meta property=\"article:modified_time\" content=\"2024-12-03T10:10:51+00:00\" \/>\n<meta property=\"og:image\" content=\"https:\/\/yourhappybox.ch\/wp-content\/uploads\/2023\/03\/IMG_E9540-scaled.jpg\" \/>\n\t<meta property=\"og:image:width\" content=\"1489\" \/>\n\t<meta property=\"og:image:height\" content=\"2560\" \/>\n\t<meta property=\"og:image:type\" content=\"image\/jpeg\" \/>\n<meta name=\"twitter:card\" content=\"summary_large_image\" \/>\n<meta name=\"twitter:label1\" content=\"Dur\u00e9e de lecture estim\u00e9e\" \/>\n\t<meta name=\"twitter:data1\" content=\"1 minute\" \/>\n<script type=\"application\/ld+json\" class=\"yoast-schema-graph\">{\"@context\":\"https:\\\/\\\/schema.org\",\"@graph\":[{\"@type\":\"WebPage\",\"@id\":\"https:\\\/\\\/yourhappybox.ch\\\/produkt\\\/bio-tee-fuers-wochenbett\\\/\",\"url\":\"https:\\\/\\\/yourhappybox.ch\\\/produkt\\\/bio-tee-fuers-wochenbett\\\/\",\"name\":\"Bio-Tee f\u00fcrs Wochenbett\",\"isPartOf\":{\"@id\":\"https:\\\/\\\/yourhappybox.ch\\\/en\\\/#website\"},\"primaryImageOfPage\":{\"@id\":\"https:\\\/\\\/yourhappybox.ch\\\/produkt\\\/bio-tee-fuers-wochenbett\\\/#primaryimage\"},\"image\":{\"@id\":\"https:\\\/\\\/yourhappybox.ch\\\/produkt\\\/bio-tee-fuers-wochenbett\\\/#primaryimage\"},\"thumbnailUrl\":\"https:\\\/\\\/yourhappybox.ch\\\/wp-content\\\/uploads\\\/2023\\\/03\\\/IMG_E9540-scaled.jpg\",\"datePublished\":\"2023-03-02T16:50:37+00:00\",\"dateModified\":\"2024-12-03T10:10:51+00:00\",\"description\":\"Dieser Bio-Tee wurde explizit f\u00fcrs Wochenbett kreiert und unterst\u00fctzt K\u00f6rper und Kopf bei der Regeneration nach der Geburt.\",\"breadcrumb\":{\"@id\":\"https:\\\/\\\/yourhappybox.ch\\\/produkt\\\/bio-tee-fuers-wochenbett\\\/#breadcrumb\"},\"inLanguage\":\"fr-FR\",\"potentialAction\":[{\"@type\":\"ReadAction\",\"target\":[\"https:\\\/\\\/yourhappybox.ch\\\/produkt\\\/bio-tee-fuers-wochenbett\\\/\"]}]},{\"@type\":\"ImageObject\",\"inLanguage\":\"fr-FR\",\"@id\":\"https:\\\/\\\/yourhappybox.ch\\\/produkt\\\/bio-tee-fuers-wochenbett\\\/#primaryimage\",\"url\":\"https:\\\/\\\/yourhappybox.ch\\\/wp-content\\\/uploads\\\/2023\\\/03\\\/IMG_E9540-scaled.jpg\",\"contentUrl\":\"https:\\\/\\\/yourhappybox.ch\\\/wp-content\\\/uploads\\\/2023\\\/03\\\/IMG_E9540-scaled.jpg\",\"width\":1489,\"height\":2560,\"caption\":\"Bio Wochenbett-Tee\"},{\"@type\":\"BreadcrumbList\",\"@id\":\"https:\\\/\\\/yourhappybox.ch\\\/produkt\\\/bio-tee-fuers-wochenbett\\\/#breadcrumb\",\"itemListElement\":[{\"@type\":\"ListItem\",\"position\":1,\"name\":\"Startseite\",\"item\":\"https:\\\/\\\/yourhappybox.ch\\\/\"},{\"@type\":\"ListItem\",\"position\":2,\"name\":\"Shop\",\"item\":\"https:\\\/\\\/yourhappybox.ch\\\/shop-essenzielle-schwangerschaftsprodukte\\\/\"},{\"@type\":\"ListItem\",\"position\":3,\"name\":\"Bio-Tee f\u00fcr das Wochenbett\"}]},{\"@type\":\"WebSite\",\"@id\":\"https:\\\/\\\/yourhappybox.ch\\\/en\\\/#website\",\"url\":\"https:\\\/\\\/yourhappybox.ch\\\/en\\\/\",\"name\":\"YourHappyBox\",\"description\":\"Die Box, die dir Zeit w\u00e4hrend deiner Schwangerschaft schenkt\",\"potentialAction\":[{\"@type\":\"SearchAction\",\"target\":{\"@type\":\"EntryPoint\",\"urlTemplate\":\"https:\\\/\\\/yourhappybox.ch\\\/en\\\/?s={search_term_string}\"},\"query-input\":{\"@type\":\"PropertyValueSpecification\",\"valueRequired\":true,\"valueName\":\"search_term_string\"}}],\"inLanguage\":\"fr-FR\"}]}<\/script>\n<!-- \/ Yoast SEO plugin. -->","yoast_head_json":{"title":"Bio-Tee f\u00fcrs Wochenbett","description":"Die\u00adser Bio-Tee wurde ex\u00adpli\u00adzit f\u00fcrs Wo\u00adchen\u00adbett kre\u00adiert und un\u00adter\u00adst\u00fctzt K\u00f6r\u00adper und Kopf bei der Re\u00adge\u00adne\u00adra\u00adtion nach der Geburt.","robots":{"index":"index","follow":"follow","max-snippet":"max-snippet:-1","max-image-preview":"max-image-preview:large","max-video-preview":"max-video-preview:-1"},"canonical":"https:\/\/yourhappybox.ch\/fr\/produit-2\/bio-tee-fuers-wochenbett\/","og_locale":"fr_FR","og_type":"article","og_title":"Bio-Tee f\u00fcrs Wochenbett","og_description":"Dieser Bio-Tee wurde explizit f\u00fcrs Wochenbett kreiert und unterst\u00fctzt K\u00f6rper und Kopf bei der Regeneration nach der Geburt.","og_url":"https:\/\/yourhappybox.ch\/fr\/produit-2\/bio-tee-fuers-wochenbett\/","og_site_name":"YourHappyBox","article_modified_time":"2024-12-03T10:10:51+00:00","og_image":[{"width":1489,"height":2560,"url":"https:\/\/yourhappybox.ch\/wp-content\/uploads\/2023\/03\/IMG_E9540-scaled.jpg","type":"image\/jpeg"}],"twitter_card":"summary_large_image","twitter_misc":{"Dur\u00e9e de lecture estim\u00e9e":"1 minute"},"schema":{"@context":"https:\/\/schema.org","@graph":[{"@type":"WebPage","@id":"https:\/\/yourhappybox.ch\/produkt\/bio-tee-fuers-wochenbett\/","url":"https:\/\/yourhappybox.ch\/produkt\/bio-tee-fuers-wochenbett\/","name":"Bio-Tee f\u00fcrs Wochenbett","isPartOf":{"@id":"https:\/\/yourhappybox.ch\/en\/#website"},"primaryImageOfPage":{"@id":"https:\/\/yourhappybox.ch\/produkt\/bio-tee-fuers-wochenbett\/#primaryimage"},"image":{"@id":"https:\/\/yourhappybox.ch\/produkt\/bio-tee-fuers-wochenbett\/#primaryimage"},"thumbnailUrl":"https:\/\/yourhappybox.ch\/wp-content\/uploads\/2023\/03\/IMG_E9540-scaled.jpg","datePublished":"2023-03-02T16:50:37+00:00","dateModified":"2024-12-03T10:10:51+00:00","description":"Die\u00adser Bio-Tee wurde ex\u00adpli\u00adzit f\u00fcrs Wo\u00adchen\u00adbett kre\u00adiert und un\u00adter\u00adst\u00fctzt K\u00f6r\u00adper und Kopf bei der Re\u00adge\u00adne\u00adra\u00adtion nach der Geburt.","breadcrumb":{"@id":"https:\/\/yourhappybox.ch\/produkt\/bio-tee-fuers-wochenbett\/#breadcrumb"},"inLanguage":"fr-FR","potentialAction":[{"@type":"ReadAction","target":["https:\/\/yourhappybox.ch\/produkt\/bio-tee-fuers-wochenbett\/"]}]},{"@type":"ImageObject","inLanguage":"fr-FR","@id":"https:\/\/yourhappybox.ch\/produkt\/bio-tee-fuers-wochenbett\/#primaryimage","url":"https:\/\/yourhappybox.ch\/wp-content\/uploads\/2023\/03\/IMG_E9540-scaled.jpg","contentUrl":"https:\/\/yourhappybox.ch\/wp-content\/uploads\/2023\/03\/IMG_E9540-scaled.jpg","width":1489,"height":2560,"caption":"Bio Wochenbett-Tee"},{"@type":"BreadcrumbList","@id":"https:\/\/yourhappybox.ch\/produkt\/bio-tee-fuers-wochenbett\/#breadcrumb","itemListElement":[{"@type":"ListItem","position":1,"name":"Startseite","item":"https:\/\/yourhappybox.ch\/"},{"@type":"ListItem","position":2,"name":"Shop","item":"https:\/\/yourhappybox.ch\/shop-essenzielle-schwangerschaftsprodukte\/"},{"@type":"ListItem","position":3,"name":"Bio-Tee f\u00fcr das Wochenbett"}]},{"@type":"WebSite","@id":"https:\/\/yourhappybox.ch\/en\/#website","url":"https:\/\/yourhappybox.ch\/en\/","name":"Your\u00adHap\u00adpy\u00adBox","description":"Die Box, die dir Zeit w\u00e4h\u00adrend dei\u00adner Schwan\u00adger\u00adschaft schenkt","potentialAction":[{"@type":"SearchAction","target":{"@type":"EntryPoint","urlTemplate":"https:\/\/yourhappybox.ch\/en\/?s={search_term_string}"},"query-input":{"@type":"PropertyValueSpecification","valueRequired":true,"valueName":"search_term_string"}}],"inLanguage":"fr-FR"}]}},"_links":{"self":[{"href":"https:\/\/yourhappybox.ch\/fr\/wp-json\/wp\/v2\/product\/30650","targetHints":{"allow":["GET"]}}],"collection":[{"href":"https:\/\/yourhappybox.ch\/fr\/wp-json\/wp\/v2\/product"}],"about":[{"href":"https:\/\/yourhappybox.ch\/fr\/wp-json\/wp\/v2\/types\/product"}],"replies":[{"embeddable":true,"href":"https:\/\/yourhappybox.ch\/fr\/wp-json\/wp\/v2\/comments?post=30650"}],"wp:featuredmedia":[{"embeddable":true,"href":"https:\/\/yourhappybox.ch\/fr\/wp-json\/wp\/v2\/media\/30651"}],"wp:attachment":[{"href":"https:\/\/yourhappybox.ch\/fr\/wp-json\/wp\/v2\/media?parent=30650"}],"wp:term":[{"taxonomy":"product_brand","embeddable":true,"href":"https:\/\/yourhappybox.ch\/fr\/wp-json\/wp\/v2\/product_brand?post=30650"},{"taxonomy":"product_cat","embeddable":true,"href":"https:\/\/yourhappybox.ch\/fr\/wp-json\/wp\/v2\/product_cat?post=30650"},{"taxonomy":"product_tag","embeddable":true,"href":"https:\/\/yourhappybox.ch\/fr\/wp-json\/wp\/v2\/product_tag?post=30650"}],"curies":[{"name":"wp","href":"https:\/\/api.w.org\/{rel}","templated":true}]}}