{"id":30652,"date":"2023-03-02T18:00:14","date_gmt":"2023-03-02T17:00:14","guid":{"rendered":"https:\/\/yourhappybox.ch\/?post_type=product&#038;p=30652"},"modified":"2026-04-20T09:39:47","modified_gmt":"2026-04-20T07:39:47","slug":"bio-tee-fuer-die-stillzeit","status":"publish","type":"product","link":"https:\/\/yourhappybox.ch\/fr\/produkt\/bio-tee-fuer-die-stillzeit\/","title":{"rendered":"Tisane bio pour l\u2019allaitement"},"content":{"rendered":"<p>Cette d\u00e9\u00adli\u00adcieuse tisane bio est une re\u00adcette mai\u00adson de teewerk.ch pour la p\u00e9\u00adri\u00adode d\u2019al\u00adlai\u00adte\u00adment. Ce th\u00e9 bio sa\u00advou\u00adreux et de qua\u00adlit\u00e9 sup\u00e9\u00adri\u00adeure a \u00e9t\u00e9 m\u00e9\u00adlang\u00e9 sp\u00e9\u00adcia\u00adle\u00adment pour le bien-\u00eatre de la m\u00e8re et de l\u2019enfant.<\/p>\n<p>Cette tisane bio fa\u00advo\u00adrise l\u2019al\u00adlai\u00adte\u00adment et il est re\u00adcom\u00admand\u00e9 de ne pas con\u00adsom\u00admer plus de 3 tas\u00adses par jour. Cette in\u00addi\u00adca\u00adtion peut va\u00adrier en fon\u00adc\u00adtion de l\u2019im\u00adportance de la pro\u00adduc\u00adtion de lait. Par\u00adlez-en de pr\u00e9\u00adf\u00e9\u00adrence avec votre sage-femme. Nous vous re\u00adcom\u00adman\u00addons \u00e9ga\u00adle\u00adment notre th\u00e9 bio pour ma\u00admans pen\u00addant cette p\u00e9\u00adri\u00adode. Vous le trou\u00adverez <a href=\"https:\/\/yourhappybox.ch\/fr\/produit-2\/bio-tee-fuers-wochenbett\/\" target=\"_blank\" rel=\"noopener\">ici<\/a>.<\/p>","protected":false},"excerpt":{"rendered":"<p>Ce th\u00e9 d\u2019al\u00adlai\u00adte\u00adment bio a \u00e9t\u00e9 cr\u00e9\u00e9 par teewerk.ch pour nous, parce que nous cher\u00adchions un th\u00e9 qui puisse ac\u00adcom\u00adpa\u00adgner les femmes pen\u00addant la p\u00e9\u00adri\u00adode d\u2019al\u00adlai\u00adte\u00adment. C\u2019est une p\u00e9\u00adri\u00adode su\u00adper exi\u00adge\u00adante pour les m\u00e8\u00adres et plus nous pou\u00advons sou\u00adte\u00adnir, mieux&nbsp;c\u2019est.<\/p>\n<p>Tisane bien\u00adfaisante, for\u00adti\u00adfi\u00adante et re\u00adla\u00adx\u00adante pour tout le corps f\u00e9\u00admi\u00adnin, com\u00adpo\u00ads\u00e9e d\u2019her\u00adbes bio s\u00e9lec\u00adtion\u00adn\u00e9es. Cette re\u00adcette mai\u00adson, sp\u00e9\u00adcia\u00adle\u00adment cr\u00e9\u00e9e pour Your\u00adHap\u00adpy\u00adBox, con\u00adti\u00adent de l\u2019a\u00adnis, du fen\u00adouil, du cu\u00admin, de la nigelle, de l\u2019a\u00adn\u00adeth, de la mar\u00adjo\u00adlaine et de la m\u00e9\u00adlisse. Et bien s\u00fbr, elle est 100 % bio. Il peut \u00eatre con\u00adsomm\u00e9 jus\u00adqu\u2019\u00e0 3 tas\u00adses par jour. Veuil\u00adlez en dis\u00adcu\u00adter avec la sage-femme, qui pourra \u00e9va\u00adluer si votre pro\u00adduc\u00adtion de lait n\u00e9\u00adces\u00adsite plu\u00adt\u00f4t plus ou moins de th\u00e9. Il est re\u00adcom\u00admand\u00e9 de ver\u00adser 1 cuil\u00adl\u00e8re \u00e0 caf\u00e9 de th\u00e9 par tasse et de lais\u00adser in\u00adfu\u00adser pen\u00addant 6 \u00e0 8 minutes.<\/p>\n<p>&nbsp;<\/p>","protected":false},"featured_media":29085,"comment_status":"open","ping_status":"closed","template":"","meta":{"wp_typography_post_enhancements_disabled":false},"product_brand":[],"product_cat":[46],"product_tag":[],"class_list":{"0":"post-30652","1":"product","2":"type-product","3":"status-publish","4":"has-post-thumbnail","6":"product_cat-tee-refill","8":"first","9":"instock","10":"taxable","11":"shipping-taxable","12":"purchasable","13":"product-type-simple"},"yoast_head":"<!-- This site is optimized with the Yoast SEO plugin v27.3 - https:\/\/yoast.com\/product\/yoast-seo-wordpress\/ -->\n<title>Bio-Tee f\u00fcr die Stillzeit<\/title>\n<meta name=\"description\" content=\"Dieser Bio-Tee f\u00fcr die Stillzeit begleitet Mutter und Kind durch die Stillzeit. Mit Anis, Fenchel, K\u00fcmmel, Dill, Majoran und Melisse eine perfekte Mischung.\" \/>\n<meta name=\"robots\" content=\"index, follow, max-snippet:-1, max-image-preview:large, max-video-preview:-1\" \/>\n<link rel=\"canonical\" href=\"https:\/\/yourhappybox.ch\/fr\/produit-2\/bio-tee-fuer-die-stillzeit\/\" \/>\n<meta property=\"og:locale\" content=\"fr_FR\" \/>\n<meta property=\"og:type\" content=\"article\" \/>\n<meta property=\"og:title\" content=\"Bio-Tee f\u00fcr die Stillzeit\" \/>\n<meta property=\"og:description\" content=\"Dieser Bio-Tee f\u00fcr die Stillzeit begleitet Mutter und Kind durch die Stillzeit. Mit Anis, Fenchel, K\u00fcmmel, Dill, Majoran und Melisse eine perfekte Mischung.\" \/>\n<meta property=\"og:url\" content=\"https:\/\/yourhappybox.ch\/fr\/produit-2\/bio-tee-fuer-die-stillzeit\/\" \/>\n<meta property=\"og:site_name\" content=\"YourHappyBox\" \/>\n<meta property=\"article:modified_time\" content=\"2026-04-20T07:39:47+00:00\" \/>\n<meta property=\"og:image\" content=\"https:\/\/yourhappybox.ch\/wp-content\/uploads\/2021\/11\/041-210102-yourhappybox-studio-session_DSF4324.jpg\" \/>\n\t<meta property=\"og:image:width\" content=\"1600\" \/>\n\t<meta property=\"og:image:height\" content=\"2000\" \/>\n\t<meta property=\"og:image:type\" content=\"image\/jpeg\" \/>\n<meta name=\"twitter:card\" content=\"summary_large_image\" \/>\n<meta name=\"twitter:label1\" content=\"Dur\u00e9e de lecture estim\u00e9e\" \/>\n\t<meta name=\"twitter:data1\" content=\"1 minute\" \/>\n<script type=\"application\/ld+json\" class=\"yoast-schema-graph\">{\"@context\":\"https:\\\/\\\/schema.org\",\"@graph\":[{\"@type\":\"WebPage\",\"@id\":\"https:\\\/\\\/yourhappybox.ch\\\/produkt\\\/bio-tee-fuer-die-stillzeit\\\/\",\"url\":\"https:\\\/\\\/yourhappybox.ch\\\/produkt\\\/bio-tee-fuer-die-stillzeit\\\/\",\"name\":\"Bio-Tee f\u00fcr die Stillzeit\",\"isPartOf\":{\"@id\":\"https:\\\/\\\/yourhappybox.ch\\\/en\\\/#website\"},\"primaryImageOfPage\":{\"@id\":\"https:\\\/\\\/yourhappybox.ch\\\/produkt\\\/bio-tee-fuer-die-stillzeit\\\/#primaryimage\"},\"image\":{\"@id\":\"https:\\\/\\\/yourhappybox.ch\\\/produkt\\\/bio-tee-fuer-die-stillzeit\\\/#primaryimage\"},\"thumbnailUrl\":\"https:\\\/\\\/yourhappybox.ch\\\/wp-content\\\/uploads\\\/2021\\\/11\\\/041-210102-yourhappybox-studio-session_DSF4324.jpg\",\"datePublished\":\"2023-03-02T17:00:14+00:00\",\"dateModified\":\"2026-04-20T07:39:47+00:00\",\"description\":\"Dieser Bio-Tee f\u00fcr die Stillzeit begleitet Mutter und Kind durch die Stillzeit. Mit Anis, Fenchel, K\u00fcmmel, Dill, Majoran und Melisse eine perfekte Mischung.\",\"breadcrumb\":{\"@id\":\"https:\\\/\\\/yourhappybox.ch\\\/produkt\\\/bio-tee-fuer-die-stillzeit\\\/#breadcrumb\"},\"inLanguage\":\"fr-FR\",\"potentialAction\":[{\"@type\":\"ReadAction\",\"target\":[\"https:\\\/\\\/yourhappybox.ch\\\/produkt\\\/bio-tee-fuer-die-stillzeit\\\/\"]}]},{\"@type\":\"ImageObject\",\"inLanguage\":\"fr-FR\",\"@id\":\"https:\\\/\\\/yourhappybox.ch\\\/produkt\\\/bio-tee-fuer-die-stillzeit\\\/#primaryimage\",\"url\":\"https:\\\/\\\/yourhappybox.ch\\\/wp-content\\\/uploads\\\/2021\\\/11\\\/041-210102-yourhappybox-studio-session_DSF4324.jpg\",\"contentUrl\":\"https:\\\/\\\/yourhappybox.ch\\\/wp-content\\\/uploads\\\/2021\\\/11\\\/041-210102-yourhappybox-studio-session_DSF4324.jpg\",\"width\":1600,\"height\":2000,\"caption\":\"Bio Stilltee\"},{\"@type\":\"BreadcrumbList\",\"@id\":\"https:\\\/\\\/yourhappybox.ch\\\/produkt\\\/bio-tee-fuer-die-stillzeit\\\/#breadcrumb\",\"itemListElement\":[{\"@type\":\"ListItem\",\"position\":1,\"name\":\"Startseite\",\"item\":\"https:\\\/\\\/yourhappybox.ch\\\/\"},{\"@type\":\"ListItem\",\"position\":2,\"name\":\"Shop\",\"item\":\"https:\\\/\\\/yourhappybox.ch\\\/shop-essenzielle-schwangerschaftsprodukte\\\/\"},{\"@type\":\"ListItem\",\"position\":3,\"name\":\"Bio-Tee f\u00fcr die Stillzeit\"}]},{\"@type\":\"WebSite\",\"@id\":\"https:\\\/\\\/yourhappybox.ch\\\/en\\\/#website\",\"url\":\"https:\\\/\\\/yourhappybox.ch\\\/en\\\/\",\"name\":\"YourHappyBox\",\"description\":\"Die Box, die dir Zeit w\u00e4hrend deiner Schwangerschaft schenkt\",\"potentialAction\":[{\"@type\":\"SearchAction\",\"target\":{\"@type\":\"EntryPoint\",\"urlTemplate\":\"https:\\\/\\\/yourhappybox.ch\\\/en\\\/?s={search_term_string}\"},\"query-input\":{\"@type\":\"PropertyValueSpecification\",\"valueRequired\":true,\"valueName\":\"search_term_string\"}}],\"inLanguage\":\"fr-FR\"}]}<\/script>\n<!-- \/ Yoast SEO plugin. -->","yoast_head_json":{"title":"Tisane bio pour l\u2019allaitement","description":"Die\u00adser Bio-Tee f\u00fcr die Still\u00adzeit be\u00adglei\u00adtet Mut\u00adter und Kind durch die Still\u00adzeit. Mit Anis, Fen\u00adchel, K\u00fcm\u00admel, Dill, Ma\u00adjo\u00adran und Me\u00adlisse eine per\u00adfekte Mischung.","robots":{"index":"index","follow":"follow","max-snippet":"max-snippet:-1","max-image-preview":"max-image-preview:large","max-video-preview":"max-video-preview:-1"},"canonical":"https:\/\/yourhappybox.ch\/fr\/produit-2\/bio-tee-fuer-die-stillzeit\/","og_locale":"fr_FR","og_type":"article","og_title":"Bio-Tee f\u00fcr die Stillzeit","og_description":"Dieser Bio-Tee f\u00fcr die Stillzeit begleitet Mutter und Kind durch die Stillzeit. Mit Anis, Fenchel, K\u00fcmmel, Dill, Majoran und Melisse eine perfekte Mischung.","og_url":"https:\/\/yourhappybox.ch\/fr\/produit-2\/bio-tee-fuer-die-stillzeit\/","og_site_name":"YourHappyBox","article_modified_time":"2026-04-20T07:39:47+00:00","og_image":[{"width":1600,"height":2000,"url":"https:\/\/yourhappybox.ch\/wp-content\/uploads\/2021\/11\/041-210102-yourhappybox-studio-session_DSF4324.jpg","type":"image\/jpeg"}],"twitter_card":"summary_large_image","twitter_misc":{"Dur\u00e9e de lecture estim\u00e9e":"1 minute"},"schema":{"@context":"https:\/\/schema.org","@graph":[{"@type":"WebPage","@id":"https:\/\/yourhappybox.ch\/produkt\/bio-tee-fuer-die-stillzeit\/","url":"https:\/\/yourhappybox.ch\/produkt\/bio-tee-fuer-die-stillzeit\/","name":"Tisane bio pour l\u2019allaitement","isPartOf":{"@id":"https:\/\/yourhappybox.ch\/en\/#website"},"primaryImageOfPage":{"@id":"https:\/\/yourhappybox.ch\/produkt\/bio-tee-fuer-die-stillzeit\/#primaryimage"},"image":{"@id":"https:\/\/yourhappybox.ch\/produkt\/bio-tee-fuer-die-stillzeit\/#primaryimage"},"thumbnailUrl":"https:\/\/yourhappybox.ch\/wp-content\/uploads\/2021\/11\/041-210102-yourhappybox-studio-session_DSF4324.jpg","datePublished":"2023-03-02T17:00:14+00:00","dateModified":"2026-04-20T07:39:47+00:00","description":"Die\u00adser Bio-Tee f\u00fcr die Still\u00adzeit be\u00adglei\u00adtet Mut\u00adter und Kind durch die Still\u00adzeit. Mit Anis, Fen\u00adchel, K\u00fcm\u00admel, Dill, Ma\u00adjo\u00adran und Me\u00adlisse eine per\u00adfekte Mischung.","breadcrumb":{"@id":"https:\/\/yourhappybox.ch\/produkt\/bio-tee-fuer-die-stillzeit\/#breadcrumb"},"inLanguage":"fr-FR","potentialAction":[{"@type":"ReadAction","target":["https:\/\/yourhappybox.ch\/produkt\/bio-tee-fuer-die-stillzeit\/"]}]},{"@type":"ImageObject","inLanguage":"fr-FR","@id":"https:\/\/yourhappybox.ch\/produkt\/bio-tee-fuer-die-stillzeit\/#primaryimage","url":"https:\/\/yourhappybox.ch\/wp-content\/uploads\/2021\/11\/041-210102-yourhappybox-studio-session_DSF4324.jpg","contentUrl":"https:\/\/yourhappybox.ch\/wp-content\/uploads\/2021\/11\/041-210102-yourhappybox-studio-session_DSF4324.jpg","width":1600,"height":2000,"caption":"Bio Stilltee"},{"@type":"BreadcrumbList","@id":"https:\/\/yourhappybox.ch\/produkt\/bio-tee-fuer-die-stillzeit\/#breadcrumb","itemListElement":[{"@type":"ListItem","position":1,"name":"Startseite","item":"https:\/\/yourhappybox.ch\/"},{"@type":"ListItem","position":2,"name":"Shop","item":"https:\/\/yourhappybox.ch\/shop-essenzielle-schwangerschaftsprodukte\/"},{"@type":"ListItem","position":3,"name":"Bio-Tee f\u00fcr die Stillzeit"}]},{"@type":"WebSite","@id":"https:\/\/yourhappybox.ch\/en\/#website","url":"https:\/\/yourhappybox.ch\/en\/","name":"Your\u00adHap\u00adpy\u00adBox","description":"Die Box, die dir Zeit w\u00e4h\u00adrend dei\u00adner Schwan\u00adger\u00adschaft schenkt","potentialAction":[{"@type":"SearchAction","target":{"@type":"EntryPoint","urlTemplate":"https:\/\/yourhappybox.ch\/en\/?s={search_term_string}"},"query-input":{"@type":"PropertyValueSpecification","valueRequired":true,"valueName":"search_term_string"}}],"inLanguage":"fr-FR"}]}},"_links":{"self":[{"href":"https:\/\/yourhappybox.ch\/fr\/wp-json\/wp\/v2\/product\/30652","targetHints":{"allow":["GET"]}}],"collection":[{"href":"https:\/\/yourhappybox.ch\/fr\/wp-json\/wp\/v2\/product"}],"about":[{"href":"https:\/\/yourhappybox.ch\/fr\/wp-json\/wp\/v2\/types\/product"}],"replies":[{"embeddable":true,"href":"https:\/\/yourhappybox.ch\/fr\/wp-json\/wp\/v2\/comments?post=30652"}],"wp:featuredmedia":[{"embeddable":true,"href":"https:\/\/yourhappybox.ch\/fr\/wp-json\/wp\/v2\/media\/29085"}],"wp:attachment":[{"href":"https:\/\/yourhappybox.ch\/fr\/wp-json\/wp\/v2\/media?parent=30652"}],"wp:term":[{"taxonomy":"product_brand","embeddable":true,"href":"https:\/\/yourhappybox.ch\/fr\/wp-json\/wp\/v2\/product_brand?post=30652"},{"taxonomy":"product_cat","embeddable":true,"href":"https:\/\/yourhappybox.ch\/fr\/wp-json\/wp\/v2\/product_cat?post=30652"},{"taxonomy":"product_tag","embeddable":true,"href":"https:\/\/yourhappybox.ch\/fr\/wp-json\/wp\/v2\/product_tag?post=30652"}],"curies":[{"name":"wp","href":"https:\/\/api.w.org\/{rel}","templated":true}]}}